{"id":2,"date":"2024-12-04T14:36:49","date_gmt":"2024-12-04T13:36:49","guid":{"rendered":"https:\/\/edublog.educastur.es\/cpdeprado\/?page_id=2"},"modified":"2026-02-19T12:01:21","modified_gmt":"2026-02-19T11:01:21","slug":"pagina-ejemplo","status":"publish","type":"page","link":"https:\/\/edublog.educastur.es\/cpdeprado\/pagina-ejemplo\/","title":{"rendered":"DOCUMENTOS DE CENTRO"},"content":{"rendered":"<p>Aqu\u00ed pod\u00e9is encontrar la Programaci\u00f3n General Anual<\/p>\n<a href=\"https:\/\/edublog.educastur.es\/cpdeprado\/files\/2026\/02\/PGA-25-26.pdf\" class=\"pdfemb-viewer\" style=\"\" data-width=\"max\" data-height=\"max\" data-toolbar=\"bottom\" data-toolbar-fixed=\"off\">PGA 25-26<\/a>\n<p>&nbsp;<\/p>\n<p>Aqu\u00ed podr\u00e9is encontrar el Plan Digital de Centro<\/p>\n<a href=\"https:\/\/edublog.educastur.es\/cpdeprado\/files\/2026\/02\/C.P-De-Prado-pdc.pdf\" class=\"pdfemb-viewer\" style=\"\" data-width=\"max\" data-height=\"max\" data-toolbar=\"bottom\" data-toolbar-fixed=\"off\">C.P De Prado pdc<\/a>\n","protected":false},"excerpt":{"rendered":"<p>Aqu\u00ed pod\u00e9is encontrar la Programaci\u00f3n General Anual &nbsp; Aqu\u00ed podr\u00e9is encontrar el Plan Digital de Centro<\/p>\n","protected":false},"author":6475,"featured_media":0,"parent":0,"menu_order":0,"comment_status":"closed","ping_status":"open","template":"","meta":{"footnotes":""},"class_list":["post-2","page","type-page","status-publish","hentry","post-preview"],"_links":{"self":[{"href":"https:\/\/edublog.educastur.es\/cpdeprado\/wp-json\/wp\/v2\/pages\/2","targetHints":{"allow":["GET"]}}],"collection":[{"href":"https:\/\/edublog.educastur.es\/cpdeprado\/wp-json\/wp\/v2\/pages"}],"about":[{"href":"https:\/\/edublog.educastur.es\/cpdeprado\/wp-json\/wp\/v2\/types\/page"}],"author":[{"embeddable":true,"href":"https:\/\/edublog.educastur.es\/cpdeprado\/wp-json\/wp\/v2\/users\/6475"}],"replies":[{"embeddable":true,"href":"https:\/\/edublog.educastur.es\/cpdeprado\/wp-json\/wp\/v2\/comments?post=2"}],"version-history":[{"count":8,"href":"https:\/\/edublog.educastur.es\/cpdeprado\/wp-json\/wp\/v2\/pages\/2\/revisions"}],"predecessor-version":[{"id":76,"href":"https:\/\/edublog.educastur.es\/cpdeprado\/wp-json\/wp\/v2\/pages\/2\/revisions\/76"}],"wp:attachment":[{"href":"https:\/\/edublog.educastur.es\/cpdeprado\/wp-json\/wp\/v2\/media?parent=2"}],"curies":[{"name":"wp","href":"https:\/\/api.w.org\/{rel}","templated":true}]}}