{"id":163,"date":"2023-04-28T09:07:53","date_gmt":"2023-04-28T09:07:53","guid":{"rendered":"https:\/\/edublog.educastur.es\/cpelenasancheztamargo\/?page_id=163"},"modified":"2023-04-28T09:22:30","modified_gmt":"2023-04-28T09:22:30","slug":"pagina-experiencia-rer","status":"publish","type":"page","link":"https:\/\/edublog.educastur.es\/cpelenasancheztamargo\/pagina-experiencia-rer\/","title":{"rendered":"P\u00e1gina EXPERIENCIA RER"},"content":{"rendered":"<p><span style=\"font-family: arial, helvetica, sans-serif\">Aunque llevamos algunos a\u00f1os participando en la\u00a0<b>Red de Escuelas por el Reciclaje<\/b>, en el curso 2015-16 hemos pasado a ser\u00a0<b>Centro RR<\/b>, lo que nos ha llenado de \u00e1nimo e impulso para continuar\u00a0trabajando.<\/span><\/p>\n<p><span style=\"font-family: arial, helvetica, sans-serif\">Posteriormente y, despu\u00e9s del esfuerzo conjunto de nuestra comunidad educativa, logramos conseguir en el a\u00f1o 2018 el distintivo de Centro RRR.<\/span><\/p>\n<p><span style=\"font-family: arial, helvetica, sans-serif\">En el presente curso, 2022-2023, hemos elaborado este blog para que toda la comunidad educativa sea consciente del trabajo que realizamos en el <b>C.P. Elena S\u00e1nchez Tamargo<\/b>\u00a0y para avalar nuestra candidatura de este a\u00f1o.<\/span><\/p>\n<p style=\"text-align: center\"><span style=\"font-size: 18pt;color: #339966\"><strong>PATRULLA DE RECICLAJE<\/strong><\/span><\/p>\n<p><span style=\"color: #000000;font-family: arial, helvetica, sans-serif\">Con el fin de llevar a cabo una recogida y separaci\u00f3n de las residuos, hemos elaborado un cuadrante para el alumnado de 5\u00ba y 6\u00ba de tal manera que, cada semana, un grupo se dedicaba de que el centro estuviera limpio y en orden.<\/span><\/p>\n<p><span style=\"color: #000000;font-family: arial, helvetica, sans-serif\">Cada grupo ten\u00eda un color asignado para saber que semana les tocaba llevar a cabo esta misi\u00f3n.<img loading=\"lazy\" decoding=\"async\" class=\"size-thumbnail wp-image-32 aligncenter\" src=\"http:\/\/edublog.educastur.es\/cpelenasancheztamargo\/files\/2023\/04\/cogersssss-150x150.jpg\" alt=\"\" width=\"150\" height=\"150\" \/><\/span><\/p>\n<p style=\"text-align: center\"><span style=\"font-family: arial, helvetica, sans-serif\"><strong><span style=\"color: #000000\">DISTRUBUCI\u00d3N DE LOS COLORES<\/span><\/strong><\/span><\/p>\n<p style=\"text-align: center\"><span style=\"color: #000000;font-family: arial, helvetica, sans-serif\"><strong><span style=\"color: #ffcc00\">5\u00baA: Amarillo<\/span><\/strong>\u00a0 \u00a0 \u00a0 \u00a0 \u00a0 \u00a0 \u00a0 \u00a0 \u00a0 \u00a0 \u00a0 \u00a0 \u00a0 \u00a0 \u00a0<strong><span style=\"color: #ff00ff\">6\u00baA: Rosa<\/span><\/strong><\/span><\/p>\n<p style=\"text-align: center\"><span style=\"color: #000000;font-family: arial, helvetica, sans-serif\"><strong><span style=\"color: #00ff00\">5\u00baB: Verde\u00a0 \u00a0<\/span> <\/strong>\u00a0 \u00a0 \u00a0 \u00a0 \u00a0 \u00a0 \u00a0 \u00a0 \u00a0 \u00a0 \u00a0 \u00a0 \u00a0 \u00a0 \u00a0 <strong><span style=\"color: #808080\">6\u00baB: Gris<\/span><\/strong><\/span><\/p>\n<p style=\"text-align: center\"><span style=\"font-family: arial, helvetica, sans-serif\"><strong><span style=\"color: #00ccff\">5\u00baC: Azul<\/span><\/strong><\/span><\/p>\n<p><img loading=\"lazy\" decoding=\"async\" class=\"size-full wp-image-31 aligncenter\" src=\"http:\/\/edublog.educastur.es\/cpelenasancheztamargo\/files\/2023\/04\/calendario-patrulla.jpg\" alt=\"\" width=\"1011\" height=\"708\" srcset=\"https:\/\/edublog.educastur.es\/cpelenasancheztamargo\/files\/2023\/04\/calendario-patrulla.jpg 1011w, https:\/\/edublog.educastur.es\/cpelenasancheztamargo\/files\/2023\/04\/calendario-patrulla-300x210.jpg 300w, https:\/\/edublog.educastur.es\/cpelenasancheztamargo\/files\/2023\/04\/calendario-patrulla-768x538.jpg 768w\" sizes=\"auto, (max-width: 1011px) 100vw, 1011px\" \/><\/p>\n<p>&nbsp;<\/p>\n<p style=\"text-align: center\"><span style=\"color: #33cccc;font-size: 24pt\"><strong>SESI\u00d3N INAUGURAL RER<\/strong><\/span><\/p>\n<p><span style=\"font-family: arial, helvetica, sans-serif\">El d\u00eda 4 de octubre de 2023 , iniciamos nuestra aventura acudiendo a la sesi\u00f3n inicial donde todos y todas los coordinadores de COGERSA procedentes de diferentes centros educativos, acudimos al Palacio de Exposiciones y Congresos de Oviedo.<\/span><\/p>\n<p><span style=\"font-family: arial, helvetica, sans-serif\">Antes del evento nos informaron de que, en esta nueva edici\u00f3n de la Red de Escuela por el Reciclaje de Cogersa, el lema principal ser\u00eda: \u00abModa responsable\u00bb.\u00a0 Con \u00e9l se pretend\u00eda trabajar, a lo largo de todo el curso, sobre el fuerte impacto que tiene el consumo textil en nuestro planeta y, por tanto, que acciones se podr\u00edan promover acciones fundamentas en los principios de la econom\u00eda circular.<\/span><\/p>\n<p><span style=\"font-family: arial, helvetica, sans-serif\">La sesi\u00f3n inaugural \u00a0se inici\u00f3 con una apertura por parte de las autoridades. Posteriormente, la jefatura de COGERSA, present\u00f3 las novedades del programa. Asimismo, gerentes y directores nos hablaron del arte del reciclaje con textiles as\u00ed como del papel de las entidades sociales en la recogida y reciclaje de los mismos y tambi\u00e9n conocimos de primera mano experiencias de aprendizaje-servicio y econom\u00eda circular.<\/span><\/p>\n<p><span style=\"font-family: arial, helvetica, sans-serif\">Seguidamente el alumnado participante en la CONFIT ASTURIAS particip\u00f3 en una mesa redonda y, aposteriori conocimos experiencias innovadoras llevadas a cabo por los centros educativos de la RED.<\/span><\/p>\n<p><span style=\"font-family: arial, helvetica, sans-serif\">El acto finaliz\u00f3 con la entrega del premio al CENTRO 4R del curso anterior y la exposici\u00f3n del proyecto realizado.<\/span><\/p>\n<p><img loading=\"lazy\" decoding=\"async\" class=\"wp-image-19 aligncenter\" src=\"http:\/\/edublog.educastur.es\/cpelenasancheztamargo\/files\/2023\/04\/IMG-20221004-WA0014-e1682069418657.jpg\" alt=\"\" width=\"487\" height=\"379\" srcset=\"https:\/\/edublog.educastur.es\/cpelenasancheztamargo\/files\/2023\/04\/IMG-20221004-WA0014-e1682069418657.jpg 1930w, https:\/\/edublog.educastur.es\/cpelenasancheztamargo\/files\/2023\/04\/IMG-20221004-WA0014-e1682069418657-300x233.jpg 300w, https:\/\/edublog.educastur.es\/cpelenasancheztamargo\/files\/2023\/04\/IMG-20221004-WA0014-e1682069418657-1024x796.jpg 1024w, https:\/\/edublog.educastur.es\/cpelenasancheztamargo\/files\/2023\/04\/IMG-20221004-WA0014-e1682069418657-768x597.jpg 768w, https:\/\/edublog.educastur.es\/cpelenasancheztamargo\/files\/2023\/04\/IMG-20221004-WA0014-e1682069418657-1536x1194.jpg 1536w\" sizes=\"auto, (max-width: 487px) 100vw, 487px\" \/><\/p>\n<p>&nbsp;<\/p>\n<p style=\"text-align: center\"><span style=\"font-size: 24pt\"><strong><span style=\"color: #800000\">SOLICITUD DE RECURSOS<\/span><\/strong><\/span><\/p>\n<p><span style=\"font-family: arial, helvetica, sans-serif\">Desde el mi\u00e9rcoles 5\u00a0 al viernes 14 de octubre, nos recuerdan a los centros la elaboraci\u00f3n de una solicitud para contar con <strong>recursos para la recogida separada de recursos<\/strong> en las aulas.<\/span><\/p>\n<p><span style=\"font-family: arial, helvetica, sans-serif\">Una vez recibidas los colocamos por las diferentes dependencias del centro: clases y pasillos.<\/span><\/p>\n<p><span style=\"font-family: arial, helvetica, sans-serif\">Asimismo, elaboramos unos carteles por todos los rincones para facilitar el reciclado indicando en ellos los residuos que se deben tirar, atiendo a los colores de los cubos.<\/span><\/p>\n<p><span style=\"font-family: arial, helvetica, sans-serif\">Los carros grandes ser\u00e1n de vital importancia para depositar, los residuos generados en el aula, de ah\u00ed que se indique un punto de reciclaje en los pasillos del centro.<\/span><\/p>\n<p><img loading=\"lazy\" decoding=\"async\" class=\"wp-image-26 aligncenter\" src=\"http:\/\/edublog.educastur.es\/cpelenasancheztamargo\/files\/2023\/04\/1682070095062-1-e1682070834207.jpg\" alt=\"\" width=\"424\" height=\"465\" srcset=\"https:\/\/edublog.educastur.es\/cpelenasancheztamargo\/files\/2023\/04\/1682070095062-1-e1682070834207.jpg 1868w, https:\/\/edublog.educastur.es\/cpelenasancheztamargo\/files\/2023\/04\/1682070095062-1-e1682070834207-274x300.jpg 274w, https:\/\/edublog.educastur.es\/cpelenasancheztamargo\/files\/2023\/04\/1682070095062-1-e1682070834207-934x1024.jpg 934w, https:\/\/edublog.educastur.es\/cpelenasancheztamargo\/files\/2023\/04\/1682070095062-1-e1682070834207-768x842.jpg 768w, https:\/\/edublog.educastur.es\/cpelenasancheztamargo\/files\/2023\/04\/1682070095062-1-e1682070834207-1401x1536.jpg 1401w\" sizes=\"auto, (max-width: 424px) 100vw, 424px\" \/><\/p>\n<p>&nbsp;<\/p>\n","protected":false},"excerpt":{"rendered":"<p>Aunque llevamos algunos a\u00f1os participando en la\u00a0Red de Escuelas por el Reciclaje, en el curso 2015-16 hemos pasado a ser\u00a0Centro RR, lo que nos ha llenado de \u00e1nimo e impulso para continuar\u00a0trabajando. Posteriormente y, despu\u00e9s del esfuerzo conjunto de nuestra comunidad educativa, logramos conseguir en el a\u00f1o 2018 el distintivo de Centro RRR. En el [&hellip;]<\/p>\n","protected":false},"author":2733,"featured_media":0,"parent":0,"menu_order":0,"comment_status":"closed","ping_status":"closed","template":"","meta":{"footnotes":""},"class_list":["post-163","page","type-page","status-publish","hentry"],"_links":{"self":[{"href":"https:\/\/edublog.educastur.es\/cpelenasancheztamargo\/wp-json\/wp\/v2\/pages\/163","targetHints":{"allow":["GET"]}}],"collection":[{"href":"https:\/\/edublog.educastur.es\/cpelenasancheztamargo\/wp-json\/wp\/v2\/pages"}],"about":[{"href":"https:\/\/edublog.educastur.es\/cpelenasancheztamargo\/wp-json\/wp\/v2\/types\/page"}],"author":[{"embeddable":true,"href":"https:\/\/edublog.educastur.es\/cpelenasancheztamargo\/wp-json\/wp\/v2\/users\/2733"}],"replies":[{"embeddable":true,"href":"https:\/\/edublog.educastur.es\/cpelenasancheztamargo\/wp-json\/wp\/v2\/comments?post=163"}],"version-history":[{"count":7,"href":"https:\/\/edublog.educastur.es\/cpelenasancheztamargo\/wp-json\/wp\/v2\/pages\/163\/revisions"}],"predecessor-version":[{"id":178,"href":"https:\/\/edublog.educastur.es\/cpelenasancheztamargo\/wp-json\/wp\/v2\/pages\/163\/revisions\/178"}],"wp:attachment":[{"href":"https:\/\/edublog.educastur.es\/cpelenasancheztamargo\/wp-json\/wp\/v2\/media?parent=163"}],"curies":[{"name":"wp","href":"https:\/\/api.w.org\/{rel}","templated":true}]}}