{"id":165,"date":"2023-04-28T09:08:15","date_gmt":"2023-04-28T09:08:15","guid":{"rendered":"https:\/\/edublog.educastur.es\/cpelenasancheztamargo\/?page_id=165"},"modified":"2023-04-28T10:24:28","modified_gmt":"2023-04-28T10:24:28","slug":"pagina-participacion","status":"publish","type":"page","link":"https:\/\/edublog.educastur.es\/cpelenasancheztamargo\/pagina-participacion\/","title":{"rendered":"P\u00e1gina PARTICIPACI\u00d3N"},"content":{"rendered":"<p style=\"text-align: center\"><span style=\"color: #ff9900;font-size: 18pt\"><b>CENTRO DE FORMACI\u00d3N DEL CONSUMIDOR<\/b><\/span><\/p>\n<p><span style=\"font-family: arial, helvetica, sans-serif\">Con el objetivo de crear consumidores responsables llevamos a cabo, con el alumnado de educaci\u00f3n infantil, una visita al <span style=\"color: #339966\"><strong>Centro de Formaci\u00f3n para el Consumo<\/strong><\/span> en Blimea (San Mart\u00edn del Rey Aurelio).<\/span><\/p>\n<p><span style=\"font-family: arial, helvetica, sans-serif\">All\u00ed llevamos a cabo diferentes actividades que, sin duda, nos ayudar\u00e1n a realizar un consumo m\u00e1s \u00f3ptimo.<\/span><\/p>\n<p><span style=\"font-family: arial, helvetica, sans-serif\">Os dejamos con unas im\u00e1genes de nuestra aventura:<\/span><\/p>\n<p><img loading=\"lazy\" decoding=\"async\" class=\"aligncenter size-full wp-image-45\" src=\"http:\/\/edublog.educastur.es\/cpelenasancheztamargo\/files\/2023\/04\/Collage-de-fotos-de-naturaleza-d.png\" alt=\"\" width=\"800\" height=\"640\" srcset=\"https:\/\/edublog.educastur.es\/cpelenasancheztamargo\/files\/2023\/04\/Collage-de-fotos-de-naturaleza-d.png 800w, https:\/\/edublog.educastur.es\/cpelenasancheztamargo\/files\/2023\/04\/Collage-de-fotos-de-naturaleza-d-300x240.png 300w, https:\/\/edublog.educastur.es\/cpelenasancheztamargo\/files\/2023\/04\/Collage-de-fotos-de-naturaleza-d-768x614.png 768w\" sizes=\"auto, (max-width: 800px) 100vw, 800px\" \/><\/p>\n<p>&nbsp;<\/p>\n<p style=\"text-align: center\"><span style=\"color: #ff9900;font-size: 18pt\"><b>PLAN CONSUMO DE L\u00c1CTEOS<\/b><\/span><\/p>\n<p><span style=\"font-family: arial, helvetica, sans-serif\">Desde el centro hemos querido participar en diferentes programas escolares de consumo, concretamente, <span style=\"color: #3366ff\"><strong>de leche y l\u00e1cteos<\/strong><\/span>, fruta y hortalizas. Finalmente por falta de proveedores, este segundo no se termin\u00f3 de llevar a cabo.\u00a0<\/span><\/p>\n<p><img loading=\"lazy\" decoding=\"async\" class=\"wp-image-78 alignleft\" src=\"http:\/\/edublog.educastur.es\/cpelenasancheztamargo\/files\/2023\/04\/20230425_103219-1.jpg\" alt=\"\" width=\"277\" height=\"382\" srcset=\"https:\/\/edublog.educastur.es\/cpelenasancheztamargo\/files\/2023\/04\/20230425_103219-1.jpg 600w, https:\/\/edublog.educastur.es\/cpelenasancheztamargo\/files\/2023\/04\/20230425_103219-1-217x300.jpg 217w\" sizes=\"auto, (max-width: 277px) 100vw, 277px\" \/><\/p>\n<p><img loading=\"lazy\" decoding=\"async\" class=\"wp-image-79 alignright\" src=\"http:\/\/edublog.educastur.es\/cpelenasancheztamargo\/files\/2023\/04\/20230207_114253-1.jpg\" alt=\"\" width=\"269\" height=\"358\" srcset=\"https:\/\/edublog.educastur.es\/cpelenasancheztamargo\/files\/2023\/04\/20230207_114253-1.jpg 600w, https:\/\/edublog.educastur.es\/cpelenasancheztamargo\/files\/2023\/04\/20230207_114253-1-225x300.jpg 225w\" sizes=\"auto, (max-width: 269px) 100vw, 269px\" \/><\/p>\n<p>&nbsp;<\/p>\n<p>&nbsp;<\/p>\n<p>&nbsp;<\/p>\n<p>&nbsp;<\/p>\n<p>&nbsp;<\/p>\n<p>&nbsp;<\/p>\n<p>&nbsp;<\/p>\n<p>&nbsp;<\/p>\n<p>&nbsp;<\/p>\n<p>&nbsp;<\/p>\n<p><span style=\"font-family: arial, helvetica, sans-serif\">De igual forma desde el centro se ha promovido la importancia de llevar a cabo una alimentaci\u00f3n saludable y variada, rica en nutrientes esenciales.<\/span><\/p>\n<p><span style=\"font-family: arial, helvetica, sans-serif\">Por tanto la finalidad de estos programas busca en nuestro centro, por un lado, el <strong><span style=\"color: #33cccc\">cuidado de nuestra salud<\/span><\/strong> y por otro <span style=\"color: #33cccc\"><strong>consciencia en relaci\u00f3n a los residuos<\/strong><\/span> que estos pueden llegar a <strong><span style=\"color: #33cccc\">generar. \u00a1 As\u00ed de claro nos lo ha transmitido nuestro alumnado con estos maravillosos trabajos! <\/span><\/strong>Os dejamos algunos ejemplos de ello:<\/span><\/p>\n<p><img loading=\"lazy\" decoding=\"async\" class=\"wp-image-118 alignleft\" src=\"http:\/\/edublog.educastur.es\/cpelenasancheztamargo\/files\/2023\/04\/20230309_110812-1.jpg\" alt=\"\" width=\"469\" height=\"626\" srcset=\"https:\/\/edublog.educastur.es\/cpelenasancheztamargo\/files\/2023\/04\/20230309_110812-1.jpg 600w, https:\/\/edublog.educastur.es\/cpelenasancheztamargo\/files\/2023\/04\/20230309_110812-1-225x300.jpg 225w\" sizes=\"auto, (max-width: 469px) 100vw, 469px\" \/><img loading=\"lazy\" decoding=\"async\" class=\"wp-image-119 alignright\" src=\"http:\/\/edublog.educastur.es\/cpelenasancheztamargo\/files\/2023\/04\/jhgjfjfghnfghjg.png\" alt=\"\" width=\"528\" height=\"645\" srcset=\"https:\/\/edublog.educastur.es\/cpelenasancheztamargo\/files\/2023\/04\/jhgjfjfghnfghjg.png 641w, https:\/\/edublog.educastur.es\/cpelenasancheztamargo\/files\/2023\/04\/jhgjfjfghnfghjg-246x300.png 246w\" sizes=\"auto, (max-width: 528px) 100vw, 528px\" \/><\/p>\n<p style=\"text-align: center\"><span style=\"color: #ff9900;font-size: 18pt\"><b>ESCUELA DE CHEFS<\/b><\/span><\/p>\n<p><span style=\"font-family: arial, helvetica, sans-serif\">Durante el primer trimestre, el alumnado de 4\u00ba de Primaria hicieron un curso te\u00f3rico-pr\u00e1ctico a cargo de la <span style=\"color: #ff6600\"><strong>Escuela de Chefs de la Fundaci\u00f3n Alimerka.<\/strong><\/span><\/span><\/p>\n<p><span style=\"font-family: arial, helvetica, sans-serif\">Primero les impartieron un taller en el que les explicaron la importancia de una comida sana y saludable. A continuaci\u00f3n realizaron un plato muy especial con el que todos se convirtieron en aut\u00e9nticos chefs.<\/span><\/p>\n<p><span style=\"font-family: arial, helvetica, sans-serif\">Os dejamos un peque\u00f1o v\u00eddeo del trabajo realizado por estos aut\u00e9nticos profesionales de la cocina. <strong><span style=\"color: #0000ff\">Pincha en la imagen <span style=\"color: #800080;font-size: 14pt\">DE LA BERENJENA<\/span> para acceder a \u00e9l:<\/span><\/strong><\/span><\/p>\n<p><a href=\"https:\/\/www.youtube.com\/shorts\/vK_F53GQtOE\"><img loading=\"lazy\" decoding=\"async\" class=\"aligncenter size-full wp-image-82\" src=\"http:\/\/edublog.educastur.es\/cpelenasancheztamargo\/files\/2023\/04\/chef-g7a2d43a43_640.jpg\" alt=\"\" width=\"640\" height=\"452\" srcset=\"https:\/\/edublog.educastur.es\/cpelenasancheztamargo\/files\/2023\/04\/chef-g7a2d43a43_640.jpg 640w, https:\/\/edublog.educastur.es\/cpelenasancheztamargo\/files\/2023\/04\/chef-g7a2d43a43_640-300x212.jpg 300w\" sizes=\"auto, (max-width: 640px) 100vw, 640px\" \/><\/a><\/p>\n<p>&nbsp;<\/p>\n<p style=\"text-align: center\"><span style=\"color: #ff9900;font-size: 18pt\"><b>COLABORACI\u00d3N CON EL BANCO DE ALIMENTOS<\/b><\/span><\/p>\n<p><span style=\"font-family: arial, helvetica, sans-serif\">El desperdicio alimentario en la Uni\u00f3n Europea supone alrededor de 87,6 millones de toneladas de alimentos cada a\u00f1o, de acuerdo con la Organizaci\u00f3n de las Naciones Unidas para la Alimentaci\u00f3n y Agricultura (FAO). En Espa\u00f1a, se sit\u00faa en casi 8 millones de toneladas \u2013250 kg de comida cada segundo.<\/span><\/p>\n<p><span style=\"font-family: arial, helvetica, sans-serif\">Con el fin de contribuir a la causa, desde el centro hemos llevado a cabo una <span style=\"color: #0000ff\">recogida de alimentos<\/span>, durante una semana, para colaborar con el Banco de Alimentos de Asturias.\u00a0<\/span><\/p>\n<p><span style=\"font-family: arial, helvetica, sans-serif\">Por tanto nuestro <strong><span style=\"color: #0000ff\">OBJETIVO<\/span><\/strong> se divide en una doble vertiente:<\/span><\/p>\n<p style=\"text-align: center\"><em><span style=\"font-family: arial, helvetica, sans-serif;color: #0000ff\">1- Concienciar y sensibilizar sobre el consumo racional.<\/span><\/em><\/p>\n<p style=\"text-align: center\"><em><span style=\"font-family: arial, helvetica, sans-serif;color: #0000ff\">2- Empatizar con las personas m\u00e1s desfavorecidas a trav\u00e9s de una recogida humanitaria de productos no perecederos.<\/span><\/em><\/p>\n<p><img loading=\"lazy\" decoding=\"async\" class=\"aligncenter size-full wp-image-65\" src=\"http:\/\/edublog.educastur.es\/cpelenasancheztamargo\/files\/2023\/04\/20221216_140136-1.jpg\" alt=\"\" width=\"500\" height=\"667\" srcset=\"https:\/\/edublog.educastur.es\/cpelenasancheztamargo\/files\/2023\/04\/20221216_140136-1.jpg 500w, https:\/\/edublog.educastur.es\/cpelenasancheztamargo\/files\/2023\/04\/20221216_140136-1-225x300.jpg 225w\" sizes=\"auto, (max-width: 500px) 100vw, 500px\" \/><\/p>\n<p style=\"text-align: center\"><span style=\"color: #ff9900;font-size: 18pt\"><b>SEMANA EUROPEA DE PREVENCI\u00d3N DE RESIDUOS<\/b><\/span><\/p>\n<p><span style=\"font-family: arial, helvetica, sans-serif\">Desde el cole y con el objetivo de participar en la <span style=\"font-size: 14pt;color: #339966\"><strong>Semana Europea de Prevenci\u00f3n de Residuos 2022<\/strong><\/span>, hemos querido fusionar la importancia de darle una segunda oportunidad a los textiles, con la necesidad de concienciar sobre la situaci\u00f3n que est\u00e1n viviendo los albergues caninos.<\/span><\/p>\n<div dir=\"auto\"><span style=\"font-family: arial, helvetica, sans-serif\">El producto final, han sido unas preciosas camitas que los peques han hecho con mucha dedicaci\u00f3n.<\/span><\/div>\n<div dir=\"auto\"><\/div>\n<div dir=\"auto\"><span style=\"font-family: arial, helvetica, sans-serif\">Much\u00edsimas gracias a las <span style=\"color: #339966\">familias<\/span> por su colaboraci\u00f3n, a las <span style=\"color: #339966\">tiendas del concejo<\/span> por donarnos las cajas y a <span style=\"color: #339966\">Irene Marcos Men\u00e9ndez y su Tapicer\u00eda Marcos (Lada)<\/span> por donarnos relleno para hacer parte de los acolchados.<\/span><\/div>\n<div dir=\"auto\"><\/div>\n<div dir=\"auto\" style=\"text-align: center\"><em><span style=\"font-family: arial, helvetica, sans-serif\">\u00a1Ahora y con este tiempo, s\u00f3lo queda que los peludos de M\u00e1s que Chuchos lo disfruten!<\/span><\/em><\/div>\n<div dir=\"auto\"><\/div>\n<div dir=\"auto\"><\/div>\n<div dir=\"auto\"><\/div>\n<div dir=\"auto\"><span style=\"font-family: arial, helvetica, sans-serif\">Adjuntamos una ficha informativa en la que se desarrolla la descripci\u00f3n de la acci\u00f3n y el cronograma, entre otros aspectos importantes. <strong><span style=\"color: #3366ff\">Pincha en la imagen:<\/span><\/strong><\/span><\/div>\n<div dir=\"auto\"><\/div>\n<div dir=\"auto\"><span style=\"font-family: arial, helvetica, sans-serif\"><a href=\"https:\/\/educastur-my.sharepoint.com\/:b:\/g\/personal\/desireelg_educastur_org\/EYiZe0FMiMhKkk1SMeDiyo4BqGHPc6-Pxqk2XikPuDnhaA?e=eF7Ktc\"><img loading=\"lazy\" decoding=\"async\" class=\"aligncenter size-medium wp-image-51\" src=\"http:\/\/edublog.educastur.es\/cpelenasancheztamargo\/files\/2023\/04\/school-supplies-g43052f4ab_640-300x169.jpg\" alt=\"\" width=\"300\" height=\"169\" srcset=\"https:\/\/edublog.educastur.es\/cpelenasancheztamargo\/files\/2023\/04\/school-supplies-g43052f4ab_640-300x169.jpg 300w, https:\/\/edublog.educastur.es\/cpelenasancheztamargo\/files\/2023\/04\/school-supplies-g43052f4ab_640.jpg 640w\" sizes=\"auto, (max-width: 300px) 100vw, 300px\" \/><\/a><\/span><\/div>\n<div dir=\"auto\"><\/div>\n<div dir=\"auto\"><span style=\"font-family: arial, helvetica, sans-serif\">Adem\u00e1s, os facilitamos el v\u00eddeo de todo el proceso realizado. <span style=\"color: #3366ff\"><strong>Pinchad en la siguiente imagen para acceder al mismo:<\/strong><\/span><\/span><\/div>\n<div dir=\"auto\"><a href=\"https:\/\/www.youtube.com\/watch?v=_ifhgNNJd90\"><img loading=\"lazy\" decoding=\"async\" class=\"aligncenter size-medium wp-image-48\" src=\"http:\/\/edublog.educastur.es\/cpelenasancheztamargo\/files\/2023\/04\/Poster_EWWR_2022_Spanish-216x300.jpg\" alt=\"\" width=\"216\" height=\"300\" srcset=\"https:\/\/edublog.educastur.es\/cpelenasancheztamargo\/files\/2023\/04\/Poster_EWWR_2022_Spanish-216x300.jpg 216w, https:\/\/edublog.educastur.es\/cpelenasancheztamargo\/files\/2023\/04\/Poster_EWWR_2022_Spanish.jpg 660w\" sizes=\"auto, (max-width: 216px) 100vw, 216px\" \/><\/a><\/div>\n<div dir=\"auto\">\n<p><span style=\"font-family: arial, helvetica, sans-serif\">Para cerrar la<span class=\"x_x_x_ContentPasted0 x_x_ContentPasted0 x_ContentPasted0\" lang=\"ES-TRAD\"><b class=\"x_x_x_ContentPasted0 x_x_ContentPasted0 x_ContentPasted0\">\u00a0Semana Europea de Prevenci\u00f3n de Residuos 2022,<\/b><span class=\"x_x_x_ContentPasted0 x_x_ContentPasted0 x_ContentPasted0\"> hemos acudido e<\/span><span class=\"x_x_x_ContentPasted0 x_x_ContentPasted0 x_ContentPasted0\">l <\/span><b class=\"x_x_x_ContentPasted0 x_x_ContentPasted0 x_ContentPasted0\"><span class=\"x_x_x_ContentPasted0 x_x_ContentPasted0 x_ContentPasted0\">viernes 10 de marzo <\/span><\/b><span class=\"x_x_x_ContentPasted0 x_x_ContentPasted0 x_ContentPasted0\">a la <\/span><b class=\"x_x_x_ContentPasted0 x_x_ContentPasted0 x_ContentPasted0\"><span class=\"x_x_x_ContentPasted0 x_x_ContentPasted0 x_ContentPasted0\">Sala de C\u00e1mara del Auditorio Pr\u00edncipe Felipe de Oviedo, <\/span><\/b><span class=\"x_x_x_ContentPasted0 x_x_ContentPasted0 x_ContentPasted0\">donde se ha llevado a cabo un<\/span><\/span><span class=\"x_x_x_ContentPasted0 x_x_ContentPasted0 x_ContentPasted0\" lang=\"ES-TRAD\"> reconocimiento de las acciones que representar\u00e1n a Asturias en los Premios Europeos.<\/span><\/span><\/p>\n<p><span style=\"font-family: arial, helvetica, sans-serif\">Previo al acto hemos podido disfrutar de una exposici\u00f3n de los diferentes trabajos.<\/span><\/p>\n<div><span style=\"font-family: arial, helvetica, sans-serif\">Nuestro producto promovido por el lema <strong><span style=\"color: #0000ff\">HUMAN PRINT ANIMAL<\/span><\/strong>, han sido unas preciosas camas que los peludos de la protectora MasQueChuchos han podido disfrutar.<\/span><\/div>\n<div><span style=\"font-family: arial, helvetica, sans-serif\">Asimismo, hemos tenido la gran suerte de ser escogidos para presentar nuestro trabajo en la exposici\u00f3n de la gala junto a los trabajos creativos de otros participantes.<\/span><\/div>\n<div><span style=\"font-family: arial, helvetica, sans-serif\">Esto no hubiera sido posible sin la colaboraci\u00f3n conjunta de: familias, alumnado, profesorado y entidades externas como tapicer\u00edas y protectoras de animales.<\/span><\/div>\n<p><span style=\"font-family: arial, helvetica, sans-serif\">Ha sido todo un lujo el haber sido part\u00edcipes de este evento y para prueba de ello os dejamos el siguiente v\u00eddeo. <strong><span style=\"color: #0000ff\">Pinchad en la imagen:<\/span><\/strong><\/span><\/p>\n<div><a href=\"https:\/\/www.youtube.com\/watch?v=5irEpOqODDY\"><img loading=\"lazy\" decoding=\"async\" class=\"aligncenter size-full wp-image-71\" src=\"http:\/\/edublog.educastur.es\/cpelenasancheztamargo\/files\/2023\/04\/20230310_112155-1.jpg\" alt=\"\" width=\"600\" height=\"846\" srcset=\"https:\/\/edublog.educastur.es\/cpelenasancheztamargo\/files\/2023\/04\/20230310_112155-1.jpg 600w, https:\/\/edublog.educastur.es\/cpelenasancheztamargo\/files\/2023\/04\/20230310_112155-1-213x300.jpg 213w\" sizes=\"auto, (max-width: 600px) 100vw, 600px\" \/><\/a><\/div>\n<p style=\"text-align: center\"><span style=\"font-size: 24pt\"><strong><span style=\"color: #ff00ff;font-family: arial, helvetica, sans-serif\">26M. DIA MUNDIAL DEL CLIMA<\/span><\/strong><\/span><\/p>\n<p>En las \u00faltimas d\u00e9cadas se han registrado variaciones clim\u00e1ticas importantes, producto del importante desarrollo industrial, as\u00ed como el crecimiento poblacional generando m\u00faltiples consecuencias, tales como el efecto invernadero, calentamiento global, contaminaci\u00f3n ambiental, sobreexplotaci\u00f3n de recursos naturales y afectaci\u00f3n de la capa de ozono, incidiendo de forma negativa en los ciclos naturales de la Tierra.<\/p>\n<p>En virtud de ello,\u00a0el <strong><span style=\"color: #ff9900\">26 de marzo<\/span><\/strong> se conmemora el <strong><span style=\"color: #ff9900\">D\u00eda Mundial del Clima<\/span><\/strong> y desde el centro hemos querido trabajar con el alumnado de<strong><span style=\"color: #ff9900\"> 2\u00ba de primaria<\/span><\/strong> un conjunto de actividades para hacerles conscientes de la importancia que tiene ser responsable con nuestro planeta.<\/p>\n<p>Para dar muestra del trabajo realizado <strong><span style=\"color: #0000ff\">pincha en la siguiente imagen<\/span><\/strong> para acceder a un <strong><span style=\"color: #ff9900\">v\u00eddeo:<\/span><\/strong><\/p>\n<p><a href=\"https:\/\/www.youtube.com\/watch?v=9R-wt3ajFeQ\"><img loading=\"lazy\" decoding=\"async\" class=\"aligncenter size-full wp-image-134\" src=\"http:\/\/edublog.educastur.es\/cpelenasancheztamargo\/files\/2023\/04\/pexels-markus-spiske-3039036__1_-removebg-preview.png\" alt=\"\" width=\"500\" height=\"333\" srcset=\"https:\/\/edublog.educastur.es\/cpelenasancheztamargo\/files\/2023\/04\/pexels-markus-spiske-3039036__1_-removebg-preview.png 500w, https:\/\/edublog.educastur.es\/cpelenasancheztamargo\/files\/2023\/04\/pexels-markus-spiske-3039036__1_-removebg-preview-300x200.png 300w\" sizes=\"auto, (max-width: 500px) 100vw, 500px\" \/><\/a><\/p>\n<\/div>\n<div dir=\"auto\"><\/div>\n","protected":false},"excerpt":{"rendered":"<p>CENTRO DE FORMACI\u00d3N DEL CONSUMIDOR Con el objetivo de crear consumidores responsables llevamos a cabo, con el alumnado de educaci\u00f3n infantil, una visita al Centro de Formaci\u00f3n para el Consumo en Blimea (San Mart\u00edn del Rey Aurelio). All\u00ed llevamos a cabo diferentes actividades que, sin duda, nos ayudar\u00e1n a realizar un consumo m\u00e1s \u00f3ptimo. Os [&hellip;]<\/p>\n","protected":false},"author":2733,"featured_media":0,"parent":0,"menu_order":0,"comment_status":"closed","ping_status":"closed","template":"","meta":{"footnotes":""},"class_list":["post-165","page","type-page","status-publish","hentry"],"_links":{"self":[{"href":"https:\/\/edublog.educastur.es\/cpelenasancheztamargo\/wp-json\/wp\/v2\/pages\/165","targetHints":{"allow":["GET"]}}],"collection":[{"href":"https:\/\/edublog.educastur.es\/cpelenasancheztamargo\/wp-json\/wp\/v2\/pages"}],"about":[{"href":"https:\/\/edublog.educastur.es\/cpelenasancheztamargo\/wp-json\/wp\/v2\/types\/page"}],"author":[{"embeddable":true,"href":"https:\/\/edublog.educastur.es\/cpelenasancheztamargo\/wp-json\/wp\/v2\/users\/2733"}],"replies":[{"embeddable":true,"href":"https:\/\/edublog.educastur.es\/cpelenasancheztamargo\/wp-json\/wp\/v2\/comments?post=165"}],"version-history":[{"count":12,"href":"https:\/\/edublog.educastur.es\/cpelenasancheztamargo\/wp-json\/wp\/v2\/pages\/165\/revisions"}],"predecessor-version":[{"id":205,"href":"https:\/\/edublog.educastur.es\/cpelenasancheztamargo\/wp-json\/wp\/v2\/pages\/165\/revisions\/205"}],"wp:attachment":[{"href":"https:\/\/edublog.educastur.es\/cpelenasancheztamargo\/wp-json\/wp\/v2\/media?parent=165"}],"curies":[{"name":"wp","href":"https:\/\/api.w.org\/{rel}","templated":true}]}}