{"id":167,"date":"2023-04-28T09:08:37","date_gmt":"2023-04-28T09:08:37","guid":{"rendered":"https:\/\/edublog.educastur.es\/cpelenasancheztamargo\/?page_id=167"},"modified":"2023-04-28T11:48:50","modified_gmt":"2023-04-28T11:48:50","slug":"pagina-reducir","status":"publish","type":"page","link":"https:\/\/edublog.educastur.es\/cpelenasancheztamargo\/pagina-reducir\/","title":{"rendered":"P\u00e1gina REDUCIR"},"content":{"rendered":"<h3 class=\"post-title entry-title\"><span style=\"font-size: 16px;font-family: arial, helvetica, sans-serif\">Todas las actividades que vais a ver han sido dise\u00f1adas para <span style=\"color: #0000ff;font-size: 14pt\">concienciar y disminuir los residuo generados en la escuela.<\/span><\/span><\/h3>\n<p style=\"text-align: center\"><span style=\"font-size: 18pt;color: #800080\"><strong>NUESTRO HUERTO ESCOLAR<\/strong><\/span><\/p>\n<p><span style=\"font-family: arial, helvetica, sans-serif\">Los residuos org\u00e1nicos que se generan en el colegio, son llevados a las <span style=\"color: #339966\"><strong>dos compostadoras<\/strong><\/span> que existen en nuestro <span style=\"color: #008000\"><strong>huerto escolar,<\/strong><\/span> en \u00e9l el alumnado se conciencia de la importancia de la naturaleza en nuestra vida y nuestra responsabilidad en su mantenimiento. Adem\u00e1s de permitirnos trabajar muchas cosas: <em>trabajo en equipo, responsabilidad, conocimientos sobre las plantas, actividades en la naturaleza.<\/em><img loading=\"lazy\" decoding=\"async\" class=\"aligncenter size-medium wp-image-90\" src=\"http:\/\/edublog.educastur.es\/cpelenasancheztamargo\/files\/2023\/04\/Screenshot_20230425-111317_Whats-300x195.jpg\" alt=\"\" width=\"300\" height=\"195\" srcset=\"https:\/\/edublog.educastur.es\/cpelenasancheztamargo\/files\/2023\/04\/Screenshot_20230425-111317_Whats-300x195.jpg 300w, https:\/\/edublog.educastur.es\/cpelenasancheztamargo\/files\/2023\/04\/Screenshot_20230425-111317_Whats.jpg 600w\" sizes=\"auto, (max-width: 300px) 100vw, 300px\" \/><img loading=\"lazy\" decoding=\"async\" class=\"size-medium wp-image-88 alignleft\" src=\"http:\/\/edublog.educastur.es\/cpelenasancheztamargo\/files\/2023\/04\/IMG-20230424-WA01001-140x300.jpg\" alt=\"\" width=\"140\" height=\"300\" srcset=\"https:\/\/edublog.educastur.es\/cpelenasancheztamargo\/files\/2023\/04\/IMG-20230424-WA01001-140x300.jpg 140w, https:\/\/edublog.educastur.es\/cpelenasancheztamargo\/files\/2023\/04\/IMG-20230424-WA01001-476x1024.jpg 476w, https:\/\/edublog.educastur.es\/cpelenasancheztamargo\/files\/2023\/04\/IMG-20230424-WA01001.jpg 600w\" sizes=\"auto, (max-width: 140px) 100vw, 140px\" \/><img loading=\"lazy\" decoding=\"async\" class=\"wp-image-87 alignright\" src=\"http:\/\/edublog.educastur.es\/cpelenasancheztamargo\/files\/2023\/04\/IMG-20230424-WA00991-e1682413768825-193x300.jpg\" alt=\"\" width=\"191\" height=\"297\" srcset=\"https:\/\/edublog.educastur.es\/cpelenasancheztamargo\/files\/2023\/04\/IMG-20230424-WA00991-e1682413768825-193x300.jpg 193w, https:\/\/edublog.educastur.es\/cpelenasancheztamargo\/files\/2023\/04\/IMG-20230424-WA00991-e1682413768825.jpg 499w\" sizes=\"auto, (max-width: 191px) 100vw, 191px\" \/><\/span><\/p>\n<p>&nbsp;<\/p>\n<p>&nbsp;<\/p>\n<p>&nbsp;<\/p>\n<p><img loading=\"lazy\" decoding=\"async\" class=\"wp-image-86 aligncenter\" src=\"http:\/\/edublog.educastur.es\/cpelenasancheztamargo\/files\/2023\/04\/IMG-20230424-WA00961-300x133.jpg\" alt=\"\" width=\"357\" height=\"158\" srcset=\"https:\/\/edublog.educastur.es\/cpelenasancheztamargo\/files\/2023\/04\/IMG-20230424-WA00961-300x133.jpg 300w, https:\/\/edublog.educastur.es\/cpelenasancheztamargo\/files\/2023\/04\/IMG-20230424-WA00961.jpg 500w\" sizes=\"auto, (max-width: 357px) 100vw, 357px\" \/><\/p>\n<p>&nbsp;<\/p>\n<p><span style=\"font-family: arial, helvetica, sans-serif\">Durante este curso hemos dado un paso m\u00e1s, adecentar nuestro<span style=\"color: #008000\">\u00a0<b>jard\u00edn<\/b><\/span>, reutilizamos neum\u00e1ticos para delimitarlo y hacer bonitos maceteros. Nuestros ni\u00f1os y ni\u00f1as de educaci\u00f3n infantil se han encargado de que esta tarea se cumpliera de forma \u00f3ptima. \u00a1As\u00ed de chul\u00edsimos han quedado!\u00a0<\/span><\/p>\n<p><img loading=\"lazy\" decoding=\"async\" class=\"aligncenter size-medium wp-image-100\" src=\"http:\/\/edublog.educastur.es\/cpelenasancheztamargo\/files\/2023\/04\/dfgdfgfdgd-221x300.png\" alt=\"\" width=\"221\" height=\"300\" srcset=\"https:\/\/edublog.educastur.es\/cpelenasancheztamargo\/files\/2023\/04\/dfgdfgfdgd-221x300.png 221w, https:\/\/edublog.educastur.es\/cpelenasancheztamargo\/files\/2023\/04\/dfgdfgfdgd.png 400w\" sizes=\"auto, (max-width: 221px) 100vw, 221px\" \/> <img loading=\"lazy\" decoding=\"async\" class=\"size-medium wp-image-102 alignright\" src=\"http:\/\/edublog.educastur.es\/cpelenasancheztamargo\/files\/2023\/04\/sfdsdfsd-300x227.png\" alt=\"\" width=\"300\" height=\"227\" srcset=\"https:\/\/edublog.educastur.es\/cpelenasancheztamargo\/files\/2023\/04\/sfdsdfsd-300x227.png 300w, https:\/\/edublog.educastur.es\/cpelenasancheztamargo\/files\/2023\/04\/sfdsdfsd.png 500w\" sizes=\"auto, (max-width: 300px) 100vw, 300px\" \/><\/p>\n<p>&nbsp;<\/p>\n<p>&nbsp;<\/p>\n<p>&nbsp;<\/p>\n<p><img loading=\"lazy\" decoding=\"async\" class=\"size-medium wp-image-101 alignleft\" src=\"http:\/\/edublog.educastur.es\/cpelenasancheztamargo\/files\/2023\/04\/fdsfs-300x208.png\" alt=\"\" width=\"300\" height=\"208\" srcset=\"https:\/\/edublog.educastur.es\/cpelenasancheztamargo\/files\/2023\/04\/fdsfs-300x208.png 300w, https:\/\/edublog.educastur.es\/cpelenasancheztamargo\/files\/2023\/04\/fdsfs.png 500w\" sizes=\"auto, (max-width: 300px) 100vw, 300px\" \/><\/p>\n<p>&nbsp;<\/p>\n<p>&nbsp;<\/p>\n<p>&nbsp;<\/p>\n<p>&nbsp;<\/p>\n<p>&nbsp;<\/p>\n<p>&nbsp;<\/p>\n<p style=\"text-align: center\"><span style=\"font-size: 18pt;color: #800080\"><strong>ACCIONES SOSTENIBLES, CONSUMIDORES RESPONSABLES<\/strong><\/span><\/p>\n<p><span style=\"font-family: arial, helvetica, sans-serif\">Hoy en d\u00eda , existe una creciente concienciaci\u00f3n de consumir bienes de manera responsable y sostenible. A continuaci\u00f3n se ofrecen algunas <span style=\"color: #ff00ff\"><strong>pautas<\/strong><\/span> que desde el centro se promueven para lograr un consumo responsable y sostenible:<\/span><\/p>\n<p>&nbsp;<\/p>\n<p><span style=\"font-family: arial, helvetica, sans-serif;color: #339966\"><strong>-Uso de portabocatas para no generar residuos no org\u00e1nicos a la hora del aperitivo as\u00ed como botellas reutilizables de acero inoxidable.<\/strong><\/span><\/p>\n<p><span style=\"color: #3366ff\">PINCHA EN LA SIGUIENTE PALABRA PARA DESCUBRIR LA IMAGEN:<\/span><\/p>\n<p style=\"text-align: center\"><a href=\"https:\/\/www.canva.com\/design\/DAFhYIWd0U8\/hS1i4yRe6V291AM_4S18CA\/edit?utm_content=DAFhYIWd0U8&amp;utm_campaign=designshare&amp;utm_medium=link2&amp;utm_source=sharebutton\"><span style=\"font-size: 36pt\"><strong><span style=\"color: #ff00ff\">PORTABOCATAS<\/span><\/strong><\/span><\/a><\/p>\n<p><span style=\"font-family: arial, helvetica, sans-serif;color: #339966\"><strong>-Reducir el consumo de papel (realizar comunicaciones a trav\u00e9s de Tookapp school; uso del papel por las dos caras)<\/strong><\/span><\/p>\n<p><span style=\"color: #339966\"><b style=\"font-family: arial, helvetica, sans-serif\">-Control del gasto de agua y electricidad en la escuela (responsables de pasillos, que vigilan que no se <\/b><span style=\"font-family: arial, helvetica, sans-serif\"><b>produzcan<\/b><\/span><b style=\"font-family: arial, helvetica, sans-serif\"> despilfarro)<\/b><\/span><\/p>\n<p><span style=\"font-family: arial, helvetica, sans-serif\">\u00a0A trav\u00e9s del siguiente enlace acceder\u00e9is a un video en el que se visualiza el respeto y el consumo responsable del alumnado del agua y la energ\u00eda.\u00a0<\/span><\/p>\n<p><span style=\"color: #3366ff\">PINCHA EN LA SIGUIENTE PALABRA PARA DESCUBRIR LA IMAGEN:<\/span><\/p>\n<p style=\"text-align: center\"><a href=\"https:\/\/www.canva.com\/design\/DAFhV7KdWao\/kx-RtDYnGkGp6kuuwghAMA\/edit?utm_content=DAFhV7KdWao&amp;utm_campaign=designshare&amp;utm_medium=link2&amp;utm_source=sharebutton\"><strong><span style=\"color: #ff00ff;font-size: 24pt\">AGUA<\/span><\/strong><\/a><\/p>\n<p><span style=\"font-family: arial, helvetica, sans-serif;color: #339966\"><strong>-Elaboraci\u00f3n de compost para el huerto escolar.\u00a0<\/strong><\/span><\/p>\n<p><span style=\"color: #3366ff\">PINCHA EN LA SIGUIENTE PALABRA PARA DESCUBRIR LA IMAGEN:<\/span><\/p>\n<p style=\"text-align: center\"><a href=\"https:\/\/www.canva.com\/design\/DAFhYPydK-E\/6UZhW3r52AUUVKGWZYaf7A\/edit?utm_content=DAFhYPydK-E&amp;utm_campaign=designshare&amp;utm_medium=link2&amp;utm_source=sharebutton\"><span style=\"font-size: 24pt\"><strong><span style=\"color: #ff00ff\">HUERTO<\/span><\/strong><\/span><\/a><\/p>\n<p><span style=\"font-family: arial, helvetica, sans-serif;color: #339966\"><strong>-Elaboraci\u00f3n de materiales did\u00e1cticos reutilizando cosas que ya tenemos. <\/strong><\/span><span style=\"font-family: arial, helvetica, sans-serif\">Para prueba un bot\u00f3n os dejamos con una im\u00e1genes de una obra realizada por el alumnado de 2\u00ba de educaci\u00f3n primaria donde estos peque\u00f1os artistas componen la silueta de Peter Par (protagonista indiscutible del Carnaval 2023 en Laviana), a partir de revistas y peri\u00f3dicos viejos:<\/span><\/p>\n<p><img loading=\"lazy\" decoding=\"async\" class=\"wp-image-146 alignleft\" src=\"http:\/\/edublog.educastur.es\/cpelenasancheztamargo\/files\/2023\/04\/IMG-20230426-WA0158-1.jpg\" alt=\"\" width=\"348\" height=\"348\" srcset=\"https:\/\/edublog.educastur.es\/cpelenasancheztamargo\/files\/2023\/04\/IMG-20230426-WA0158-1.jpg 500w, https:\/\/edublog.educastur.es\/cpelenasancheztamargo\/files\/2023\/04\/IMG-20230426-WA0158-1-300x300.jpg 300w, https:\/\/edublog.educastur.es\/cpelenasancheztamargo\/files\/2023\/04\/IMG-20230426-WA0158-1-150x150.jpg 150w\" sizes=\"auto, (max-width: 348px) 100vw, 348px\" \/><img loading=\"lazy\" decoding=\"async\" class=\"wp-image-147 alignright\" src=\"http:\/\/edublog.educastur.es\/cpelenasancheztamargo\/files\/2023\/04\/IMG-20230426-WA0159-1.jpg\" alt=\"\" width=\"379\" height=\"379\" srcset=\"https:\/\/edublog.educastur.es\/cpelenasancheztamargo\/files\/2023\/04\/IMG-20230426-WA0159-1.jpg 500w, https:\/\/edublog.educastur.es\/cpelenasancheztamargo\/files\/2023\/04\/IMG-20230426-WA0159-1-300x300.jpg 300w, https:\/\/edublog.educastur.es\/cpelenasancheztamargo\/files\/2023\/04\/IMG-20230426-WA0159-1-150x150.jpg 150w\" sizes=\"auto, (max-width: 379px) 100vw, 379px\" \/><\/p>\n<p>&nbsp;<\/p>\n<p>&nbsp;<\/p>\n<p>&nbsp;<\/p>\n<p>&nbsp;<\/p>\n<p>&nbsp;<\/p>\n<p>&nbsp;<\/p>\n<p>&nbsp;<\/p>\n<p>&nbsp;<\/p>\n<p>&nbsp;<\/p>\n<p>&nbsp;<\/p>\n<p>&nbsp;<\/p>\n<p>&nbsp;<\/p>\n<p>&nbsp;<\/p>\n<p>&nbsp;<\/p>\n<p>&nbsp;<\/p>\n<p>&nbsp;<\/p>\n<p>&nbsp;<\/p>\n<p>&nbsp;<\/p>\n<p>&nbsp;<\/p>\n<p style=\"text-align: center\"><span style=\"font-family: arial, helvetica, sans-serif;color: #00ccff;font-size: 18pt\"><strong>D\u00cdA DEL LIBRO<\/strong><\/span><\/p>\n<p style=\"text-align: center\"><span style=\"font-family: arial, helvetica, sans-serif;color: #99cc00\"><em>El libro es fuerza, es valor, es poder, es alimento; antorcha del pensamiento y manantial del amor<\/em>&#8211; Rub\u00e9n Dar\u00edo<\/span><\/p>\n<p><span style=\"font-family: arial, helvetica, sans-serif\">El <strong><span style=\"color: #99cc00\">D\u00eda Mundial del Libro<\/span><\/strong>\u00a0es una celebraci\u00f3n para promover el disfrute de los libros y de la lectura. Desde el centro hemos querido involucrar durante una semana en la participaci\u00f3n de actividades y lecturas variadas.<\/span><\/p>\n<p><span style=\"font-family: arial, helvetica, sans-serif\">Hemos disfrutado de <em>scape room, de lecturas creadas por nuestros profesores<\/em> como la versi\u00f3n asturiana del Principito y un sin fin de actividades m\u00e1s.<\/span><\/p>\n<p><img loading=\"lazy\" decoding=\"async\" class=\"aligncenter size-full wp-image-107\" src=\"http:\/\/edublog.educastur.es\/cpelenasancheztamargo\/files\/2023\/04\/Collage-vuelta-colegio-colorido-.png\" alt=\"\" width=\"500\" height=\"400\" srcset=\"https:\/\/edublog.educastur.es\/cpelenasancheztamargo\/files\/2023\/04\/Collage-vuelta-colegio-colorido-.png 500w, https:\/\/edublog.educastur.es\/cpelenasancheztamargo\/files\/2023\/04\/Collage-vuelta-colegio-colorido--300x240.png 300w\" sizes=\"auto, (max-width: 500px) 100vw, 500px\" \/><\/p>\n<p><span style=\"font-family: arial, helvetica, sans-serif\">Por otro lado y sin dejar a un lado nuestro cometido por el <strong><span style=\"color: #99cc00\">cuidado del planeta<\/span><\/strong>, se han llevado a cabo lecturas de libros relacionados con esta tem\u00e1tica e incluso se han creado murales decorativos para recordar la responsabilidad que tenemos con \u00e9l.<\/span><\/p>\n<p><img loading=\"lazy\" decoding=\"async\" class=\"size-full wp-image-105 alignleft\" src=\"http:\/\/edublog.educastur.es\/cpelenasancheztamargo\/files\/2023\/04\/Presentacion-Sostenible-Ecologia-e1682531256256.jpg\" alt=\"\" width=\"686\" height=\"396\" srcset=\"https:\/\/edublog.educastur.es\/cpelenasancheztamargo\/files\/2023\/04\/Presentacion-Sostenible-Ecologia-e1682531256256.jpg 686w, https:\/\/edublog.educastur.es\/cpelenasancheztamargo\/files\/2023\/04\/Presentacion-Sostenible-Ecologia-e1682531256256-300x173.jpg 300w\" sizes=\"auto, (max-width: 686px) 100vw, 686px\" \/><\/p>\n<p><img loading=\"lazy\" decoding=\"async\" class=\"size-full wp-image-104 aligncenter\" src=\"http:\/\/edublog.educastur.es\/cpelenasancheztamargo\/files\/2023\/04\/sg5egfdgd.png\" alt=\"\" width=\"485\" height=\"600\" srcset=\"https:\/\/edublog.educastur.es\/cpelenasancheztamargo\/files\/2023\/04\/sg5egfdgd.png 485w, https:\/\/edublog.educastur.es\/cpelenasancheztamargo\/files\/2023\/04\/sg5egfdgd-243x300.png 243w\" sizes=\"auto, (max-width: 485px) 100vw, 485px\" \/><\/p>\n<p>&nbsp;<\/p>\n<p>Adem\u00e1s en nuestra biblioteca hemos planteado, por un lado, un<strong><span style=\"color: #ff0000\"> hospital de libros,<\/span><\/strong> la reutilizaci\u00f3n de <strong><span style=\"color: #0000ff\">cds para que adoptasen la funcionalidad de sujeta-libros<\/span><\/strong> y finalmente, tambi\u00e9n se ha propuesto que aquellos <strong><span style=\"color: #339966\">libros que estaban en desuso los hemos donado a la asociaci\u00f3n de padres y madres<\/span> <\/strong>para proponer un futuro mercadillo de libros.<\/p>\n<p><a href=\"https:\/\/www.canva.com\/design\/DAFhYK2IwJ4\/BtKjzzwUjhVaEuCNvn8k1w\/edit?utm_content=DAFhYK2IwJ4&amp;utm_campaign=designshare&amp;utm_medium=link2&amp;utm_source=sharebutton\">https:\/\/www.canva.com\/design\/DAFhYK2IwJ4\/BtKjzzwUjhVaEuCNvn8k1w\/edit?utm_content=DAFhYK2IwJ4&amp;utm_campaign=designshare&amp;utm_medium=link2&amp;utm_source=sharebutton<\/a><\/p>\n<p><a href=\"https:\/\/educastur-my.sharepoint.com\/:v:\/g\/personal\/yolandabg_educastur_org\/Ebg2Sktw8DZFg-dSA7k4mocBS-Ca81f0vJko2pSE42f7UQ?e=jWPPhe\">https:\/\/educastur-my.sharepoint.com\/:v:\/g\/personal\/yolandabg_educastur_org\/Ebg2Sktw8DZFg-dSA7k4mocBS-Ca81f0vJko2pSE42f7UQ?e=jWPPhe<\/a><\/p>\n<p style=\"text-align: center\"><strong><span style=\"color: #ff6600;font-size: 18pt;font-family: arial, helvetica, sans-serif\">APLICACIONES INFORM\u00c1TICAS DE NUESTRO CENTRO<\/span><\/strong><\/p>\n<div><span style=\"font-family: arial, helvetica, sans-serif\">Las <span style=\"font-size: 14pt\"><strong><span style=\"color: #800080\">nuevas tecnolog\u00edas<\/span><\/strong><\/span> nos ayudan a reducir y en el C.P Elena S\u00e1nchez Tamargo nos hemos aprovechado de ello, este curso hemos introducido aplicaciones que nos ayudan a ello:<\/span><\/div>\n<div><\/div>\n<ul style=\"list-style-type: circle\">\n<li><span style=\"font-family: arial, helvetica, sans-serif\"><b><span style=\"color: #800080\">-TokApp School<\/span>:<\/b>\u00a0nos sirve para comunicamos con los padres, eliminando as\u00ed las m\u00faltiples notas que \u00a0se enviaban a las familias. Ya casi no se hacen fotocopias por este motivo, adem\u00e1s que nos garantiza el env\u00edo y la recepci\u00f3n de la notificaci\u00f3n.<\/span><\/li>\n<li><span style=\"font-family: arial, helvetica, sans-serif\"><b><span style=\"color: #800080\">-Additio App<\/span>: <\/b>el cl\u00e1sico cuaderno del profesor, ha sido sustituido por esta aplicaci\u00f3n, siendo m\u00e1s f\u00e1cil y sencillo la gesti\u00f3n diaria de la clase, adem\u00e1s de ahorrarnos un mont\u00f3n papel.<\/span><\/li>\n<li><span style=\"font-family: arial, helvetica, sans-serif\"><b><span style=\"color: #800080\">-CassDojo<\/span>: <\/b>aplicaci\u00f3n gratuita que conecta a profesores, alumnos y familia para construir una comunidad educativa cohesionada.<\/span><\/li>\n<li><span style=\"font-family: arial, helvetica, sans-serif\"><span style=\"color: #800080\"><strong>-TEAMS:<\/strong><\/span> se basa en Grupos de Office 365 y permite la colaboraci\u00f3n entre personas de un mismo equipo o el desarrollo de un proyecto concreto<\/span><\/li>\n<li><span style=\"font-family: arial, helvetica, sans-serif\">Correo electr\u00f3nico:\u00a0nos permite enviar y recibir mensajes a trav\u00e9s de un servicio de red a m\u00faltiples destinatarios.\u00a0 Por ejemplo, cuando realizamos las camas para animales, decidimos que ser\u00eda importante recoger ropa en desuso durante un mes. Por ello, decidimos enviar una circular a trav\u00e9s del correo electr\u00f3nico para informar a las familias de la iniciativa propuesta.<\/span><\/li>\n<\/ul>\n<p><span style=\"font-family: arial, helvetica, sans-serif\"><strong>&#8211;<\/strong>Asimismo, el alumnado utiliza <span style=\"color: #800080\"><strong>licencias digitales<\/strong><\/span>, es decir, c\u00f3digos que permiten acceder a los contenidos del libro en lugar de usar los f\u00edsicos.\u00a0<\/span><\/p>\n<p><span style=\"font-family: arial, helvetica, sans-serif\">Todo este conjunto de aplicaciones no s\u00f3lo ayudan a introducir el componente digital en nuestra realidad educativa sino que, contribuyen a la reducci\u00f3n del uso del papel.<\/span><\/p>\n<p><img loading=\"lazy\" decoding=\"async\" class=\"aligncenter size-full wp-image-98\" src=\"http:\/\/edublog.educastur.es\/cpelenasancheztamargo\/files\/2023\/04\/Collage-fotos-naturaleza-minimal.png\" alt=\"\" width=\"600\" height=\"480\" srcset=\"https:\/\/edublog.educastur.es\/cpelenasancheztamargo\/files\/2023\/04\/Collage-fotos-naturaleza-minimal.png 600w, https:\/\/edublog.educastur.es\/cpelenasancheztamargo\/files\/2023\/04\/Collage-fotos-naturaleza-minimal-300x240.png 300w\" sizes=\"auto, (max-width: 600px) 100vw, 600px\" \/><\/p>\n<p>&nbsp;<\/p>\n","protected":false},"excerpt":{"rendered":"<p>Todas las actividades que vais a ver han sido dise\u00f1adas para concienciar y disminuir los residuo generados en la escuela. NUESTRO HUERTO ESCOLAR Los residuos org\u00e1nicos que se generan en el colegio, son llevados a las dos compostadoras que existen en nuestro huerto escolar, en \u00e9l el alumnado se conciencia de la importancia de la [&hellip;]<\/p>\n","protected":false},"author":2733,"featured_media":0,"parent":0,"menu_order":0,"comment_status":"closed","ping_status":"closed","template":"","meta":{"footnotes":""},"class_list":["post-167","page","type-page","status-publish","hentry"],"_links":{"self":[{"href":"https:\/\/edublog.educastur.es\/cpelenasancheztamargo\/wp-json\/wp\/v2\/pages\/167","targetHints":{"allow":["GET"]}}],"collection":[{"href":"https:\/\/edublog.educastur.es\/cpelenasancheztamargo\/wp-json\/wp\/v2\/pages"}],"about":[{"href":"https:\/\/edublog.educastur.es\/cpelenasancheztamargo\/wp-json\/wp\/v2\/types\/page"}],"author":[{"embeddable":true,"href":"https:\/\/edublog.educastur.es\/cpelenasancheztamargo\/wp-json\/wp\/v2\/users\/2733"}],"replies":[{"embeddable":true,"href":"https:\/\/edublog.educastur.es\/cpelenasancheztamargo\/wp-json\/wp\/v2\/comments?post=167"}],"version-history":[{"count":8,"href":"https:\/\/edublog.educastur.es\/cpelenasancheztamargo\/wp-json\/wp\/v2\/pages\/167\/revisions"}],"predecessor-version":[{"id":234,"href":"https:\/\/edublog.educastur.es\/cpelenasancheztamargo\/wp-json\/wp\/v2\/pages\/167\/revisions\/234"}],"wp:attachment":[{"href":"https:\/\/edublog.educastur.es\/cpelenasancheztamargo\/wp-json\/wp\/v2\/media?parent=167"}],"curies":[{"name":"wp","href":"https:\/\/api.w.org\/{rel}","templated":true}]}}