{"id":169,"date":"2023-04-28T09:08:59","date_gmt":"2023-04-28T09:08:59","guid":{"rendered":"https:\/\/edublog.educastur.es\/cpelenasancheztamargo\/?page_id=169"},"modified":"2023-04-28T11:53:10","modified_gmt":"2023-04-28T11:53:10","slug":"pagina-reutilizar","status":"publish","type":"page","link":"https:\/\/edublog.educastur.es\/cpelenasancheztamargo\/pagina-reutilizar\/","title":{"rendered":"P\u00e1gina REUTILIZAR"},"content":{"rendered":"<p style=\"text-align: center\"><span style=\"color: #339966;font-size: 18pt\"><b>PATIOS DIN\u00c1MICOS<\/b><\/span><br \/>\n<b><br \/>\n<\/b><span style=\"font-family: arial, helvetica, sans-serif\">Durante este curso 2022-2023 se desarrollan <b>Patios Din\u00e1micos<\/b>, con el objetivo de que se\u00a0reduzcan los conflictos a la hora del recreo y que\u00a0 todos\/as puedan participar en los juegos.<\/span><\/p>\n<p style=\"text-align: left\"><span style=\"font-family: arial, helvetica, sans-serif\">En Educaci\u00f3n Infantil contamos con juguetes en desuso que gracias a la colaboraci\u00f3n conjunta entre familias y centro hemos aunado de forma satisfactoria.\u00a0<\/span><\/p>\n<p><img loading=\"lazy\" decoding=\"async\" class=\"aligncenter size-full wp-image-235\" src=\"http:\/\/edublog.educastur.es\/cpelenasancheztamargo\/files\/2023\/04\/IMG-20230428-WA0017.jpg\" alt=\"\" width=\"1600\" height=\"900\" srcset=\"https:\/\/edublog.educastur.es\/cpelenasancheztamargo\/files\/2023\/04\/IMG-20230428-WA0017.jpg 1600w, https:\/\/edublog.educastur.es\/cpelenasancheztamargo\/files\/2023\/04\/IMG-20230428-WA0017-300x169.jpg 300w, https:\/\/edublog.educastur.es\/cpelenasancheztamargo\/files\/2023\/04\/IMG-20230428-WA0017-1024x576.jpg 1024w, https:\/\/edublog.educastur.es\/cpelenasancheztamargo\/files\/2023\/04\/IMG-20230428-WA0017-768x432.jpg 768w, https:\/\/edublog.educastur.es\/cpelenasancheztamargo\/files\/2023\/04\/IMG-20230428-WA0017-1536x864.jpg 1536w, https:\/\/edublog.educastur.es\/cpelenasancheztamargo\/files\/2023\/04\/IMG-20230428-WA0017-1000x563.jpg 1000w, https:\/\/edublog.educastur.es\/cpelenasancheztamargo\/files\/2023\/04\/IMG-20230428-WA0017-533x300.jpg 533w\" sizes=\"auto, (max-width: 1600px) 100vw, 1600px\" \/><\/p>\n<p>&nbsp;<\/p>\n<p><span style=\"font-family: arial, helvetica, sans-serif\"><strong><span style=\"color: #0000ff;font-size: 18pt\">CREAMOS ELEMENTOS DECORATIVOS PARA NUESTRO COLE<\/span><\/strong><\/span><\/p>\n<p>Con el objetivo de darle una segunda vida a los residuos hemos reciclado y vuelvo a utilizar unos tubo y actualmente son unas magn\u00edficas obras decorativas creadas por nuestro alumnado de primaria.<\/p>\n<p><img loading=\"lazy\" decoding=\"async\" class=\"aligncenter size-full wp-image-239\" src=\"http:\/\/edublog.educastur.es\/cpelenasancheztamargo\/files\/2023\/04\/IMG-20230428-WA0022-1.jpg\" alt=\"\" width=\"500\" height=\"281\" srcset=\"https:\/\/edublog.educastur.es\/cpelenasancheztamargo\/files\/2023\/04\/IMG-20230428-WA0022-1.jpg 500w, https:\/\/edublog.educastur.es\/cpelenasancheztamargo\/files\/2023\/04\/IMG-20230428-WA0022-1-300x169.jpg 300w\" sizes=\"auto, (max-width: 500px) 100vw, 500px\" \/><\/p>\n<p style=\"text-align: center\"><span style=\"font-family: arial, helvetica, sans-serif;font-size: 18pt\"><strong><span style=\"color: #ff6600\">UN HALLOWEEN SOSTENIBLE<\/span><\/strong><\/span><\/p>\n<p><span style=\"font-family: arial, helvetica, sans-serif\">Desde el cole quisimos celebrar el <span style=\"color: #ff6600\"><strong>31 de octubre&#8230;\u00a1<\/strong><\/span>la fiesta de <span style=\"font-size: 14pt\"><strong><span style=\"color: #ff6600\">Halloween!<\/span><\/strong><\/span>. Para ello todos aunamos nuestra creatividad y nos pusimos manos a la obra para crear obras terror\u00edficas y divertidas con materiales reciclados. Usamos desde<em> envases de leche, botellas de agua, hueveras, c\u00e1psulas de caf\u00e9, cajas de detergentes, etc.<\/em><\/span><\/p>\n<p><span style=\"font-family: arial, helvetica, sans-serif\">Crear obras baratas e ingeniosas. <em>\u00bfQu\u00e9 m\u00e1s se puede pedir?\u00a0<\/em><\/span><\/p>\n<p><span style=\"font-family: arial, helvetica, sans-serif\">A continuaci\u00f3n recogemos algunas de las propuestas, pero no son todas. Hay much\u00edsimas m\u00e1s. De hecho, el alumnado se ha involucrado tanto en esta actividad que hemos decorado todos los pasillos del centro con estas obras tan tenebrosas.<\/span><\/p>\n<p><img loading=\"lazy\" decoding=\"async\" class=\"aligncenter size-full wp-image-41\" src=\"http:\/\/edublog.educastur.es\/cpelenasancheztamargo\/files\/2023\/04\/Collage-De-Fotos-Fiesta-De-Hallo-1.png\" alt=\"\" width=\"800\" height=\"640\" srcset=\"https:\/\/edublog.educastur.es\/cpelenasancheztamargo\/files\/2023\/04\/Collage-De-Fotos-Fiesta-De-Hallo-1.png 800w, https:\/\/edublog.educastur.es\/cpelenasancheztamargo\/files\/2023\/04\/Collage-De-Fotos-Fiesta-De-Hallo-1-300x240.png 300w, https:\/\/edublog.educastur.es\/cpelenasancheztamargo\/files\/2023\/04\/Collage-De-Fotos-Fiesta-De-Hallo-1-768x614.png 768w\" sizes=\"auto, (max-width: 800px) 100vw, 800px\" \/><\/p>\n<p>&nbsp;<\/p>\n<p style=\"text-align: center\"><span style=\"font-family: arial, helvetica, sans-serif;font-size: 36pt\"><strong><span style=\"color: #800080\">25N<\/span><\/strong><\/span><\/p>\n<p><span style=\"font-family: arial, helvetica, sans-serif\">El<strong>\u00a0<span style=\"color: #800080\">D\u00eda Internacional de la Eliminaci\u00f3n de la Violencia contra la Mujer<\/span><\/strong><span style=\"color: #800080\">\u00a0<\/span>se conmemora anualmente el <strong><span style=\"color: #800080\">25 de noviembre<\/span> <\/strong>para denunciar la violencia que se ejerce sobre las mujeres en todo el mundo y reclamar pol\u00edticas en todos los pa\u00edses para su erradicaci\u00f3n.<\/span><\/p>\n<p><span style=\"font-family: arial, helvetica, sans-serif\">Desde el centro hemos querido aportar nuestro granito de arena creando unos <span style=\"font-size: 14pt\"><strong><span style=\"color: #cc99ff\">paraguas morados.<\/span><\/strong><\/span>\u00a0<\/span><\/p>\n<p><span style=\"font-family: arial, helvetica, sans-serif\">Revisando nuestro almac\u00e9n hemos encontrado paraguas que estaban en desuso y les hemos querido dar una segunda vida y que mejor que, con la ayuda de nuestro alumnado hemos colocado hilos de lana de color morado y de ellos hemos colgado una mariposas que se han dise\u00f1ado sobre un papel que hemos vuelto a reutilizar.<\/span><\/p>\n<p><span style=\"font-family: arial, helvetica, sans-serif\">El producto final ha sido colgado por las dependencias del centro a modo decorativo.<\/span><\/p>\n<p><span style=\"font-family: arial, helvetica, sans-serif\">Asimismo, hemos querido tambi\u00e9n realizar un<span style=\"font-size: 14pt\"><strong><span style=\"color: #cc99ff\"> mural con estas mariposas<\/span><\/strong><\/span> dibujando con ellas esta fecha tan significativa.<\/span><\/p>\n<p>&nbsp;<\/p>\n<p><img loading=\"lazy\" decoding=\"async\" class=\"aligncenter size-full wp-image-63\" src=\"http:\/\/edublog.educastur.es\/cpelenasancheztamargo\/files\/2023\/04\/Flyer-Feliz-Dia-de-la-Madre-Coll.png\" alt=\"\" width=\"600\" height=\"849\" srcset=\"https:\/\/edublog.educastur.es\/cpelenasancheztamargo\/files\/2023\/04\/Flyer-Feliz-Dia-de-la-Madre-Coll.png 600w, https:\/\/edublog.educastur.es\/cpelenasancheztamargo\/files\/2023\/04\/Flyer-Feliz-Dia-de-la-Madre-Coll-212x300.png 212w\" sizes=\"auto, (max-width: 600px) 100vw, 600px\" \/><\/p>\n<p style=\"text-align: center\"><span style=\"color: #808000;font-size: 18pt\"><strong><span style=\"font-family: arial, helvetica, sans-serif\">Social Science: Parts of the City<\/span><\/strong><\/span><\/p>\n<p><span style=\"font-family: arial, helvetica, sans-serif\">Uno de los objetivos del profesorado del centro, dentro de <strong><span style=\"color: #993300\">Social<\/span><\/strong> <span style=\"color: #008000\"><strong>Science<\/strong><\/span>, ha sido el abordaje de las diferentes partes de la ciudad. Por ello, y con el fin de hacer de llevarlo a cabo a trav\u00e9s de un aprendizaje experimental y vivencial, se han creado<strong><span style=\"color: #993300\"> ciudades por los pasillos del centro<\/span><\/strong>. Estas ciudades han sido elaboradas a partir de material reciclado que nuestro alumnado ha aportado desde sus hogares para darles una segunda vida a estos productos ya utilizados.<\/span><\/p>\n<p style=\"text-align: center\"><span style=\"font-family: arial, helvetica, sans-serif\">Os dejamos a continuaci\u00f3n con unas im\u00e1genes y un v\u00eddeo que dan constancia del <span style=\"color: #993300\">fabuloso <span style=\"color: #008000\">trabajo<\/span><\/span> que han desarrollado<\/span><span style=\"font-family: arial, helvetica, sans-serif\">:<\/span><\/p>\n<p style=\"text-align: center\"><a href=\"https:\/\/youtu.be\/eMSghN6_C6Y\">https:\/\/youtu.be\/eMSghN6_C6Y<\/a><\/p>\n<p><img loading=\"lazy\" decoding=\"async\" class=\"size-full wp-image-128 alignleft\" src=\"http:\/\/edublog.educastur.es\/cpelenasancheztamargo\/files\/2023\/04\/20230324_105349-1.jpg\" alt=\"\" width=\"500\" height=\"375\" srcset=\"https:\/\/edublog.educastur.es\/cpelenasancheztamargo\/files\/2023\/04\/20230324_105349-1.jpg 500w, https:\/\/edublog.educastur.es\/cpelenasancheztamargo\/files\/2023\/04\/20230324_105349-1-300x225.jpg 300w\" sizes=\"auto, (max-width: 500px) 100vw, 500px\" \/> <img loading=\"lazy\" decoding=\"async\" class=\"aligncenter size-full wp-image-129\" src=\"http:\/\/edublog.educastur.es\/cpelenasancheztamargo\/files\/2023\/04\/20230324_105342-1.jpg\" alt=\"\" width=\"500\" height=\"375\" srcset=\"https:\/\/edublog.educastur.es\/cpelenasancheztamargo\/files\/2023\/04\/20230324_105342-1.jpg 500w, https:\/\/edublog.educastur.es\/cpelenasancheztamargo\/files\/2023\/04\/20230324_105342-1-300x225.jpg 300w\" sizes=\"auto, (max-width: 500px) 100vw, 500px\" \/><\/p>\n<p>&nbsp;<\/p>\n<p style=\"text-align: center\"><span style=\"color: #339966;font-size: 18pt\"><strong>FESTIVIDADES ECOL\u00d3GICAS<\/strong><\/span><\/p>\n<p><span style=\"font-family: arial, helvetica, sans-serif\">Desde el centro hemos querido reutilizar todos nuestros materiales para disfrutar de las diferentes festividades celebradas.\u00a0<\/span><\/p>\n<p><span style=\"font-family: arial, helvetica, sans-serif\">A modo de ejemplo se adjuntan dos im\u00e1genes recogidas en un collage, una de ellas relacionada con el <span style=\"font-size: 14pt;color: #99cc00\"><strong>amag\u00fcestu<\/strong><\/span>, donde se elaboraron algunos trajes a partir de bolsas de basura de diferentes colores en desuso y por otro lado, se han dise\u00f1ado unas gallinas muy divertidas con motivo de la <strong><span style=\"color: #99cc00;font-size: 14pt\">pascua, <\/span><\/strong>a partir de vasos de caf\u00e9 ya usados, plumas de disfraces de a\u00f1os anteriores y guantes que encontramos en el centro.<\/span><\/p>\n<p><span style=\"font-family: arial, helvetica, sans-serif\">Pincha en la siguiente <span style=\"color: #008080\">palabra<\/span> para acceder al enlace que recoge las im\u00e1genes comentadas:<\/span><\/p>\n<p style=\"text-align: center\"><a href=\"https:\/\/www.canva.com\/design\/DAFhYM2TPEI\/mnpXK6rZ6U8oRlVogoWe7Q\/edit?utm_content=DAFhYM2TPEI&amp;utm_campaign=designshare&amp;utm_medium=link2&amp;utm_source=sharebutton\"><span style=\"font-size: 24pt;color: #008080\"><strong>FESTIVIDADES<\/strong><\/span><\/a><\/p>\n","protected":false},"excerpt":{"rendered":"<p>PATIOS DIN\u00c1MICOS Durante este curso 2022-2023 se desarrollan Patios Din\u00e1micos, con el objetivo de que se\u00a0reduzcan los conflictos a la hora del recreo y que\u00a0 todos\/as puedan participar en los juegos. En Educaci\u00f3n Infantil contamos con juguetes en desuso que gracias a la colaboraci\u00f3n conjunta entre familias y centro hemos aunado de forma satisfactoria.\u00a0 &nbsp; [&hellip;]<\/p>\n","protected":false},"author":2733,"featured_media":0,"parent":0,"menu_order":0,"comment_status":"closed","ping_status":"closed","template":"","meta":{"footnotes":""},"class_list":["post-169","page","type-page","status-publish","hentry"],"_links":{"self":[{"href":"https:\/\/edublog.educastur.es\/cpelenasancheztamargo\/wp-json\/wp\/v2\/pages\/169","targetHints":{"allow":["GET"]}}],"collection":[{"href":"https:\/\/edublog.educastur.es\/cpelenasancheztamargo\/wp-json\/wp\/v2\/pages"}],"about":[{"href":"https:\/\/edublog.educastur.es\/cpelenasancheztamargo\/wp-json\/wp\/v2\/types\/page"}],"author":[{"embeddable":true,"href":"https:\/\/edublog.educastur.es\/cpelenasancheztamargo\/wp-json\/wp\/v2\/users\/2733"}],"replies":[{"embeddable":true,"href":"https:\/\/edublog.educastur.es\/cpelenasancheztamargo\/wp-json\/wp\/v2\/comments?post=169"}],"version-history":[{"count":10,"href":"https:\/\/edublog.educastur.es\/cpelenasancheztamargo\/wp-json\/wp\/v2\/pages\/169\/revisions"}],"predecessor-version":[{"id":240,"href":"https:\/\/edublog.educastur.es\/cpelenasancheztamargo\/wp-json\/wp\/v2\/pages\/169\/revisions\/240"}],"wp:attachment":[{"href":"https:\/\/edublog.educastur.es\/cpelenasancheztamargo\/wp-json\/wp\/v2\/media?parent=169"}],"curies":[{"name":"wp","href":"https:\/\/api.w.org\/{rel}","templated":true}]}}