{"id":171,"date":"2023-04-28T09:09:46","date_gmt":"2023-04-28T09:09:46","guid":{"rendered":"https:\/\/edublog.educastur.es\/cpelenasancheztamargo\/?page_id=171"},"modified":"2023-04-28T11:22:52","modified_gmt":"2023-04-28T11:22:52","slug":"pagina-rrr","status":"publish","type":"page","link":"https:\/\/edublog.educastur.es\/cpelenasancheztamargo\/pagina-rrr\/","title":{"rendered":"P\u00e1gina RRR"},"content":{"rendered":"<p>Desde el centro hemos llevado a cabo una colaboraci\u00f3n entre docentes y alumnado para el control de los residuos. En primera instancia el alumnado de primaria control\u00f3 la cantidad de residuos que se iban acumulando. En una tabla organizada iban anotando la cantidad de cubos que se iban rellenando mensualmente.<\/p>\n<p>Tras la primera entrega a la Red de escuelas por el Reciclaje observamos que los niveles de papel fueron en un momento m\u00e1s elevados de lo previsto as\u00ed que, se decidi\u00f3 llevar a cabo charlas de concienciaci\u00f3n por las diferentes aulas para reducir estas cantidad a trav\u00e9s de otros recursos como presentaciones o incluso aprovechando otros papeles que pudieran volverse a utilizar.<\/p>\n<p><img loading=\"lazy\" decoding=\"async\" class=\"aligncenter size-full wp-image-215\" src=\"http:\/\/edublog.educastur.es\/cpelenasancheztamargo\/files\/2023\/04\/Screenshot_20230428-131706_Galle.jpg\" alt=\"\" width=\"500\" height=\"666\" srcset=\"https:\/\/edublog.educastur.es\/cpelenasancheztamargo\/files\/2023\/04\/Screenshot_20230428-131706_Galle.jpg 500w, https:\/\/edublog.educastur.es\/cpelenasancheztamargo\/files\/2023\/04\/Screenshot_20230428-131706_Galle-225x300.jpg 225w\" sizes=\"auto, (max-width: 500px) 100vw, 500px\" \/><img loading=\"lazy\" decoding=\"async\" class=\"aligncenter size-full wp-image-216\" src=\"http:\/\/edublog.educastur.es\/cpelenasancheztamargo\/files\/2023\/04\/Screenshot_20230428-131713_Galle.jpg\" alt=\"\" width=\"500\" height=\"674\" srcset=\"https:\/\/edublog.educastur.es\/cpelenasancheztamargo\/files\/2023\/04\/Screenshot_20230428-131713_Galle.jpg 500w, https:\/\/edublog.educastur.es\/cpelenasancheztamargo\/files\/2023\/04\/Screenshot_20230428-131713_Galle-223x300.jpg 223w\" sizes=\"auto, (max-width: 500px) 100vw, 500px\" \/><\/p>\n<p>La implicaci\u00f3n de estos peque\u00f1os consumidores responsables ha dado su resultado y, en este segundo trimestre los niveles tanto de papel como de otros residuos han descendido. \u00a1Gracias por vuestra entrega!<\/p>\n","protected":false},"excerpt":{"rendered":"<p>Desde el centro hemos llevado a cabo una colaboraci\u00f3n entre docentes y alumnado para el control de los residuos. En primera instancia el alumnado de primaria control\u00f3 la cantidad de residuos que se iban acumulando. En una tabla organizada iban anotando la cantidad de cubos que se iban rellenando mensualmente. Tras la primera entrega a [&hellip;]<\/p>\n","protected":false},"author":2733,"featured_media":0,"parent":0,"menu_order":0,"comment_status":"closed","ping_status":"closed","template":"","meta":{"footnotes":""},"class_list":["post-171","page","type-page","status-publish","hentry"],"_links":{"self":[{"href":"https:\/\/edublog.educastur.es\/cpelenasancheztamargo\/wp-json\/wp\/v2\/pages\/171","targetHints":{"allow":["GET"]}}],"collection":[{"href":"https:\/\/edublog.educastur.es\/cpelenasancheztamargo\/wp-json\/wp\/v2\/pages"}],"about":[{"href":"https:\/\/edublog.educastur.es\/cpelenasancheztamargo\/wp-json\/wp\/v2\/types\/page"}],"author":[{"embeddable":true,"href":"https:\/\/edublog.educastur.es\/cpelenasancheztamargo\/wp-json\/wp\/v2\/users\/2733"}],"replies":[{"embeddable":true,"href":"https:\/\/edublog.educastur.es\/cpelenasancheztamargo\/wp-json\/wp\/v2\/comments?post=171"}],"version-history":[{"count":4,"href":"https:\/\/edublog.educastur.es\/cpelenasancheztamargo\/wp-json\/wp\/v2\/pages\/171\/revisions"}],"predecessor-version":[{"id":218,"href":"https:\/\/edublog.educastur.es\/cpelenasancheztamargo\/wp-json\/wp\/v2\/pages\/171\/revisions\/218"}],"wp:attachment":[{"href":"https:\/\/edublog.educastur.es\/cpelenasancheztamargo\/wp-json\/wp\/v2\/media?parent=171"}],"curies":[{"name":"wp","href":"https:\/\/api.w.org\/{rel}","templated":true}]}}