{"id":188,"date":"2023-04-28T09:08:32","date_gmt":"2023-04-28T09:08:32","guid":{"rendered":"https:\/\/edublog.educastur.es\/cpelenasancheztamargo\/?page_id=188"},"modified":"2023-04-28T11:51:58","modified_gmt":"2023-04-28T11:51:58","slug":"pagina-de-reciclar","status":"publish","type":"page","link":"https:\/\/edublog.educastur.es\/cpelenasancheztamargo\/pagina-de-reciclar\/","title":{"rendered":"P\u00c1GINA DE RECICLAR"},"content":{"rendered":"<p style=\"text-align: center\"><strong><span style=\"color: #3366ff;font-family: arial, helvetica, sans-serif;font-size: 18pt\">RECLICLAMOS CON ELENIN Y TAMARGUINA<\/span><\/strong><\/p>\n<p><span style=\"font-family: arial, helvetica, sans-serif\">Para contribuir al reciclado de pilas y tapones y con el objetivo de hacerlo llamativo para nuestro alumnado, hemos creado dos mascotas: <em><strong>Elenin y Tamarguina<\/strong><\/em>.<\/span><\/p>\n<p><span style=\"font-family: arial, helvetica, sans-serif\"><span style=\"color: #ff0000\"><strong>Elen\u00edn<\/strong><\/span> es un <strong>tap\u00f3n<\/strong> s\u00faper enrollado que ayudar\u00e1 al cole en la recogida de tapones.<\/span><\/p>\n<p><span style=\"font-family: arial, helvetica, sans-serif\">Por otro lado tenemos a <span style=\"color: #ff99cc\"><strong>Tamarguina<\/strong><\/span>, una distinguida <strong>pila<\/strong> que no dejar\u00e1 que ninguna pila se escape a otro contenedor.<\/span><\/p>\n<p><span style=\"font-family: arial, helvetica, sans-serif\">Estos dos amigos estar\u00e1n colocados en el <em>edificio de educaci\u00f3n infantil y en el de educaci\u00f3n primaria<\/em> respectivamente.<img loading=\"lazy\" decoding=\"async\" class=\"aligncenter size-medium wp-image-59\" src=\"http:\/\/edublog.educastur.es\/cpelenasancheztamargo\/files\/2023\/04\/fyhg-222x300.png\" alt=\"\" width=\"222\" height=\"300\" srcset=\"https:\/\/edublog.educastur.es\/cpelenasancheztamargo\/files\/2023\/04\/fyhg-222x300.png 222w, https:\/\/edublog.educastur.es\/cpelenasancheztamargo\/files\/2023\/04\/fyhg.png 586w\" sizes=\"auto, (max-width: 222px) 100vw, 222px\" \/><\/span><\/p>\n<p><img loading=\"lazy\" decoding=\"async\" class=\"aligncenter wp-image-36\" src=\"http:\/\/edublog.educastur.es\/cpelenasancheztamargo\/files\/2023\/04\/elenin-y-tamarguina-300x184.png\" alt=\"\" width=\"442\" height=\"271\" srcset=\"https:\/\/edublog.educastur.es\/cpelenasancheztamargo\/files\/2023\/04\/elenin-y-tamarguina-300x184.png 300w, https:\/\/edublog.educastur.es\/cpelenasancheztamargo\/files\/2023\/04\/elenin-y-tamarguina-1024x627.png 1024w, https:\/\/edublog.educastur.es\/cpelenasancheztamargo\/files\/2023\/04\/elenin-y-tamarguina-768x470.png 768w, https:\/\/edublog.educastur.es\/cpelenasancheztamargo\/files\/2023\/04\/elenin-y-tamarguina.png 1135w\" sizes=\"auto, (max-width: 442px) 100vw, 442px\" \/><\/p>\n<p>&nbsp;<\/p>\n<p style=\"text-align: center\"><span style=\"font-family: arial, helvetica, sans-serif;font-size: 18pt\"><strong><span style=\"color: #00ff00\">PET-BIN . VELAMOS POR UN CORRECTO RECICLAJE DE LAS PRENDAS TEXTILES<\/span><\/strong><\/span><\/p>\n<p><span style=\"font-family: arial, helvetica, sans-serif\">Desde el centro hemos vuelto a unir nuestras ganas por darle una segunda vida a los textiles y que mejor manera que participando en el concurso arte-textil promovido por <em>COGERSA y la RED DE ESCUELAS POR EL RECICLAJE.<\/em><\/span><\/p>\n<p><span style=\"font-family: arial, helvetica, sans-serif\">Siguiendo la l\u00ednea de otras actividades propuestas hemos querido volver a bandear la necesidad de proteger y colaborar con los animales que se encuentran en una situaci\u00f3n de vulnerabilidad. De ah\u00ed nace nuestra iniciativa: <span style=\"color: #008080\"><strong>PET-BIN.<\/strong><\/span><\/span><\/p>\n<p><span style=\"font-family: arial, helvetica, sans-serif\">Todo el conjunto del alumnado ha dise\u00f1ado diferentes propuestas, posteriormente ha sido elegida la favorita de entre todas las expuestas y finalmente se le ha dado un nombre y una decoraci\u00f3n a partir de textiles en desuso.<\/span><\/p>\n<p><span style=\"font-family: arial, helvetica, sans-serif\">Asimismo, hemos creado <span style=\"color: #008080\"><strong>mini pet-bin<\/strong><\/span> para dibujar las <span style=\"font-size: 14pt\"><strong>3R<\/strong><\/span> junto a la obra realizada.<\/span><\/p>\n<p><span style=\"font-family: arial, helvetica, sans-serif\">Para dar muestra de todo el proceso que hemos llevado a cabo os invitamos a <strong><span style=\"color: #0000ff\">pinchar en la primera image<\/span><span style=\"color: #0000ff\">n<\/span><\/strong> para acceder al v\u00eddeo que recoge cada paso dado.<\/span><\/p>\n<p><a href=\"https:\/\/www.youtube.com\/watch?v=vlKeCIZIefY\"><img loading=\"lazy\" decoding=\"async\" class=\"aligncenter size-full wp-image-68\" src=\"http:\/\/edublog.educastur.es\/cpelenasancheztamargo\/files\/2023\/04\/20230308_140427-1.jpg\" alt=\"\" width=\"500\" height=\"375\" srcset=\"https:\/\/edublog.educastur.es\/cpelenasancheztamargo\/files\/2023\/04\/20230308_140427-1.jpg 500w, https:\/\/edublog.educastur.es\/cpelenasancheztamargo\/files\/2023\/04\/20230308_140427-1-300x225.jpg 300w\" sizes=\"auto, (max-width: 500px) 100vw, 500px\" \/><\/a><\/p>\n<p><img loading=\"lazy\" decoding=\"async\" class=\"aligncenter size-full wp-image-74\" src=\"http:\/\/edublog.educastur.es\/cpelenasancheztamargo\/files\/2023\/04\/pet-bin.png\" alt=\"\" width=\"600\" height=\"466\" srcset=\"https:\/\/edublog.educastur.es\/cpelenasancheztamargo\/files\/2023\/04\/pet-bin.png 600w, https:\/\/edublog.educastur.es\/cpelenasancheztamargo\/files\/2023\/04\/pet-bin-300x233.png 300w\" sizes=\"auto, (max-width: 600px) 100vw, 600px\" \/><\/p>\n<p>&nbsp;<\/p>\n<p style=\"text-align: center\"><span style=\"font-size: 18pt\"><strong><span style=\"color: #008000\">SENDA DEL OSO. NOS SENSIBILIZAMOS CON LA IMPORTANCIA DE RECICLAR<\/span><\/strong><\/span><\/p>\n<p><span style=\"font-family: arial, helvetica, sans-serif\">Durante tres d\u00edas y acompa\u00f1ados de sus tutores el alumnado de <span style=\"color: #993300\"><strong>4\u00ba de primaria<\/strong><\/span> han ido a la <strong><span style=\"font-size: 14pt;color: #993300\">Senda de Oso<\/span><\/strong> durante tres d\u00edas consecutivos.\u00a0<\/span><\/p>\n<p><span style=\"font-family: arial, helvetica, sans-serif\">Esta magn\u00edfica experiencia no s\u00f3lo ha contribuido a mejorar las relaciones interpersonales, sino que ha potenciado aspectos tan importantes como el <strong><span style=\"color: #993300\">conocimiento acerca de la flora y la fauna<\/span><\/strong> de la zona y la <span style=\"font-size: 14pt\"><strong><span style=\"color: #993300\">importancia de mantener los entornos limpios para su conservaci\u00f3n.<\/span><\/strong><\/span><\/span><\/p>\n<p><span style=\"font-family: arial, helvetica, sans-serif\"><span style=\"color: #993300\"><em>El estudio y la recogida de posible residuos<\/em> <\/span>de la zona han sido dos de las tareas que han realizado en esta inolvidable aventura.<\/span><\/p>\n<p><span style=\"font-family: arial, helvetica, sans-serif\">Os dejamos muestra de su paso por la senda de <strong><span style=\"color: #ffcc00\">los osos m\u00e1s famosos<\/span> <span style=\"color: #00ccff\">de toda Asturias.<\/span><\/strong><\/span><\/p>\n<p><img loading=\"lazy\" decoding=\"async\" class=\"size-full wp-image-142 alignleft\" src=\"http:\/\/edublog.educastur.es\/cpelenasancheztamargo\/files\/2023\/04\/Green-White-Collage-Torn-Paper-T-1.png\" alt=\"\" width=\"500\" height=\"500\" srcset=\"https:\/\/edublog.educastur.es\/cpelenasancheztamargo\/files\/2023\/04\/Green-White-Collage-Torn-Paper-T-1.png 500w, https:\/\/edublog.educastur.es\/cpelenasancheztamargo\/files\/2023\/04\/Green-White-Collage-Torn-Paper-T-1-300x300.png 300w, https:\/\/edublog.educastur.es\/cpelenasancheztamargo\/files\/2023\/04\/Green-White-Collage-Torn-Paper-T-1-150x150.png 150w\" sizes=\"auto, (max-width: 500px) 100vw, 500px\" \/> <img loading=\"lazy\" decoding=\"async\" class=\"size-full wp-image-143 alignright\" src=\"http:\/\/edublog.educastur.es\/cpelenasancheztamargo\/files\/2023\/04\/Green-White-Collage-Torn-Paper-T.png\" alt=\"\" width=\"500\" height=\"500\" srcset=\"https:\/\/edublog.educastur.es\/cpelenasancheztamargo\/files\/2023\/04\/Green-White-Collage-Torn-Paper-T.png 500w, https:\/\/edublog.educastur.es\/cpelenasancheztamargo\/files\/2023\/04\/Green-White-Collage-Torn-Paper-T-300x300.png 300w, https:\/\/edublog.educastur.es\/cpelenasancheztamargo\/files\/2023\/04\/Green-White-Collage-Torn-Paper-T-150x150.png 150w\" sizes=\"auto, (max-width: 500px) 100vw, 500px\" \/><\/p>\n","protected":false},"excerpt":{"rendered":"<p>RECLICLAMOS CON ELENIN Y TAMARGUINA Para contribuir al reciclado de pilas y tapones y con el objetivo de hacerlo llamativo para nuestro alumnado, hemos creado dos mascotas: Elenin y Tamarguina. Elen\u00edn es un tap\u00f3n s\u00faper enrollado que ayudar\u00e1 al cole en la recogida de tapones. Por otro lado tenemos a Tamarguina, una distinguida pila que [&hellip;]<\/p>\n","protected":false},"author":2733,"featured_media":0,"parent":0,"menu_order":0,"comment_status":"closed","ping_status":"closed","template":"","meta":{"footnotes":""},"class_list":["post-188","page","type-page","status-publish","hentry"],"_links":{"self":[{"href":"https:\/\/edublog.educastur.es\/cpelenasancheztamargo\/wp-json\/wp\/v2\/pages\/188","targetHints":{"allow":["GET"]}}],"collection":[{"href":"https:\/\/edublog.educastur.es\/cpelenasancheztamargo\/wp-json\/wp\/v2\/pages"}],"about":[{"href":"https:\/\/edublog.educastur.es\/cpelenasancheztamargo\/wp-json\/wp\/v2\/types\/page"}],"author":[{"embeddable":true,"href":"https:\/\/edublog.educastur.es\/cpelenasancheztamargo\/wp-json\/wp\/v2\/users\/2733"}],"replies":[{"embeddable":true,"href":"https:\/\/edublog.educastur.es\/cpelenasancheztamargo\/wp-json\/wp\/v2\/comments?post=188"}],"version-history":[{"count":8,"href":"https:\/\/edublog.educastur.es\/cpelenasancheztamargo\/wp-json\/wp\/v2\/pages\/188\/revisions"}],"predecessor-version":[{"id":238,"href":"https:\/\/edublog.educastur.es\/cpelenasancheztamargo\/wp-json\/wp\/v2\/pages\/188\/revisions\/238"}],"wp:attachment":[{"href":"https:\/\/edublog.educastur.es\/cpelenasancheztamargo\/wp-json\/wp\/v2\/media?parent=188"}],"curies":[{"name":"wp","href":"https:\/\/api.w.org\/{rel}","templated":true}]}}