{"id":347,"date":"2022-07-06T20:11:01","date_gmt":"2022-07-06T20:11:01","guid":{"rendered":"https:\/\/edublog.educastur.es\/cpgloriarodriguez\/?page_id=347"},"modified":"2023-04-24T08:33:18","modified_gmt":"2023-04-24T08:33:18","slug":"contacta","status":"publish","type":"page","link":"https:\/\/edublog.educastur.es\/cpgloriarodriguez\/centro\/contacta\/","title":{"rendered":"Contacta"},"content":{"rendered":"<div style=\"text-align: center\"><span style=\"font-size: xx-large\"><span style=\"font-family: arial\">\u00a0<\/span><span style=\"font-family: arial\">CP GLORIA RODR\u00cdGUEZ<\/span><\/span><\/div>\n<div style=\"text-align: center\"><\/div>\n<div style=\"text-align: center\"><span style=\"font-family: arial;font-size: large\">C\/ Luis Casielles, 2<\/span><\/div>\n<div style=\"text-align: center\"><span style=\"font-family: arial;font-size: large\">33126 Soto del Barco<\/span><\/div>\n<div style=\"text-align: center\"><span style=\"font-family: arial;font-size: large\">(Asturias)<\/span><\/div>\n<div style=\"text-align: center\"><\/div>\n<div style=\"text-align: center\"><span style=\"font-family: arial;font-size: large\"><b>Tel\u00e9fono de contacto<\/b>:<span style=\"color: #ffffff\">:<\/span><\/span><\/div>\n<div style=\"text-align: center\"><span style=\"font-family: arial;font-size: large\">985588347<\/span><\/div>\n<div><\/div>\n<div>\n<div style=\"text-align: center\"><span style=\"font-family: arial;font-size: large\"><b>M\u00f3vil<\/b>:<span style=\"color: #ffffff\">:<\/span><\/span><\/div>\n<div style=\"text-align: center\"><span style=\"font-family: arial;font-size: large\">617 71 19 48<\/span><\/div>\n<\/div>\n<div style=\"text-align: center\"><\/div>\n<div style=\"text-align: center\"><span style=\"font-family: arial;font-size: large\"><b>Correo electr\u00f3nico:<\/b><\/span><\/div>\n<div style=\"text-align: center\"><span style=\"font-family: arial;font-size: large\">gloriaro@educastur.org<\/span><\/div>\n<div><span style=\"font-family: arial;font-size: large\"><b>\u00a0<\/b><\/span><\/div>\n<div><span style=\"font-family: arial;font-size: large\"><b>\u00a0 \u00a0 \u00a0 \u00a0 \u00a0<\/b><\/span><\/div>\n<div><\/div>\n<div><\/div>\n<div><\/div>\n<div><\/div>\n","protected":false},"excerpt":{"rendered":"<p>\u00a0CP GLORIA RODR\u00cdGUEZ C\/ Luis Casielles, 2 33126 Soto del Barco (Asturias) Tel\u00e9fono de contacto:: 985588347 M\u00f3vil:: 617 71 19 48 Correo electr\u00f3nico: gloriaro@educastur.org \u00a0 \u00a0 \u00a0 \u00a0 \u00a0 \u00a0<\/p>\n","protected":false},"author":97,"featured_media":0,"parent":310,"menu_order":14,"comment_status":"closed","ping_status":"closed","template":"","meta":{"footnotes":""},"class_list":["post-347","page","type-page","status-publish","hentry","no-featured-image"],"_links":{"self":[{"href":"https:\/\/edublog.educastur.es\/cpgloriarodriguez\/wp-json\/wp\/v2\/pages\/347","targetHints":{"allow":["GET"]}}],"collection":[{"href":"https:\/\/edublog.educastur.es\/cpgloriarodriguez\/wp-json\/wp\/v2\/pages"}],"about":[{"href":"https:\/\/edublog.educastur.es\/cpgloriarodriguez\/wp-json\/wp\/v2\/types\/page"}],"author":[{"embeddable":true,"href":"https:\/\/edublog.educastur.es\/cpgloriarodriguez\/wp-json\/wp\/v2\/users\/97"}],"replies":[{"embeddable":true,"href":"https:\/\/edublog.educastur.es\/cpgloriarodriguez\/wp-json\/wp\/v2\/comments?post=347"}],"version-history":[{"count":9,"href":"https:\/\/edublog.educastur.es\/cpgloriarodriguez\/wp-json\/wp\/v2\/pages\/347\/revisions"}],"predecessor-version":[{"id":428,"href":"https:\/\/edublog.educastur.es\/cpgloriarodriguez\/wp-json\/wp\/v2\/pages\/347\/revisions\/428"}],"up":[{"embeddable":true,"href":"https:\/\/edublog.educastur.es\/cpgloriarodriguez\/wp-json\/wp\/v2\/pages\/310"}],"wp:attachment":[{"href":"https:\/\/edublog.educastur.es\/cpgloriarodriguez\/wp-json\/wp\/v2\/media?parent=347"}],"curies":[{"name":"wp","href":"https:\/\/api.w.org\/{rel}","templated":true}]}}