{"id":35,"date":"2020-08-20T11:40:23","date_gmt":"2020-08-20T11:40:23","guid":{"rendered":"https:\/\/edublog.educastur.es\/cornellana\/?page_id=35"},"modified":"2023-09-19T19:12:11","modified_gmt":"2023-09-19T19:12:11","slug":"primaria","status":"publish","type":"page","link":"https:\/\/edublog.educastur.es\/cpgloriarodriguez\/primaria\/","title":{"rendered":"PRIMARIA"},"content":{"rendered":"<p>Aqu\u00ed puedes acceder a las diferentes \u00e1reas de aprendizaje de nuestro centro, y los diferentes cursos dentro de cada \u00e1rea:<\/p>\n<ul>\n<li>\n<h1><a href=\"https:\/\/edublog.educastur.es\/cpgloriarodriguez\/primaria\/lengua-2\">LENGUA<\/a><\/h1>\n<\/li>\n<li>\n<h1><a href=\"https:\/\/edublog.educastur.es\/cpgloriarodriguez\/primaria\/matematicas-2\">MATEM\u00c1TICAS<\/a><\/h1>\n<\/li>\n<li>\n<h1><a href=\"https:\/\/edublog.educastur.es\/cpgloriarodriguez\/primaria\/cc-naturales\/\">CC NATURALES<\/a><\/h1>\n<\/li>\n<li>\n<h1><a href=\"https:\/\/edublog.educastur.es\/cpgloriarodriguez\/primaria\/cc-sociales\/\">CC SOCIALES<\/a><\/h1>\n<\/li>\n<li>\n<h1><a href=\"https:\/\/edublog.educastur.es\/cpgloriarodriguez\/primaria\/ingles-2\/\">INGL\u00c9S<\/a><\/h1>\n<\/li>\n<li>\n<h1><a href=\"https:\/\/edublog.educastur.es\/cpgloriarodriguez\/primaria\/educacion-fisica\/\">EDUCACI\u00d3N F\u00cdSICA<\/a><\/h1>\n<\/li>\n<li>\n<h1><a href=\"https:\/\/edublog.educastur.es\/cpgloriarodriguez\/primaria\/musica-2\/\">M\u00daSICA<\/a><\/h1>\n<\/li>\n<li>\n<h1><a href=\"https:\/\/edublog.educastur.es\/cpgloriarodriguez\/primaria\/plastica-2\/\">PL\u00c1STICA<\/a><\/h1>\n<\/li>\n<li>\n<h1><a href=\"https:\/\/edublog.educastur.es\/cpgloriarodriguez\/primaria\/asturiano-2\/\">ASTURIANO<\/a><\/h1>\n<\/li>\n<li>\n<h1><a href=\"https:\/\/edublog.educastur.es\/cpgloriarodriguez\/primaria\/cultura_asturiana\/\">CULTURA<\/a><\/h1>\n<\/li>\n<li>\n<h1><a href=\"https:\/\/edublog.educastur.es\/cpgloriarodriguez\/primaria\/religion-2\/\">RELIGI\u00d3N<\/a><\/h1>\n<\/li>\n<li>\n<h1><a href=\"https:\/\/edublog.educastur.es\/cpgloriarodriguez\/primaria\/valores_sociales_civicos\/\">ATENCI\u00d3N EDUCATIVA<\/a><\/h1>\n<\/li>\n<li>\n<h1><a href=\"https:\/\/edublog.educastur.es\/cpgloriarodriguez\/primaria\/educacion-en-valores-civicos-y-eticos\/\">EDUCACI\u00d3N EN VALORES C\u00cdVICOS Y \u00c9TICOS<\/a><\/h1>\n<\/li>\n<\/ul>\n","protected":false},"excerpt":{"rendered":"<p>Aqu\u00ed puedes acceder a las diferentes \u00e1reas de aprendizaje de nuestro centro, y los diferentes cursos dentro de cada \u00e1rea: LENGUA MATEM\u00c1TICAS CC NATURALES CC SOCIALES INGL\u00c9S EDUCACI\u00d3N F\u00cdSICA M\u00daSICA PL\u00c1STICA ASTURIANO CULTURA RELIGI\u00d3N ATENCI\u00d3N EDUCATIVA EDUCACI\u00d3N EN VALORES C\u00cdVICOS Y \u00c9TICOS<\/p>\n","protected":false},"author":1658,"featured_media":0,"parent":0,"menu_order":5,"comment_status":"closed","ping_status":"closed","template":"","meta":{"footnotes":""},"class_list":["post-35","page","type-page","status-publish","hentry","no-featured-image"],"_links":{"self":[{"href":"https:\/\/edublog.educastur.es\/cpgloriarodriguez\/wp-json\/wp\/v2\/pages\/35","targetHints":{"allow":["GET"]}}],"collection":[{"href":"https:\/\/edublog.educastur.es\/cpgloriarodriguez\/wp-json\/wp\/v2\/pages"}],"about":[{"href":"https:\/\/edublog.educastur.es\/cpgloriarodriguez\/wp-json\/wp\/v2\/types\/page"}],"author":[{"embeddable":true,"href":"https:\/\/edublog.educastur.es\/cpgloriarodriguez\/wp-json\/wp\/v2\/users\/1658"}],"replies":[{"embeddable":true,"href":"https:\/\/edublog.educastur.es\/cpgloriarodriguez\/wp-json\/wp\/v2\/comments?post=35"}],"version-history":[{"count":5,"href":"https:\/\/edublog.educastur.es\/cpgloriarodriguez\/wp-json\/wp\/v2\/pages\/35\/revisions"}],"predecessor-version":[{"id":1321,"href":"https:\/\/edublog.educastur.es\/cpgloriarodriguez\/wp-json\/wp\/v2\/pages\/35\/revisions\/1321"}],"wp:attachment":[{"href":"https:\/\/edublog.educastur.es\/cpgloriarodriguez\/wp-json\/wp\/v2\/media?parent=35"}],"curies":[{"name":"wp","href":"https:\/\/api.w.org\/{rel}","templated":true}]}}