{"id":718,"date":"2022-09-29T17:21:01","date_gmt":"2022-09-29T17:21:01","guid":{"rendered":"https:\/\/edublog.educastur.es\/cpgloriarodriguez\/?page_id=718"},"modified":"2024-03-05T20:27:17","modified_gmt":"2024-03-05T20:27:17","slug":"extraescolares","status":"publish","type":"page","link":"https:\/\/edublog.educastur.es\/cpgloriarodriguez\/familias\/extraescolares\/","title":{"rendered":"Extraescolares"},"content":{"rendered":"<p style=\"text-align: center\"><strong><span style=\"font-size: 18pt;color: #0000ff\">Propuesta de actividades extraescolares (septiembre\u00b423)<\/span><\/strong><\/p>\n<p>Este a\u00f1o, las actividades extraescolares tendr\u00e1n un compromiso de continuidad, para dar calidad al servicio y evitar que pase lo del curso pasado. Por tanto, las familias que inscriban a su hijo\/a a una actividad extraescolar, deber\u00e1n firmar un compromiso de permanencia durante todo el curso escolar. La primera semana ser\u00e1 de prueba para ver si le gusta o es de su inter\u00e9s dicha actividad.<\/p>\n<p>Cuadrante de actividades en marcha:<\/p>\n<p><img loading=\"lazy\" decoding=\"async\" class=\"alignnone size-full wp-image-1572\" src=\"http:\/\/edublog.educastur.es\/cpgloriarodriguez\/files\/2024\/03\/Cuadrante-extraescolares-23-24.jpg\" alt=\"\" width=\"1253\" height=\"720\" srcset=\"https:\/\/edublog.educastur.es\/cpgloriarodriguez\/files\/2024\/03\/Cuadrante-extraescolares-23-24.jpg 1253w, https:\/\/edublog.educastur.es\/cpgloriarodriguez\/files\/2024\/03\/Cuadrante-extraescolares-23-24-300x172.jpg 300w, https:\/\/edublog.educastur.es\/cpgloriarodriguez\/files\/2024\/03\/Cuadrante-extraescolares-23-24-1024x588.jpg 1024w, https:\/\/edublog.educastur.es\/cpgloriarodriguez\/files\/2024\/03\/Cuadrante-extraescolares-23-24-768x441.jpg 768w, https:\/\/edublog.educastur.es\/cpgloriarodriguez\/files\/2024\/03\/Cuadrante-extraescolares-23-24-1080x621.jpg 1080w\" sizes=\"auto, (max-width: 1253px) 100vw, 1253px\" \/><\/p>\n<p style=\"text-align: center\"><strong><span style=\"font-size: 18pt\">Ficha para apuntarse<\/span><\/strong><\/p>\n<p style=\"text-align: center\">Enviado por Tokapp. Entregado en papel por la tutora de cada curso.<\/p>\n<p style=\"text-align: center\"><a href=\"https:\/\/educastur-my.sharepoint.com\/:b:\/g\/personal\/oscarmg_educastur_org\/ETI9kt-FnENAlz8-oYDj9OcB4LIn1a5z8ErpBl5qyWoKWA?e=ZdxjOI\"><strong>Enlace al PDF de la ficha de inscripci\u00f3n y compromiso a entregar<\/strong><\/a><\/p>\n<p style=\"text-align: center\">\n","protected":false},"excerpt":{"rendered":"<p>Propuesta de actividades extraescolares (septiembre\u00b423) Este a\u00f1o, las actividades extraescolares tendr\u00e1n un compromiso de continuidad, para dar calidad al servicio y evitar que pase lo del curso pasado. Por tanto, las familias que inscriban a su hijo\/a a una actividad extraescolar, deber\u00e1n firmar un compromiso de permanencia durante todo el curso escolar. La primera semana &hellip; <a href=\"https:\/\/edublog.educastur.es\/cpgloriarodriguez\/familias\/extraescolares\/\" class=\"more-link\">Seguir leyendo <span class=\"screen-reader-text\">Extraescolares<\/span><\/a><\/p>\n","protected":false},"author":1658,"featured_media":0,"parent":30,"menu_order":3,"comment_status":"closed","ping_status":"closed","template":"","meta":{"footnotes":""},"class_list":["post-718","page","type-page","status-publish","hentry","no-featured-image"],"_links":{"self":[{"href":"https:\/\/edublog.educastur.es\/cpgloriarodriguez\/wp-json\/wp\/v2\/pages\/718","targetHints":{"allow":["GET"]}}],"collection":[{"href":"https:\/\/edublog.educastur.es\/cpgloriarodriguez\/wp-json\/wp\/v2\/pages"}],"about":[{"href":"https:\/\/edublog.educastur.es\/cpgloriarodriguez\/wp-json\/wp\/v2\/types\/page"}],"author":[{"embeddable":true,"href":"https:\/\/edublog.educastur.es\/cpgloriarodriguez\/wp-json\/wp\/v2\/users\/1658"}],"replies":[{"embeddable":true,"href":"https:\/\/edublog.educastur.es\/cpgloriarodriguez\/wp-json\/wp\/v2\/comments?post=718"}],"version-history":[{"count":12,"href":"https:\/\/edublog.educastur.es\/cpgloriarodriguez\/wp-json\/wp\/v2\/pages\/718\/revisions"}],"predecessor-version":[{"id":1573,"href":"https:\/\/edublog.educastur.es\/cpgloriarodriguez\/wp-json\/wp\/v2\/pages\/718\/revisions\/1573"}],"up":[{"embeddable":true,"href":"https:\/\/edublog.educastur.es\/cpgloriarodriguez\/wp-json\/wp\/v2\/pages\/30"}],"wp:attachment":[{"href":"https:\/\/edublog.educastur.es\/cpgloriarodriguez\/wp-json\/wp\/v2\/media?parent=718"}],"curies":[{"name":"wp","href":"https:\/\/api.w.org\/{rel}","templated":true}]}}