{"id":730,"date":"2022-09-29T18:32:22","date_gmt":"2022-09-29T18:32:22","guid":{"rendered":"https:\/\/edublog.educastur.es\/cpgloriarodriguez\/?page_id=730"},"modified":"2024-05-06T06:40:02","modified_gmt":"2024-05-06T06:40:02","slug":"comedor-escolar","status":"publish","type":"page","link":"https:\/\/edublog.educastur.es\/cpgloriarodriguez\/centro\/comedor-escolar\/","title":{"rendered":"Comedor escolar"},"content":{"rendered":"<p style=\"text-align: center\"><span style=\"font-size: 18pt\"><strong>Men\u00fas del a\u00f1o<\/strong><\/span><\/p>\n<p style=\"text-align: center\">Cada mes iremos subiendo los men\u00fas:<\/p>\n<p style=\"text-align: center\"><a href=\"https:\/\/educastur-my.sharepoint.com\/:b:\/g\/personal\/gloriaro_educastur_org\/ESOBHIBFDvlHrBlXZ8cgz6EBlacRBVktw6EuuRMuRiRZtw?e=GW49Ue\"><strong><span style=\"color: #ff0000;font-size: 14pt\">Octubre<\/span><\/strong><\/a><\/p>\n<p style=\"text-align: center\"><a href=\"https:\/\/educastur-my.sharepoint.com\/:b:\/g\/personal\/gloriaro_educastur_org\/Ea3U2sj5oX1LkI2wUehVTZUBEistUQxHJia5FyVTbIuh_g?e=qJrONR\"><strong><span style=\"color: #ff0000;font-size: 14pt\">Noviembre<\/span><\/strong><\/a><\/p>\n<p style=\"text-align: center\"><a href=\"https:\/\/educastur-my.sharepoint.com\/:b:\/g\/personal\/gloriaro_educastur_org\/EX2IZJClsY5ImEv4JKD4DMsBIN4LDNNWnI6tVz_X0It5SA?e=5TPgm8\"><strong><span style=\"color: #ff0000;font-size: 14pt\">Diciembre<\/span><\/strong><\/a><\/p>\n<p style=\"text-align: center\"><a href=\"https:\/\/educastur-my.sharepoint.com\/:b:\/g\/personal\/gloriaro_educastur_org\/EVhp0TQ-xo5MmxpFhUW5-VUBBgbCcBzvN5ESR0EkqcIhAw?e=qUFRJk\"><strong><span style=\"color: #ff0000;font-size: 14pt\">Enero<\/span><\/strong><\/a><\/p>\n<p style=\"text-align: center\"><a href=\"https:\/\/educastur-my.sharepoint.com\/:b:\/g\/personal\/gloriaro_educastur_org\/EcZO-TO3s_ZKqBhdG3Lelc4BbGBSGM42RDvdgTenzCGmig?e=njibQD\"><strong><span style=\"color: #ff0000;font-size: 14pt\">Febrero<\/span><\/strong><\/a><\/p>\n<p style=\"text-align: center\"><span style=\"text-decoration: underline;color: #339966\">A partir del mes de marzo, los men\u00fas ir\u00e1n en <span style=\"color: #0000ff;text-decoration: underline\">Ingl\u00e9s<\/span> y en <span style=\"color: #000000;text-decoration: underline\">Castellano:<\/span><\/span><\/p>\n<p style=\"text-align: center\"><a href=\"https:\/\/educastur-my.sharepoint.com\/:b:\/g\/personal\/gloriaro_educastur_org\/EbrXJUOhwI1GvX0TL2cV4m4BWuThs2hN4RahIg6qshLIMQ?e=fqORxw\"><strong><span style=\"color: #ff0000;font-size: 14pt\">Marzo<\/span><\/strong><\/a><\/p>\n<p style=\"text-align: center\"><a href=\"https:\/\/educastur-my.sharepoint.com\/:b:\/g\/personal\/gloriaro_educastur_org\/EZAOHilFlWNMiWmoT34IYJMBEnV1B5-RAqZuF-Va7uj__g?e=6Px8z1\"><strong><span style=\"color: #ff0000;font-size: 14pt\">Abril<\/span><\/strong><\/a><\/p>\n<p style=\"text-align: center\"><a href=\"https:\/\/educastur-my.sharepoint.com\/:b:\/g\/personal\/gloriaro_educastur_org\/Ed2wqRftq-NJiZ42c-a1l4gBqVZGEOFw3nGKrGzHplLm3g?e=iJCcXi\"><strong><span style=\"color: #ff0000;font-size: 14pt\">Mayo<\/span><\/strong><\/a><\/p>\n<p>&nbsp;<\/p>\n<p style=\"text-align: center\"><span style=\"font-size: 18pt\"><strong>Profesorado vigilante<\/strong><\/span><\/p>\n<p style=\"text-align: center\"><span style=\"color: #ff0000;font-family: 'comic sans ms', sans-serif;font-size: 14pt\"><strong>Habr\u00e1 un m\u00ednimo de 2 docentes vigilando diariamente el comedor escolar<\/strong><\/span><\/p>\n<p>&nbsp;<\/p>\n<p>&nbsp;<\/p>\n<p>&nbsp;<\/p>\n","protected":false},"excerpt":{"rendered":"<p>Men\u00fas del a\u00f1o Cada mes iremos subiendo los men\u00fas: Octubre Noviembre Diciembre Enero Febrero A partir del mes de marzo, los men\u00fas ir\u00e1n en Ingl\u00e9s y en Castellano: Marzo Abril Mayo &nbsp; Profesorado vigilante Habr\u00e1 un m\u00ednimo de 2 docentes vigilando diariamente el comedor escolar &nbsp; &nbsp; &nbsp;<\/p>\n","protected":false},"author":1658,"featured_media":0,"parent":310,"menu_order":9,"comment_status":"closed","ping_status":"closed","template":"","meta":{"footnotes":""},"class_list":["post-730","page","type-page","status-publish","hentry","no-featured-image"],"_links":{"self":[{"href":"https:\/\/edublog.educastur.es\/cpgloriarodriguez\/wp-json\/wp\/v2\/pages\/730","targetHints":{"allow":["GET"]}}],"collection":[{"href":"https:\/\/edublog.educastur.es\/cpgloriarodriguez\/wp-json\/wp\/v2\/pages"}],"about":[{"href":"https:\/\/edublog.educastur.es\/cpgloriarodriguez\/wp-json\/wp\/v2\/types\/page"}],"author":[{"embeddable":true,"href":"https:\/\/edublog.educastur.es\/cpgloriarodriguez\/wp-json\/wp\/v2\/users\/1658"}],"replies":[{"embeddable":true,"href":"https:\/\/edublog.educastur.es\/cpgloriarodriguez\/wp-json\/wp\/v2\/comments?post=730"}],"version-history":[{"count":19,"href":"https:\/\/edublog.educastur.es\/cpgloriarodriguez\/wp-json\/wp\/v2\/pages\/730\/revisions"}],"predecessor-version":[{"id":1686,"href":"https:\/\/edublog.educastur.es\/cpgloriarodriguez\/wp-json\/wp\/v2\/pages\/730\/revisions\/1686"}],"up":[{"embeddable":true,"href":"https:\/\/edublog.educastur.es\/cpgloriarodriguez\/wp-json\/wp\/v2\/pages\/310"}],"wp:attachment":[{"href":"https:\/\/edublog.educastur.es\/cpgloriarodriguez\/wp-json\/wp\/v2\/media?parent=730"}],"curies":[{"name":"wp","href":"https:\/\/api.w.org\/{rel}","templated":true}]}}