{"id":919,"date":"2022-11-02T13:56:14","date_gmt":"2022-11-02T13:56:14","guid":{"rendered":"https:\/\/edublog.educastur.es\/cpgloriarodriguez\/?page_id=919"},"modified":"2024-03-05T19:53:34","modified_gmt":"2024-03-05T19:53:34","slug":"equipo-de-mediacion","status":"publish","type":"page","link":"https:\/\/edublog.educastur.es\/cpgloriarodriguez\/centro\/equipo-de-mediacion\/","title":{"rendered":"Equipo de mediaci\u00f3n"},"content":{"rendered":"<p><img loading=\"lazy\" decoding=\"async\" class=\"size-medium wp-image-920 aligncenter\" src=\"http:\/\/edublog.educastur.es\/cpgloriarodriguez\/files\/2022\/11\/LOGO-Mediadores-Gloriaro-258x300.png\" alt=\"\" width=\"258\" height=\"300\" srcset=\"https:\/\/edublog.educastur.es\/cpgloriarodriguez\/files\/2022\/11\/LOGO-Mediadores-Gloriaro-258x300.png 258w, https:\/\/edublog.educastur.es\/cpgloriarodriguez\/files\/2022\/11\/LOGO-Mediadores-Gloriaro-881x1024.png 881w, https:\/\/edublog.educastur.es\/cpgloriarodriguez\/files\/2022\/11\/LOGO-Mediadores-Gloriaro-768x893.png 768w, https:\/\/edublog.educastur.es\/cpgloriarodriguez\/files\/2022\/11\/LOGO-Mediadores-Gloriaro-1322x1536.png 1322w, https:\/\/edublog.educastur.es\/cpgloriarodriguez\/files\/2022\/11\/LOGO-Mediadores-Gloriaro-1080x1255.png 1080w, https:\/\/edublog.educastur.es\/cpgloriarodriguez\/files\/2022\/11\/LOGO-Mediadores-Gloriaro.png 1542w\" sizes=\"auto, (max-width: 258px) 100vw, 258px\" \/><\/p>\n<p>&nbsp;<\/p>\n<p>La <strong>mediaci\u00f3n en el recreo<\/strong> es una opci\u00f3n <strong>voluntaria<\/strong>, donde el alumnado de 4\u00ba, 5\u00ba y 6\u00ba elige ser mediador o mediadora; acompa\u00f1ar\u00e1n de manera puntual a sus compa\u00f1eros y compa\u00f1eras cuando as\u00ed lo necesiten. Estar\u00e1n siempre acompa\u00f1ados y acompa\u00f1adas por un docente y\/o por el coordinador de mediaci\u00f3n.<\/p>\n<p>Hay un cuadrante creado diario, donde en los recreos se ponen un peto como \u00abacompa\u00f1antes\u00bb o \u00abidentificadores\u00bb de conflictos o posibles conflictos.<\/p>\n<hr \/>\n<p>&nbsp;<\/p>\n<p>Los mediadores seguir\u00e1n el M\u00e9todo de Resoluci\u00f3n de Conflictos establecido, donde se parte de las siguientes m\u00e1ximas:<\/p>\n<p style=\"text-align: center\"><strong><span style=\"color: #ff0000\">Somos RESPONSABLES de lo que decimos y hacemos.<\/span><\/strong><\/p>\n<p style=\"text-align: center\"><strong><span style=\"color: #ff0000\">Todo lo que se estropea hay que repararlo.<\/span><\/strong><\/p>\n<p style=\"text-align: center\"><strong><span style=\"color: #ff0000\">Todos y todas tenemos nuestras razones, por lo que preguntamos a todas las partes implicadas su punto de vista.<\/span><\/strong><\/p>\n<hr \/>\n<p>Aprendemos valores y formas de entender la realidad:<\/p>\n<p>Intentamos fomentar que el ALUMNADO entienda que tiene que INFORMAR sobre problemas o conflictos que encuentren para ayudarles y acompa\u00f1arles a gestionarlos y a resolverlos. Intentamos evitar que ACUSEN con la intenci\u00f3n de ofender o perjudicar para que otros puedan ser perjudicados.<\/p>\n<hr \/>\n<p>La preferencia del equipo de mediaci\u00f3n es usar el M\u00e9todo de Resoluci\u00f3n de Conflictos (MRC):<\/p>\n<p><img loading=\"lazy\" decoding=\"async\" class=\"aligncenter wp-image-921 size-large\" src=\"http:\/\/edublog.educastur.es\/cpgloriarodriguez\/files\/2022\/11\/METODO-RC-Metodo-Resumen_W-916x1024.jpg\" alt=\"\" width=\"712\" height=\"796\" srcset=\"https:\/\/edublog.educastur.es\/cpgloriarodriguez\/files\/2022\/11\/METODO-RC-Metodo-Resumen_W-916x1024.jpg 916w, https:\/\/edublog.educastur.es\/cpgloriarodriguez\/files\/2022\/11\/METODO-RC-Metodo-Resumen_W-268x300.jpg 268w, https:\/\/edublog.educastur.es\/cpgloriarodriguez\/files\/2022\/11\/METODO-RC-Metodo-Resumen_W-768x859.jpg 768w, https:\/\/edublog.educastur.es\/cpgloriarodriguez\/files\/2022\/11\/METODO-RC-Metodo-Resumen_W.jpg 999w\" sizes=\"auto, (max-width: 712px) 100vw, 712px\" \/><\/p>\n<p>&nbsp;<\/p>\n","protected":false},"excerpt":{"rendered":"<p>&nbsp; La mediaci\u00f3n en el recreo es una opci\u00f3n voluntaria, donde el alumnado de 4\u00ba, 5\u00ba y 6\u00ba elige ser mediador o mediadora; acompa\u00f1ar\u00e1n de manera puntual a sus compa\u00f1eros y compa\u00f1eras cuando as\u00ed lo necesiten. Estar\u00e1n siempre acompa\u00f1ados y acompa\u00f1adas por un docente y\/o por el coordinador de mediaci\u00f3n. Hay un cuadrante creado diario, &hellip; <a href=\"https:\/\/edublog.educastur.es\/cpgloriarodriguez\/centro\/equipo-de-mediacion\/\" class=\"more-link\">Seguir leyendo <span class=\"screen-reader-text\">Equipo de mediaci\u00f3n<\/span><\/a><\/p>\n","protected":false},"author":1658,"featured_media":0,"parent":310,"menu_order":10,"comment_status":"closed","ping_status":"closed","template":"","meta":{"footnotes":""},"class_list":["post-919","page","type-page","status-publish","hentry","no-featured-image"],"_links":{"self":[{"href":"https:\/\/edublog.educastur.es\/cpgloriarodriguez\/wp-json\/wp\/v2\/pages\/919","targetHints":{"allow":["GET"]}}],"collection":[{"href":"https:\/\/edublog.educastur.es\/cpgloriarodriguez\/wp-json\/wp\/v2\/pages"}],"about":[{"href":"https:\/\/edublog.educastur.es\/cpgloriarodriguez\/wp-json\/wp\/v2\/types\/page"}],"author":[{"embeddable":true,"href":"https:\/\/edublog.educastur.es\/cpgloriarodriguez\/wp-json\/wp\/v2\/users\/1658"}],"replies":[{"embeddable":true,"href":"https:\/\/edublog.educastur.es\/cpgloriarodriguez\/wp-json\/wp\/v2\/comments?post=919"}],"version-history":[{"count":12,"href":"https:\/\/edublog.educastur.es\/cpgloriarodriguez\/wp-json\/wp\/v2\/pages\/919\/revisions"}],"predecessor-version":[{"id":1559,"href":"https:\/\/edublog.educastur.es\/cpgloriarodriguez\/wp-json\/wp\/v2\/pages\/919\/revisions\/1559"}],"up":[{"embeddable":true,"href":"https:\/\/edublog.educastur.es\/cpgloriarodriguez\/wp-json\/wp\/v2\/pages\/310"}],"wp:attachment":[{"href":"https:\/\/edublog.educastur.es\/cpgloriarodriguez\/wp-json\/wp\/v2\/media?parent=919"}],"curies":[{"name":"wp","href":"https:\/\/api.w.org\/{rel}","templated":true}]}}