{"id":13,"date":"2020-10-25T08:22:37","date_gmt":"2020-10-25T08:22:37","guid":{"rendered":"https:\/\/edublog.educastur.es\/cpnueva\/?page_id=13"},"modified":"2020-10-25T08:29:48","modified_gmt":"2020-10-25T08:29:48","slug":"nuestro-colegio","status":"publish","type":"page","link":"https:\/\/edublog.educastur.es\/cpnueva\/nuestro-colegio\/","title":{"rendered":"Nuestro colegio"},"content":{"rendered":"<p style=\"text-align: left\">Nuestro Centro tiene una oferta educativa que abarca las etapas de Educaci\u00f3n Infantil (3 &#8211; 6 a\u00f1os) y Educaci\u00f3n Primaria (6 &#8211; 12 a\u00f1os).<\/p>\n<p style=\"text-align: center\"><strong>EDUCACI\u00d3N INFANTIL<\/strong><\/p>\n<ul>\n<li>1 unidad de Educaci\u00f3n Infantil 3, 4 y 5 a\u00f1os.<\/li>\n<\/ul>\n<p>En esta etapa se inicia, a partir de los 3 a\u00f1os, el aprendizaje de\u00a0la Lengua Extranjera\u00a0(ingl\u00e9s) y de las TIC.<\/p>\n<p style=\"text-align: center\"><strong>EDUCACI\u00d3N PRIMARIA<\/strong><\/p>\n<ul>\n<li>1 unidad: Primero,Segundo y\u00a0Tercero\u00a0de E. Primaria.<\/li>\n<li>1 unidad: Cuarto,Quinto y Sexto de E. Primaria.<\/li>\n<\/ul>\n<p>Las \u00e1reas de Educaci\u00f3n F\u00edsica, Ingl\u00e9s, Asturiano, M\u00fasica y Religi\u00f3n son impartidas por\u00a0 especialistas, as\u00ed como disponemos del siguiente\u00a0Equipo de Apoyo al Aprendizaje:<\/p>\n<ul>\n<li>Especialista en Audici\u00f3n y Lenguaje<\/li>\n<li>Especialista en Pedagog\u00eda Terap\u00e9utica<\/li>\n<li>Equipo Psicopedag\u00f3gico de Orientaci\u00f3n: Psic\u00f3loga, Pedagoga \u00a0y Trabajadora Social.<\/li>\n<\/ul>\n<p>Nuestros alumnos\/as tienen su espacio y tiempo\u00a0 para el uso de las TIC, acudiendo al aula de Inform\u00e1tica 1 hora a la semana con la tutora y otra con la profesora de Ingles. Todas las aulas est\u00e1n dotadas con\u00a0 pizarra digital, ordenador y conexi\u00f3n a Internet.<\/p>\n<p style=\"text-align: center\">El alumnado de 1\u00ba,2\u00ba y 3\u00ba cuenta con mini port\u00e1tiles y los de 4\u00ba, 5\u00ba y 6\u00ba con Ipads.<\/p>\n<p>En el apartado de Actividades Extraescolares la oferta es muy amplia ( ver cuadro de actividades) y est\u00e1 asociada al programa de \u201cApertura de Centros a\u00a0la Comunidad\u201d.<\/p>\n<p>El Colegio dispone de Biblioteca con servicio de pr\u00e9stamo. Se desarrolla, desde hace m\u00e1s de 13 cursos, el \u201cProyecto Biblioteca\u201d.<\/p>\n<p style=\"text-align: center\">Al finalizar esta etapa nuestro alumnado tiene reserva de plaza en el Instituto de Educaci\u00f3n Secundaria de Llanes.<\/p>\n","protected":false},"excerpt":{"rendered":"<p>Nuestro Centro tiene una oferta educativa que abarca las etapas de Educaci\u00f3n Infantil (3 &#8211; 6 a\u00f1os) y Educaci\u00f3n Primaria (6 &#8211; 12 a\u00f1os). EDUCACI\u00d3N INFANTIL 1 unidad de Educaci\u00f3n Infantil 3, 4 y 5 a\u00f1os. En esta etapa se inicia, a partir de los 3 a\u00f1os, el aprendizaje de\u00a0la Lengua Extranjera\u00a0(ingl\u00e9s) y de las [&hellip;]<\/p>\n","protected":false},"author":554,"featured_media":14,"parent":0,"menu_order":0,"comment_status":"closed","ping_status":"closed","template":"","meta":{"footnotes":""},"class_list":["post-13","page","type-page","status-publish","has-post-thumbnail","hentry"],"_links":{"self":[{"href":"https:\/\/edublog.educastur.es\/cpnueva\/wp-json\/wp\/v2\/pages\/13","targetHints":{"allow":["GET"]}}],"collection":[{"href":"https:\/\/edublog.educastur.es\/cpnueva\/wp-json\/wp\/v2\/pages"}],"about":[{"href":"https:\/\/edublog.educastur.es\/cpnueva\/wp-json\/wp\/v2\/types\/page"}],"author":[{"embeddable":true,"href":"https:\/\/edublog.educastur.es\/cpnueva\/wp-json\/wp\/v2\/users\/554"}],"replies":[{"embeddable":true,"href":"https:\/\/edublog.educastur.es\/cpnueva\/wp-json\/wp\/v2\/comments?post=13"}],"version-history":[{"count":6,"href":"https:\/\/edublog.educastur.es\/cpnueva\/wp-json\/wp\/v2\/pages\/13\/revisions"}],"predecessor-version":[{"id":20,"href":"https:\/\/edublog.educastur.es\/cpnueva\/wp-json\/wp\/v2\/pages\/13\/revisions\/20"}],"wp:featuredmedia":[{"embeddable":true,"href":"https:\/\/edublog.educastur.es\/cpnueva\/wp-json\/wp\/v2\/media\/14"}],"wp:attachment":[{"href":"https:\/\/edublog.educastur.es\/cpnueva\/wp-json\/wp\/v2\/media?parent=13"}],"curies":[{"name":"wp","href":"https:\/\/api.w.org\/{rel}","templated":true}]}}