{"id":23,"date":"2024-04-22T12:49:47","date_gmt":"2024-04-22T10:49:47","guid":{"rendered":"https:\/\/edublog.educastur.es\/cpsanpedroaller\/?page_id=23"},"modified":"2025-11-18T11:35:07","modified_gmt":"2025-11-18T10:35:07","slug":"informacion-general","status":"publish","type":"page","link":"https:\/\/edublog.educastur.es\/cpsanpedroaller\/informacion-general\/","title":{"rendered":"INFORMACI\u00d3N GENERAL"},"content":{"rendered":"<p style=\"text-align: left\" data-adtags-visited=\"true\"><strong>El CP. \u201cSan Pedro\u201d, est\u00e1 ubicado en\u00a0 \u201cEl Escobio\u201d- Pi\u00f1eres en el concejo de Aller (Asturias).<\/strong><\/p>\n<p style=\"text-align: left\" data-adtags-visited=\"true\"><strong>El \u00e1mbito de incidencia de nuestro alumnado sigue la carretera comarcal desde Misiegos y El Llagar, pasando por Pi\u00f1eres, La Veguellina, El Escobio, Corigos.<\/strong><\/p>\n<p style=\"text-align: left\" data-adtags-visited=\"true\"><strong>El Entorno es rural, con un paisaje privilegiado, rodeado de monta\u00f1as, praderas y r\u00edo pero tambi\u00e9n bien comunicado por carretera y v\u00eda f\u00e9rrea (FEVE).<\/strong><\/p>\n<p style=\"text-align: left\" data-adtags-visited=\"true\"><strong>HORARIO: de Octubre a Mayo de 9 a 14 horas, en septiembre y en Junio de 9 a 13 horas.<\/strong><\/p>\n<p data-adtags-visited=\"true\"><strong>\u00a0<\/strong><\/p>\n<p style=\"text-align: center\" data-adtags-visited=\"true\"><strong>EN NUESTRO CENTRO\u00a0ENCONTRARAS<\/strong><\/p>\n<p style=\"text-align: center\" data-adtags-visited=\"true\"><strong>Somos centro PROA+<\/strong><\/p>\n<p style=\"text-align: center\" data-adtags-visited=\"true\">Proyecto de innovaci\u00f3n<\/p>\n<p style=\"text-align: center\" data-adtags-visited=\"true\"><strong>Atenci\u00f3n individualizada<\/strong><\/p>\n<p style=\"text-align: center\" data-adtags-visited=\"true\">Ambiente familiar y cordial<\/p>\n<p style=\"text-align: center\" data-adtags-visited=\"true\"><strong>Ingl\u00e9s desde infantil<\/strong><\/p>\n<p style=\"text-align: center\" data-adtags-visited=\"true\"><strong>Integraci\u00f3n de las tecnolog\u00edas de la informaci\u00f3n y la comunicaci\u00f3n<\/strong><\/p>\n<p style=\"text-align: center\" data-adtags-visited=\"true\"><strong>Actividades f\u00edsicas y deportivas<\/strong><\/p>\n<p style=\"text-align: center\" data-adtags-visited=\"true\"><strong>Aula de consumo\u00a0<\/strong><\/p>\n<p style=\"text-align: center\" data-adtags-visited=\"true\"><strong>Animaci\u00f3n a la lectura<\/strong><\/p>\n<p style=\"text-align: center\" data-adtags-visited=\"true\"><strong>Huerto ecol\u00f3gico<\/strong><\/p>\n<p style=\"text-align: center\" data-adtags-visited=\"true\"><strong>TRANSPORTE ESCOLAR<\/strong><\/p>\n<p style=\"text-align: center\" data-adtags-visited=\"true\">&#8230;..<\/p>\n","protected":false},"excerpt":{"rendered":"<p>El CP. \u201cSan Pedro\u201d, est\u00e1 ubicado en\u00a0 \u201cEl Escobio\u201d- Pi\u00f1eres en el concejo de Aller (Asturias). El \u00e1mbito de incidencia de nuestro alumnado sigue la carretera comarcal desde Misiegos y El Llagar, pasando por Pi\u00f1eres, La Veguellina, El Escobio, Corigos. El Entorno es rural, con un paisaje privilegiado, rodeado de monta\u00f1as, praderas y r\u00edo pero [&hellip;]<\/p>\n","protected":false},"author":5877,"featured_media":0,"parent":0,"menu_order":0,"comment_status":"closed","ping_status":"closed","template":"","meta":{"footnotes":""},"class_list":["post-23","page","type-page","status-publish","hentry","post-preview"],"_links":{"self":[{"href":"https:\/\/edublog.educastur.es\/cpsanpedroaller\/wp-json\/wp\/v2\/pages\/23","targetHints":{"allow":["GET"]}}],"collection":[{"href":"https:\/\/edublog.educastur.es\/cpsanpedroaller\/wp-json\/wp\/v2\/pages"}],"about":[{"href":"https:\/\/edublog.educastur.es\/cpsanpedroaller\/wp-json\/wp\/v2\/types\/page"}],"author":[{"embeddable":true,"href":"https:\/\/edublog.educastur.es\/cpsanpedroaller\/wp-json\/wp\/v2\/users\/5877"}],"replies":[{"embeddable":true,"href":"https:\/\/edublog.educastur.es\/cpsanpedroaller\/wp-json\/wp\/v2\/comments?post=23"}],"version-history":[{"count":5,"href":"https:\/\/edublog.educastur.es\/cpsanpedroaller\/wp-json\/wp\/v2\/pages\/23\/revisions"}],"predecessor-version":[{"id":104,"href":"https:\/\/edublog.educastur.es\/cpsanpedroaller\/wp-json\/wp\/v2\/pages\/23\/revisions\/104"}],"wp:attachment":[{"href":"https:\/\/edublog.educastur.es\/cpsanpedroaller\/wp-json\/wp\/v2\/media?parent=23"}],"curies":[{"name":"wp","href":"https:\/\/api.w.org\/{rel}","templated":true}]}}