{"id":131,"date":"2021-02-11T21:02:15","date_gmt":"2021-02-11T21:02:15","guid":{"rendered":"https:\/\/edublog.educastur.es\/creciendojuntosenelablanu\/?page_id=131"},"modified":"2021-02-21T12:25:03","modified_gmt":"2021-02-21T12:25:03","slug":"cole","status":"publish","type":"page","link":"https:\/\/edublog.educastur.es\/creciendojuntosenelablanu\/cole\/","title":{"rendered":"\u00bfQUIENES SOMOS?"},"content":{"rendered":"<ul>\n<li style=\"text-align: left\"><span style=\"text-decoration: underline\">E-mail del centro<\/span>: <strong><a href=\"mailto:cpinfies@educastur.org\">cpinfies@educastur.org<\/a><\/strong><\/li>\n<li style=\"text-align: left\"><span style=\"text-decoration: underline\">Tel\u00e9fono:<\/span><span style=\"color: #008080\"> <strong>985 710 408<\/strong><\/span><\/li>\n<\/ul>\n<p style=\"text-align: left\"><em><span style=\"color: #008080;font-size: 14pt\"><span style=\"text-decoration: underline\"><strong>Equipo Docente de<\/strong> EDUCACI\u00d3N INFANTIL<\/span><br \/>\n<\/span><\/em><br \/>\n<span style=\"color: #008080\"><strong><em><span style=\"font-size: 14pt\">\u2022 3 a\u00f1os<\/span><\/em><\/strong><\/span><br \/>\n<em><span style=\"font-size: 14pt\"><strong><span style=\"color: #008080\">A:<\/span><\/strong> <strong>Elena Iglesias Cueto:<\/strong> elenaicu@educastur.org<\/span><\/em><br \/>\n<em><span style=\"font-size: 14pt\"><span style=\"color: #008080\"><strong>B:<\/strong><\/span> <strong>Inmaculada Arenal Glez.:<\/strong> inmaculadaag@educastur.org<\/span><\/em><br \/>\n<em><span style=\"font-size: 14pt\">\u2022<span style=\"color: #008080\"><strong> 4 a\u00f1os<\/strong><\/span><\/span><\/em><br \/>\n<em><span style=\"font-size: 14pt\"><strong><span style=\"color: #008080\">A:<\/span><\/strong> <strong>Laura Ov\u00edn Ania<\/strong>: lauraoa@educastur.org<\/span><\/em><br \/>\n<em><span style=\"font-size: 14pt\"><strong><span style=\"color: #008080\">B: <\/span>Susana de \u00cdscar Mart\u00ednez:<\/strong> susanadm@educastur.org<\/span><\/em><br \/>\n<span style=\"color: #008080\"><strong><em><span style=\"font-size: 14pt\">\u2022 5 a\u00f1os<\/span><\/em><\/strong><\/span><br \/>\n<em><span style=\"font-size: 14pt\"><strong><span style=\"color: #008080\">A<\/span><\/strong>: <strong>Carmen Juan Rodr\u00edguez<\/strong> (J. Estudios): mcjr@educastur.org<\/span><\/em><br \/>\n<em><span style=\"font-size: 14pt\"><strong>Laura Vega Beovides<\/strong> lauravb@educastur.org<\/span><\/em><br \/>\n<em><span style=\"font-size: 14pt\"><span style=\"color: #008080\"><strong>B:<\/strong><\/span> <strong>Cristina Blanco Valde\u00f3n:<\/strong> cristinabval@educastur.org<\/span><\/em><br \/>\n<span style=\"color: #008080\"><strong><em><span style=\"font-size: 14pt\">\u2022 Apoyo<\/span><\/em><\/strong><\/span><br \/>\n<em><span style=\"font-size: 14pt\"><strong>Beatriz Fern\u00e1ndez Areces:<\/strong> beatrizfa@educastur.org<\/span><\/em><br \/>\n<em><span style=\"font-size: 14pt\"><strong>In\u00e9s Vecino Men\u00e9ndez<\/strong> inesvm@educastur.org<\/span><\/em><\/p>\n<h3><span style=\"font-size: 14pt\"><span style=\"color: #008080\">Tutor\u00edas:\u00a0\u00a0<\/span><em>Lunes de 16:00 a 17:00<\/em><\/span><br \/>\n<span style=\"color: #808080\"><em><span style=\"font-size: 14pt\">Citas extraordinarias con el tutor\/a<\/span><\/em><\/span><\/h3>\n<p>&nbsp;<\/p>\n<p>&nbsp;<\/p>\n","protected":false},"excerpt":{"rendered":"<p>E-mail del centro: cpinfies@educastur.org Tel\u00e9fono: 985 710 408 Equipo Docente de EDUCACI\u00d3N INFANTIL \u2022 3 a\u00f1os A: Elena Iglesias Cueto: elenaicu@educastur.org B: Inmaculada Arenal Glez.: inmaculadaag@educastur.org \u2022 4 a\u00f1os A: Laura Ov\u00edn Ania: lauraoa@educastur.org B: Susana de \u00cdscar Mart\u00ednez: susanadm@educastur.org \u2022 5 a\u00f1os A: Carmen Juan Rodr\u00edguez (J. Estudios): mcjr@educastur.org Laura Vega Beovides lauravb@educastur.org B: [&hellip;]<\/p>\n","protected":false},"author":279,"featured_media":0,"parent":0,"menu_order":20,"comment_status":"closed","ping_status":"closed","template":"","meta":{"footnotes":""},"class_list":["post-131","page","type-page","status-publish","hentry","post-preview"],"_links":{"self":[{"href":"https:\/\/edublog.educastur.es\/creciendojuntosenelablanu\/wp-json\/wp\/v2\/pages\/131","targetHints":{"allow":["GET"]}}],"collection":[{"href":"https:\/\/edublog.educastur.es\/creciendojuntosenelablanu\/wp-json\/wp\/v2\/pages"}],"about":[{"href":"https:\/\/edublog.educastur.es\/creciendojuntosenelablanu\/wp-json\/wp\/v2\/types\/page"}],"author":[{"embeddable":true,"href":"https:\/\/edublog.educastur.es\/creciendojuntosenelablanu\/wp-json\/wp\/v2\/users\/279"}],"replies":[{"embeddable":true,"href":"https:\/\/edublog.educastur.es\/creciendojuntosenelablanu\/wp-json\/wp\/v2\/comments?post=131"}],"version-history":[{"count":8,"href":"https:\/\/edublog.educastur.es\/creciendojuntosenelablanu\/wp-json\/wp\/v2\/pages\/131\/revisions"}],"predecessor-version":[{"id":262,"href":"https:\/\/edublog.educastur.es\/creciendojuntosenelablanu\/wp-json\/wp\/v2\/pages\/131\/revisions\/262"}],"wp:attachment":[{"href":"https:\/\/edublog.educastur.es\/creciendojuntosenelablanu\/wp-json\/wp\/v2\/media?parent=131"}],"curies":[{"name":"wp","href":"https:\/\/api.w.org\/{rel}","templated":true}]}}