{"id":175,"date":"2021-02-11T22:54:46","date_gmt":"2021-02-11T22:54:46","guid":{"rendered":"https:\/\/edublog.educastur.es\/creciendojuntosenelablanu\/?page_id=175"},"modified":"2021-04-25T21:28:45","modified_gmt":"2021-04-25T21:28:45","slug":"salud","status":"publish","type":"page","link":"https:\/\/edublog.educastur.es\/creciendojuntosenelablanu\/recursos\/salud\/","title":{"rendered":"Salud"},"content":{"rendered":"<div class=\"post-content entry-content\">\n<p>APERITIVOS SALUDABLE EN EDUCACI\u00d3N INFANTIL<br \/>\n\n<!-- iframe plugin v.6.0 wordpress.org\/plugins\/iframe\/ -->\n<iframe loading=\"lazy\" width=\"600px\" height=\"500px\" src=\"https:\/\/sway.office.com\/s\/qgddvyZJIHr9tnSt\/embed\" scrolling=\"yes\" class=\"iframe-class\" frameborder=\"0\"><\/iframe>\n<\/p>\n<p>&nbsp;<\/p>\n<hr \/>\n<p style=\"text-align: center\"><span style=\"color: #008080\"><strong><span style=\"font-size: 18pt\"><em style=\"color: #008080\"><a style=\"color: #008080\" href=\"https:\/\/www.youtube.com\/watch?time_continue=2&amp;v=jPqlHzfrl8k&amp;feature=emb_logo\">As\u00ed me lavo bien las manos<\/a><\/em><\/span><\/strong><\/span><\/p>\n<div class=\"footer-inner section-inner group\">\n<div class=\"column column-3 left\">\n<div class=\"widgets\">\n<div id=\"custom_html-2\" class=\"widget_text widget widget_custom_html\">\n<div>\n<div class=\"footer-inner section-inner group\">\n<div class=\"column column-3 left\">\n<div class=\"widgets\">\n<div style=\"text-align: center\">\n<!-- iframe plugin v.6.0 wordpress.org\/plugins\/iframe\/ -->\n<iframe loading=\"lazy\" width=\"447\" height=\"164\" src=\"https:\/\/www.youtube.com\/embed\/jPqlHzfrl8k\" scrolling=\"yes\" class=\"iframe-class\" frameborder=\"0\"><\/iframe>\n<\/div>\n<div>\n<hr \/>\n<\/div>\n<\/div>\n<\/div>\n<div style=\"text-align: center\"><\/div>\n<\/div>\n<\/div>\n<\/div>\n<\/div>\n<\/div>\n<\/div>\n<p style=\"text-align: center\"><a href=\"https:\/\/www.mscbs.gob.es\/fr\/profesionales\/saludPublica\/ccayes\/alertasActual\/nCov\/img\/cartel_COMO_LAVARSE_MANOS_INFANTIL.jpg\"><img loading=\"lazy\" decoding=\"async\" class=\"aligncenter\" src=\"https:\/\/www.mscbs.gob.es\/fr\/profesionales\/saludPublica\/ccayes\/alertasActual\/nCov\/img\/cartel_COMO_LAVARSE_MANOS_INFANTIL.jpg\" alt=\"\" width=\"1199\" height=\"830\" \/><\/a><\/p>\n<p>&nbsp;<\/p>\n<\/div>\n<hr \/>\n<p><a href=\"https:\/\/www.mscbs.gob.es\/fr\/profesionales\/saludPublica\/ccayes\/alertasActual\/nCov\/img\/PosterA5_HigieneManos.jpg\"><img loading=\"lazy\" decoding=\"async\" class=\"aligncenter \" src=\"https:\/\/www.mscbs.gob.es\/fr\/profesionales\/saludPublica\/ccayes\/alertasActual\/nCov\/img\/PosterA5_HigieneManos.jpg\" width=\"1200\" height=\"1699\" \/><\/a><\/p>\n<div class=\"post-content entry-content\">\n<hr \/>\n<p>&nbsp;<\/p>\n<p style=\"text-align: center\"><a href=\"http:\/\/edublog.educastur.es\/corredoria3\/files\/2020\/08\/cartel_HIGIENE_MANOS_CORONAVIRUS.jpg\"><img loading=\"lazy\" decoding=\"async\" class=\"aligncenter wp-image-964\" src=\"http:\/\/edublog.educastur.es\/corredoria3\/files\/2020\/08\/cartel_HIGIENE_MANOS_CORONAVIRUS.jpg\" alt=\"\" width=\"1200\" height=\"1732\" \/><\/a><a href=\"https:\/\/www.mscbs.gob.es\/fr\/profesionales\/saludPublica\/ccayes\/alertasActual\/nCov\/ciudadania.htm\"><em>M\u00e1s recomendaciones y documentos del Ministerio de Sanidad<\/em><\/a><\/p>\n<hr \/>\n<p>&nbsp;<\/p>\n<\/div>\n","protected":false},"excerpt":{"rendered":"<p>APERITIVOS SALUDABLE EN EDUCACI\u00d3N INFANTIL &nbsp; As\u00ed me lavo bien las manos &nbsp; &nbsp; M\u00e1s recomendaciones y documentos del Ministerio de Sanidad &nbsp;<\/p>\n","protected":false},"author":117,"featured_media":0,"parent":64,"menu_order":0,"comment_status":"closed","ping_status":"closed","template":"","meta":{"footnotes":""},"class_list":["post-175","page","type-page","status-publish","hentry","post-preview"],"_links":{"self":[{"href":"https:\/\/edublog.educastur.es\/creciendojuntosenelablanu\/wp-json\/wp\/v2\/pages\/175","targetHints":{"allow":["GET"]}}],"collection":[{"href":"https:\/\/edublog.educastur.es\/creciendojuntosenelablanu\/wp-json\/wp\/v2\/pages"}],"about":[{"href":"https:\/\/edublog.educastur.es\/creciendojuntosenelablanu\/wp-json\/wp\/v2\/types\/page"}],"author":[{"embeddable":true,"href":"https:\/\/edublog.educastur.es\/creciendojuntosenelablanu\/wp-json\/wp\/v2\/users\/117"}],"replies":[{"embeddable":true,"href":"https:\/\/edublog.educastur.es\/creciendojuntosenelablanu\/wp-json\/wp\/v2\/comments?post=175"}],"version-history":[{"count":10,"href":"https:\/\/edublog.educastur.es\/creciendojuntosenelablanu\/wp-json\/wp\/v2\/pages\/175\/revisions"}],"predecessor-version":[{"id":562,"href":"https:\/\/edublog.educastur.es\/creciendojuntosenelablanu\/wp-json\/wp\/v2\/pages\/175\/revisions\/562"}],"up":[{"embeddable":true,"href":"https:\/\/edublog.educastur.es\/creciendojuntosenelablanu\/wp-json\/wp\/v2\/pages\/64"}],"wp:attachment":[{"href":"https:\/\/edublog.educastur.es\/creciendojuntosenelablanu\/wp-json\/wp\/v2\/media?parent=175"}],"curies":[{"name":"wp","href":"https:\/\/api.w.org\/{rel}","templated":true}]}}