{"id":225,"date":"2021-02-17T16:08:28","date_gmt":"2021-02-17T16:08:28","guid":{"rendered":"https:\/\/edublog.educastur.es\/creciendojuntosenelablanu\/?page_id=225"},"modified":"2021-05-19T12:31:47","modified_gmt":"2021-05-19T12:31:47","slug":"festividades","status":"publish","type":"page","link":"https:\/\/edublog.educastur.es\/creciendojuntosenelablanu\/festividades\/","title":{"rendered":"Festividades"},"content":{"rendered":"<p style=\"text-align: center\"><span style=\"font-size: 14pt\"><strong>D\u00cdA DEL LIBRO<\/strong><\/span><\/p>\n<p style=\"text-align: center\">23 de abril del 2021<\/p>\n<p style=\"text-align: center\">Con motivo de la celebraci\u00f3n del d\u00eda del libro, en el pasillo de Educaci\u00f3n Infantil hemos creado un \u00e1rbol con personajes de cuentos. El alumnado ha sido qui\u00e9n ha elegido los dibujos que quer\u00edan poner.<br \/>\nEsperemos que os guste.<\/p>\n<p><img loading=\"lazy\" decoding=\"async\" class=\"wp-image-590 aligncenter\" src=\"http:\/\/edublog.educastur.es\/creciendojuntosenelablanu\/files\/2021\/05\/B56DE383-35C8-4D51-8C3A-10A84BD8F467-min-300x270.jpeg\" alt=\"\" width=\"279\" height=\"251\" srcset=\"https:\/\/edublog.educastur.es\/creciendojuntosenelablanu\/files\/2021\/05\/B56DE383-35C8-4D51-8C3A-10A84BD8F467-min-300x270.jpeg 300w, https:\/\/edublog.educastur.es\/creciendojuntosenelablanu\/files\/2021\/05\/B56DE383-35C8-4D51-8C3A-10A84BD8F467-min-1024x923.jpeg 1024w, https:\/\/edublog.educastur.es\/creciendojuntosenelablanu\/files\/2021\/05\/B56DE383-35C8-4D51-8C3A-10A84BD8F467-min-768x692.jpeg 768w, https:\/\/edublog.educastur.es\/creciendojuntosenelablanu\/files\/2021\/05\/B56DE383-35C8-4D51-8C3A-10A84BD8F467-min-1536x1384.jpeg 1536w, https:\/\/edublog.educastur.es\/creciendojuntosenelablanu\/files\/2021\/05\/B56DE383-35C8-4D51-8C3A-10A84BD8F467-min-2048x1846.jpeg 2048w, https:\/\/edublog.educastur.es\/creciendojuntosenelablanu\/files\/2021\/05\/B56DE383-35C8-4D51-8C3A-10A84BD8F467-min-676x609.jpeg 676w\" sizes=\"auto, (max-width: 279px) 100vw, 279px\" \/><\/p>\n","protected":false},"excerpt":{"rendered":"<p>D\u00cdA DEL LIBRO 23 de abril del 2021 Con motivo de la celebraci\u00f3n del d\u00eda del libro, en el pasillo de Educaci\u00f3n Infantil hemos creado un \u00e1rbol con personajes de cuentos. El alumnado ha sido qui\u00e9n ha elegido los dibujos que quer\u00edan poner. Esperemos que os guste.<\/p>\n","protected":false},"author":667,"featured_media":0,"parent":0,"menu_order":0,"comment_status":"closed","ping_status":"closed","template":"","meta":{"footnotes":""},"class_list":["post-225","page","type-page","status-publish","hentry","post-preview"],"_links":{"self":[{"href":"https:\/\/edublog.educastur.es\/creciendojuntosenelablanu\/wp-json\/wp\/v2\/pages\/225","targetHints":{"allow":["GET"]}}],"collection":[{"href":"https:\/\/edublog.educastur.es\/creciendojuntosenelablanu\/wp-json\/wp\/v2\/pages"}],"about":[{"href":"https:\/\/edublog.educastur.es\/creciendojuntosenelablanu\/wp-json\/wp\/v2\/types\/page"}],"author":[{"embeddable":true,"href":"https:\/\/edublog.educastur.es\/creciendojuntosenelablanu\/wp-json\/wp\/v2\/users\/667"}],"replies":[{"embeddable":true,"href":"https:\/\/edublog.educastur.es\/creciendojuntosenelablanu\/wp-json\/wp\/v2\/comments?post=225"}],"version-history":[{"count":14,"href":"https:\/\/edublog.educastur.es\/creciendojuntosenelablanu\/wp-json\/wp\/v2\/pages\/225\/revisions"}],"predecessor-version":[{"id":605,"href":"https:\/\/edublog.educastur.es\/creciendojuntosenelablanu\/wp-json\/wp\/v2\/pages\/225\/revisions\/605"}],"wp:attachment":[{"href":"https:\/\/edublog.educastur.es\/creciendojuntosenelablanu\/wp-json\/wp\/v2\/media?parent=225"}],"curies":[{"name":"wp","href":"https:\/\/api.w.org\/{rel}","templated":true}]}}