{"id":230,"date":"2021-02-17T16:14:50","date_gmt":"2021-02-17T16:14:50","guid":{"rendered":"https:\/\/edublog.educastur.es\/creciendojuntosenelablanu\/?page_id=230"},"modified":"2021-02-17T16:14:50","modified_gmt":"2021-02-17T16:14:50","slug":"semana-de-carnaval","status":"publish","type":"page","link":"https:\/\/edublog.educastur.es\/creciendojuntosenelablanu\/festividades\/semana-de-carnaval\/","title":{"rendered":"Semana de Carnaval"},"content":{"rendered":"<p>Durante la semana del 15 al 19 de febrero, el alumnado de Educaci\u00f3n Infantil est\u00e1 realizando diferentes actividades relacionadas con el Carnaval.<br \/>\nEn esta ocasi\u00f3n, os vamos a presentar la SARDINA que decora nuestro pasillo, as\u00ed como las sardinas que hemos elaboradora para llevar a casa. <img loading=\"lazy\" decoding=\"async\" class=\"alignnone size-medium wp-image-231\" src=\"http:\/\/edublog.educastur.es\/creciendojuntosenelablanu\/files\/2021\/02\/D58AB18E-FF46-4A5A-85D0-C995B60C7358-e1613578445838-225x300.jpeg\" alt=\"\" width=\"225\" height=\"300\" srcset=\"https:\/\/edublog.educastur.es\/creciendojuntosenelablanu\/files\/2021\/02\/D58AB18E-FF46-4A5A-85D0-C995B60C7358-e1613578445838-225x300.jpeg 225w, https:\/\/edublog.educastur.es\/creciendojuntosenelablanu\/files\/2021\/02\/D58AB18E-FF46-4A5A-85D0-C995B60C7358-e1613578445838.jpeg 478w\" sizes=\"auto, (max-width: 225px) 100vw, 225px\" \/><img loading=\"lazy\" decoding=\"async\" class=\"alignnone size-medium wp-image-234\" src=\"http:\/\/edublog.educastur.es\/creciendojuntosenelablanu\/files\/2021\/02\/F6244600-1899-4BCF-843A-C4522762E4DD-246x300.jpeg\" alt=\"\" width=\"246\" height=\"300\" srcset=\"https:\/\/edublog.educastur.es\/creciendojuntosenelablanu\/files\/2021\/02\/F6244600-1899-4BCF-843A-C4522762E4DD-246x300.jpeg 246w, https:\/\/edublog.educastur.es\/creciendojuntosenelablanu\/files\/2021\/02\/F6244600-1899-4BCF-843A-C4522762E4DD.jpeg 524w\" sizes=\"auto, (max-width: 246px) 100vw, 246px\" \/><img loading=\"lazy\" decoding=\"async\" class=\"alignnone size-medium wp-image-233\" src=\"http:\/\/edublog.educastur.es\/creciendojuntosenelablanu\/files\/2021\/02\/64894DF9-136E-4C76-A662-E46D15C86509-300x225.jpeg\" alt=\"\" width=\"300\" height=\"225\" srcset=\"https:\/\/edublog.educastur.es\/creciendojuntosenelablanu\/files\/2021\/02\/64894DF9-136E-4C76-A662-E46D15C86509-300x225.jpeg 300w, https:\/\/edublog.educastur.es\/creciendojuntosenelablanu\/files\/2021\/02\/64894DF9-136E-4C76-A662-E46D15C86509.jpeg 640w\" sizes=\"auto, (max-width: 300px) 100vw, 300px\" \/><img loading=\"lazy\" decoding=\"async\" class=\"alignnone size-medium wp-image-232\" src=\"http:\/\/edublog.educastur.es\/creciendojuntosenelablanu\/files\/2021\/02\/EB4FAA5D-1648-45F1-BB97-8464AFE7EB5F-300x225.jpeg\" alt=\"\" width=\"300\" height=\"225\" srcset=\"https:\/\/edublog.educastur.es\/creciendojuntosenelablanu\/files\/2021\/02\/EB4FAA5D-1648-45F1-BB97-8464AFE7EB5F-300x225.jpeg 300w, https:\/\/edublog.educastur.es\/creciendojuntosenelablanu\/files\/2021\/02\/EB4FAA5D-1648-45F1-BB97-8464AFE7EB5F.jpeg 640w\" sizes=\"auto, (max-width: 300px) 100vw, 300px\" \/><\/p>\n","protected":false},"excerpt":{"rendered":"<p>Durante la semana del 15 al 19 de febrero, el alumnado de Educaci\u00f3n Infantil est\u00e1 realizando diferentes actividades relacionadas con el Carnaval. En esta ocasi\u00f3n, os vamos a presentar la SARDINA que decora nuestro pasillo, as\u00ed como las sardinas que hemos elaboradora para llevar a casa.<\/p>\n","protected":false},"author":667,"featured_media":0,"parent":225,"menu_order":0,"comment_status":"closed","ping_status":"closed","template":"","meta":{"footnotes":""},"class_list":["post-230","page","type-page","status-publish","hentry","post-preview"],"_links":{"self":[{"href":"https:\/\/edublog.educastur.es\/creciendojuntosenelablanu\/wp-json\/wp\/v2\/pages\/230","targetHints":{"allow":["GET"]}}],"collection":[{"href":"https:\/\/edublog.educastur.es\/creciendojuntosenelablanu\/wp-json\/wp\/v2\/pages"}],"about":[{"href":"https:\/\/edublog.educastur.es\/creciendojuntosenelablanu\/wp-json\/wp\/v2\/types\/page"}],"author":[{"embeddable":true,"href":"https:\/\/edublog.educastur.es\/creciendojuntosenelablanu\/wp-json\/wp\/v2\/users\/667"}],"replies":[{"embeddable":true,"href":"https:\/\/edublog.educastur.es\/creciendojuntosenelablanu\/wp-json\/wp\/v2\/comments?post=230"}],"version-history":[{"count":1,"href":"https:\/\/edublog.educastur.es\/creciendojuntosenelablanu\/wp-json\/wp\/v2\/pages\/230\/revisions"}],"predecessor-version":[{"id":235,"href":"https:\/\/edublog.educastur.es\/creciendojuntosenelablanu\/wp-json\/wp\/v2\/pages\/230\/revisions\/235"}],"up":[{"embeddable":true,"href":"https:\/\/edublog.educastur.es\/creciendojuntosenelablanu\/wp-json\/wp\/v2\/pages\/225"}],"wp:attachment":[{"href":"https:\/\/edublog.educastur.es\/creciendojuntosenelablanu\/wp-json\/wp\/v2\/media?parent=230"}],"curies":[{"name":"wp","href":"https:\/\/api.w.org\/{rel}","templated":true}]}}