{"id":379,"date":"2021-03-09T22:02:53","date_gmt":"2021-03-09T22:02:53","guid":{"rendered":"https:\/\/edublog.educastur.es\/creciendojuntosenelablanu\/?page_id=379"},"modified":"2021-03-18T16:02:46","modified_gmt":"2021-03-18T16:02:46","slug":"dia-internacional-de-la-mujer","status":"publish","type":"page","link":"https:\/\/edublog.educastur.es\/creciendojuntosenelablanu\/festividades\/dia-internacional-de-la-mujer\/","title":{"rendered":"D\u00cdA INTERNACIONAL DE LA MUJER"},"content":{"rendered":"<p>Nada m\u00e1s bonito que ver a los ni\u00f1os y ni\u00f1as de nuestras aulas dibujar sobre el papel a las mujeres m\u00e1s importantes de sus vidas \u00a1TODO AMOR!<\/p>\n<p>\u00a1VA POR ELLAS!<\/p>\n\n<!-- iframe plugin v.6.0 wordpress.org\/plugins\/iframe\/ -->\n<iframe loading=\"lazy\" src=\"https:\/\/drive.google.com\/file\/d\/1ClRC-eg3GfkN6vPtMzRJNmSbnuWvngug\/preview\" width=\"640\" height=\"480\" 0=\"\/iframe\" scrolling=\"yes\" class=\"iframe-class\" frameborder=\"0\"><\/iframe>\n\n","protected":false},"excerpt":{"rendered":"<p>Nada m\u00e1s bonito que ver a los ni\u00f1os y ni\u00f1as de nuestras aulas dibujar sobre el papel a las mujeres m\u00e1s importantes de sus vidas \u00a1TODO AMOR! \u00a1VA POR ELLAS!<\/p>\n","protected":false},"author":279,"featured_media":0,"parent":225,"menu_order":0,"comment_status":"closed","ping_status":"closed","template":"","meta":{"footnotes":""},"class_list":["post-379","page","type-page","status-publish","hentry","post-preview"],"_links":{"self":[{"href":"https:\/\/edublog.educastur.es\/creciendojuntosenelablanu\/wp-json\/wp\/v2\/pages\/379","targetHints":{"allow":["GET"]}}],"collection":[{"href":"https:\/\/edublog.educastur.es\/creciendojuntosenelablanu\/wp-json\/wp\/v2\/pages"}],"about":[{"href":"https:\/\/edublog.educastur.es\/creciendojuntosenelablanu\/wp-json\/wp\/v2\/types\/page"}],"author":[{"embeddable":true,"href":"https:\/\/edublog.educastur.es\/creciendojuntosenelablanu\/wp-json\/wp\/v2\/users\/279"}],"replies":[{"embeddable":true,"href":"https:\/\/edublog.educastur.es\/creciendojuntosenelablanu\/wp-json\/wp\/v2\/comments?post=379"}],"version-history":[{"count":1,"href":"https:\/\/edublog.educastur.es\/creciendojuntosenelablanu\/wp-json\/wp\/v2\/pages\/379\/revisions"}],"predecessor-version":[{"id":380,"href":"https:\/\/edublog.educastur.es\/creciendojuntosenelablanu\/wp-json\/wp\/v2\/pages\/379\/revisions\/380"}],"up":[{"embeddable":true,"href":"https:\/\/edublog.educastur.es\/creciendojuntosenelablanu\/wp-json\/wp\/v2\/pages\/225"}],"wp:attachment":[{"href":"https:\/\/edublog.educastur.es\/creciendojuntosenelablanu\/wp-json\/wp\/v2\/media?parent=379"}],"curies":[{"name":"wp","href":"https:\/\/api.w.org\/{rel}","templated":true}]}}