{"id":391,"date":"2021-03-11T13:34:03","date_gmt":"2021-03-11T13:34:03","guid":{"rendered":"https:\/\/edublog.educastur.es\/creciendojuntosenelablanu\/?page_id=391"},"modified":"2021-05-27T12:56:32","modified_gmt":"2021-05-27T12:56:32","slug":"proyecto-asturias","status":"publish","type":"page","link":"https:\/\/edublog.educastur.es\/creciendojuntosenelablanu\/proyecto-asturias\/","title":{"rendered":"PROYECTO \u00abASTURIAS\u00bb"},"content":{"rendered":"<p><span style=\"font-size: 18pt\"><strong>VISITA DE LOS AMIGOS DEL OSO<\/strong><\/span><\/p>\n<p>Durante esta semana contaremos con las visita de \u00abLos amigos del Oso\u00bb,\u00a0 por todas las aulas de infantil, quienes no har\u00e1n ver la importancia de cuidar la diversidad que nos rodea en Asturias.\u00a0 <a href=\"https:\/\/fundacionosopardo.org\/\">WEB Fundaci\u00f3n del OSO<\/a><\/p>\n<p><img loading=\"lazy\" decoding=\"async\" class=\"alignnone size-medium wp-image-627\" src=\"http:\/\/edublog.educastur.es\/creciendojuntosenelablanu\/files\/2021\/05\/IMG_20210527_111403-300x225.jpg\" alt=\"\" width=\"300\" height=\"225\" srcset=\"https:\/\/edublog.educastur.es\/creciendojuntosenelablanu\/files\/2021\/05\/IMG_20210527_111403-300x225.jpg 300w, https:\/\/edublog.educastur.es\/creciendojuntosenelablanu\/files\/2021\/05\/IMG_20210527_111403-1024x768.jpg 1024w, https:\/\/edublog.educastur.es\/creciendojuntosenelablanu\/files\/2021\/05\/IMG_20210527_111403-768x576.jpg 768w, https:\/\/edublog.educastur.es\/creciendojuntosenelablanu\/files\/2021\/05\/IMG_20210527_111403-1536x1152.jpg 1536w, https:\/\/edublog.educastur.es\/creciendojuntosenelablanu\/files\/2021\/05\/IMG_20210527_111403-676x507.jpg 676w, https:\/\/edublog.educastur.es\/creciendojuntosenelablanu\/files\/2021\/05\/IMG_20210527_111403.jpg 1960w\" sizes=\"auto, (max-width: 300px) 100vw, 300px\" \/>c<a href=\"https:\/\/fundacionosopardo.org\/\"><img loading=\"lazy\" decoding=\"async\" class=\" wp-image-628 alignright\" src=\"http:\/\/edublog.educastur.es\/creciendojuntosenelablanu\/files\/2021\/05\/Sin-titulo-300x102.jpg\" alt=\"\" width=\"418\" height=\"142\" srcset=\"https:\/\/edublog.educastur.es\/creciendojuntosenelablanu\/files\/2021\/05\/Sin-titulo-300x102.jpg 300w, https:\/\/edublog.educastur.es\/creciendojuntosenelablanu\/files\/2021\/05\/Sin-titulo-1024x349.jpg 1024w, https:\/\/edublog.educastur.es\/creciendojuntosenelablanu\/files\/2021\/05\/Sin-titulo-768x261.jpg 768w, https:\/\/edublog.educastur.es\/creciendojuntosenelablanu\/files\/2021\/05\/Sin-titulo-676x230.jpg 676w, https:\/\/edublog.educastur.es\/creciendojuntosenelablanu\/files\/2021\/05\/Sin-titulo.jpg 1360w\" sizes=\"auto, (max-width: 418px) 100vw, 418px\" \/><\/a><\/p>\n<p>&nbsp;<\/p>\n<hr \/>\n<p>Seguimos avanzando en el conocimiento de\u00a0 \u00abAsturias\u00bb, y que mejor manera que hacerlo desde la gastronom\u00eda.<\/p>\n<p style=\"text-align: center\"><img loading=\"lazy\" decoding=\"async\" class=\"alignnone size-medium wp-image-619\" src=\"http:\/\/edublog.educastur.es\/creciendojuntosenelablanu\/files\/2021\/05\/IMG_20210527_122811-300x225.jpg\" alt=\"\" width=\"300\" height=\"225\" srcset=\"https:\/\/edublog.educastur.es\/creciendojuntosenelablanu\/files\/2021\/05\/IMG_20210527_122811-300x225.jpg 300w, https:\/\/edublog.educastur.es\/creciendojuntosenelablanu\/files\/2021\/05\/IMG_20210527_122811-1024x768.jpg 1024w, https:\/\/edublog.educastur.es\/creciendojuntosenelablanu\/files\/2021\/05\/IMG_20210527_122811-768x576.jpg 768w, https:\/\/edublog.educastur.es\/creciendojuntosenelablanu\/files\/2021\/05\/IMG_20210527_122811-1536x1152.jpg 1536w, https:\/\/edublog.educastur.es\/creciendojuntosenelablanu\/files\/2021\/05\/IMG_20210527_122811-2048x1536.jpg 2048w, https:\/\/edublog.educastur.es\/creciendojuntosenelablanu\/files\/2021\/05\/IMG_20210527_122811-676x507.jpg 676w\" sizes=\"auto, (max-width: 300px) 100vw, 300px\" \/> <img loading=\"lazy\" decoding=\"async\" class=\"alignnone size-medium wp-image-620\" src=\"http:\/\/edublog.educastur.es\/creciendojuntosenelablanu\/files\/2021\/05\/IMG_20210527_141010-300x209.jpg\" alt=\"\" width=\"300\" height=\"209\" srcset=\"https:\/\/edublog.educastur.es\/creciendojuntosenelablanu\/files\/2021\/05\/IMG_20210527_141010-300x209.jpg 300w, https:\/\/edublog.educastur.es\/creciendojuntosenelablanu\/files\/2021\/05\/IMG_20210527_141010-1024x715.jpg 1024w, https:\/\/edublog.educastur.es\/creciendojuntosenelablanu\/files\/2021\/05\/IMG_20210527_141010-768x536.jpg 768w, https:\/\/edublog.educastur.es\/creciendojuntosenelablanu\/files\/2021\/05\/IMG_20210527_141010-1536x1073.jpg 1536w, https:\/\/edublog.educastur.es\/creciendojuntosenelablanu\/files\/2021\/05\/IMG_20210527_141010-2048x1430.jpg 2048w, https:\/\/edublog.educastur.es\/creciendojuntosenelablanu\/files\/2021\/05\/IMG_20210527_141010-676x472.jpg 676w\" sizes=\"auto, (max-width: 300px) 100vw, 300px\" \/><\/p>\n<p>&nbsp;<\/p>\n<hr \/>\n<p><strong>Hemos comenzado a trabajar los seres mitol\u00f3gicos asturianos de la mano de nuestro vecino pilo\u00f1\u00e9s Enrique Carballeira.<\/strong><\/p>\n\n<!-- iframe plugin v.6.0 wordpress.org\/plugins\/iframe\/ -->\n<iframe loading=\"lazy\" src=\"https:\/\/drive.google.com\/file\/d\/1YcBU6jj6NrofDwnLyDG4AJz2V2VEAPqU\/preview\" width=\"640\" height=\"480\" 0=\"\/iframe\" scrolling=\"yes\" class=\"iframe-class\" frameborder=\"0\"><\/iframe>\n\n","protected":false},"excerpt":{"rendered":"<p>VISITA DE LOS AMIGOS DEL OSO Durante esta semana contaremos con las visita de \u00abLos amigos del Oso\u00bb,\u00a0 por todas las aulas de infantil, quienes no har\u00e1n ver la importancia de cuidar la diversidad que nos rodea en Asturias.\u00a0 WEB Fundaci\u00f3n del OSO c &nbsp; Seguimos avanzando en el conocimiento de\u00a0 \u00abAsturias\u00bb, y que mejor [&hellip;]<\/p>\n","protected":false},"author":279,"featured_media":0,"parent":0,"menu_order":0,"comment_status":"closed","ping_status":"closed","template":"","meta":{"footnotes":""},"class_list":["post-391","page","type-page","status-publish","hentry","post-preview"],"_links":{"self":[{"href":"https:\/\/edublog.educastur.es\/creciendojuntosenelablanu\/wp-json\/wp\/v2\/pages\/391","targetHints":{"allow":["GET"]}}],"collection":[{"href":"https:\/\/edublog.educastur.es\/creciendojuntosenelablanu\/wp-json\/wp\/v2\/pages"}],"about":[{"href":"https:\/\/edublog.educastur.es\/creciendojuntosenelablanu\/wp-json\/wp\/v2\/types\/page"}],"author":[{"embeddable":true,"href":"https:\/\/edublog.educastur.es\/creciendojuntosenelablanu\/wp-json\/wp\/v2\/users\/279"}],"replies":[{"embeddable":true,"href":"https:\/\/edublog.educastur.es\/creciendojuntosenelablanu\/wp-json\/wp\/v2\/comments?post=391"}],"version-history":[{"count":7,"href":"https:\/\/edublog.educastur.es\/creciendojuntosenelablanu\/wp-json\/wp\/v2\/pages\/391\/revisions"}],"predecessor-version":[{"id":393,"href":"https:\/\/edublog.educastur.es\/creciendojuntosenelablanu\/wp-json\/wp\/v2\/pages\/391\/revisions\/393"}],"wp:attachment":[{"href":"https:\/\/edublog.educastur.es\/creciendojuntosenelablanu\/wp-json\/wp\/v2\/media?parent=391"}],"curies":[{"name":"wp","href":"https:\/\/api.w.org\/{rel}","templated":true}]}}