{"id":93,"date":"2021-02-01T17:33:34","date_gmt":"2021-02-01T17:33:34","guid":{"rendered":"https:\/\/edublog.educastur.es\/creciendojuntosenelablanu\/?page_id=93"},"modified":"2021-02-28T21:33:50","modified_gmt":"2021-02-28T21:33:50","slug":"recursos-2","status":"publish","type":"page","link":"https:\/\/edublog.educastur.es\/creciendojuntosenelablanu\/recursos-2\/","title":{"rendered":"BIBLIOTECA"},"content":{"rendered":"<p style=\"text-align: center\"><img loading=\"lazy\" decoding=\"async\" class=\"alignleft\" src=\"https:\/\/edublog.educastur.es\/ixuxullingua\/files\/2020\/08\/libros-removebg-previewpng-300x300.png\" width=\"177\" height=\"177\" \/><\/p>\n<p>&nbsp;<\/p>\n<p><em style=\"background-color: #eeeeee;color: #666666;font-family: Raleway, 'Helvetica Neue', sans-serif\"><strong>\u201cLos libros son compa\u00f1eros, maestros, magos y banqueros de los tesoros de la mente\u201d\u00a0 \u00a0 \u00a0 \u00a0 \u00a0 \u00a0 \u00a0 \u00a0<\/strong>(B\u00e1rbara Werthe)<\/em><\/p>\n<ul>\n<li><a href=\"https:\/\/edublog.educastur.es\/creciendojuntosenelablanu\/recursos-2\/libros-alumnado\/\"><span style=\"font-size: 14pt\"><em>Libros para el <strong>ALUMNADO<\/strong><\/em><\/span><\/a><\/li>\n<li><a href=\"https:\/\/edublog.educastur.es\/creciendojuntosenelablanu\/recursos-2\/libros-familias\/\"><em><span style=\"font-size: 14pt\">Libros para las <strong>FAMILIAS<\/strong><\/span><\/em><\/a><\/li>\n<\/ul>\n<p>&nbsp;<\/p>\n<hr \/>\n<p style=\"text-align: left\">Con la llegada del 8 de Marzo (<span style=\"color: #800080\">D\u00eda Internacional de la Mujer<\/span>) os compartimos algunos materiales como este libro.<br \/>\n<strong><span style=\"color: #800080\">\u00ab<em>ELLAS<\/em>\u00ab<\/span><\/strong> (texto e ilustraciones de Raquel D\u00edaz Reguera) es un peque\u00f1o homenaje a todas esas ni\u00f1as que desde el principio de la historia hasta nuestros d\u00edas han alzado su voz <strong>en favor de la igualdad entre hombres y mujeres.<\/strong> Ni\u00f1as an\u00f3nimas, de distintas \u00e9pocas y culturas que se preguntan con asombro por qu\u00e9 hay tantas cosas que les est\u00e1n negadas por el simple hecho de haber nacido ni\u00f1as y no ni\u00f1os.<\/p>\n<p style=\"text-align: center\"><em>\u00ab-Siempre ha sido as\u00ed y as\u00ed ser\u00e1 para siempre.<\/em><br \/>\n<em>&#8211; \u00bfPara siempre? Eso ya lo veremos, no estoy sola, ELLAS <\/em><br \/>\n<em>me ayudar\u00e1n y juntas no pararemos hasta cambiarlo\u00bb<\/em><\/p>\n<p><img loading=\"lazy\" decoding=\"async\" class=\"alignnone size-medium wp-image-297\" src=\"http:\/\/edublog.educastur.es\/creciendojuntosenelablanu\/files\/2021\/02\/Biblioteca-8M.-300x282.png\" alt=\"\" width=\"300\" height=\"282\" srcset=\"https:\/\/edublog.educastur.es\/creciendojuntosenelablanu\/files\/2021\/02\/Biblioteca-8M.-300x282.png 300w, https:\/\/edublog.educastur.es\/creciendojuntosenelablanu\/files\/2021\/02\/Biblioteca-8M..png 460w\" sizes=\"auto, (max-width: 300px) 100vw, 300px\" \/> <img loading=\"lazy\" decoding=\"async\" class=\"alignnone size-medium wp-image-298\" src=\"http:\/\/edublog.educastur.es\/creciendojuntosenelablanu\/files\/2021\/02\/Biblioteca-8M-281x300.png\" alt=\"\" width=\"281\" height=\"300\" srcset=\"https:\/\/edublog.educastur.es\/creciendojuntosenelablanu\/files\/2021\/02\/Biblioteca-8M-281x300.png 281w, https:\/\/edublog.educastur.es\/creciendojuntosenelablanu\/files\/2021\/02\/Biblioteca-8M.png 462w\" sizes=\"auto, (max-width: 281px) 100vw, 281px\" \/><\/p>\n<p>&nbsp;<\/p>\n<hr \/>\n<p style=\"text-align: left\"><span style=\"font-size: 12pt;font-family: tahoma, arial, helvetica, sans-serif\">Durante estos d\u00edas, en las aulas de Ed. Infantil, hemos estado leyendo el cuento de<span style=\"color: #800080\"><em><strong> \u201cXuliana y Donato, pasan el rato\u201d<\/strong><\/em>\u00b7<\/span> Una narraci\u00f3n infantil que forma parte del proyecto <strong>\u201cMujeres Artistas\u201d<\/strong>, puesto en marcha por la <a href=\"https:\/\/medrarfeminista.com\/xuliana-y-donato-pasando-el-rato\"><span style=\"text-decoration: underline\">organizaci\u00f3n Coleutivu Milenta Muyeres<\/span><\/a>. <\/span><span style=\"font-size: 12pt;font-family: tahoma, arial, helvetica, sans-serif\"><strong>Se trata de un texto corto, dirigido a ni\u00f1os y ni\u00f1as de 3 a 6 a\u00f1os,<\/strong> a trav\u00e9s del cual se pretende la sensibilizaci\u00f3n en materia de igualdad. <em>Una rana y un sapo a quienes la ilustradora Bitxo est\u00e1 insuflando vida y color. Un relato que os enamorar\u00e1, un cuento que podr\u00e9is disfrutar para el solticio invernal.<\/em><\/span><\/p>\n<p style=\"text-align: center\"><a href=\"http:\/\/edublog.educastur.es\/creciendojuntosenelablanu\/files\/2021\/02\/thumbnail_IMG_20210204_145042.jpg\"><img loading=\"lazy\" decoding=\"async\" class=\"alignnone wp-image-120 size-medium\" src=\"http:\/\/edublog.educastur.es\/creciendojuntosenelablanu\/files\/2021\/02\/thumbnail_IMG_20210204_145042-300x277.jpg\" alt=\"\" width=\"300\" height=\"277\" srcset=\"https:\/\/edublog.educastur.es\/creciendojuntosenelablanu\/files\/2021\/02\/thumbnail_IMG_20210204_145042-300x277.jpg 300w, https:\/\/edublog.educastur.es\/creciendojuntosenelablanu\/files\/2021\/02\/thumbnail_IMG_20210204_145042-768x708.jpg 768w, https:\/\/edublog.educastur.es\/creciendojuntosenelablanu\/files\/2021\/02\/thumbnail_IMG_20210204_145042-676x623.jpg 676w, https:\/\/edublog.educastur.es\/creciendojuntosenelablanu\/files\/2021\/02\/thumbnail_IMG_20210204_145042.jpg 782w\" sizes=\"auto, (max-width: 300px) 100vw, 300px\" \/><\/a> <a href=\"http:\/\/edublog.educastur.es\/creciendojuntosenelablanu\/files\/2021\/02\/thumbnail_IMG_20210204_145542.jpg\"><img loading=\"lazy\" decoding=\"async\" class=\"alignnone wp-image-121 size-medium\" src=\"http:\/\/edublog.educastur.es\/creciendojuntosenelablanu\/files\/2021\/02\/thumbnail_IMG_20210204_145542-300x273.jpg\" alt=\"\" width=\"300\" height=\"273\" srcset=\"https:\/\/edublog.educastur.es\/creciendojuntosenelablanu\/files\/2021\/02\/thumbnail_IMG_20210204_145542-300x273.jpg 300w, https:\/\/edublog.educastur.es\/creciendojuntosenelablanu\/files\/2021\/02\/thumbnail_IMG_20210204_145542-768x699.jpg 768w, https:\/\/edublog.educastur.es\/creciendojuntosenelablanu\/files\/2021\/02\/thumbnail_IMG_20210204_145542-676x615.jpg 676w, https:\/\/edublog.educastur.es\/creciendojuntosenelablanu\/files\/2021\/02\/thumbnail_IMG_20210204_145542.jpg 855w\" sizes=\"auto, (max-width: 300px) 100vw, 300px\" \/><\/a><\/p>\n<ul>\n<li><span style=\"color: #800080\"><a style=\"color: #800080\" href=\"https:\/\/www.milenta.org\/\"><strong><em>Colectivu Milenta Muyeres<\/em><\/strong><\/a><\/span><\/li>\n<li><span style=\"color: #800080\"><a style=\"color: #800080\" href=\"https:\/\/es-es.facebook.com\/milentamuyeres\/\"><strong><em>P\u00e1xina de Facebook<\/em><\/strong><\/a><\/span><\/li>\n<\/ul>\n<hr \/>\n<p>&nbsp;<\/p>\n","protected":false},"excerpt":{"rendered":"<p>&nbsp; \u201cLos libros son compa\u00f1eros, maestros, magos y banqueros de los tesoros de la mente\u201d\u00a0 \u00a0 \u00a0 \u00a0 \u00a0 \u00a0 \u00a0 \u00a0(B\u00e1rbara Werthe) Libros para el ALUMNADO Libros para las FAMILIAS &nbsp; Con la llegada del 8 de Marzo (D\u00eda Internacional de la Mujer) os compartimos algunos materiales como este libro. \u00abELLAS\u00ab (texto e ilustraciones [&hellip;]<\/p>\n","protected":false},"author":279,"featured_media":0,"parent":0,"menu_order":0,"comment_status":"closed","ping_status":"closed","template":"","meta":{"footnotes":""},"class_list":["post-93","page","type-page","status-publish","hentry","post-preview"],"_links":{"self":[{"href":"https:\/\/edublog.educastur.es\/creciendojuntosenelablanu\/wp-json\/wp\/v2\/pages\/93","targetHints":{"allow":["GET"]}}],"collection":[{"href":"https:\/\/edublog.educastur.es\/creciendojuntosenelablanu\/wp-json\/wp\/v2\/pages"}],"about":[{"href":"https:\/\/edublog.educastur.es\/creciendojuntosenelablanu\/wp-json\/wp\/v2\/types\/page"}],"author":[{"embeddable":true,"href":"https:\/\/edublog.educastur.es\/creciendojuntosenelablanu\/wp-json\/wp\/v2\/users\/279"}],"replies":[{"embeddable":true,"href":"https:\/\/edublog.educastur.es\/creciendojuntosenelablanu\/wp-json\/wp\/v2\/comments?post=93"}],"version-history":[{"count":14,"href":"https:\/\/edublog.educastur.es\/creciendojuntosenelablanu\/wp-json\/wp\/v2\/pages\/93\/revisions"}],"predecessor-version":[{"id":299,"href":"https:\/\/edublog.educastur.es\/creciendojuntosenelablanu\/wp-json\/wp\/v2\/pages\/93\/revisions\/299"}],"wp:attachment":[{"href":"https:\/\/edublog.educastur.es\/creciendojuntosenelablanu\/wp-json\/wp\/v2\/media?parent=93"}],"curies":[{"name":"wp","href":"https:\/\/api.w.org\/{rel}","templated":true}]}}