{"id":283,"date":"2020-12-19T11:24:08","date_gmt":"2020-12-19T11:24:08","guid":{"rendered":"https:\/\/edublog.educastur.es\/cultura\/?page_id=283"},"modified":"2020-12-19T11:27:02","modified_gmt":"2020-12-19T11:27:02","slug":"escanda","status":"publish","type":"page","link":"https:\/\/edublog.educastur.es\/cultura\/gastronomia\/agricultura\/escanda\/","title":{"rendered":"Escanda"},"content":{"rendered":"<div class=\"\" dir=\"auto\">\n<div id=\"jsc_c_p\" class=\"ecm0bbzt hv4rvrfc ihqw7lf3 dati1w0a\" data-ad-comet-preview=\"message\" data-ad-preview=\"message\">\n<div class=\"j83agx80 cbu4d94t ew0dbk1b irj2b8pg\">\n<div class=\"qzhwtbm6 knvmm38d\">\n<div class=\"kvgmc6g5 cxmmr5t8 oygrvhab hcukyx3x c1et5uql ii04i59q\">\n<div dir=\"auto\">\n<div class=\"o9v6fnle cxmmr5t8 oygrvhab hcukyx3x c1et5uql ii04i59q\">\n<div dir=\"auto\"><a class=\"oajrlxb2 g5ia77u1 qu0x051f esr5mh6w e9989ue4 r7d6kgcz rq0escxv nhd2j8a9 nc684nl6 p7hjln8o kvgmc6g5 cxmmr5t8 oygrvhab hcukyx3x jb3vyjys rz4wbd8a qt6c0cv9 a8nywdso i1ao9s8h esuyzwwr f1sip0of lzcic4wl q66pz984 gpro0wi8 b1v8xokw\" role=\"link\" href=\"https:\/\/www.facebook.com\/hashtag\/alimentosdelpara%C3%ADso?__eep__=6&amp;__cft__[0]=AZUtut6hnWcAZaCi5Gz3oHqSf5simm_wPd_0uxLxq2tcpou0juqHWFY4ymogMF9BbJ5vIy0Z09TEQ2gAgK9wXw1v-4PHvzHYFw__XrlxoT-1LCWxuCeEglFEX8S6NVBr4EDZkImHecERoxWbWgx-4H_tac8CCP-I7aFb4jfXsFsnuA&amp;__tn__=*NK-R\">#AlimentosDelPara\u00edso<\/a><\/div>\n<div dir=\"auto\"><a class=\"oajrlxb2 g5ia77u1 qu0x051f esr5mh6w e9989ue4 r7d6kgcz rq0escxv nhd2j8a9 nc684nl6 p7hjln8o kvgmc6g5 cxmmr5t8 oygrvhab hcukyx3x jb3vyjys rz4wbd8a qt6c0cv9 a8nywdso i1ao9s8h esuyzwwr f1sip0of lzcic4wl q66pz984 gpro0wi8 b1v8xokw\" role=\"link\" href=\"https:\/\/www.facebook.com\/hashtag\/asturiaspara%C3%ADsonatural?__eep__=6&amp;__cft__[0]=AZUtut6hnWcAZaCi5Gz3oHqSf5simm_wPd_0uxLxq2tcpou0juqHWFY4ymogMF9BbJ5vIy0Z09TEQ2gAgK9wXw1v-4PHvzHYFw__XrlxoT-1LCWxuCeEglFEX8S6NVBr4EDZkImHecERoxWbWgx-4H_tac8CCP-I7aFb4jfXsFsnuA&amp;__tn__=*NK-R\">#AsturiasPara\u00edsoNatural<\/a><\/div>\n<\/div>\n<div class=\"o9v6fnle cxmmr5t8 oygrvhab hcukyx3x c1et5uql ii04i59q\">\n<div dir=\"auto\"><a class=\"oajrlxb2 g5ia77u1 qu0x051f esr5mh6w e9989ue4 r7d6kgcz rq0escxv nhd2j8a9 nc684nl6 p7hjln8o kvgmc6g5 cxmmr5t8 oygrvhab hcukyx3x jb3vyjys rz4wbd8a qt6c0cv9 a8nywdso i1ao9s8h esuyzwwr f1sip0of lzcic4wl py34i1dx gpro0wi8\" role=\"link\" href=\"https:\/\/l.facebook.com\/l.php?u=http%3A%2F%2Fwww.alimentosdelparaiso.es%2F%3Ffbclid%3DIwAR1mf4PLnAPonnMQ8U5qevFSMfo-spiRcr4lrAXHO1O6IPtjMfdnwak45ys&amp;h=AT37QjE1H3hW5keJ5fTalLN2p53df2sn1QyHblUB-q_K813HA8lmVBdetJCBXJkuh5AOZba0EA8Mm58O0q0IStZoawDTp-yRK8M5rI1bIs6FeWNQxY76HhAMkZ6PrkHCng&amp;__tn__=-UK-R&amp;c[0]=AT1pan8DHxaZmTXlgVhq2zao5HzljqVzxSm5-sThBdX4LHTcXhxiXG4qmc4NSeZf_9rArlZF17HB2we58bUNApHPiJUnhB1JVTs2eFfNZUkKn3fcLtTSSAy9UxfzCJhpiWxh2wUWpkghqqyU-lWd1112g3kOuso_gvsp0jFKSW4Xl4xZ27LgWV0z2A\" target=\"_blank\" rel=\"nofollow noopener\">http:\/\/www.alimentosdelparaiso.es\/<\/a><\/div>\n<\/div>\n<\/div>\n<\/div>\n<\/div>\n<\/div>\n<\/div>\n<div dir=\"auto\"><a href=\"http:\/\/www.alimentosdelparaiso.es\/\"><img loading=\"lazy\" decoding=\"async\" class=\"alignnone \" src=\"http:\/\/alimentosdelparaiso.es\/admin\/resources\/nuevo-logotipo\/logotipo-sin.jpg\" width=\"116\" height=\"133\" \/><\/a><\/div>\n<div id=\"jsc_c_p\" class=\"ecm0bbzt hv4rvrfc ihqw7lf3 dati1w0a\" data-ad-comet-preview=\"message\" data-ad-preview=\"message\">\n<div class=\"j83agx80 cbu4d94t ew0dbk1b irj2b8pg\">\n<div class=\"qzhwtbm6 knvmm38d\">\n<div class=\"kvgmc6g5 cxmmr5t8 oygrvhab hcukyx3x c1et5uql ii04i59q\">\n<div dir=\"auto\">\u00bfSab\u00edas que la <a class=\"oajrlxb2 g5ia77u1 qu0x051f esr5mh6w e9989ue4 r7d6kgcz rq0escxv nhd2j8a9 nc684nl6 p7hjln8o kvgmc6g5 cxmmr5t8 oygrvhab hcukyx3x jb3vyjys rz4wbd8a qt6c0cv9 a8nywdso i1ao9s8h esuyzwwr f1sip0of lzcic4wl q66pz984 gpro0wi8 b1v8xokw\" role=\"link\" href=\"https:\/\/www.facebook.com\/hashtag\/escanda?__eep__=6&amp;__cft__[0]=AZUtut6hnWcAZaCi5Gz3oHqSf5simm_wPd_0uxLxq2tcpou0juqHWFY4ymogMF9BbJ5vIy0Z09TEQ2gAgK9wXw1v-4PHvzHYFw__XrlxoT-1LCWxuCeEglFEX8S6NVBr4EDZkImHecERoxWbWgx-4H_tac8CCP-I7aFb4jfXsFsnuA&amp;__tn__=*NK-R\">#escanda<\/a> asturiana es un trigo salvaje que se cultiva desde el Neol\u00edtico? <span class=\"pq6dq46d tbxw36s4 knj5qynh kvgmc6g5 ditlmg2l oygrvhab nvdbi5me sf5mxxl7 gl3lb2sf hhz5lgdu\"><img loading=\"lazy\" decoding=\"async\" src=\"https:\/\/static.xx.fbcdn.net\/images\/emoji.php\/v9\/tf6\/1.5\/16\/1f33e.png\" alt=\"?\" width=\"16\" height=\"16\" \/><\/span>Conoce m\u00e1s sobre este cereal en este nuevo v\u00eddeo <span class=\"pq6dq46d tbxw36s4 knj5qynh kvgmc6g5 ditlmg2l oygrvhab nvdbi5me sf5mxxl7 gl3lb2sf hhz5lgdu\"><img loading=\"lazy\" decoding=\"async\" src=\"https:\/\/static.xx.fbcdn.net\/images\/emoji.php\/v9\/t63\/1.5\/16\/1f4fd.png\" alt=\"?\" width=\"16\" height=\"16\" \/><\/span><\/div>\n<\/div>\n<div dir=\"auto\">\n<!-- iframe plugin v.6.0 wordpress.org\/plugins\/iframe\/ -->\n<iframe loading=\"lazy\" src=\"https:\/\/www.facebook.com\/plugins\/video.php?height=476&#038;href=https%3A%2F%2Fwww.facebook.com%2Falimentosdelparaisonatural%2Fvideos%2F873026650100064%2F&#038;show_text=false&#038;width=476\" width=\"476\" height=\"476\" style=\"border:none;overflow:hidden\" scrolling=\"no\" frameborder=\"0\" allowfullscreen=\"true\" allow=\"autoplay; clipboard-write; encrypted-media; picture-in-picture; web-share\" 0=\"\/iframe\" class=\"iframe-class\"><\/iframe>\n<\/div>\n<div class=\"o9v6fnle cxmmr5t8 oygrvhab hcukyx3x c1et5uql ii04i59q\">\n<div dir=\"auto\">\n<div class=\"nc684nl6\"><\/div>\n<\/div>\n<div dir=\"auto\">\n<div class=\"nc684nl6\"><\/div>\n<\/div>\n<\/div>\n<div class=\"o9v6fnle cxmmr5t8 oygrvhab hcukyx3x c1et5uql ii04i59q\">\n<div dir=\"auto\"><\/div>\n<\/div>\n<\/div>\n<\/div>\n<\/div>\n<\/div>\n","protected":false},"excerpt":{"rendered":"<p>#AlimentosDelPara\u00edso #AsturiasPara\u00edsoNatural http:\/\/www.alimentosdelparaiso.es\/ \u00bfSab\u00edas que la #escanda asturiana es un trigo salvaje que se cultiva desde el Neol\u00edtico? Conoce m\u00e1s sobre este cereal en este nuevo v\u00eddeo<\/p>\n","protected":false},"author":117,"featured_media":0,"parent":251,"menu_order":0,"comment_status":"closed","ping_status":"closed","template":"","meta":{"footnotes":""},"class_list":["post-283","page","type-page","status-publish","hentry","post-preview"],"_links":{"self":[{"href":"https:\/\/edublog.educastur.es\/cultura\/wp-json\/wp\/v2\/pages\/283","targetHints":{"allow":["GET"]}}],"collection":[{"href":"https:\/\/edublog.educastur.es\/cultura\/wp-json\/wp\/v2\/pages"}],"about":[{"href":"https:\/\/edublog.educastur.es\/cultura\/wp-json\/wp\/v2\/types\/page"}],"author":[{"embeddable":true,"href":"https:\/\/edublog.educastur.es\/cultura\/wp-json\/wp\/v2\/users\/117"}],"replies":[{"embeddable":true,"href":"https:\/\/edublog.educastur.es\/cultura\/wp-json\/wp\/v2\/comments?post=283"}],"version-history":[{"count":4,"href":"https:\/\/edublog.educastur.es\/cultura\/wp-json\/wp\/v2\/pages\/283\/revisions"}],"predecessor-version":[{"id":288,"href":"https:\/\/edublog.educastur.es\/cultura\/wp-json\/wp\/v2\/pages\/283\/revisions\/288"}],"up":[{"embeddable":true,"href":"https:\/\/edublog.educastur.es\/cultura\/wp-json\/wp\/v2\/pages\/251"}],"wp:attachment":[{"href":"https:\/\/edublog.educastur.es\/cultura\/wp-json\/wp\/v2\/media?parent=283"}],"curies":[{"name":"wp","href":"https:\/\/api.w.org\/{rel}","templated":true}]}}