{"id":338,"date":"2021-01-24T21:28:09","date_gmt":"2021-01-24T21:28:09","guid":{"rendered":"https:\/\/edublog.educastur.es\/cultura\/?page_id=338"},"modified":"2021-01-24T21:29:31","modified_gmt":"2021-01-24T21:29:31","slug":"covaciella","status":"publish","type":"page","link":"https:\/\/edublog.educastur.es\/cultura\/arte\/cuevas\/covaciella\/","title":{"rendered":"Covaciella"},"content":{"rendered":"<div class=\"dati1w0a hv4rvrfc osnr6wyh\">\n<div class=\"btwxx1t3 j83agx80 cwj9ozl2\">\n<div class=\"j83agx80 cbu4d94t ew0dbk1b irj2b8pg\">\n<div class=\"qzhwtbm6 knvmm38d\">\n<div class=\"jq4qci2q ekzkrbhg a3bd9o3v\">\n<div dir=\"ltr\">\n<div class=\"nc684nl6\"><a class=\"oajrlxb2 g5ia77u1 qu0x051f esr5mh6w e9989ue4 r7d6kgcz rq0escxv nhd2j8a9 nc684nl6 p7hjln8o kvgmc6g5 cxmmr5t8 oygrvhab hcukyx3x jb3vyjys rz4wbd8a qt6c0cv9 a8nywdso i1ao9s8h esuyzwwr f1sip0of lzcic4wl oo9gr5id gpro0wi8 lrazzd5p\" role=\"link\" href=\"https:\/\/www.facebook.com\/groups\/101675292665\/user\/100058417526159\/?__cft__[0]=AZUecaXMmu1wF7Gq-JmxLPRNZdZbgEaskFedl4uX8Vkc9k5A07sj8vZ7OLJdqv6OXZNfGc9p6TUVFX0tLdk9LtLGR2fVB5RxWPnQsh5FihZmB_kvv2bO85-P5LKsPTymA_Lo2kLEMwyNI1QrZOxwc3Ji8DZIiVla4eOo-hsryu15PhECx25ZxKD6wrTbz4ebEbE&amp;__tn__=-UC%2CP-y-R\">Furgo Cabrales<\/a><\/div>\n<p><img loading=\"lazy\" decoding=\"async\" class=\"size-full aligncenter\" src=\"https:\/\/scontent.fmad7-1.fna.fbcdn.net\/v\/t1.0-9\/140730318_128858229071427_3612456645012297433_o.jpg?_nc_cat=108&amp;ccb=2&amp;_nc_sid=825194&amp;_nc_ohc=7RgY48QZ1hEAX8mGjD3&amp;_nc_ht=scontent.fmad7-1.fna&amp;oh=afb60f2354fe31bb61d888f03f296d10&amp;oe=603345D3\" width=\"1080\" height=\"759\" \/><\/p>\n<\/div>\n<\/div>\n<\/div>\n<div class=\"qzhwtbm6 knvmm38d\"><\/div>\n<\/div>\n<\/div>\n<\/div>\n<div class=\"\" dir=\"auto\">\n<div class=\"\" dir=\"auto\">\n<div class=\"ecm0bbzt hv4rvrfc ihqw7lf3 dati1w0a\" data-ad-comet-preview=\"message\" data-ad-preview=\"message\">\n<div class=\"j83agx80 cbu4d94t ew0dbk1b irj2b8pg\">\n<div class=\"qzhwtbm6 knvmm38d\">\n<div class=\"kvgmc6g5 cxmmr5t8 oygrvhab hcukyx3x c1et5uql ii04i59q\">\n<div dir=\"auto\">Visita virtual a la <strong>cueva Covaciella en el concejo de Cabrales, declarada Patrimonio de de la Humanidad por la Unesco.<\/strong><\/div>\n<\/div>\n<div class=\"o9v6fnle cxmmr5t8 oygrvhab hcukyx3x c1et5uql ii04i59q\">\n<div dir=\"auto\">Excelentes pinturas rupestres en un estado de conservaci\u00f3n excepcional, son su se\u00f1a de identidad. No obstante podemos hacernos una idea a trav\u00e9s de la visita de la forma de vida por aquella \u00e9poca, y del entorno en que el ser humano habitaba nuestras monta\u00f1as.<a class=\"oajrlxb2 g5ia77u1 qu0x051f esr5mh6w e9989ue4 r7d6kgcz rq0escxv nhd2j8a9 nc684nl6 p7hjln8o kvgmc6g5 cxmmr5t8 oygrvhab hcukyx3x jb3vyjys rz4wbd8a qt6c0cv9 a8nywdso i1ao9s8h esuyzwwr f1sip0of lzcic4wl py34i1dx gpro0wi8\" role=\"link\" href=\"https:\/\/l.facebook.com\/l.php?u=https%3A%2F%2Fcabrales.asistentevirtualdeturismo.es%2Fautores.htm%3Ffbclid%3DIwAR1QTH8C9bM96fYMimzYOO4uLLaIvfvM2AWoTV4EaLYFvw62CV5Oijdkt50&amp;h=AT3Zn8f715ejQF0ZCn5FZhfMaIQu-0icOMRVinU1pCAU3jlTJNmUqhxXEMOwBQpQ9GXxQ3Vg4lF2IMyHGPSWFFXj2pJIyG6KpfkgxYW0qB5sF45w2wQr4anEze0QSFeNtQ&amp;__tn__=-UK-y-R&amp;c[0]=AT01MHEp9qD9eQdt-8jW5b-i38t46xoQADXCJ33sf1mu2ZGjBhIYPsbmkQizgvYCpInq50wm1Spo9TH0kz5bc1RDjSQfCSAFKErBgWWdXb1YgWlgZt9npE8IiOKqTzCLXqnbLiWeOCUyzDyvnTpm7Vi2hZS_GUC2c7grgXGh7mfLe6UZjfmQtOG55uS0iJ3aHbJNgER0YFVFpOLZqA\" target=\"_blank\" rel=\"nofollow noopener\">https:\/\/cabrales.asistentevirtualdeturismo.es\/autores.htm<\/a><\/div>\n<\/div>\n<\/div>\n<\/div>\n<\/div>\n<\/div>\n<\/div>\n","protected":false},"excerpt":{"rendered":"<p>Furgo Cabrales Visita virtual a la cueva Covaciella en el concejo de Cabrales, declarada Patrimonio de de la Humanidad por la Unesco. Excelentes pinturas rupestres en un estado de conservaci\u00f3n excepcional, son su se\u00f1a de identidad. No obstante podemos hacernos una idea a trav\u00e9s de la visita de la forma de vida por aquella \u00e9poca, [&hellip;]<\/p>\n","protected":false},"author":117,"featured_media":0,"parent":336,"menu_order":0,"comment_status":"closed","ping_status":"closed","template":"","meta":{"footnotes":""},"class_list":["post-338","page","type-page","status-publish","hentry","post-preview"],"_links":{"self":[{"href":"https:\/\/edublog.educastur.es\/cultura\/wp-json\/wp\/v2\/pages\/338","targetHints":{"allow":["GET"]}}],"collection":[{"href":"https:\/\/edublog.educastur.es\/cultura\/wp-json\/wp\/v2\/pages"}],"about":[{"href":"https:\/\/edublog.educastur.es\/cultura\/wp-json\/wp\/v2\/types\/page"}],"author":[{"embeddable":true,"href":"https:\/\/edublog.educastur.es\/cultura\/wp-json\/wp\/v2\/users\/117"}],"replies":[{"embeddable":true,"href":"https:\/\/edublog.educastur.es\/cultura\/wp-json\/wp\/v2\/comments?post=338"}],"version-history":[{"count":3,"href":"https:\/\/edublog.educastur.es\/cultura\/wp-json\/wp\/v2\/pages\/338\/revisions"}],"predecessor-version":[{"id":341,"href":"https:\/\/edublog.educastur.es\/cultura\/wp-json\/wp\/v2\/pages\/338\/revisions\/341"}],"up":[{"embeddable":true,"href":"https:\/\/edublog.educastur.es\/cultura\/wp-json\/wp\/v2\/pages\/336"}],"wp:attachment":[{"href":"https:\/\/edublog.educastur.es\/cultura\/wp-json\/wp\/v2\/media?parent=338"}],"curies":[{"name":"wp","href":"https:\/\/api.w.org\/{rel}","templated":true}]}}