{"id":411,"date":"2021-03-21T00:50:16","date_gmt":"2021-03-21T00:50:16","guid":{"rendered":"https:\/\/edublog.educastur.es\/cultura\/?page_id=411"},"modified":"2021-04-18T17:16:28","modified_gmt":"2021-04-18T17:16:28","slug":"revistas","status":"publish","type":"page","link":"https:\/\/edublog.educastur.es\/cultura\/revistas\/","title":{"rendered":"REVISTAS"},"content":{"rendered":"<p style=\"text-align: center\"><a href=\"http:\/\/revista.mncn.csic.es\/\"><img loading=\"lazy\" decoding=\"async\" class=\"alignnone\" src=\"http:\/\/revista.mncn.csic.es\/files\/assets\/common\/page-html5-substrates\/page0001_3.jpg?uni=e57a1efd6b64e58864f08fab23eaa120\" alt=\"\" width=\"555\" height=\"392\" \/><\/a><\/p>\n<ul>\n<li><span style=\"font-size: 18pt\"><strong>NATURALMENTE n\u00ba 29 \/ Marzo 2021<\/strong><\/span><\/li>\n<li><span style=\"font-size: 14pt\"><a href=\"http:\/\/revista.mncn.csic.es\">http:\/\/revista.mncn.csic.es<\/a><\/span><\/li>\n<li><span style=\"font-size: 14pt\"><a href=\"https:\/\/www.mncn.csic.es\/es\/comunicacion\/buscar?body_value=&amp;field_fecha1=&amp;field_fecha1_1=&amp;field_investigador_value=&amp;field_autor_value=&amp;field_tags_target_id=nm29&amp;field_categoria_value=All&amp;title=&amp;field_tipo_de_documento_value[1]=1\">REVISTA<\/a><\/span><\/li>\n<li><a href=\"http:\/\/revista.mncn.csic.es\/files\/assets\/common\/downloads\/publication.pdf?uni=e57a1efd6b64e58864f08fab23eaa120\">Descargar pdf<\/a><\/li>\n<li>\n<div class=\"comunication__documentation\"><span class=\"file\"> <a title=\"50 a\u00f1os de la enciclopedia &quot;Fauna&quot;. Un hito de las ciencias naturales de Espa\u00f1a\" href=\"https:\/\/www.mncn.csic.es\/sites\/default\/files\/2021-03\/12_fauna_feix.pdf\" target=\"_blank\" rel=\"noopener\">50 a\u00f1os de la enciclopedia \u00abFauna\u00bb. Un hito de las ciencias naturales de Espa\u00f1a<\/a> <\/span><\/div>\n<\/li>\n<li><a href=\"http:\/\/revista.mncn.csic.es\/nm28\/\">Naturalmente 28<\/a><\/li>\n<li><a href=\"http:\/\/revista.mncn.csic.es\/nm27\/\">Naturalmente 27<\/a><\/li>\n<li><a href=\"http:\/\/revista.mncn.csic.es\/nm20\/10\/\">150 a\u00f1o estudiando el t\u00f3rax neardental:<\/a><\/li>\n<\/ul>\n<p style=\"text-align: center\"><img loading=\"lazy\" decoding=\"async\" class=\"alignnone \" src=\"http:\/\/revista.mncn.csic.es\/nm20\/\/files\/assets\/common\/page-html5-substrates\/page0010_3.jpg?uni=729492fb577f31c2c680f172cae36d66\" width=\"616\" height=\"435\" \/><\/p>\n<hr \/>\n<p>&nbsp;<\/p>\n","protected":false},"excerpt":{"rendered":"<p>NATURALMENTE n\u00ba 29 \/ Marzo 2021 http:\/\/revista.mncn.csic.es REVISTA Descargar pdf 50 a\u00f1os de la enciclopedia \u00abFauna\u00bb. Un hito de las ciencias naturales de Espa\u00f1a Naturalmente 28 Naturalmente 27 150 a\u00f1o estudiando el t\u00f3rax neardental: &nbsp;<\/p>\n","protected":false},"author":117,"featured_media":0,"parent":0,"menu_order":25,"comment_status":"closed","ping_status":"closed","template":"","meta":{"footnotes":""},"class_list":["post-411","page","type-page","status-publish","hentry","post-preview"],"_links":{"self":[{"href":"https:\/\/edublog.educastur.es\/cultura\/wp-json\/wp\/v2\/pages\/411","targetHints":{"allow":["GET"]}}],"collection":[{"href":"https:\/\/edublog.educastur.es\/cultura\/wp-json\/wp\/v2\/pages"}],"about":[{"href":"https:\/\/edublog.educastur.es\/cultura\/wp-json\/wp\/v2\/types\/page"}],"author":[{"embeddable":true,"href":"https:\/\/edublog.educastur.es\/cultura\/wp-json\/wp\/v2\/users\/117"}],"replies":[{"embeddable":true,"href":"https:\/\/edublog.educastur.es\/cultura\/wp-json\/wp\/v2\/comments?post=411"}],"version-history":[{"count":6,"href":"https:\/\/edublog.educastur.es\/cultura\/wp-json\/wp\/v2\/pages\/411\/revisions"}],"predecessor-version":[{"id":448,"href":"https:\/\/edublog.educastur.es\/cultura\/wp-json\/wp\/v2\/pages\/411\/revisions\/448"}],"wp:attachment":[{"href":"https:\/\/edublog.educastur.es\/cultura\/wp-json\/wp\/v2\/media?parent=411"}],"curies":[{"name":"wp","href":"https:\/\/api.w.org\/{rel}","templated":true}]}}