{"id":425,"date":"2021-03-29T22:36:43","date_gmt":"2021-03-29T22:36:43","guid":{"rendered":"https:\/\/edublog.educastur.es\/cultura\/?page_id=425"},"modified":"2021-03-29T22:47:21","modified_gmt":"2021-03-29T22:47:21","slug":"vino","status":"publish","type":"page","link":"https:\/\/edublog.educastur.es\/cultura\/gastronomia\/vino\/","title":{"rendered":"Vino"},"content":{"rendered":"<p style=\"text-align: center\"><img loading=\"lazy\" decoding=\"async\" class=\"alignnone \" src=\"https:\/\/novili.com.co\/blog\/wp-content\/uploads\/2019\/02\/vinosnobles-blog-regiones-espan%CC%83a-portada.jpg\" width=\"428\" height=\"288\" \/><\/p>\n<ul>\n<li><strong><em><span style=\"font-size: 18pt\"><a href=\"https:\/\/es.wikipedia.org\/wiki\/Vino_de_Espa%C3%B1a\">Vino de Espa\u00f1a<\/a><\/span><\/em><\/strong><\/li>\n<li><a href=\"https:\/\/novili.com.co\/blog\/espana-regiones-de-vino-parte-1\/\">Principales regiones I<\/a><\/li>\n<li><a href=\"https:\/\/www.thegrandwines.com\/2018\/01\/16\/el-origen-del-vino-en-espana\/\">Origen<\/a><\/li>\n<\/ul>\n<p style=\"text-align: center\"><a href=\"https:\/\/www.thegrandwines.com\/wp-content\/uploads\/2018\/01\/GW-El-Vino-en-Espa%C3%B1a.jpg\"><img loading=\"lazy\" decoding=\"async\" class=\"alignnone\" src=\"https:\/\/www.thegrandwines.com\/wp-content\/uploads\/2018\/01\/GW-El-Vino-en-Espa%C3%B1a.jpg\" alt=\"\" width=\"2000\" height=\"1500\" \/><\/a><\/p>\n<p style=\"text-align: center\"><a href=\"https:\/\/i.pinimg.com\/originals\/de\/c3\/e6\/dec3e646e588598e0a093f0909aa8270.jpg\"><img loading=\"lazy\" decoding=\"async\" class=\"alignnone\" src=\"https:\/\/i.pinimg.com\/originals\/de\/c3\/e6\/dec3e646e588598e0a093f0909aa8270.jpg\" alt=\"\" width=\"2835\" height=\"2192\" \/><\/a><\/p>\n<p style=\"text-align: center\"><img loading=\"lazy\" decoding=\"async\" class=\"alignnone size-full\" src=\"https:\/\/pbs.twimg.com\/media\/DFKRY8eXgAAkIJO.jpg\" width=\"940\" height=\"788\" \/><\/p>\n<p style=\"text-align: center\"><a href=\"https:\/\/www.google.com\/url?sa=i&amp;url=https%3A%2F%2Fmejoresvinosdelmundo.com%2Fvinos-de-pago-maxima-distincion-de-los-vinos-de-espana%2F&amp;psig=AOvVaw1Dxp31uqU7S54eaSd-yljt&amp;ust=1617143969410000&amp;source=images&amp;cd=vfe&amp;ved=0CAIQjRxqFwoTCMjyrvDI1u8CFQAAAAAdAAAAABAx\">https:\/\/www.google.com\/url?sa=i&amp;url=https%3A%2F%2Fmejoresvinosdelmundo.com%2Fvinos-de-pago-maxima-distincion-de-los-vinos-de-espana%2F&amp;psig=AOvVaw1Dxp31uqU7S54eaSd-yljt&amp;ust=1617143969410000&amp;source=images&amp;cd=vfe&amp;ved=0CAIQjRxqFwoTCMjyrvDI1u8CFQAAAAAdAAAAABAx<\/a><\/p>\n<p style=\"text-align: center\"><a href=\"http:\/\/www.bodegasanza.es\/wp-content\/uploads\/2017\/01\/denominaciones-origen-vinos-espana.jpg\"><img loading=\"lazy\" decoding=\"async\" class=\"alignnone\" src=\"http:\/\/www.bodegasanza.es\/wp-content\/uploads\/2017\/01\/denominaciones-origen-vinos-espana.jpg\" alt=\"\" width=\"3508\" height=\"4963\" \/><\/a><\/p>\n<hr \/>\n<div class=\"single-header is-center\">\n<div class=\"single-title post-title is-big-title entry-title\">\n<h1 style=\"text-align: center\"><a href=\"https:\/\/vinosdo.wine\/assets\/uploads\/antiguas\/noticia833_2605.jpg\"><img loading=\"lazy\" decoding=\"async\" class=\"alignnone\" src=\"https:\/\/vinosdo.wine\/assets\/uploads\/antiguas\/noticia833_2605.jpg\" alt=\"\" width=\"640\" height=\"480\" \/><\/a><\/h1>\n<p style=\"text-align: center\"><a href=\"https:\/\/www.catadelvino.com\/diccionario\/001_Prensa\/003_CSIC\/mapaDOespana.jpg\"><img loading=\"lazy\" decoding=\"async\" class=\"alignnone\" src=\"https:\/\/www.catadelvino.com\/diccionario\/001_Prensa\/003_CSIC\/mapaDOespana.jpg\" alt=\"\" width=\"1703\" height=\"1414\" \/><\/a><\/p>\n<h1 style=\"text-align: center\"><span style=\"color: #008080\"><em>Denominaciones de Origen del vino en Espa\u00f1a<\/em><\/span><\/h1>\n<p style=\"text-align: center\"><a href=\"https:\/\/bichosdecampo.com\/wp-content\/uploads\/2019\/07\/do-espa%C3%B1a.gif\"><img loading=\"lazy\" decoding=\"async\" class=\"alignnone\" src=\"https:\/\/bichosdecampo.com\/wp-content\/uploads\/2019\/07\/do-espa%C3%B1a.gif\" alt=\"\" width=\"979\" height=\"698\" \/><\/a><\/p>\n<\/div>\n<div class=\"post-thumb-outer single-thumb-outer\"><\/div>\n<\/div>\n<div class=\"entry single-entry iframe-loaded\">\n<p>Cada vez estamos m\u00e1s interesados en comprar productos de verdadera calidad y por eso damos la importancia que merece a los <strong>productos con Denominaci\u00f3n de Origen espa\u00f1oles<\/strong>.<\/p>\n<p>Las Denominaciones de Origen Protegidas (D.O), tambi\u00e9n llamadas Denominaciones de Origen Protegidas (D.O.P) constituyen el sistema utilizado en nuestro pa\u00eds para el reconocimiento de una <strong>calidad diferenciada<\/strong>, consecuencia de <strong>caracter\u00edsticas propias y diferenciales<\/strong> debidas al medio geogr\u00e1fico en el que se producen las materias primas, se elaboran los productos y a la influencia del factor humano que participa en las mismas.<\/p>\n<p><a class=\"single-popup\" href=\"http:\/\/vivancoculturadevino.es\/blog\/wp-content\/uploads\/2015\/04\/uvas-vinedo.jpg\" target=\"blank\" rel=\"noopener\"><img decoding=\"async\" class=\"aligncenter size-full wp-image-884\" src=\"https:\/\/vivancoculturadevino.es\/blog\/wp-content\/uploads\/2015\/04\/uvas-vinedo.jpg\" alt=\"uvas vinedo\" \/><\/a><\/p>\n<p>Nos apasiona el vino y a la hora de degustarlo es muy importante conocer su procedencia porque el sabor y la calidad pueden variar mucho seg\u00fan su origen.<\/p>\n<p><strong>Para que un vino obtenga la Denominaci\u00f3n de Origen debe cumplir los siguientes requisitos:<\/strong><\/p>\n<ul>\n<li><em>Los vinos deben ser elaborados en la regi\u00f3n o el lugar determinado de la Denominaci\u00f3n de Origen con uvas procedentes exclusivamente de esa zona geogr\u00e1fica.<\/em><\/li>\n<li><em>Deben tener unas caracter\u00edsticas especiales y una calidad que solo se puedan conseguir gracias al medio geogr\u00e1fico en el que se han elaborado.<\/em><\/li>\n<li><em>Deben gozar de elevado prestigio por su origen en el mercado.<\/em><\/li>\n<li><em>Para conseguir el reconocimiento de Denominaci\u00f3n de Origen, tienen que haber transcurrido al menos cinco a\u00f1os desde que se reconoci\u00f3 al vino como producto de dicha zona.<\/em><\/li>\n<\/ul>\n<p>En Espa\u00f1a tenemos un total de <strong>70\u00a0Denominaciones de Origen del vino.<\/strong> Si quieres saber cu\u00e1les son, a continuaci\u00f3n te dejamos una lista:<\/p>\n<div>[one_third]<br \/>\n\u2013 Abona<br \/>\n\u2013 Alella<br \/>\n\u2013 Alicante<br \/>\n\u2013 Almansa<br \/>\n\u2013 Arlanza<br \/>\n\u2013 Arribes<br \/>\n\u2013 Bierzo<br \/>\n\u2013 Binissalem-Mallorca<br \/>\n\u2013 Bullas<br \/>\n\u2013 Calatayud<br \/>\n\u2013 Campo de Borja<\/div>\n<div>&#8211; Cangas<br \/>\n\u2013 Cari\u00f1ena<br \/>\n\u2013 Catalu\u00f1a<br \/>\n\u2013 Cava<br \/>\n\u2013 Chacol\u00ed de \u00c1lava<br \/>\n\u2013 Chacol\u00ed de Getaria<br \/>\n\u2013 Chacol\u00ed de Vizcaya<br \/>\n\u2013 Cigales<br \/>\n\u2013 Conca de Barber\u00e1<br \/>\n\u2013 Condado de Huelva<br \/>\n\u2013 Costers del Segre<br \/>\n\u2013 El Hierro<br \/>\n\u2013 Empord\u00e1<br \/>\n[\/one_third][one_third]<br \/>\n\u2013 Gran Canaria<br \/>\n\u2013 Jerez-X\u00e9r\u00e9s-Sherry<br \/>\n\u2013 Jumilla<br \/>\n\u2013 La Gomera<br \/>\n\u2013 La Mancha<br \/>\n\u2013 La Palma<br \/>\n\u2013 Lanzarote<br \/>\n\u2013 M\u00e1laga<br \/>\n\u2013 Manchuela<br \/>\n\u2013 Manzanilla Sanl\u00facar de Barrameda<br \/>\n\u2013 M\u00e9ntrida<br \/>\n\u2013 Mond\u00e9jar<br \/>\n\u2013 Monterrei<br \/>\n\u2013 Montilla-Moriles<br \/>\n\u2013 Montsant<br \/>\n\u2013 Navarra<br \/>\n\u2013 Pened\u00e9s<br \/>\n\u2013 Pla de Bages<br \/>\n\u2013 Pla de Llevant<br \/>\n\u2013 Priorat<br \/>\n\u2013 R\u00edas Baixas<br \/>\n\u2013 Ribeira Sacra<br \/>\n\u2013 Ribeiro<br \/>\n[\/one_third][one_third_last]<br \/>\n\u2013 Ribera del Duero<br \/>\n\u2013 Ribera del Guadiana<br \/>\n\u2013 Ribera del J\u00facar<br \/>\n\u2013 Rioja<br \/>\n\u2013 Rueda<br \/>\n\u2013 Sierras de M\u00e1laga<br \/>\n\u2013 Somontano<br \/>\n\u2013 Tacoronte-Acentejo<br \/>\n\u2013 Tarragona<br \/>\n\u2013 Terra Alta<br \/>\n\u2013 Tierra de Le\u00f3n<br \/>\n\u2013 Tierra del Vino de Zamora<br \/>\n\u2013 Toro<br \/>\n\u2013 Ucl\u00e9s<br \/>\n\u2013 Utiel-Requena<br \/>\n\u2013 Valdeorras<br \/>\n\u2013 Valdepe\u00f1as<br \/>\n\u2013 Valencia<br \/>\n\u2013 Valle de G\u00fcimar<br \/>\n\u2013 Valle de la Orotava<br \/>\n\u2013 Vinos de Madrid<br \/>\n\u2013 Ycoden-Daute-Isora<br \/>\n\u2013 Yecla<br \/>\n[\/one_third_last]<\/div>\n<\/div>\n","protected":false},"excerpt":{"rendered":"<p>Vino de Espa\u00f1a Principales regiones I Origen https:\/\/www.google.com\/url?sa=i&amp;url=https%3A%2F%2Fmejoresvinosdelmundo.com%2Fvinos-de-pago-maxima-distincion-de-los-vinos-de-espana%2F&amp;psig=AOvVaw1Dxp31uqU7S54eaSd-yljt&amp;ust=1617143969410000&amp;source=images&amp;cd=vfe&amp;ved=0CAIQjRxqFwoTCMjyrvDI1u8CFQAAAAAdAAAAABAx Denominaciones de Origen del vino en Espa\u00f1a Cada vez estamos m\u00e1s interesados en comprar productos de verdadera calidad y por eso damos la importancia que merece a los productos con Denominaci\u00f3n de Origen espa\u00f1oles. Las Denominaciones de Origen Protegidas (D.O), tambi\u00e9n llamadas Denominaciones de Origen Protegidas (D.O.P) [&hellip;]<\/p>\n","protected":false},"author":117,"featured_media":0,"parent":184,"menu_order":0,"comment_status":"closed","ping_status":"closed","template":"","meta":{"footnotes":""},"class_list":["post-425","page","type-page","status-publish","hentry","post-preview"],"_links":{"self":[{"href":"https:\/\/edublog.educastur.es\/cultura\/wp-json\/wp\/v2\/pages\/425","targetHints":{"allow":["GET"]}}],"collection":[{"href":"https:\/\/edublog.educastur.es\/cultura\/wp-json\/wp\/v2\/pages"}],"about":[{"href":"https:\/\/edublog.educastur.es\/cultura\/wp-json\/wp\/v2\/types\/page"}],"author":[{"embeddable":true,"href":"https:\/\/edublog.educastur.es\/cultura\/wp-json\/wp\/v2\/users\/117"}],"replies":[{"embeddable":true,"href":"https:\/\/edublog.educastur.es\/cultura\/wp-json\/wp\/v2\/comments?post=425"}],"version-history":[{"count":8,"href":"https:\/\/edublog.educastur.es\/cultura\/wp-json\/wp\/v2\/pages\/425\/revisions"}],"predecessor-version":[{"id":433,"href":"https:\/\/edublog.educastur.es\/cultura\/wp-json\/wp\/v2\/pages\/425\/revisions\/433"}],"up":[{"embeddable":true,"href":"https:\/\/edublog.educastur.es\/cultura\/wp-json\/wp\/v2\/pages\/184"}],"wp:attachment":[{"href":"https:\/\/edublog.educastur.es\/cultura\/wp-json\/wp\/v2\/media?parent=425"}],"curies":[{"name":"wp","href":"https:\/\/api.w.org\/{rel}","templated":true}]}}