{"id":446,"date":"2021-04-18T17:11:50","date_gmt":"2021-04-18T17:11:50","guid":{"rendered":"https:\/\/edublog.educastur.es\/cultura\/?page_id=446"},"modified":"2021-04-18T17:14:25","modified_gmt":"2021-04-18T17:14:25","slug":"camino-de-santiago","status":"publish","type":"page","link":"https:\/\/edublog.educastur.es\/cultura\/historia\/camino-de-santiago\/","title":{"rendered":"Camino de Santiago"},"content":{"rendered":"<ul>\n<li><a id=\"aui_3_4_0_1_1742\" class=\"title\" href=\"https:\/\/www.turismoasturias.es\/blog\/-\/blogs\/10-curiosidades-sobre-el-camino-primitivo-en-asturias;jsessionid=7A049B3F5D12F45A935315056D68E9AC\"><strong><em><span style=\"font-size: 14pt\">10 curiosidades sobre el Camino Primitivo en Asturias<\/span><\/em><\/strong><\/a><\/li>\n<\/ul>\n<p><strong>El <a href=\"https:\/\/www.turismoasturias.es\/camino-de-santiago\">Camino de Santiago<\/a>\u00a0es, por su propia naturaleza e historia, mucho m\u00e1s que un itinerario cultural<\/strong>.<\/p>\n<p>Quienes lo han hecho se quedan fascinados para siempre, y con eterna voluntad de repetir, de hacerlo una y otra vez, porque cuentan que cada viaje es diferente y \u00fanico.<\/p>\n<p>Quienes no lo han hecho, anhelan hacerlo. Sue\u00f1an con la Ruta Jacobea, con sus secretos, con sus leyendas, con sus cientos y cientos de historias, con las muchas sorpresas que depara\u2026<\/p>\n<p>En realidad, todos albergamos enso\u00f1aciones jacobeas en nuestros corazones. Y es que el Camino de Santiago es un sendero de sensaciones, una emoci\u00f3n constante que te hace vibrar de forma sabia y equilibrada.<\/p>\n<p>Asturias ostenta el privilegio de ser cuna y origen de este gran itinerario cultural y espiritual. Por esta raz\u00f3n, hay algunas cosas que debes conocer sobre aquel primer Camino que aflor\u00f3 para la Humanidad en plena Edad Media.<\/p>\n<p>De modo que no es casualidad que el <a title=\"Camino Primitivo\" href=\"https:\/\/www.turismoasturias.es\/camino-de-santiago\/camino-primitivo\" target=\"_blank\" rel=\"noopener\"><strong>Camino Primitivo<\/strong><\/a> haya sido declarado <strong>Patrimonio de la Humanidad por la Unesco en 2015<\/strong>.<\/p>\n<p>Por todo ello, <strong>\u00a1Aqu\u00ed tienes 10 cosas que tienes que saber sobre el Camino Primitivo!<\/strong><\/p>\n<h2 class=\"pagetitle\"><strong>El Camino Primitivo, la Ruta Jacobea m\u00e1s antigua<\/strong><\/h2>\n<p>&nbsp;<\/p>\n<p>El llamado <strong>Camino Primitivo<\/strong>, por ser <strong>el primero que existi\u00f3<\/strong>, <strong>parte de la capital asturiana, <a title=\"Oviedo\/Uvi\u00e9u\" href=\"https:\/\/www.turismoasturias.es\/descubre\/ciudades\/oviedo\" target=\"_blank\" rel=\"noopener\">Oviedo\/Uvi\u00e9u<\/a>, y recorre unos 170 kil\u00f3metros por el interior de Asturias, hasta Grandas de Salime<\/strong>, \u00faltimo territorio astur de este Camino.<\/p>\n<p><img decoding=\"async\" title=\"Mapa del Camino Primitivo\" src=\"https:\/\/www.turismoasturias.es\/documents\/11022\/5894850\/mapa-camino-primitivo.jpg\/7e8c15f9-643a-4f72-8415-a8e42a9464f4?t=1618468471677\" alt=\"Mapa del Camino Primitivo\" \/><\/p>\n<p><strong>Son 7 etapas<\/strong> de lo m\u00e1s ameno. Etapas impregnadas de Historia, de leyendas, de un pasado de pasi\u00f3n y conocimiento, de arte\u2026 Un pasado donde sale a tu encuentro el antiguo Reino de Asturias, y todas y cada una de sus enjundiosas historias.<\/p>\n<p>En el Camino Primitivo respirar\u00e1s una saludable antig\u00fcedad. Caminar\u00e1s en realidad por el origen de todo, y esta circunstancia lo hace especial y diferente.<\/p>\n<h2 class=\"pagetitle\"><strong>Alfonso II, el creador prodigioso<\/strong><\/h2>\n<p>&nbsp;<\/p>\n<p><strong>Corr\u00eda el convulso siglo IX en Europa<\/strong>. El continente estaba envuelto en un desencuentro de civilizaciones, y el cristianismo abordaba el reto de su afirmaci\u00f3n en los distintos reinos.<\/p>\n<p>En el epicentro de esta coyuntura hist\u00f3rica, <strong>un peque\u00f1o reino<\/strong>, ba\u00f1ado al norte por el mar Cant\u00e1brico, y al frente de este reino, Alfonso II, apodado el Casto, y del que cuentan que hizo de su vocaci\u00f3n regia un verdadero sacerdocio.<\/p>\n<p><strong>Alfonso II ser\u00e1 el art\u00edfice filos\u00f3fico, espiritual y geopol\u00edtico del Camino de Santiago.<\/strong><\/p>\n<p>Su figura comenzar\u00e1 a resultarte familiar cuando hagas el Camino Primitivo. Ser\u00e1 una especie de peregrino omnipresente, dado que en realidad fue el primer peregrino de la Historia.<\/p>\n<p><img decoding=\"async\" title=\"Estatua de Alfonso II en Oviedo\/Uvi\u00e9u \u00a9Ana Fern\u00e1ndez-Villasuso\" src=\"https:\/\/www.turismoasturias.es\/documents\/11022\/5894850\/alfonso-AV.jpg\/db9abcfe-612d-4087-999b-238692aff8a1?t=1618486192532\" alt=\"Estatua de Alfonso II en Oviedo\/Uvi\u00e9u \u00a9Ana Fern\u00e1ndez-Villasuso\" \/><\/p>\n<p>As\u00ed que <strong>te lo encontrar\u00e1s en la plaza de la Catedral de Oviedo<\/strong>, que lleva su nombre, y tambi\u00e9n en Santiago de Compostela.<\/p>\n<h2 class=\"pagetitle\"><strong>El origen del Camino<\/strong><\/h2>\n<p>&nbsp;<\/p>\n<p>\u00bfPero qu\u00e9 fue lo que motiv\u00f3 el nacimiento del Camino de Santiago? Pues <strong>la ruta jacobea fue una estrategia inteligente y pac\u00edfica para aglutinar a toda la cristiandad de Europa occidental<\/strong>, en torno a una utop\u00eda espiritual \u00fanica en la Historia de la Humanidad.<\/p>\n<p><img decoding=\"async\" title=\"Plaza de la catedral de Oviedo\/Uvi\u00e9u \u00a9Jes\u00fas Alfaro\" src=\"https:\/\/www.turismoasturias.es\/documents\/11022\/5894850\/plaza-alfonso-JA.jpg\/bc31268c-da64-438c-b996-302e2d337640?t=1618468629486\" alt=\"Plaza de la catedral de Oviedo\/Uvi\u00e9u \u00a9Jes\u00fas Alfaro\" \/><\/p>\n<p>Se trataba de alcanzar la tumba del ap\u00f3stol Santiago en el \u201ccampus stellae\u201d, justo al lado del fin del mundo conocido hasta entonces &#8211; el finis terrae -, en aquella prol\u00edfica Edad Media.<\/p>\n<p><img decoding=\"async\" title=\"IInterior de la catedral de Oviedo\/Uvi\u00e9u \u00a9No\u00e9 Baranda\" src=\"https:\/\/www.turismoasturias.es\/documents\/11022\/5894850\/interior-catedral-No%C3%A9-Baranda.jpg\/577c1a86-e2e6-48f9-b4bb-6a0236de71f0?t=1618468423423\" alt=\"Interior de la catedral de Oviedo\/Uvi\u00e9u \u00a9No\u00e9 Baranda\" \/><\/p>\n<p>Y es entonces cuando <strong>Alfonso II idea esta peregrinaci\u00f3n \u00fanica, que con el devenir del tiempo se ha convertido en un acontecimiento universal.<\/strong><\/p>\n<h2 class=\"pagetitle\"><strong>Una frase que te marcar\u00e1 un destino<\/strong><\/h2>\n<p>&nbsp;<\/p>\n<p>Tal vez escuchaste alguna vez una frase m\u00edtica, que forma parte del universo colectivo de emociones y experiencias relacionadas con la Ruta Jacobea\u2026<\/p>\n<p><img decoding=\"async\" title=\"Imagen del Salvador en la catedral de Oviedo\/Uvi\u00e9u \u00a9Jes\u00fas Alfaro\" src=\"https:\/\/www.turismoasturias.es\/documents\/11022\/5894850\/salvador-1-JA.jpg\/56bcc402-0e90-44f8-8c7c-05cef5468199?t=1618468757114\" alt=\"Imagen del Salvador en la catedral de Oviedo\/Uvi\u00e9u \u00a9Jes\u00fas Alfaro\" \/><\/p>\n<p>La frase es esta: <strong>\u201cQuien va a Santiago y no al Salvador, visita al criado y no al Se\u00f1or\u201d<\/strong>. \u00a1Y es tan expresiva e incluso descriptiva de lo que fue ocurriendo con el transcurso del tiempo!<\/p>\n<p><img decoding=\"async\" title=\"P\u00f3rtico de la catedral de Oviedo\/Uvi\u00e9u \u00a9No\u00e9 Baranda\" src=\"https:\/\/www.turismoasturias.es\/documents\/11022\/5894850\/puerta-catedral-No%C3%A9-Baranda.jpg\/eb158c40-ac4e-4c50-903a-bfa477b350c8?t=1618468672221\" alt=\"P\u00f3rtico de la catedral de Oviedo\/Uvi\u00e9u \u00a9No\u00e9 Baranda\" \/><\/p>\n<p>Porque <strong>la <a title=\"Catedral de Oviedo\/Uvi\u00e9u\" href=\"https:\/\/www.turismoasturias.es\/descubre\/cultura\/patrimonio-religioso\/catedral-de-san-salvador\" target=\"_blank\" rel=\"noopener\">Catedral de Oviedo\/Uvi\u00e9u<\/a> se convirti\u00f3 no solo en el origen o principio del Camino, sino tambi\u00e9n en el final de la peregrinaci\u00f3n jacobea<\/strong>, y ello gracias a la importancia de las <strong>reliquias conservadas en su C\u00e1mara Santa<\/strong>, principalmente el <strong>Santo Sudario<\/strong>, y las <strong>cruces de los Angeles y la Victoria.<\/strong><\/p>\n<p>Por eso, esta frase tiene un alto valor y te marca un destino, y ese destino es pasar por San Salvador de Oviedo s\u00ed o s\u00ed en tu peregrinaci\u00f3n jacobea.<\/p>\n<h2 class=\"pagetitle\"><strong>Una sucesi\u00f3n de paisajes irrepetibles<\/strong><\/h2>\n<p>&nbsp;<\/p>\n<p><strong>El Camino Primitivo es una sucesi\u00f3n de paisajes irrepetibles<\/strong>. Entre todos los Caminos jacobeos, destaca por la diversidad de sus parajes y rincones.<\/p>\n<p>Camino verde, a menudo frondoso, a veces abierto al cielo. Bosques, r\u00edos y arroyos. Monta\u00f1as y valles. Escarpadas laderas, y de vez en cuando bienvenidas llanuras.<\/p>\n<p><img decoding=\"async\" title=\"Puerto de La Marta (Allande) \u00a9Manuel S. Calvo\" src=\"https:\/\/www.turismoasturias.es\/documents\/11022\/5894850\/puerto-marta-allande-Manuel+S.+Calvo.jpg\/c66578e8-2fb9-4f5a-883f-2edd183eb576?t=1618468706649\" alt=\"Puerto de La Marta (Allande) \u00a9Manuel S. Calvo\" \/><\/p>\n<p>Camino con desniveles que requieren tu esfuerzo. Con <strong>puertos de monta\u00f1a<\/strong>. Camino con tintes legendarios. Con <strong>iglesias y colegiadas, o rec\u00f3nditas ermitas<\/strong>. Con <strong>aldeas<\/strong> de cuento e hist\u00f3ricas <strong>villas<\/strong>. Con <strong>vestigios de hospitales<\/strong> y con fascinantes <strong>monasterios<\/strong>.<\/p>\n<p>Un Camino de an\u00e9cdotas inolvidables, de imborrables recuerdos y de emociones a flor de piel\u2026 \u00a1Es el inefable Camino Primitivo!<\/p>\n<h2 class=\"pagetitle\"><strong>Villas hist\u00f3ricas que enamoran al peregrino<\/strong><\/h2>\n<p>&nbsp;<\/p>\n<p>El <strong>Camino Primitivo<\/strong> fue haciendo crecer las <strong>villas y pueblos<\/strong> que atravesaba y atraviesa. D\u00e1ndoles vida, al mismo tiempo que ellas les daban vida a los peregrinos y su esforzado deambular.<\/p>\n<p><img decoding=\"async\" title=\"Salas \u00a9Paco Curr\u00e1s\" src=\"https:\/\/www.turismoasturias.es\/documents\/11022\/5894850\/salas-Paco-Curr%C3%A1s-S.L..jpg\/41f37c03-34f3-455b-b5c0-a1af9a5abd30?t=1618468732544\" alt=\"Salas \u00a9Paco Curr\u00e1s\" \/><\/p>\n<p>No hay Camino si no hay villas. Esas que te esperan con los brazos abiertos con su calles y plazas, con sus palacios, con sus capillas, iglesias o colegiatas. Con sus albergues y su cosmopolita ambiente jacobeo. Con sus mercados.<\/p>\n<p><img decoding=\"async\" title=\"Pola de Allande \u00a9No\u00e9 Baranda\" src=\"https:\/\/www.turismoasturias.es\/documents\/11022\/5894850\/pola-de-allande-No%C3%A9-Baranda.jpg\/323e9085-77b9-46fb-9c26-de0c65f9af22?t=1618468650088\" alt=\"Pola de Allande \u00a9No\u00e9 Baranda\" \/><\/p>\n<p><strong>Grau\/Grado, Salas, Tin\u00e9u o Pola de Allande<\/strong>, cada una de ellas con su estilo, con su impronta y con su Historia, aportan al Camino lustre, arquitectura, ambiente, y una atm\u00f3sfera de tr\u00e1nsito hacia el Campus Stellae que te dejar\u00e1 fascinado.<\/p>\n<p>\u00a1Cada villa ser\u00e1 un nuevo e inolvidable amor!<\/p>\n<h2 class=\"pagetitle\"><strong>Monasterios llenos de misterio<\/strong><\/h2>\n<p>&nbsp;<\/p>\n<p>El <strong>Camino Primitivo<\/strong> te llevar\u00e1 al pie de <strong>monasterios milenarios<\/strong>, cuyo porte y arquitectura invitan a la meditaci\u00f3n y la serenidad.<\/p>\n<p>Son monasterios cuya historia est\u00e1 envuelta tambi\u00e9n en leyendas que te invitan a so\u00f1ar y viajar al pasado, movi\u00e9ndote en la flecha del tiempo diez o doce siglos hacia atr\u00e1s.<\/p>\n<p><img decoding=\"async\" title=\"Monasterio de San Salvador de Cornellana (Salas) \u00a9Juan de Tury\" src=\"https:\/\/www.turismoasturias.es\/documents\/11022\/5894850\/salvador-cornellana-Juan-de-Tury.jpg\/3a128b33-70ec-4767-bf12-3318cae05d60?t=1618468786763\" alt=\"Monasterio de San Salvador de Cornellana (Salas) \u00a9Juan de Tury\" \/><\/p>\n<p>Tanto <strong>San Salvador de Cornellana, en Salas<\/strong>, como <strong>Santa Mar\u00eda la Real de Oubona, en Tineo<\/strong>, tienen una historia ligada a la monarqu\u00eda asturiana, y ambos fueron importantes centros de conocimiento y espiritualidad en la Edad Media.<\/p>\n<p><img decoding=\"async\" title=\"Monasterio de Oubona (Tineo) \u00a9Juan de Tury\" src=\"https:\/\/www.turismoasturias.es\/documents\/11022\/5894850\/obona-interior-Juan-de-Tury.jpg\/9d0bd7e6-5dec-42c5-8165-b86b21af8d18?t=1618468521492\" alt=\"Monasterio de Oubona (Tineo) \u00a9Juan de Tury\" \/><\/p>\n<p>Ambos est\u00e1n rodeados de un halo de magia y leyenda que los hace \u00fanicos y que te impregna la mirada de misterio\u2026<\/p>\n<h2 class=\"pagetitle\"><strong>El Camino del Arte<\/strong><\/h2>\n<p><strong><img decoding=\"async\" title=\"San Pedro de Nora (Las Regueras) \u00a9Jes\u00fas Alfaro\" src=\"https:\/\/www.turismoasturias.es\/documents\/11022\/5894850\/nora-JA.jpg\/a2df459c-6c4e-42bf-bc6f-d0dffbe3f8e1?t=1618468497376\" alt=\"San Pedro de Nora (Las Regueras) \u00a9Jes\u00fas Alfaro\" \/><\/strong><\/p>\n<p>Una de las singularidades del Camino Primitivo es que, de alguna forma, es tambi\u00e9n una ruta del arte. El arte est\u00e1 omnipresente en la m\u00e1s antigua ruta jacobea, y precisamente ser\u00e1 el arte del reino de Asturias, es decir, el<a title=\"Arte Prerrom\u00e1nico\" href=\"https:\/\/www.turismoasturias.es\/cultura\/prerromanico\" target=\"_blank\" rel=\"noopener\"><strong> prerrom\u00e1nico<\/strong><\/a>, la m\u00e1s notable y llamativa manifestaci\u00f3n en el entorno de este Camino.<\/p>\n<p><img decoding=\"async\" title=\"Iglesia de San Juli\u00e1n de los Prados (Oviedo\/Uvi\u00e9u) \u00a9Gonzalo Azumendi\" src=\"https:\/\/www.turismoasturias.es\/documents\/11022\/5894850\/santullano-Gonzalo-Azumendi.jpg\/ceae5fcb-7769-49d1-8c27-47b58e67fa75?t=1618468818770\" alt=\"Iglesia de San Juli\u00e1n de los Prados (Oviedo\/Uvi\u00e9u) \u00a9Gonzalo Azumendi\" \/><\/p>\n<p>Como brillante ejemplo sirva <strong>Oviedo\/Uvi\u00e9u<\/strong>, una ciudad de gran impronta medieval, con importantes manifestaciones del Prerrom\u00e1nico, como la<strong> iglesia de San Juli\u00e1n de los Prados &#8211; tambi\u00e9n conocida como Santullano &#8211;<\/strong>, la <strong>fuente de La Foncalada<\/strong>, la <strong>C\u00e1mara Santa de la Catedral<\/strong>, o ya en la falda del Monte Naranco, <strong>Santa Mar\u00eda del Naranco<\/strong> y <strong>San Miguel de Lillo<\/strong>. Siendo adem\u00e1s todos estos monumentos Patrimonio de la Humanidad por la Unesco.<\/p>\n<h2 class=\"pagetitle\"><strong>La gastronom\u00eda jacobea, sabrosa y saludable<\/strong><\/h2>\n<p>&nbsp;<\/p>\n<p>El <strong>Camino Primitivo es una fuente inagotable de riqueza gastron\u00f3mica<\/strong>. Transcurre por una de las arterias culinarias del Para\u00edso Natural, y en cada una de sus etapas, podr\u00e1s degustar m\u00e1s de una exquisitez tradicional, adem\u00e1s de hacer tus pinitos con los platos m\u00e1s innovadores.<\/p>\n<p>En Oviedo\/Uvi\u00e9u, una de las grandes capitales gastron\u00f3micas de Espa\u00f1a, tendr\u00e1s una amplia gama de restaurantes y sidrer\u00edas donde dar cuenta de los platos y productos asturianos m\u00e1s cl\u00e1sicos como<strong> la fabada o el pote<\/strong>, los <strong>quesos<\/strong>, los <strong>dulces<\/strong>, los <strong>pescados y mariscos<\/strong>, o las <strong>carnes<\/strong>, hasta los m\u00e1s creativos. Y por supuesto las bebidas siempre asturianas: la<strong> Sidra de Asturias<\/strong>, el <strong>Vino de Cangas<\/strong> o nuestra <strong>cerveza artesana<\/strong>.<\/p>\n<p><img decoding=\"async\" title=\"Chosco de Tineo \u00a9Joaqu\u00edn Fanjul\" src=\"https:\/\/www.turismoasturias.es\/documents\/11022\/5894850\/chosco-joaquinfanjul.com.jpg\/39946108-c1d2-47d6-88fe-1f26a872d497?t=1618468239909\" alt=\"Chosco de Tineo \u00a9Joaqu\u00edn Fanjul\" \/><\/p>\n<p>Y a lo largo de las etapas del Camino, encontrar\u00e1s joyas como el<strong> tocinillo de Grado<\/strong>; los <strong>carajitos del profesor en Salas<\/strong>; el <strong>Chosco en Tineo<\/strong>, y tambi\u00e9n los quesos; el <strong>repollo relleno<\/strong> de un afamado restaurante en Pola de Allande, o los<strong> embutidos<\/strong>, <strong>carnes<\/strong>, <strong>caldos<\/strong> o <strong>potes<\/strong> de Grandas de Salime.<\/p>\n<p><img decoding=\"async\" title=\"Caldo \u00a9Les Fartures\" src=\"https:\/\/www.turismoasturias.es\/documents\/11022\/5894850\/caldo-%28no-pote%29-Les-Fartures.jpg\/c3b4116a-743f-45bf-85bb-adb63f479705?t=1618468147967\" alt=\"Caldo \u00a9Les Fartures\" \/><\/p>\n<p>\u00a1En Asturias la ruta jacobea es todo un sendero gastron\u00f3mico!<\/p>\n<h2 class=\"pagetitle\"><strong>Los rincones y las gentes de Asturias, un atractivo \u00fanico<\/strong><\/h2>\n<p>&nbsp;<\/p>\n<p>Sin lugar a dudas, <strong>uno de los atractivos incuestionables del Camino Primitivo son las gentes de Asturias<\/strong>, as\u00ed como los rincones tan agradables que te encuentras para el surgimiento o exaltaci\u00f3n de la amistad.<\/p>\n<p>Las gentes de Asturias son afables, amigables y hospitalarias por naturaleza. Es muy f\u00e1cil llegar a una aldea, y entablar conversaci\u00f3n, o saciar la sed del Camino con un cul\u00edn de sidra, en una antojana o a la sombra de un h\u00f3rreo.<\/p>\n<p><img decoding=\"async\" title=\"Camino Primitivo en Las Regueras \u00a9Juanjo Arrojo\" src=\"https:\/\/www.turismoasturias.es\/documents\/11022\/5894850\/las-regueras-Juanjo-Arrojo.jpg\/3dc94d93-4b12-4399-baa1-3af09fed4840?t=1618468446348\" alt=\"Camino Primitivo en Las Regueras \u00a9Juanjo Arrojo\" \/><\/p>\n<p>O estar en la terraza de una villa o de una ciudad, y hacer amistades que perduran en el tiempo.<\/p>\n<p>El Camino Primitivo, por su antig\u00fcedad, por su singularidad y por su ausencia de masificaci\u00f3n, es ideal para conocer con total sosiego, no solo el paisaje, sino tambi\u00e9n el paisanaje astur, en medio de id\u00edlicos rincones, con el fondo de valles y monta\u00f1as, rodeados de sonoros y coloristas bosques, y siempre con la presencia de los h\u00f3rreos, de una peque\u00f1a ermita, de una casa blasonada, de una arquitectura indiana, y de mil escenarios m\u00e1s que puedas imaginar\u2026<\/p>\n","protected":false},"excerpt":{"rendered":"<p>10 curiosidades sobre el Camino Primitivo en Asturias El Camino de Santiago\u00a0es, por su propia naturaleza e historia, mucho m\u00e1s que un itinerario cultural. Quienes lo han hecho se quedan fascinados para siempre, y con eterna voluntad de repetir, de hacerlo una y otra vez, porque cuentan que cada viaje es diferente y \u00fanico. Quienes [&hellip;]<\/p>\n","protected":false},"author":117,"featured_media":0,"parent":188,"menu_order":0,"comment_status":"closed","ping_status":"closed","template":"","meta":{"footnotes":""},"class_list":["post-446","page","type-page","status-publish","hentry","post-preview"],"_links":{"self":[{"href":"https:\/\/edublog.educastur.es\/cultura\/wp-json\/wp\/v2\/pages\/446","targetHints":{"allow":["GET"]}}],"collection":[{"href":"https:\/\/edublog.educastur.es\/cultura\/wp-json\/wp\/v2\/pages"}],"about":[{"href":"https:\/\/edublog.educastur.es\/cultura\/wp-json\/wp\/v2\/types\/page"}],"author":[{"embeddable":true,"href":"https:\/\/edublog.educastur.es\/cultura\/wp-json\/wp\/v2\/users\/117"}],"replies":[{"embeddable":true,"href":"https:\/\/edublog.educastur.es\/cultura\/wp-json\/wp\/v2\/comments?post=446"}],"version-history":[{"count":1,"href":"https:\/\/edublog.educastur.es\/cultura\/wp-json\/wp\/v2\/pages\/446\/revisions"}],"predecessor-version":[{"id":447,"href":"https:\/\/edublog.educastur.es\/cultura\/wp-json\/wp\/v2\/pages\/446\/revisions\/447"}],"up":[{"embeddable":true,"href":"https:\/\/edublog.educastur.es\/cultura\/wp-json\/wp\/v2\/pages\/188"}],"wp:attachment":[{"href":"https:\/\/edublog.educastur.es\/cultura\/wp-json\/wp\/v2\/media?parent=446"}],"curies":[{"name":"wp","href":"https:\/\/api.w.org\/{rel}","templated":true}]}}