{"id":451,"date":"2021-04-18T17:19:29","date_gmt":"2021-04-18T17:19:29","guid":{"rendered":"https:\/\/edublog.educastur.es\/cultura\/?page_id=451"},"modified":"2021-04-18T17:20:58","modified_gmt":"2021-04-18T17:20:58","slug":"camino-primitivo-santiago","status":"publish","type":"page","link":"https:\/\/edublog.educastur.es\/cultura\/rutas\/camino-primitivo-santiago\/","title":{"rendered":"Camino Primitivo Santiago"},"content":{"rendered":"<h1 class=\"page-header\" style=\"text-align: center\"><em>Camino Primitivo\u00a0<\/em><\/h1>\n<p><strong><img loading=\"lazy\" decoding=\"async\" class=\"img-responsive lazyloaded aligncenter\" title=\"Ruta de los Hospitales\" src=\"https:\/\/www.gronze.com\/sites\/default\/files\/styles\/wide_940\/public\/media\/2020\/10\/hospitales3.jpg?itok=WEMZZXEY&amp;timestamp=1615035134\" alt=\"Ruta de los Hospitales\" width=\"242\" height=\"81\" \/><\/strong><\/p>\n<ul>\n<li class=\"page-header\"><span style=\"font-size: 14pt\">Fuente:<\/span> <span style=\"font-size: 14pt\"><a href=\"https:\/\/www.gronze.com\/camino-primitivo\/informacion\">https:\/\/www.gronze.com\/camino-primitivo\/informacion<\/a><\/span><\/li>\n<\/ul>\n<div class=\"region region-content\">\n<section id=\"block-system-main\" class=\"block block-system clearfix\">\n<div class=\"bootstrap-threerows\">\n<div class=\"row\">\n<div class=\"panel-pane pane-entity-field pane-node-body col-xs-12\">\n<div class=\"pane-content\">\n<div class=\"field field-name-body\">\n<p>Se conoce con el nombre de\u00a0<strong>Camino Primitivo<\/strong>\u00a0el Camino de Santiago que tiene su origen en Oviedo y enlaza con el Camino Franc\u00e9s en Melide. El nombre \u00abprimitivo\u00bb se debe a que \u00e9ste es el primer camino del cual se tienen referencias hist\u00f3ricas; el rey Alfonso II de Asturias y su s\u00e9quito salieron de Oviedo, en el siglo IX, para visitar la tumba del Ap\u00f3stol Santiago, descubierta hac\u00eda pocos a\u00f1os. El itinerario documentado de aquella primera peregrinaci\u00f3n y el actual son bastante coincidentes.<\/p>\n<p>Una de las principales caracter\u00edsticas de este camino, en comparaci\u00f3n con los otros Caminos de Santiago, es la\u00a0<strong>dureza del recorrido<\/strong>. De Oviedo a Lugo es un t\u00edpico recorrido de monta\u00f1a media. Excepto la bajada al embalse de Salime y la subida al Puerto del Palo no hay grandes desniveles a superar de una tacada. Sin embargo, el camino es un continuo sube y baja, con una sucesi\u00f3n de todo tipo de caminos: trochas, senderos, pistas de tierra (es f\u00e1cil encontrar tramos embarrados), caminos pedregosos o de piedra suelta, y pistas de asfalto. Por lo tanto, es necesario un m\u00ednimo de preparaci\u00f3n f\u00edsica para afrontar el reto con garant\u00edas. Afortunadamente, la distribuci\u00f3n de los albergues a lo largo del recorrido permite, para aqu\u00e9llos algo m\u00e1s lentos o menos preparados, realizar todo el camino sin tener que realizar ninguna etapa excesivamente larga. En invierno debe ser francamente complicado realizar este camino, entre otros motivos porque una buena parte del recorrido se sit\u00faa por encima de los ochocientos metros de altitud.<\/p>\n<p>Otras de las caracter\u00edsticas m\u00e1s destacadas del Camino Primitivo, relacionada sin duda con la anterior, es la\u00a0<strong>belleza del entorno y del paisaje<\/strong>. El camino cruza decenas de bosques, r\u00edos, arroyos, prados de pastoreo (con ganado bovino), valles, colinas, monta\u00f1as, aldeas&#8230; y los paisajes, sobre todo en el tramo asturiano, son fabulosos. Tambi\u00e9n vemos numerosos caballos, algunos salvajes. Adem\u00e1s, la mayor parte del camino transcurre en plena naturaleza y, afortunadamente, casi no hay contacto con carreteras de tr\u00e1fico intenso.<\/p>\n<p>Por desgracia, en los \u00faltimos a\u00f1os la\u00a0<strong>construcci\u00f3n de la autov\u00eda Oviedo &#8211; La Espina<\/strong>, la A-63, ha afectado grave e irreversiblemente varios tramos, algunos de los cuales eran bell\u00edsimos, de las tres primeras etapas. Adem\u00e1s, la construcci\u00f3n es lent\u00edsima (s\u00f3lo los primeros 30 km se han puesto en funcionamiento), y a mediados del a\u00f1o 2012 las obras se encuentran casi paradas.<\/p>\n<p>A lo largo del camino vamos encontrando\u00a0<strong>numerosas fuentes<\/strong>\u00a0de buena agua (ojo, excepto en la variante Ruta de los Hospitales), cada pocos kil\u00f3metros, con lo cual no es necesario cargar con mucha agua. En la \u00e9poca de m\u00e1ximo calor conviene ser, por supuesto, previsores.<\/p>\n<p>En caso de <strong>fuertes lluvias<\/strong> algunos tramos, como por ejemplo la bajada a Cornellada y el tramo de La Espina a Tineo, quedan en muy mal estado, dificultando seriamente el avance. As\u00ed pues, si se da esta circunstancia, lo mejor es informarse en los albergues y valorar alternativas (pistas asfaltadas, etc.).<\/p>\n<p>Donde pasa gente hay negocio, y nunca est\u00e1 de m\u00e1s ganar unos eurillos. As\u00ed deben pensar algunas personas cuyas casas est\u00e1n junto al camino y han instalado\u00a0<strong>m\u00e1quinas expendedoras<\/strong>\u00a0para los peregrinos, algunas de la cuales no s\u00f3lo ofrecen bebidas, sino que tambi\u00e9n ofrecen tabletas de chocolates, s\u00e1ndwiches, ensaladas, etc&#8230; y en alg\u00fan caso incluso han construido una peque\u00f1a zona de descanso! Y es que, el camino ya no es lo que era&#8230;<\/p>\n<p>Uno de los aspectos mejor valorados de este camino es el n\u00famero de peregrinos que lo recorren. Nada que ver con la masificaci\u00f3n del Camino Franc\u00e9s, pero tampoco nada que ver con la gran soledad de otros caminos. En primavera y en verano es habitual coincidir con entre 10 y 20 caminantes en los albergues (a\u00f1o 2012), un\u00a0<strong>n\u00famero de peregrinos id\u00f3neo<\/strong>\u00a0pues permite compartir vivencias y al mismo tiempo disfrutar de una cierta soledad. La excepci\u00f3n son algunos d\u00edas de verano, en los que efectivamente los albergues quedan desbordados por la cantidad de caminantes. Por otra parte, una buena parte de los peregrinos que empiezan en Oviedo coinciden cada d\u00eda en los mismos albergues, al ser \u00e9ste un camino con las etapas bastante predeterminadas por la situaci\u00f3n de los mismos.<\/p>\n<p>Y, para finalizar la introducci\u00f3n, lo que sin duda es lo mejor de este camino:\u00a0<strong>los lugare\u00f1os<\/strong>. A lo largo del d\u00eda, en los pueblos y campos, nos encontramos con personas encantadoras, sencillas, alegres, perspicaces y extraordinariamente amables, que saben muy bien por d\u00f3nde pasa el camino, d\u00f3nde hay una fuente&#8230; y que siempre est\u00e1n dispuestas a ayudar en lo que sea menester. En este aspecto, el Camino Primitivo, es muy especial. Esperemos que nunca cambie.<\/p>\n<\/div>\n<\/div>\n<\/div>\n<div class=\"panel-separator\"><\/div>\n<div class=\"panel-pane pane-entity-field pane-node-field-imagen-del-camino col-xs-12\">\n<div class=\"pane-content\">\n<div class=\"field field-name-field-imagen-del-camino field-type-image field-label-hidden\">\n<div class=\"field-items\">\n<div class=\"field-item even\"><\/div>\n<\/div>\n<\/div>\n<\/div>\n<\/div>\n<\/div>\n<div class=\"row\">\n<div class=\"panel-pane pane-views-panes pane-gronze-camino-info-panel-pane-1 col-xs-12\">\n<div class=\"pane-content\">\n<div class=\"view view-gronze-camino-info view-id-gronze_camino_info view-display-id-panel_pane_1 view-dom-id-de71527ae316bbf83c6e25aabb84963d\">\n<div class=\"view-content\">\n<div id=\"views-bootstrap-accordion-1\" class=\"views-bootstrap-accordion-plugin-style panel-group\">\n<div class=\"panel panel-default\">\n<div class=\"panel-heading\">\n<h4 class=\"panel-title\"><a class=\"accordion-toggle collapsed\" href=\"https:\/\/www.gronze.com\/camino-primitivo\/informacion#collapse-1-0\" data-toggle=\"collapse\" data-parent=\"#views-bootstrap-accordion-1\"> Poblaciones, Distancias y Servicios <\/a><\/h4>\n<\/div>\n<\/div>\n<div class=\"panel panel-default\">\n<div class=\"panel-heading\">\n<h4 class=\"panel-title\"><a class=\"accordion-toggle collapsed\" href=\"https:\/\/www.gronze.com\/camino-primitivo\/informacion#collapse-1-1\" data-toggle=\"collapse\" data-parent=\"#views-bootstrap-accordion-1\"> Albergues <\/a><\/h4>\n<\/div>\n<\/div>\n<div class=\"panel panel-default\">\n<div class=\"panel-heading\">\n<h4 class=\"panel-title\"><a class=\"accordion-toggle collapsed\" href=\"https:\/\/www.gronze.com\/camino-primitivo\/informacion#collapse-1-2\" data-toggle=\"collapse\" data-parent=\"#views-bootstrap-accordion-1\"> Comunidades aut\u00f3nomas y Provincias <\/a><\/h4>\n<\/div>\n<\/div>\n<div class=\"panel panel-default\">\n<div class=\"panel-heading\">\n<h4 class=\"panel-title\"><a class=\"accordion-toggle collapsed\" href=\"https:\/\/www.gronze.com\/camino-primitivo\/informacion#collapse-1-3\" data-toggle=\"collapse\" data-parent=\"#views-bootstrap-accordion-1\"> Se\u00f1alizaci\u00f3n y Trazado <\/a><\/h4>\n<\/div>\n<\/div>\n<div class=\"panel panel-default\">\n<div class=\"panel-heading\">\n<h4 class=\"panel-title\"><a class=\"accordion-toggle collapsed\" href=\"https:\/\/www.gronze.com\/camino-primitivo\/informacion#collapse-1-4\" data-toggle=\"collapse\" data-parent=\"#views-bootstrap-accordion-1\"> Variantes <\/a><\/h4>\n<\/div>\n<\/div>\n<\/div>\n<\/div>\n<\/div>\n<\/div>\n<\/div>\n<div class=\"panel-separator\"><\/div>\n<div class=\"panel-pane pane-views-panes pane-gronze-camino-content-panel-pane-1 col-xs-12\">\n<h2 class=\"pane-title\">Contenido relacionado<\/h2>\n<div class=\"pane-content\">\n<div class=\"view view-gronze-camino-content view-id-gronze_camino_content view-display-id-panel_pane_1 view-dom-id-53d3925f45c1ec4edf17c6924a964672\">\n<div class=\"view-content\">\n<table class=\"views-table cols-0 table table-hover table-striped\">\n<tbody>\n<tr class=\"odd views-row-first\">\n<td class=\"views-field views-field-type\">Art\u00edculo<\/td>\n<td class=\"views-field views-field-title\"><a href=\"https:\/\/www.gronze.com\/articulos\/camino-primitivo-variante-pobra-buron-21259\">Camino Primitivo: La variante de A Proba de Bur\u00f3n<\/a><\/td>\n<\/tr>\n<tr class=\"even\">\n<td class=\"views-field views-field-type\">Art\u00edculo<\/td>\n<td class=\"views-field views-field-title\"><a href=\"https:\/\/www.gronze.com\/articulos\/una-etapa-mitica-ruta-hospitales-en-camino-primitivo-21022\">Una etapa m\u00edtica: La Ruta de los Hospitales en el Camino Primitivo<\/a><\/td>\n<\/tr>\n<tr class=\"odd\">\n<td class=\"views-field views-field-type\">Libro<\/td>\n<td class=\"views-field views-field-title\"><a href=\"https:\/\/www.gronze.com\/libros-camino-santiago\/historia-arte-cultura\/vision-camino-primitivo\">Visi\u00f3n del Camino Primitivo<\/a><\/td>\n<\/tr>\n<tr class=\"even\">\n<td class=\"views-field views-field-type\">Art\u00edculo<\/td>\n<td class=\"views-field views-field-title\"><a href=\"https:\/\/www.gronze.com\/articulos\/ha-provocado-covid-una-subida-precios-en-camino-santiago-20639\">\u00bfHa provocado la Covid una subida de precios en el Camino de Santiago?<\/a><\/td>\n<\/tr>\n<tr class=\"odd\">\n<td class=\"views-field views-field-type\">Relato<\/td>\n<td class=\"views-field views-field-title\"><a href=\"https:\/\/www.gronze.com\/relatos\/diario-un-peregrino-2016-camino-salvador-y-primitivo\">Diario de un Peregrino 2016 (Camino del Salvador y Primitivo)<\/a><\/td>\n<\/tr>\n<tr class=\"even\">\n<td class=\"views-field views-field-type\">Art\u00edculo<\/td>\n<td class=\"views-field views-field-title\"><a href=\"https:\/\/www.gronze.com\/noticias\/camino-primitivo-asociaciones-y-ayuntamientos-tachan-insolidaria-campana-lugo-km-100-19599\">Camino Primitivo: Asociaciones y Ayuntamientos tachan de insolidaria la campa\u00f1a \u00abLUGO KM 100\u00bb<\/a><\/td>\n<\/tr>\n<tr class=\"odd\">\n<td class=\"views-field views-field-type\">Art\u00edculo<\/td>\n<td class=\"views-field views-field-title\"><a href=\"https:\/\/www.gronze.com\/articulos\/finales-etapa-injustamente-olvidados-por-guias-parte-ii-19153\">Finales de etapa injustamente olvidados por las gu\u00edas (parte II)<\/a><\/td>\n<\/tr>\n<tr class=\"even\">\n<td class=\"views-field views-field-type\">Art\u00edculo<\/td>\n<td class=\"views-field views-field-title\"><a href=\"https:\/\/www.gronze.com\/articulos\/un-albergue-llamado-sueno-18156\">Un albergue llamado Sue\u00f1o<\/a><\/td>\n<\/tr>\n<tr class=\"odd\">\n<td class=\"views-field views-field-type\">Art\u00edculo<\/td>\n<td class=\"views-field views-field-title\"><a href=\"https:\/\/www.gronze.com\/articulos\/comparativa-7-principales-caminos-santiago-cual-elegir-17204\">Comparativa de los (7) principales Caminos de Santiago: \u00bfCu\u00e1l elegir?<\/a><\/td>\n<\/tr>\n<tr class=\"even views-row-last\">\n<td class=\"views-field views-field-type\">Art\u00edculo<\/td>\n<td class=\"views-field views-field-title\"><a href=\"https:\/\/www.gronze.com\/articulos\/peregrina-isabel-san-sebastian-17159\">La Peregrina, de Isabel San Sebasti\u00e1n<\/a><\/td>\n<\/tr>\n<\/tbody>\n<\/table>\n<\/div>\n<\/div>\n<\/div>\n<\/div>\n<\/div>\n<\/div>\n<\/section>\n<\/div>\n","protected":false},"excerpt":{"rendered":"<p>Camino Primitivo\u00a0 Fuente: https:\/\/www.gronze.com\/camino-primitivo\/informacion Se conoce con el nombre de\u00a0Camino Primitivo\u00a0el Camino de Santiago que tiene su origen en Oviedo y enlaza con el Camino Franc\u00e9s en Melide. El nombre \u00abprimitivo\u00bb se debe a que \u00e9ste es el primer camino del cual se tienen referencias hist\u00f3ricas; el rey Alfonso II de Asturias y su s\u00e9quito [&hellip;]<\/p>\n","protected":false},"author":117,"featured_media":0,"parent":275,"menu_order":0,"comment_status":"closed","ping_status":"closed","template":"","meta":{"footnotes":""},"class_list":["post-451","page","type-page","status-publish","hentry","post-preview"],"_links":{"self":[{"href":"https:\/\/edublog.educastur.es\/cultura\/wp-json\/wp\/v2\/pages\/451","targetHints":{"allow":["GET"]}}],"collection":[{"href":"https:\/\/edublog.educastur.es\/cultura\/wp-json\/wp\/v2\/pages"}],"about":[{"href":"https:\/\/edublog.educastur.es\/cultura\/wp-json\/wp\/v2\/types\/page"}],"author":[{"embeddable":true,"href":"https:\/\/edublog.educastur.es\/cultura\/wp-json\/wp\/v2\/users\/117"}],"replies":[{"embeddable":true,"href":"https:\/\/edublog.educastur.es\/cultura\/wp-json\/wp\/v2\/comments?post=451"}],"version-history":[{"count":3,"href":"https:\/\/edublog.educastur.es\/cultura\/wp-json\/wp\/v2\/pages\/451\/revisions"}],"predecessor-version":[{"id":454,"href":"https:\/\/edublog.educastur.es\/cultura\/wp-json\/wp\/v2\/pages\/451\/revisions\/454"}],"up":[{"embeddable":true,"href":"https:\/\/edublog.educastur.es\/cultura\/wp-json\/wp\/v2\/pages\/275"}],"wp:attachment":[{"href":"https:\/\/edublog.educastur.es\/cultura\/wp-json\/wp\/v2\/media?parent=451"}],"curies":[{"name":"wp","href":"https:\/\/api.w.org\/{rel}","templated":true}]}}