{"id":477,"date":"2021-06-14T21:52:30","date_gmt":"2021-06-14T21:52:30","guid":{"rendered":"https:\/\/edublog.educastur.es\/cultura\/?page_id=477"},"modified":"2021-06-14T21:54:08","modified_gmt":"2021-06-14T21:54:08","slug":"madrenas","status":"publish","type":"page","link":"https:\/\/edublog.educastur.es\/cultura\/artesania\/madera\/madrenas\/","title":{"rendered":"Madre\u00f1as"},"content":{"rendered":"<div class=\"\" dir=\"auto\">\n<div id=\"jsc_c_5\" class=\"ecm0bbzt hv4rvrfc ihqw7lf3 dati1w0a\" data-ad-comet-preview=\"message\" data-ad-preview=\"message\">\n<div class=\"j83agx80 cbu4d94t ew0dbk1b irj2b8pg\">\n<div class=\"qzhwtbm6 knvmm38d\">\n<div class=\"kvgmc6g5 cxmmr5t8 oygrvhab hcukyx3x c1et5uql ii04i59q\">\n<div dir=\"auto\"><\/div>\n<div dir=\"auto\" style=\"text-align: center\"><span style=\"color: #008080\"><strong>EL COLOR DE \u00abLES MADRE\u00d1ES\u00bb<\/strong><\/span><\/div>\n<ul>\n<li><a href=\"https:\/\/www.artesaniaasturiana.com\/-comprar-venta-regalo-madrenas-asturianas-gijon-asturias-39#\">VER Artesan\u00edaAsturiana.com<\/a><\/li>\n<\/ul>\n<div dir=\"auto\"><\/div>\n<div dir=\"auto\">En Caso la competencia del ahumado era exclusivamente de las mujeres.<\/div>\n<div dir=\"auto\">En la primera etapa se las hace \u201csudar\u201d, para ello se enciende el fuego con escobas del puerto que dan un humo espeso. Las madre\u00f1as se colocan encima apoyadas sobre un peque\u00f1o tronco, que se deja en el suelo, acotando el fuego por el exterior.<\/div>\n<div dir=\"auto\"><\/div>\n<div dir=\"auto\">Se las cambia de posici\u00f3n sucesivamente para evitar que se quemen, a la vez que se van a\u00f1adiendo escobas verdes de tama\u00f1o peque\u00f1o.<\/div>\n<div dir=\"auto\"><\/div>\n<div dir=\"auto\">La madre\u00f1a reci\u00e9n hecha, todav\u00eda h\u00fameda pierde el agua durante el proceso, se seca, abre los poros y adquiere un color tostado oscuro,<\/div>\n<div dir=\"auto\">En la segunda etapa, que se realiza ya en el portal de la casa, se hace un peque\u00f1p hogar con las \u201cllumbres\u201d (Y\u00e9rgolas de abedul) al que se acercan las madre\u00f1as, volte\u00e1ndolas mientras el humo se va fijando en la superficie de la madre\u00f1a, que adquiere un color negro muy intenso y mate.<\/div>\n<div dir=\"auto\"><\/div>\n<div dir=\"auto\">A continuaci\u00f3n el madre\u00f1ero las legra por el interior para limpiarlas y hace con el cuchillo unos motivos muy sencillos. Para concluir, se untan las madre\u00f1as con una pelleja de jam\u00f3n o tocino. La operaci\u00f3n dura una media hora por par.<\/div>\n<div dir=\"auto\"><\/div>\n<div dir=\"auto\"><span style=\"color: #008080\"><strong>EL AHUMADO ROJIZO<\/strong><\/span><\/div>\n<div dir=\"auto\">En Lena, Quir\u00f3s y Teverga, se ahumaban con helechos quedando un color tostado rojizo y ocre muy caracter\u00edstico. Se hutilizaban helechos reci\u00e9n curados, que daban un color rojizo m\u00e1s vivo que los muy secos. Para evitar que se ahumaran por el interior se llenaban con hierba (Heno).<\/div>\n<div dir=\"auto\">Luego se nidiaban con un palo para obtener una superficie brillante y se vend\u00edan en el mercado.<\/div>\n<div dir=\"auto\">.<\/div>\n<div dir=\"auto\">La Artesan\u00eda Popular-Jose Manuel Feito.<\/div>\n<\/div>\n<div dir=\"auto\" style=\"text-align: center\"><a href=\"https:\/\/imgbox.es\/images\/2021\/06\/14\/madre3865201440007004.jpg\"><img loading=\"lazy\" decoding=\"async\" class=\"alignnone\" src=\"https:\/\/imgbox.es\/images\/2021\/06\/14\/madre3865201440007004.jpg\" alt=\"\" width=\"766\" height=\"544\" \/><\/a><\/div>\n<\/div>\n<\/div>\n<\/div>\n<\/div>\n","protected":false},"excerpt":{"rendered":"<p>EL COLOR DE \u00abLES MADRE\u00d1ES\u00bb VER Artesan\u00edaAsturiana.com En Caso la competencia del ahumado era exclusivamente de las mujeres. En la primera etapa se las hace \u201csudar\u201d, para ello se enciende el fuego con escobas del puerto que dan un humo espeso. Las madre\u00f1as se colocan encima apoyadas sobre un peque\u00f1o tronco, que se deja en [&hellip;]<\/p>\n","protected":false},"author":117,"featured_media":0,"parent":77,"menu_order":0,"comment_status":"closed","ping_status":"closed","template":"","meta":{"footnotes":""},"class_list":["post-477","page","type-page","status-publish","hentry","post-preview"],"_links":{"self":[{"href":"https:\/\/edublog.educastur.es\/cultura\/wp-json\/wp\/v2\/pages\/477","targetHints":{"allow":["GET"]}}],"collection":[{"href":"https:\/\/edublog.educastur.es\/cultura\/wp-json\/wp\/v2\/pages"}],"about":[{"href":"https:\/\/edublog.educastur.es\/cultura\/wp-json\/wp\/v2\/types\/page"}],"author":[{"embeddable":true,"href":"https:\/\/edublog.educastur.es\/cultura\/wp-json\/wp\/v2\/users\/117"}],"replies":[{"embeddable":true,"href":"https:\/\/edublog.educastur.es\/cultura\/wp-json\/wp\/v2\/comments?post=477"}],"version-history":[{"count":3,"href":"https:\/\/edublog.educastur.es\/cultura\/wp-json\/wp\/v2\/pages\/477\/revisions"}],"predecessor-version":[{"id":480,"href":"https:\/\/edublog.educastur.es\/cultura\/wp-json\/wp\/v2\/pages\/477\/revisions\/480"}],"up":[{"embeddable":true,"href":"https:\/\/edublog.educastur.es\/cultura\/wp-json\/wp\/v2\/pages\/77"}],"wp:attachment":[{"href":"https:\/\/edublog.educastur.es\/cultura\/wp-json\/wp\/v2\/media?parent=477"}],"curies":[{"name":"wp","href":"https:\/\/api.w.org\/{rel}","templated":true}]}}