{"id":502,"date":"2021-08-21T13:30:18","date_gmt":"2021-08-21T13:30:18","guid":{"rendered":"https:\/\/edublog.educastur.es\/cultura\/?page_id=502"},"modified":"2021-08-21T13:34:03","modified_gmt":"2021-08-21T13:34:03","slug":"de-leon","status":"publish","type":"page","link":"https:\/\/edublog.educastur.es\/cultura\/mitos\/de-leon\/","title":{"rendered":"de Le\u00f3n"},"content":{"rendered":"<p>La Regi\u00f3n Leonesa, tierra m\u00e1gica y misteriosa es el hogar de una gran multitud de seres y leyendas que han persistido a lo largo de la historia. En esta ocasi\u00f3n, os traigo un documental acerca de todos esos mitos que han hecho de Le\u00f3n, Zamora y Salamanca, una tierra \u00fanica.<\/p>\n<p><span style=\"text-decoration: underline\">Bibliograf\u00eda consultada:<\/span><\/p>\n<p><em>&#8216;Lli\u00f3n M\u00e1xicu&#8217;, de Nicol\u00e1s Bartolom\u00e9 P\u00e9rez <\/em><br \/>\n<em>&#8216;Mitolox\u00eda popular del Reinu de Lli\u00f3n&#8217;, de Nicol\u00e1s Bartolom\u00e9 P\u00e9rez <\/em><br \/>\n<em>&#8216;Leyendas de Le\u00f3n contadas por&#8230;&#8217;, escrito por varios autores<\/em><\/p>\n<ul>\n<li>Fuente: <a href=\"https:\/\/www.youtube.com\/channel\/UCpq7BKL0IxCO4fW_yLgD18Q\">CANAL CH13 Youtube<\/a><\/li>\n<li><a href=\"https:\/\/www.youtube.com\/watch?v=thgfSdsEx98\">Video: CH13<\/a><\/li>\n<\/ul>\n<p style=\"text-align: center\">\n<!-- iframe plugin v.6.0 wordpress.org\/plugins\/iframe\/ -->\n<iframe loading=\"lazy\" width=\"100%\" height=\"395\" src=\"https:\/\/www.youtube.com\/embed\/thgfSdsEx98\" 0=\"\/iframe\" scrolling=\"yes\" class=\"iframe-class\" frameborder=\"0\"><\/iframe>\n<\/p>\n<ul>\n<li><a href=\"https:\/\/www.youtube.com\/watch?v=x5hPfaWU4hU\">Mascaradas de Invierno<\/a><\/li>\n<\/ul>\n<p style=\"text-align: center\">\n<!-- iframe plugin v.6.0 wordpress.org\/plugins\/iframe\/ -->\n<iframe loading=\"lazy\" width=\"100%\" height=\"395\" src=\"https:\/\/www.youtube.com\/embed\/x5hPfaWU4hU\" 0=\"\/iframe\" scrolling=\"yes\" class=\"iframe-class\" frameborder=\"0\"><\/iframe>\n<\/p>\n<p>&nbsp;<\/p>\n<p>&nbsp;<\/p>\n","protected":false},"excerpt":{"rendered":"<p>La Regi\u00f3n Leonesa, tierra m\u00e1gica y misteriosa es el hogar de una gran multitud de seres y leyendas que han persistido a lo largo de la historia. En esta ocasi\u00f3n, os traigo un documental acerca de todos esos mitos que han hecho de Le\u00f3n, Zamora y Salamanca, una tierra \u00fanica. Bibliograf\u00eda consultada: &#8216;Lli\u00f3n M\u00e1xicu&#8217;, de [&hellip;]<\/p>\n","protected":false},"author":117,"featured_media":0,"parent":109,"menu_order":0,"comment_status":"closed","ping_status":"closed","template":"","meta":{"footnotes":""},"class_list":["post-502","page","type-page","status-publish","hentry","post-preview"],"_links":{"self":[{"href":"https:\/\/edublog.educastur.es\/cultura\/wp-json\/wp\/v2\/pages\/502","targetHints":{"allow":["GET"]}}],"collection":[{"href":"https:\/\/edublog.educastur.es\/cultura\/wp-json\/wp\/v2\/pages"}],"about":[{"href":"https:\/\/edublog.educastur.es\/cultura\/wp-json\/wp\/v2\/types\/page"}],"author":[{"embeddable":true,"href":"https:\/\/edublog.educastur.es\/cultura\/wp-json\/wp\/v2\/users\/117"}],"replies":[{"embeddable":true,"href":"https:\/\/edublog.educastur.es\/cultura\/wp-json\/wp\/v2\/comments?post=502"}],"version-history":[{"count":6,"href":"https:\/\/edublog.educastur.es\/cultura\/wp-json\/wp\/v2\/pages\/502\/revisions"}],"predecessor-version":[{"id":510,"href":"https:\/\/edublog.educastur.es\/cultura\/wp-json\/wp\/v2\/pages\/502\/revisions\/510"}],"up":[{"embeddable":true,"href":"https:\/\/edublog.educastur.es\/cultura\/wp-json\/wp\/v2\/pages\/109"}],"wp:attachment":[{"href":"https:\/\/edublog.educastur.es\/cultura\/wp-json\/wp\/v2\/media?parent=502"}],"curies":[{"name":"wp","href":"https:\/\/api.w.org\/{rel}","templated":true}]}}