{"id":532,"date":"2023-04-09T16:32:12","date_gmt":"2023-04-09T16:32:12","guid":{"rendered":"https:\/\/edublog.educastur.es\/cultura\/?page_id=532"},"modified":"2023-04-09T19:30:20","modified_gmt":"2023-04-09T19:30:20","slug":"pre-en-casa","status":"publish","type":"page","link":"https:\/\/edublog.educastur.es\/cultura\/arte\/arquitectura\/prerromanico\/pre-en-casa\/","title":{"rendered":"PRE&#8230; en casa"},"content":{"rendered":"<div id=\"contenido\" class=\"col-sm-10 col-xs-8\">\n<h3 class=\"text-center tit-sec\"><span style=\"color: #008080\">\u00a0<\/span><\/h3>\n<div id=\"p_p_id_56_INSTANCE_AO9sXE0VCrhS_\" class=\"portlet-boundary portlet-boundary_56_ portlet-static portlet-static-end portlet-borderless portlet-journal-content \">\n<div class=\"portlet-borderless-container\">\n<div class=\"portlet-body \">\n<div class=\"journal-content-article\">\n<h2 class=\"pagetitle\" style=\"text-align: center\"><span style=\"color: #008080\">NARANCO<\/span><\/h2>\n<\/div>\n<\/div>\n<\/div>\n<\/div>\n<div id=\"p_p_id_56_INSTANCE_EGN1Qhw1d0XH_\" class=\"portlet-boundary portlet-boundary_56_ portlet-static portlet-static-end portlet-borderless portlet-journal-content \">\n<p>&nbsp;<\/p>\n<div class=\"portlet-borderless-container\">\n<div class=\"portlet-body \">\n<div class=\"journal-content-article\">\n<p>La historia de Oviedo nace en la falda de un monte, el Naranco, que a\u00fan hoy parece proteger a sus habitantes.<\/p>\n<p>Bajo sus 635 metros de altura crece incesantemente la capital del Principado y es en su falda donde se guarda una de las mayores joyas de Asturias, dos de los mejores ejemplos del prerrom\u00e1nico asturiano, declarados en 1985 por la UNESCO \u201cPatrimonio de la Humanidad\u201d: Santa Mar\u00eda del Naranco y San Miguel de Lillo.<\/p>\n<p>El Naranco, a tres kil\u00f3metros del centro de la ciudad, que fue campamento militar romano, residencia real o campo de batalla, contin\u00faa siendo hoy un referente para los carbayones, que no dudan en subir, bien para disfrutar de las incre\u00edbles vistas de la ciudad bien para hacer deporte o comer al aire libre.<\/p>\n<h3 class=\"text-center tit-sec\" style=\"text-align: center\"><span style=\"color: #008080\">Prerrom\u00e1nico en Casa<\/span><\/h3>\n<\/div>\n<\/div>\n<\/div>\n<\/div>\n<div class=\"col-sm-12 col-xs-12\">\n<p>Ruegos de preguntas, maquetas, escudos\u2026 En el Centro del Prerrom\u00e1nico Asturiano hemos preparado un nuevo apartado para que tanto adultos como el p\u00fablico infantil aprendan sobre el Arte del Reino de Asturias de una forma divertida. \u00a1Con entretenidas manualidades para hacer con familia o amigos!<\/p>\n<p>Os animamos a compartir el resultado de vuestras maquetas y recuerdos prerrom\u00e1nicos en nuestras redes sociales (<a href=\"https:\/\/www.facebook.com\/PrerromanicoAsturiano\" target=\"_blank\" rel=\"noopener\">Facebook<\/a>\u00a0y\u00a0<a href=\"https:\/\/twitter.com\/prerromanico\" target=\"_blank\" rel=\"noopener\">Twitter<\/a>) y en nuestro <a href=\"https:\/\/www.youtube.com\/user\/Prerromanico\" target=\"_blank\" rel=\"noopener\">canal de Youtube<\/a>. \u00a1Esperamos que nos ense\u00f1\u00e9is lo bien que os quedaron!<\/p>\n<h3>Visita virtual al Centro<\/h3>\n<p>Un recorrido por el Prerrom\u00e1nico Asturiano en el que hablaremos de este Arte: las diferentes etapas de la monarqu\u00eda asturiana, las construcciones conservadas m\u00e1s destacadas, tanto las caracter\u00edsticas generales, como las particularidades espec\u00edficas de los catalogados Patrimonio Mundial y su orfebrer\u00eda.<\/p>\n<p><strong>Dirigido a:<\/strong>\u00a0todos los p\u00fablicos.<\/p>\n<p><strong>Duraci\u00f3n:<\/strong>\u00a020 minutos.<\/p>\n<h3 style=\"text-align: center\">\n<!-- iframe plugin v.6.0 wordpress.org\/plugins\/iframe\/ -->\n<iframe loading=\"lazy\" width=\"100%\" height=\"470\" src=\"https:\/\/www.youtube.com\/embed\/bAUkuVG09Eo\" 0=\"\/iframe\" scrolling=\"yes\" class=\"iframe-class\" frameborder=\"0\"><\/iframe>\n<\/h3>\n<h4 style=\"text-align: center\"><span style=\"color: #008080\">Los principales Monumentos del Prerrom\u00e1nico Asturiano y su Orfebrer\u00eda<\/span><\/h4>\n<p><strong>Observaciones:\u00a0<\/strong>cedido por el Museo Arqueol\u00f3gico de Asturias.<\/p>\n<p style=\"text-align: center\"><strong>\n<!-- iframe plugin v.6.0 wordpress.org\/plugins\/iframe\/ -->\n<iframe loading=\"lazy\" width=\"100%\" height=\"470\" src=\"https:\/\/www.youtube.com\/embed\/AjZzjxstWdM\" 0=\"\/iframe\" scrolling=\"yes\" class=\"iframe-class\" frameborder=\"0\"><\/iframe>\n<\/strong><\/p>\n<h4 style=\"text-align: center\"><span style=\"color: #008080\">El Reino de Asturias<\/span><\/h4>\n<p style=\"text-align: center\">\n<!-- iframe plugin v.6.0 wordpress.org\/plugins\/iframe\/ -->\n<iframe loading=\"lazy\" width=\"100%\" height=\"470\" src=\"https:\/\/www.youtube.com\/embed\/KpZCAKRlgY0\" 0=\"\/iframe\" scrolling=\"yes\" class=\"iframe-class\" frameborder=\"0\"><\/iframe>\n<\/p>\n<h4 style=\"text-align: center\"><span style=\"color: #008080\">El arte del Reino de Asturias<\/span><\/h4>\n<p>&nbsp;<\/p>\n<p style=\"text-align: center\">\n<!-- iframe plugin v.6.0 wordpress.org\/plugins\/iframe\/ -->\n<iframe loading=\"lazy\" width=\"100%\" height=\"470\" src=\"https:\/\/www.youtube.com\/embed\/fRZflh6w22M\" 0=\"\/iframe\" scrolling=\"yes\" class=\"iframe-class\" frameborder=\"0\"><\/iframe>\n<\/p>\n<h3 style=\"text-align: center\"><span style=\"color: #008080\">Tutoriales y actividades virtuales<\/span><\/h3>\n<p>&nbsp;<\/p>\n<h4>Santa Mar\u00eda de Naranco. Descubre sus secretos<\/h4>\n<p>Si ten\u00e9is dudas o es muy dif\u00edcil, os dejamos una pista\u2026 Todas las respuestas est\u00e1n en la web del Centro del Prerrom\u00e1nico. Una vez resuelto, ser\u00e9is unos expertos en este Monumento, declarado Patrimonio Mundial por la UNESCO. Recomendado para el p\u00fablico infantil de 8 a 10 a\u00f1os.<\/p>\n<p><a href=\"http:\/\/www.prerromanicoasturiano.es\/uploads\/documentos\/prerromanico_peques\/cuestionario_santa_mara_naranco_en_familia-baja.pdf\" target=\"_blank\" rel=\"noopener\">Descargar Santa Mar\u00eda del Naranco. Descubre sus secretos<\/a><\/p>\n<p>&nbsp;<\/p>\n<h4>Construye Santa Mar\u00eda de Naranco<\/h4>\n<p>Os dejamos dos maquetas que pod\u00e9is descargar e imprimir. Son recortables con los que pod\u00e9is poner en pie Santa Mar\u00eda del Naranco. Una maqueta es m\u00e1s sencilla y otra un poco m\u00e1s dif\u00edcil. \u00bfOs atrev\u00e9is a construir este Monumento?<\/p>\n<p><a href=\"http:\/\/www.prerromanicoasturiano.es\/uploads\/documentos\/maqueta_santa_mara_del_naranco_ok.pdf\">Descargar maqueta Santa Mar\u00eda del Naranco 1<\/a>\u00a0 \u00a0<a href=\"http:\/\/www.prerromanicoasturiano.es\/uploads\/documentos\/prerromanico_peques\/maqueta_sta_maria_naranco.pdf\" target=\"_blank\" rel=\"noopener\">Descargar maqueta Santa Mar\u00eda del Naranco 2<\/a><\/p>\n<p>&nbsp;<\/p>\n<h4>Manos a la obra con San Salvador de Valdedi\u00f3s<\/h4>\n<p>San Salvador de Valdedi\u00f3s, tambi\u00e9n llamado el Convent\u00edn, est\u00e1 en Villaviciosa, pero tambi\u00e9n en vuestras manos si os pon\u00e9is manos a la obra con esta maqueta.<\/p>\n<p><a href=\"http:\/\/www.prerromanicoasturiano.es\/uploads\/documentos\/prerromanico_peques\/maqueta_san_salvador.pdf\" target=\"_blank\" rel=\"noopener\">Descargar maqueta San Salvador de Valdedi\u00f3s<\/a><\/p>\n<p>&nbsp;<\/p>\n<h4>Marionetas<\/h4>\n<p>Puedes pintarlas o utilizar las ya coloreadas. Monta estas marionetas no articuladas con diferentes personajes de la Edad Media y crea tus propias historias.<\/p>\n<p>Con color: <a href=\"http:\/\/www.prerromanicoasturiano.es\/uploads\/marionetas\/marionetacampesinarticular.pdf\" target=\"_blank\" rel=\"noopener\">campesina<\/a>, <a href=\"http:\/\/www.prerromanicoasturiano.es\/uploads\/marionetas\/marionetacampesinosinarticular.pdf\" target=\"_blank\" rel=\"noopener\">campesino<\/a>, <a href=\"http:\/\/www.prerromanicoasturiano.es\/uploads\/marionetas\/marionetacurasinarticularcolor.pdf\" target=\"_blank\" rel=\"noopener\">cura<\/a>, <a href=\"http:\/\/www.prerromanicoasturiano.es\/uploads\/marionetas\/marionetamonjasinarticular_copia.pdf\" target=\"_blank\" rel=\"noopener\">monja<\/a>, <a href=\"http:\/\/www.prerromanicoasturiano.es\/uploads\/marionetas\/marionetanoblesinarticular.pdf\" target=\"_blank\" rel=\"noopener\">noble<\/a>, <a href=\"http:\/\/www.prerromanicoasturiano.es\/uploads\/marionetas\/marionetdamasinarticular.pdf\" target=\"_blank\" rel=\"noopener\">dama<\/a>, <a href=\"http:\/\/www.prerromanicoasturiano.es\/uploads\/marionetas\/marionetareinasinarticular.pdf\" target=\"_blank\" rel=\"noopener\">reina<\/a> y <a href=\"http:\/\/www.prerromanicoasturiano.es\/uploads\/marionetas\/marionetareycolorsinarticular.pdf\" target=\"_blank\" rel=\"noopener\">rey<\/a>.<\/p>\n<p>Para colorear: <a href=\"http:\/\/www.prerromanicoasturiano.es\/uploads\/marionetas\/marioneta_campesina.pdf\" target=\"_blank\" rel=\"noopener\">campesina<\/a>, <a href=\"http:\/\/www.prerromanicoasturiano.es\/uploads\/marionetas\/marioneta_campesino.pdf\" target=\"_blank\" rel=\"noopener\">campesino<\/a>, <a href=\"http:\/\/www.prerromanicoasturiano.es\/uploads\/marionetas\/marioneta_cura.pdf\" target=\"_blank\" rel=\"noopener\">cura<\/a>, <a href=\"http:\/\/www.prerromanicoasturiano.es\/uploads\/marionetas\/marioneta_monja.pdf\" target=\"_blank\" rel=\"noopener\">monja<\/a>, <a href=\"http:\/\/www.prerromanicoasturiano.es\/uploads\/marionetas\/marioneta_noble.pdf\" target=\"_blank\" rel=\"noopener\">noble<\/a>, <a href=\"http:\/\/www.prerromanicoasturiano.es\/uploads\/marionetas\/marioneta_dama.pdf\" target=\"_blank\" rel=\"noopener\">dama<\/a>, <a href=\"http:\/\/www.prerromanicoasturiano.es\/uploads\/marionetas\/marioneta_rey.pdf\" target=\"_blank\" rel=\"noopener\">rey<\/a>\u00a0y <a href=\"http:\/\/www.prerromanicoasturiano.es\/uploads\/marionetas\/marioneta_soldado.pdf\" target=\"_blank\" rel=\"noopener\">soldado<\/a>.<\/p>\n<p>&nbsp;<\/p>\n<h4>Escudos para defender el Prerrom\u00e1nico Asturiano<\/h4>\n<p>Despu\u00e9s de construir edificios \u00fanicos, es necesario defenderlos y protegerlos para que duren otros 1.000 a\u00f1os. Para ellos os hemos dejado unos escudos con sus agarraderas que pod\u00e9is imprimir y pegar sobre cart\u00f3n. Ahora ya pod\u00e9is salvaguardar los Monumentos del Prerrom\u00e1nico Asturiano.<\/p>\n<p><a href=\"http:\/\/www.prerromanicoasturiano.es\/uploads\/documentos\/prerromanico_peques\/escudo_1.pdf\" target=\"_blank\" rel=\"noopener\">Descargar escudo 1<\/a>\u00a0 \u00a0<a href=\"http:\/\/www.prerromanicoasturiano.es\/uploads\/documentos\/prerromanico_peques\/escudo_2.pdf\" target=\"_blank\" rel=\"noopener\">Descargar escudo 2<\/a><\/p>\n<p>&nbsp;<\/p>\n<h4>Sistema Lupo<\/h4>\n<p>Las combinaciones del Sistema Lupo son infinitas. Monta las piezas en papel y construye:<\/p>\n<p><a href=\"http:\/\/www.prerromanicoasturiano.es\/uploads\/sistema_lupo\/ficha_naranco_2_cajas.jpg\" target=\"_blank\" rel=\"noopener\">Ventana de Santa Mar\u00eda del Naranco. Dificultad alta.<\/a><\/p>\n<p><a href=\"http:\/\/www.prerromanicoasturiano.es\/uploads\/sistema_lupo\/santa_maria_1_caja.jpg\" target=\"_blank\" rel=\"noopener\">Ventana Santa Mar\u00eda del Naranco. Dificultad media.<\/a><\/p>\n<p><a href=\"http:\/\/www.prerromanicoasturiano.es\/uploads\/sistema_lupo\/torre_1_caja.jpg\" target=\"_blank\" rel=\"noopener\">Torre de castillo. Dificultad baja.<\/a><\/p>\n<p><a href=\"http:\/\/www.prerromanicoasturiano.es\/uploads\/sistema_lupo\/instrucciones_lupo.pdf\" target=\"_blank\" rel=\"noopener\">Instrucciones y m\u00e1s informaci\u00f3n del Sistema Lupo.<\/a><\/p>\n<p>&nbsp;<\/p>\n<h4>Kahoot<\/h4>\n<p><strong>Curiosidades de la monarqu\u00eda asturiana: <\/strong>un divertido juego de preguntas y respuestas para ver cu\u00e1nto sabes de la monarqu\u00eda asturiana. Pon aprueba tu conocimiento o juega en grupo con tus amistades.\u00a0<a href=\"http:\/\/www.prerromanicoasturiano.es\/es\/agenda\/441\/ponte-a-prueba-curiosidades-de-la-monarqua-asturiana-ii.html\" target=\"_blank\" rel=\"noopener\">Empieza Kahoot<\/a><\/p>\n<p><strong>Historias del Camino<\/strong>: <a href=\"https:\/\/kahoot.it\/challenge\/08993777?challenge-id=50338178-e010-4e4c-aaca-3e139b62dd2b_1672221213731\" target=\"_blank\" rel=\"noopener\">pon a prueba tu conocimiento sobre el Camino de Santiago<\/a><\/p>\n<p><strong>Reinas de la monarqu\u00eda asturiana<\/strong>:\u00a0<a href=\"https:\/\/kahoot.it\/challenge\/0895045?challenge-id=50338178-e010-4e4c-aaca-3e139b62dd2b_1672221167051\" target=\"_blank\" rel=\"noopener\">10 preguntas sobre las Reinas de la monarqu\u00eda asturiana<\/a><\/p>\n<p><strong>Pelayo y la batalla de Covadonga:<\/strong>\u00a0<a href=\"https:\/\/kahoot.it\/challenge\/08658228?challenge-id=50338178-e010-4e4c-aaca-3e139b62dd2b_1672221018079\" target=\"_blank\" rel=\"noopener\">empieza el juego<\/a><\/p>\n<p>&nbsp;<\/p>\n<h4>La Navegaci\u00f3n Vikinga en el Reino de Asturias<\/h4>\n<p>Juega y conoce diferentes aspectos de las incursiones vikingas en Asturias con fragmentos de im\u00e1genes y de historias de los trabajos ganadores o participantes en el <a href=\"http:\/\/www.prerromanicoasturiano.es\/es\/noticias\/715\/fallo-del-concurso-navegacin-vikinga-en-el-reino-de-asturias-en-el-que-colabora-el-centro.html\">Concurso de C\u00f3mic <em>Navegaci\u00f3n vikinga en el Reino de Asturias<\/em><\/a>.<\/p>\n<p>&nbsp;<\/p>\n<h4>Elaboraci\u00f3n de coronas<\/h4>\n<p><a href=\"http:\/\/www.prerromanicoasturiano.es\/es\/agenda\/445\/coronas-medievales.html\">Haz y decora tu propia corona.<\/a><\/p>\n<p><strong>Dirigido a: <\/strong>Educaci\u00f3n Infantil.<\/p>\n<p>&nbsp;<\/p>\n<h4>Celos\u00edas a todo color<\/h4>\n<p><a href=\"http:\/\/www.prerromanicoasturiano.es\/es\/agenda\/447\/celosas-a-todo-color.html\">Realizamos vistosas celos\u00edas en 2D usando papel y cartulina de colores.<\/a><\/p>\n<p><strong>Dirigido a: <\/strong>primer ciclo de Primaria.<\/p>\n<p><strong>\u00a0<\/strong><\/p>\n<h4>Celos\u00edas medievales<\/h4>\n<p><a href=\"http:\/\/www.prerromanicoasturiano.es\/es\/agenda\/446\/celosas-medievales.html\">Realizamos vistosas celos\u00edas en 3D utilizando materiales reciclados.<\/a><\/p>\n<p><strong>Dirigido a: <\/strong>a partir de segundo ciclo de Primaria.<\/p>\n<p><strong>\u00a0<\/strong><\/p>\n<h4>Prerrom\u00e1nico en tu ventana<\/h4>\n<p><a href=\"http:\/\/www.prerromanicoasturiano.es\/es\/agenda\/454\/prerromnico-en-tu-ventana.html\">Replicaremos algunos elementos escult\u00f3ricos y pict\u00f3ricos o de orfebrer\u00eda del Prerrom\u00e1nico Asturiano.<\/a><\/p>\n<p><strong>Dirigido a: <\/strong>a partir de segundo de Educaci\u00f3n Primaria.<\/p>\n<p><strong>\u00a0<\/strong><\/p>\n<h4>Concurso Pasapalabra<\/h4>\n<p><a href=\"http:\/\/www.prerromanicoasturiano.es\/es\/agenda\/456\/pasapalabra-prerromnico-.html\">\u00bfSer\u00e1s capaz de completar nuestro rosco prerrom\u00e1nico?<\/a><\/p>\n<p><strong>Dirigido a: <\/strong>a partir de segundo ciclo de Primaria.<\/p>\n<p><strong>\u00a0<\/strong><\/p>\n<h4>Pintura plegable<\/h4>\n<p><a href=\"http:\/\/www.prerromanicoasturiano.es\/es\/agenda\/450\/pintura-plegable.html\">Recrearemos en 3D una de las representaciones de Santuyano.<\/a><\/p>\n<p><strong>Dirigido a: <\/strong>a<strong>\u00a0<\/strong>partir de segundo ciclo de Primaria\/Secundaria.<\/p>\n<p>&nbsp;<\/p>\n<h4>Prerrom\u00e1nico a juego<\/h4>\n<p><a href=\"http:\/\/www.prerromanicoasturiano.es\/es\/agenda\/440\/prerromnico-a-juego.html\">Pasatiempos y acertijos relacionados con el Prerrom\u00e1nico y la Monarqu\u00eda de Asturias.<\/a><\/p>\n<p><strong>Dirigido a: <\/strong>todos los ciclos educativos.<\/p>\n<p><strong>\u00a0<\/strong><\/p>\n<h4>Playmobil prerrom\u00e1nico<\/h4>\n<p>Conoce c\u00f3mo era la vida medieval a trav\u00e9s de los clicks de Playmobil.<\/p>\n<p><a href=\"http:\/\/www.prerromanicoasturiano.es\/uploads\/documentos\/playmobil_\/playmobil.partei.santa_maria_de_naranco_-_baja.pdf\" target=\"_blank\" rel=\"noopener\">Descargar 1\u00aa parte. Santa Mar\u00eda de Naranco.<\/a><\/p>\n<p><strong>Dirigido a: <\/strong>todos los ciclos educativos.<\/p>\n<p><strong>\u00a0<\/strong><\/p>\n<h3>Publicaciones<\/h3>\n<p>&nbsp;<\/p>\n<h4>Gu\u00eda de los Monumentos del Naranco elaborada por el alumnado del Colegio Parque Infantil<\/h4>\n<p><a href=\"http:\/\/www.prerromanicoasturiano.es\/uploads\/documentos\/prerromanico_peques\/gua_parque_infantil.pdf\" target=\"_blank\" rel=\"noopener\">Descargar gu\u00eda<\/a><\/p>\n<h4><\/h4>\n<h4>C\u00f3mic\u00a0<em>El Reino que naci\u00f3 en Asturias<\/em><\/h4>\n<p>Con guion de Javier Rodr\u00edguez Mu\u00f1os y Gaspar Meana y dibujos de Meana, descubre\u00a0<em>El Reino que naci\u00f3 en Asturias. 718-2018. Trece siglos del inicio del Reino de Asturias.\u00a0<\/em><a href=\"http:\/\/www.centroprerromanicoasturiano.com\/uploads\/cmic_el_reino_que_naci_en_asturias.pdf\" target=\"_blank\" rel=\"noopener\">Descargar\u00a0<em>El Reino que naci\u00f3 en Asturias<\/em><\/a><\/p>\n<p>&nbsp;<\/p>\n<h3>Exposiciones<\/h3>\n<p>&nbsp;<\/p>\n<h4><em>La imagen de San Miguel de Lli\u00f1o a trav\u00e9s del tiempo<\/em><\/h4>\n<p>De la mano de la\u00a0<a href=\"https:\/\/asociacionapiaa.com\/\" target=\"_blank\" rel=\"noopener\">Asociaci\u00f3n de Profesionales Independientes de la Arqueolog\u00eda de Asturias (APIAA)<\/a>, conoce virtualmente la exposici\u00f3n\u00a0<a href=\"http:\/\/www.prerromanicoasturiano.es\/es\/agenda\/439\/da-de-monumentos-y-sitios.html\"><em>La imagen de San Miguel de Lillo a trav\u00e9s del tiempo<\/em><\/a>\u00a0que en 2015 se expuso en nuestro Centro.<\/p>\n<p>&nbsp;<\/p>\n<h4><em>El entorno de los Monumentos del Prerrom\u00e1nico Asturiano<\/em><\/h4>\n<p>Muestra la <a href=\"http:\/\/www.prerromanicoasturiano.es\/es\/agenda\/444\/exposicin-virtual-el-entorno-de-los-monumentos-del-prerromnico-asturiano.html\">evoluci\u00f3n del paisaje urbano y natural que rodea a los Monumentos<\/a> en un ejercicio de an\u00e1lisis territorial sumamente instructivo y \u00fatil para la planificaci\u00f3n futura de los \u00e1mbitos de protecci\u00f3n de estas joyas patrimoniales.<\/p>\n<p>&nbsp;<\/p>\n<h4><em>Relieves<\/em><\/h4>\n<p>Exposici\u00f3n conmemorativa del trig\u00e9simo aniversario de la inclusi\u00f3n de los monumentos prerrom\u00e1nicos asturianos en la Lista del Patrimonio Mundial de la UNESCO.<\/p>\n<p><a href=\"http:\/\/www.prerromanicoasturiano.es\/uploads\/documentos\/exposicion_relieves_\/relieves-1-12.pdf\" target=\"_blank\" rel=\"noopener\">Relieves 1\u00aa parte<\/a>\u00a0 \u00a0<a href=\"http:\/\/www.prerromanicoasturiano.es\/uploads\/documentos\/exposicion_relieves_\/relieves_13-25.pdf\" target=\"_blank\" rel=\"noopener\">Relieves 2\u00aa parte<\/a><\/p>\n<p>&nbsp;<\/p>\n<h3>Mapa interactivo de Asturias con los Monumentos<\/h3>\n<p><a href=\"http:\/\/www.prerromanicoasturiano.es\/es\/26\/monumentos\/49\/monumentos.html\">Un recorrido por la Asturias prerrom\u00e1nica para conocer los distintos edificios\u00a0que la integran.<\/a><\/p>\n<p>&nbsp;<\/p>\n<h3>Imagenes escaneadas de las maqueta de Santuyano y Santa Mar\u00eda del Naranco<\/h3>\n<p>Las imgenes escaneadas de nuestras maquetas de Santuyano y Santa Mar\u00eda del Naranco en 3D se convierte en un interesante\u00a0recurso did\u00e1ctico para este curso\u00a0que te permitir\u00e1 ver c\u00f3mo est\u00e1n estructuradas las iglesia en su interior y manipularlas digitalmente\u00a0para ver las partes que integran los edificios.<\/p>\n<div>\n<div><\/div>\n<\/div>\n<\/div>\n<\/div>\n","protected":false},"excerpt":{"rendered":"<p>\u00a0 NARANCO &nbsp; La historia de Oviedo nace en la falda de un monte, el Naranco, que a\u00fan hoy parece proteger a sus habitantes. Bajo sus 635 metros de altura crece incesantemente la capital del Principado y es en su falda donde se guarda una de las mayores joyas de Asturias, dos de los mejores [&hellip;]<\/p>\n","protected":false},"author":117,"featured_media":0,"parent":63,"menu_order":0,"comment_status":"closed","ping_status":"closed","template":"","meta":{"footnotes":""},"class_list":["post-532","page","type-page","status-publish","hentry","post-preview"],"_links":{"self":[{"href":"https:\/\/edublog.educastur.es\/cultura\/wp-json\/wp\/v2\/pages\/532","targetHints":{"allow":["GET"]}}],"collection":[{"href":"https:\/\/edublog.educastur.es\/cultura\/wp-json\/wp\/v2\/pages"}],"about":[{"href":"https:\/\/edublog.educastur.es\/cultura\/wp-json\/wp\/v2\/types\/page"}],"author":[{"embeddable":true,"href":"https:\/\/edublog.educastur.es\/cultura\/wp-json\/wp\/v2\/users\/117"}],"replies":[{"embeddable":true,"href":"https:\/\/edublog.educastur.es\/cultura\/wp-json\/wp\/v2\/comments?post=532"}],"version-history":[{"count":4,"href":"https:\/\/edublog.educastur.es\/cultura\/wp-json\/wp\/v2\/pages\/532\/revisions"}],"predecessor-version":[{"id":536,"href":"https:\/\/edublog.educastur.es\/cultura\/wp-json\/wp\/v2\/pages\/532\/revisions\/536"}],"up":[{"embeddable":true,"href":"https:\/\/edublog.educastur.es\/cultura\/wp-json\/wp\/v2\/pages\/63"}],"wp:attachment":[{"href":"https:\/\/edublog.educastur.es\/cultura\/wp-json\/wp\/v2\/media?parent=532"}],"curies":[{"name":"wp","href":"https:\/\/api.w.org\/{rel}","templated":true}]}}