{"id":63,"date":"2020-07-28T16:10:38","date_gmt":"2020-07-28T16:10:38","guid":{"rendered":"https:\/\/edublog.educastur.es\/cultura\/?page_id=63"},"modified":"2021-02-06T08:41:10","modified_gmt":"2021-02-06T08:41:10","slug":"prerromanico","status":"publish","type":"page","link":"https:\/\/edublog.educastur.es\/cultura\/arte\/arquitectura\/prerromanico\/","title":{"rendered":"PRERROM\u00c1NICO"},"content":{"rendered":"<p><a href=\"https:\/\/pbs.twimg.com\/profile_banners\/1488135684\/1520855152\/1500x500\"><img loading=\"lazy\" decoding=\"async\" class=\"alignnone\" src=\"https:\/\/pbs.twimg.com\/profile_banners\/1488135684\/1520855152\/1500x500\" alt=\"\" width=\"1500\" height=\"500\" \/><\/a><\/p>\n<ul>\n<li><a href=\"https:\/\/www.turismoasturias.es\/pasaporte-cultural\"><strong>Pasaporte Cultural<\/strong> Principado de Asturias<\/a><\/li>\n<li><span style=\"font-size: 14pt\"><a href=\"https:\/\/twitter.com\/prerromanico\/\">Twitter: <strong>CENTRO PRERROM\u00c1NICO<\/strong><\/a><\/span><\/li>\n<li><span style=\"font-size: 14pt\"><a href=\"http:\/\/www.centroprerromanicoasturiano.com\/\"><span style=\"color: #008080\"><strong>http:\/\/www.centroprerromanicoasturiano.com\/\u00a0 <\/strong><\/span><\/a><\/span><\/li>\n<li><span style=\"font-size: 14pt\"><a href=\"https:\/\/www.turismoasturias.es\/\">Web <strong>Turismo Asturias<\/strong><\/a><\/span><\/li>\n<li><span style=\"font-size: 14pt\"><a href=\"https:\/\/www.turismoasturias.es\/cultura\/prerromanico\">P\u00e1gina <strong>PRERROM\u00c1NICO ASTURIANO<\/strong> de Turismo Asturias<\/a><\/span><\/li>\n<li><span style=\"font-size: 14pt\"><a href=\"https:\/\/www.turismoasturias.es\/cultura\">P\u00e1gina\u00a0<strong> CULTURA<\/strong> de Turismo Asturias<\/a><\/span><\/li>\n<\/ul>\n<p style=\"text-align: center\"><a href=\"https:\/\/www.turismoasturias.es\/documents\/11022\/4507064\/home-prerromanico.jpg\"><img loading=\"lazy\" decoding=\"async\" class=\"alignnone\" src=\"https:\/\/www.turismoasturias.es\/documents\/11022\/4507064\/home-prerromanico.jpg\" alt=\"\" width=\"1920\" height=\"750\" \/><\/a><\/p>\n<div id=\"p_p_id_56_INSTANCE_naZjjKb4GNN0_\" class=\"portlet-boundary portlet-boundary_56_ portlet-static portlet-static-end portlet-borderless portlet-journal-content \">\n<div class=\"portlet-body\">\n<div class=\"portlet-borderless-container\">\n<div class=\"portlet-body\">\n<div id=\"article_10558_11022_4507274_1.1\" class=\"journal-content-article\">\n<div id=\"page-contents\" class=\"container-fluid solid-menus\">\n<section id=\"prerromanico\" class=\"section\">\n<div class=\"container\">\n<div class=\"row\">\n<div class=\"col-md-6 col-sm-6\">\n<div class=\"textos\">Pudiera parecer que el t\u00e9rmino prerrom\u00e1nico define un periodo a\u00fan imperfecto, anterior al rom\u00e1nico hegem\u00f3nico; sin embargo, estamos ante la brillante etapa final en la que cristalizan tradiciones que se remontan al arte paleocristiano, que beben del mundo cl\u00e1sico y que<span style=\"color: #008080\"> <strong>demuestran la participaci\u00f3n de Asturias en la vanguardia cultural europea de la Alta Edad Media<\/strong><\/span>.<\/div>\n<div><\/div>\n<div class=\"textos\">Atesoramos <span style=\"color: #008080\"><strong>obras fechadas entre los siglos VIII y X que acreditan el desarrollo del Reino de Asturias,<\/strong><\/span> comparable al de las cortes bizantina o carolingia, pero tambi\u00e9n de reducidas comunidades mon\u00e1sticas, demostrando as\u00ed una riqueza intelectual de la que hoy apreciamos su huella art\u00edstica.<strong><span style=\"color: #008080\"> Estos promotores contaron con artistas expertos, con gran dominio t\u00e9cnico y capacidad simb\u00f3lica, integrando escultura y pintura o custodiando la delicada orfebrer\u00eda.<\/span><\/strong><\/div>\n<div><\/div>\n<\/div>\n<div class=\"col-md-6 col-sm-6\">\n<div>\n<div class=\"texto-destacado activo\" style=\"text-align: center\"><span style=\"color: #008080\"><strong><em><span style=\"font-size: 14pt\">El arte de la monarqu\u00eda asturiana: hito excepcional de la cultura europea medieval.<\/span><\/em><\/strong><\/span><\/div>\n<hr class=\"lines2 linesactivo wow zoomIn animated\" data-wow-delay=\"0.2s\" \/>\n<\/div>\n<\/div>\n<\/div>\n<div class=\"row\">\n<div class=\"col-md-6 col-sm-6\">\n<div class=\"wow fadeInUp animated\" style=\"text-align: center\" data-wow-delay=\"0.2s\"><img decoding=\"async\" class=\"img-bloque-derpeq\" src=\"https:\/\/www.turismoasturias.es\/documents\/11022\/4507064\/lillo.jpg\" alt=\"San Miguel de Lillo (Oviedo\/Uvi\u00e9u)\" \/><strong><span class=\"pie-foto\"><br \/>\n<span style=\"font-size: 14pt\"><em>San Miguel de Lillo (Oviedo\/Uvi\u00e9u).<\/em><\/span><\/span><\/strong><\/div>\n<\/div>\n<div class=\"col-md-6 col-sm-6\">\n<div class=\"textos\">\n<p><strong><span style=\"color: #008080\">Se considera el conjunto m\u00e1s completo y homog\u00e9neo de arquitectura altomedieval de Europa occidental, geogr\u00e1ficamente concentrado y con una excepcional calidad de conservaci\u00f3n de su estado primigenio, factores que lo convierten en \u00fanico.<\/span> <\/strong>Se desarroll\u00f3 en el momento de m\u00e1ximo esplendor del emirato de C\u00f3rdoba y trascendi\u00f3 su tiempo influyendo en la posterior arquitectura europea.<\/p>\n<p>En perfecta l\u00f3gica, ya en <strong>1985 la Unesco inscribi\u00f3 varias de estas obras en su lista de Patrimonio Mundial, ampliando la n\u00f3mina en 1998 hasta los seis monumentos asturianos del siglo IX que hoy gozan de tal privilegio.<\/strong> A \u00e9stos se suman otras construcciones y piezas art\u00edsticas que invitan a recorrer varios concejos para su descubrimiento.<\/p>\n<p><img loading=\"lazy\" decoding=\"async\" class=\"alignnone aligncenter\" src=\"http:\/\/www.centroprerromanicoasturiano.com\/images\/onu.png\" width=\"206\" height=\"160\" \/><\/p>\n<\/div>\n<\/div>\n<\/div>\n<\/div>\n<\/section>\n<section class=\"section\">\n<div class=\"counters section\" data-stellar-background-ratio=\"0.5\">\n<div class=\"container\">\n<div class=\"row\">\n<div class=\"col-md-6 col-sm-6\">\n<div class=\"section-header-destacado\">\n<h2 class=\"title-destacado wow fadeInDown animated\" style=\"text-align: center\" data-wow-duration=\"1000ms\" data-wow-delay=\"0.3s\"><span style=\"font-size: 18pt\"><em><span style=\"color: #008080\">Centro de recepci\u00f3n e interpretaci\u00f3n del Prerrom\u00e1nico de Asturias<\/span><\/em><\/span><\/h2>\n<div class=\"col-sm-12 col-xs-12\"><a href=\"http:\/\/www.centroprerromanicoasturiano.com\/uploads\/fotos\/CZFFjTDTLw49nchAmqK3xqkxGAbYsWRG.jpg\"><img loading=\"lazy\" decoding=\"async\" class=\"col-sm-12 col-xs-12 aligncenter\" src=\"http:\/\/www.centroprerromanicoasturiano.com\/uploads\/fotos\/CZFFjTDTLw49nchAmqK3xqkxGAbYsWRG.jpg\" alt=\"Centro del Prerrom\u00e1nico Asturiano\" width=\"480\" height=\"256\" \/><\/a><\/div>\n<div class=\"col-sm-12 col-xs-12\">\n<p>El horario completo para el a\u00f1o 2021 estar\u00e1 disponible pr\u00f3ximamente en el apartado <a href=\"http:\/\/www.centroprerromanicoasturiano.com\/es\/23\/el-centro\/36\/horarios-y-tarifas.html\">Horarios y Tarifas<\/a> de esta web. <strong>El Centro seguir\u00e1 activo en redes sociales<\/strong> (<a href=\"https:\/\/www.facebook.com\/PrerromanicoAsturiano\/\" target=\"_blank\" rel=\"noopener\">Facebook<\/a> y <a href=\"https:\/\/twitter.com\/prerromanico\" target=\"_blank\" rel=\"noopener\">Twitter<\/a>) y se pueden consultar numerosos recursos online a trav\u00e9s de los siguientes enlaces:<\/p>\n<ul>\n<li><a href=\"http:\/\/www.centroprerromanicoasturiano.com\/es\/noticias\/689\/el-prerromnico-asturiano-en-tu-casa.html\">Descubre #Prerrom\u00e1nicoEnCasa<\/a><\/li>\n<li><a href=\"http:\/\/www.centroprerromanicoasturiano.com\/es\/noticias\/690\/actividades-prerromnicoencasa.html\">Actividades #Prerrom\u00e1nicoEnCasa<\/a><\/li>\n<li><a href=\"http:\/\/www.centroprerromanicoasturiano.com\/es\/23\/el-centro\/65\/prerromnico-para-peques.html\">Prerrom\u00e1nico para peques<\/a><\/li>\n<li><a href=\"http:\/\/www.centroprerromanicoasturiano.com\/es\/24\/zona-escolar\/67\/prerromnico-para-escolares.html\">Prerrom\u00e1nico para escolares<\/a><\/li>\n<\/ul>\n<ul>\n<li>El acceso al Centro de Recepci\u00f3n e Interpretaci\u00f3n del Prerrom\u00e1nico Asturiano e<strong>s gratuito.<\/strong><\/li>\n<li>Se recomienda como complemento a la visita de los dos Monumentos lim\u00edtrofes ya que la informaci\u00f3n abarca todo el Prerromanico Asturiano.<\/li>\n<li><strong>La visita al Centro se puede realizar por libre o guiada de unos 40 minutos de duraci\u00f3n, previa reserva.<\/strong><\/li>\n<li>Para visitar ambos monumentos del Naranco la entrada se adquiere en Santa Mar\u00eda de Naranco (puerta bajo el balc\u00f3n de la fachada oeste).<\/li>\n<\/ul>\n<\/div>\n<\/div>\n<p class=\"textos-cuadro-destacado\"><strong>Ubicado en la ladera del Monte Naranco<\/strong>, constituye una opci\u00f3n id\u00f3nea para aproximarse a esta extraordinaria herencia cultural: una museograf\u00eda diversa (paneles, cronogramas, fotos, maquetas, medios audiovisuales&#8230;) a la que se suman la consulta de bibliograf\u00eda especializada y la frecuente realizaci\u00f3n de talleres para los m\u00e1s peque\u00f1os.<\/p>\n<\/div>\n<div class=\"col-md-6 col-sm-6\">\n<div class=\"wow fadeInUp animated\" style=\"text-align: center\" data-wow-delay=\"0.2s\"><span class=\"pie-foto\"><a href=\"http:\/\/www.centroprerromanicoasturiano.com\/uploads\/fotos\/NOTICIAS.jpg\"><img loading=\"lazy\" decoding=\"async\" class=\"alignnone\" src=\"http:\/\/www.centroprerromanicoasturiano.com\/uploads\/fotos\/NOTICIAS.jpg\" alt=\"\" width=\"1170\" height=\"600\" \/><\/a><br \/>\n<em>Exposici\u00f3n del Centro del Prerrom\u00e1nico de Asturias.<\/em><\/span><\/div>\n<div data-wow-delay=\"0.2s\">\n<hr \/>\n<\/div>\n<\/div>\n<\/div>\n<\/div>\n<\/div>\n<\/section>\n<section class=\"section\">\n<div class=\"container\">\n<div class=\"row\">\n<div class=\"col-md-12 col-sm-12 hero-area-cuadro-titulos hero-area-cultura-lista-prerromanico wow zoomIn animated\" data-wow-duration=\"2000ms\" data-wow-delay=\"0.3s\">\n<div>\n<h2 style=\"text-align: center\"><span style=\"color: #008080;font-size: 24pt\"><em>Monumentos<br \/>\n<\/em><\/span><\/h2>\n<\/div>\n<\/div>\n<\/div>\n<\/div>\n<\/section>\n<\/div>\n<\/div>\n<\/div>\n<\/div>\n<\/div>\n<\/div>\n<div id=\"p_p_id_webcontentportlet_WAR_webcontentsportlet_INSTANCE_GTYtOyPbt4CG_\" class=\"portlet-boundary portlet-boundary_webcontentportlet_WAR_webcontentsportlet_ portlet-static portlet-static-end portlet-borderless webcontentportlet-portlet \">\n<div class=\"portlet-body\">\n<div class=\"portlet-borderless-container\">\n<div class=\"portlet-body\">\n<div class=\" webcontentportlet-container webcontentportlet-prerromanico-enlace--wrapper\">\n<div class=\"content-template-wrapper prerromanico-enlace--wrapper\">\n<div class=\"content-template prerromanico-enlace-\">\n<div class=\"content-wrapper\">\n<div class=\"item-template item-template-first item-1 odd\">\n<div class=\"box-small-link-wrapper box-wrapper\">\n<div class=\"box-small-link box\">\n<div><a class=\"link\" href=\"https:\/\/www.turismoasturias.es\/descubre\/cultura\/prerromanico\/camara-santa\"> <span class=\"image-wrapper crop\"> <img decoding=\"async\" class=\"image\" title=\"Prerrom\u00e1nico :: C\u00e1mara Santa\" src=\"https:\/\/www.turismoasturias.es\/documents\/11022\/72437\/Camara_Santa3.jpg\/f025d525-812b-4701-b7b9-3146d32f37c1?t=1399037867665&amp;imageThumbnail=3\" alt=\"Prerrom\u00e1nico :: C\u00e1mara Santa\" \/> <\/span> <span class=\"info\"> <span class=\"title\"><br \/>\n<strong>C\u00e1mara Santa <\/strong><\/span> <span class=\"resume\"> De las primitivas construcciones que se emplazaban en el lugar donde hoy se erige la catedral subsiste la C\u00e1mara Santa. Oviedo\/Uvi\u00e9u <\/span> <\/span> <\/a><\/div>\n<\/div>\n<\/div>\n<\/div>\n<div class=\"item-template item-2 even\">\n<div class=\"box-small-link-wrapper box-wrapper\">\n<div class=\"box-small-link box\">\n<div><a class=\"link\" href=\"https:\/\/www.turismoasturias.es\/descubre\/cultura\/prerromanico\/iglesia-de-san-julian-de-los-prados\"> <span class=\"image-wrapper crop\"> <img decoding=\"async\" class=\"image\" title=\"Prerrom\u00e1nico :: Iglesia de San Juli\u00e1n de los Prados\" src=\"https:\/\/www.turismoasturias.es\/documents\/11022\/72475\/San+Julian+de+los+Prados.jpg\/daaa6259-0fdb-4136-aec7-ccd3532d3154?t=1540825361322&amp;imageThumbnail=3\" alt=\"Prerrom\u00e1nico :: Iglesia de San Juli\u00e1n de los Prados\" \/><br \/>\n<\/span> <span class=\"info\"> <span class=\"title\"><strong> Iglesia de San Juli\u00e1n de los Prados<\/strong> <\/span><span class=\"resume\">: es el m\u00e1s antiguo y mayor de los edificios prerrom\u00e1nicos que a\u00fan se conservan. Oviedo\/Uvi\u00e9u <\/span> <\/span> <\/a><\/div>\n<\/div>\n<\/div>\n<\/div>\n<div class=\"item-template item-3 odd\">\n<div class=\"box-small-link-wrapper box-wrapper\">\n<div class=\"box-small-link box\">\n<div><a class=\"link\" href=\"https:\/\/www.turismoasturias.es\/descubre\/cultura\/prerromanico\/iglesia-de-san-miguel-de-lillo\"> <span class=\"image-wrapper crop\"> <img decoding=\"async\" class=\"image\" title=\"Prerrom\u00e1nico :: Iglesia de San Miguel de Lillo\" src=\"https:\/\/www.turismoasturias.es\/documents\/11022\/72525\/SanMiguelLillo_Oviedo_.jpg\/dbc97023-1b42-4203-8997-ea56613ffd8d?t=1559292353317&amp;imageThumbnail=3\" alt=\"Prerrom\u00e1nico :: Iglesia de San Miguel de Lillo\" \/><br \/>\n<\/span> <span class=\"info\"><strong> <span class=\"title\"> Iglesia de San Miguel de Lillo <\/span><\/strong> <span class=\"resume\"> El edificio que hoy contemplamos corresponde a un tercio aproximadamente de la edificaci\u00f3n primitiva. Oviedo\/Uvi\u00e9u <\/span> <\/span> <\/a><\/div>\n<\/div>\n<\/div>\n<\/div>\n<div class=\"item-template item-4 even\">\n<div class=\"box-small-link-wrapper box-wrapper\">\n<div class=\"box-small-link box\">\n<div><a class=\"link\" href=\"https:\/\/www.turismoasturias.es\/descubre\/cultura\/prerromanico\/iglesia-de-san-pedro-de-nora\"> <span class=\"image-wrapper crop\"> <img decoding=\"async\" class=\"image\" title=\"Prerrom\u00e1nico :: Iglesia de San Pedro de Nora\" src=\"https:\/\/www.turismoasturias.es\/documents\/11022\/72563\/San_Pedro_de_Nora_5.jpg\/a39cfe9c-9ef5-4b05-a215-162f9cd7d221?t=1497251815798&amp;imageThumbnail=3\" alt=\"Prerrom\u00e1nico :: Iglesia de San Pedro de Nora\" \/><br \/>\n<\/span> <span class=\"info\"> <span class=\"title\"><strong> Iglesia de San Pedro de Nora<\/strong> <\/span> <span class=\"resume\"> Iglesia prerrom\u00e1nica situada a orillas del r\u00edo Nora a 13 kil\u00f3metros del concejo de Oviedo. San Pedru Nora &#8211; Las Regueras <\/span> <\/span> <\/a><\/div>\n<\/div>\n<\/div>\n<\/div>\n<div class=\"item-template item-5 odd\">\n<div class=\"box-small-link-wrapper box-wrapper\">\n<div class=\"box-small-link box\">\n<div><a class=\"link\" href=\"https:\/\/www.turismoasturias.es\/descubre\/cultura\/prerromanico\/iglesia-de-san-salvador-de-priesca\"> <span class=\"image-wrapper crop\"> <img decoding=\"async\" class=\"image\" title=\"Prerrom\u00e1nico :: Iglesia de San Salvador de Priesca\" src=\"https:\/\/www.turismoasturias.es\/documents\/11022\/72601\/SanSalvadordePriesca001.jpg\/0fd8b4f1-fcc3-4062-91d5-cfa90b7271e2?t=1438172053877&amp;imageThumbnail=3\" alt=\"Prerrom\u00e1nico :: Iglesia de San Salvador de Priesca\" \/> <\/span> <span class=\"info\"> <span class=\"title\"><br \/>\n<strong>Iglesia de San Salvador de Priesca <\/strong><\/span> <span class=\"resume\"> Iglesia prerrom\u00e1nica, que fue erigida por un presb\u00edtero llamado Juan y consagrada a San Salvador. Priesca &#8211; Villaviciosa <\/span> <\/span> <\/a><\/div>\n<\/div>\n<\/div>\n<\/div>\n<div class=\"item-template item-6 even\">\n<div class=\"box-small-link-wrapper box-wrapper\">\n<div class=\"box-small-link box\">\n<div><a class=\"link\" href=\"https:\/\/www.turismoasturias.es\/descubre\/cultura\/prerromanico\/iglesia-de-san-salvador-de-valdedios\"> <span class=\"image-wrapper crop\"> <img decoding=\"async\" class=\"image\" title=\"Prerrom\u00e1nico :: Iglesia de San Salvador de Valdedi\u00f3s\" src=\"https:\/\/www.turismoasturias.es\/documents\/11022\/72615\/MONASTERIO+DE+VALDEDIOS-VILLAVICIOSA-1.jpg\/ed809c8d-64a2-4235-96af-aa8a65cf690c?t=1540826023933&amp;imageThumbnail=3\" alt=\"Prerrom\u00e1nico :: Iglesia de San Salvador de Valdedi\u00f3s\" \/><br \/>\n<\/span> <span class=\"info\"><strong> <span class=\"title\"> Iglesia de San Salvador de Valdedi\u00f3s <\/span><\/strong><span class=\"resume\">Fue edificada por el monarca Alfonso III. Valdedi\u00f3s &#8211; Villaviciosa <\/span> <\/span> <\/a><\/div>\n<\/div>\n<\/div>\n<\/div>\n<div class=\"item-template item-7 odd\">\n<div class=\"box-small-link-wrapper box-wrapper\">\n<div class=\"box-small-link box\">\n<div><a class=\"link\" href=\"https:\/\/www.turismoasturias.es\/descubre\/cultura\/prerromanico\/iglesia-de-san-tirso-el-real\"> <span class=\"image-wrapper crop\"> <img decoding=\"async\" class=\"image\" title=\"Prerrom\u00e1nico :: Iglesia de San Tirso el Real\" src=\"https:\/\/www.turismoasturias.es\/documents\/11022\/72665\/PRSanTirso1.jpg?t=1389296107766&amp;imageThumbnail=3\" alt=\"Prerrom\u00e1nico :: Iglesia de San Tirso el Real\" \/><br \/>\n<\/span> <span class=\"info\"><strong> <span class=\"title\"> Iglesia de San Tirso el Real <\/span> <\/strong><span class=\"resume\"> Fundada en el siglo IX por Alfonso II el Casto en honor de San Tirso, fue donada a la catedral de San Salvador por Alfonso III el Magno en el a\u00f1o 897. Oviedo\/Uvi\u00e9u <\/span> <\/span> <\/a><\/div>\n<\/div>\n<\/div>\n<\/div>\n<div class=\"item-template item-8 even\">\n<div class=\"box-small-link-wrapper box-wrapper\">\n<div class=\"box-small-link box\">\n<div><a class=\"link\" href=\"https:\/\/www.turismoasturias.es\/descubre\/cultura\/prerromanico\/iglesia-de-santa-maria-de-bendones\"> <span class=\"image-wrapper crop\"> <img decoding=\"async\" class=\"image\" title=\"Prerrom\u00e1nico :: Iglesia de Santa Mar\u00eda de Bendones\" src=\"https:\/\/www.turismoasturias.es\/documents\/11022\/72691\/Santa_Mar%C3%ADa_de_Bendones_3.jpg\/7eceb876-d714-4465-aed8-a2fed1da29a4?t=1497250875756&amp;imageThumbnail=3\" alt=\"Prerrom\u00e1nico :: Iglesia de Santa Mar\u00eda de Bendones\" \/> <\/span> <span class=\"info\"><strong> <span class=\"title\"><br \/>\nIglesia de Santa Mar\u00eda de Bendones <\/span> <\/strong><span class=\"resume\"> Iglesia prerrom\u00e1nica edificada, probablemente, en tiempos del monarca Alfonso II. Bendones &#8211; Oviedo <\/span> <\/span> <\/a><\/div>\n<\/div>\n<\/div>\n<\/div>\n<div class=\"item-template item-9 odd\">\n<div class=\"box-small-link-wrapper box-wrapper\">\n<div class=\"box-small-link box\">\n<div><a class=\"link\" href=\"https:\/\/www.turismoasturias.es\/descubre\/cultura\/prerromanico\/iglesia-de-santiago-de-gobiendes\"> <span class=\"image-wrapper crop\"> <img decoding=\"async\" class=\"image\" title=\"Prerrom\u00e1nico :: Iglesia de Santiago de Gobiendes\" src=\"https:\/\/www.turismoasturias.es\/documents\/11022\/72717\/DSC_2159.jpg\/9b810776-20a0-47fa-b96b-6d8ed6e44f0c?t=1540827769533&amp;imageThumbnail=3\" alt=\"Prerrom\u00e1nico :: Iglesia de Santiago de Gobiendes\" \/><br \/>\n<\/span> <span class=\"info\"><strong> <span class=\"title\"> Iglesia de Santiago de Gobiendes <\/span><\/strong> <span class=\"resume\"> Iglesia prerrom\u00e1nica del siglo X, reedificada parcialmente en el siglo XIX. Gobiendes &#8211; Colunga <\/span> <\/span> <\/a><\/div>\n<\/div>\n<\/div>\n<\/div>\n<div class=\"item-template item-10 even\">\n<div class=\"box-small-link-wrapper box-wrapper\">\n<div class=\"box-small-link box\">\n<div><a class=\"link\" href=\"https:\/\/www.turismoasturias.es\/descubre\/cultura\/prerromanico\/iglesia-de-santo-adriano\"> <span class=\"image-wrapper crop\"> <img decoding=\"async\" class=\"image\" title=\"Prerrom\u00e1nico :: Iglesia de Santo Adriano de Tu\u00f1\u00f3n\" src=\"https:\/\/www.turismoasturias.es\/documents\/11022\/72743\/DSC_2030.jpg\/69566034-4de9-4d5d-ad7d-18cd467f6c80?t=1540827260675&amp;imageThumbnail=3\" alt=\"Prerrom\u00e1nico :: Iglesia de Santo Adriano de Tu\u00f1\u00f3n\" \/> <\/span> <span class=\"info\"> <span class=\"title\"><strong><br \/>\nIglesia de Santo Adriano de Tu\u00f1\u00f3n<\/strong> <\/span> <span class=\"resume\"> Antigua abad\u00eda benedictina fundada por el rey Alfonso III en el a\u00f1o 891. Tu\u00f1\u00f3n &#8211; Santo Adriano <\/span> <\/span> <\/a><\/div>\n<\/div>\n<\/div>\n<\/div>\n<div class=\"item-template item-11 odd\">\n<div class=\"box-small-link-wrapper box-wrapper\">\n<div class=\"box-small-link box\">\n<div><a class=\"link\" href=\"https:\/\/www.turismoasturias.es\/descubre\/cultura\/prerromanico\/la-foncalada\"> <span class=\"image-wrapper crop\"> <img decoding=\"async\" class=\"image\" title=\"Prerrom\u00e1nico :: La Foncalada\" src=\"https:\/\/www.turismoasturias.es\/documents\/11022\/72769\/FUENTE+LA+FONCALADA-OVIEDO-03.jpg\/177421dc-f92d-48bf-b449-852215e4149d?t=1540826709417&amp;imageThumbnail=3\" alt=\"Prerrom\u00e1nico :: La Foncalada\" \/><br \/>\n<\/span> <span class=\"info\"><strong> <span class=\"title\"> La Foncalada <\/span> <\/strong><span class=\"resume\"> Fuente del siglo IX, construida durante el reinado de Alfonso III. Oviedo\/Uvi\u00e9u <\/span> <\/span> <\/a><\/div>\n<\/div>\n<\/div>\n<\/div>\n<div class=\"item-template item-12 even\">\n<div class=\"box-small-link-wrapper box-wrapper\">\n<div class=\"box-small-link box\">\n<div><a class=\"link\" href=\"https:\/\/www.turismoasturias.es\/descubre\/cultura\/prerromanico\/san-andres-de-bedrinana\"> <span class=\"image-wrapper crop\"> <img decoding=\"async\" class=\"image\" title=\"Prerrom\u00e1nico :: San Andr\u00e9s de Bedri\u00f1ana\" src=\"https:\/\/www.turismoasturias.es\/documents\/11022\/71495\/San+Andr%C3%A9s+de+Bedri%C3%B1ana.jpg\/211e59ef-36c8-4145-a17e-7d4811ceafdb?t=1540823812175&amp;imageThumbnail=3\" alt=\"Prerrom\u00e1nico :: San Andr\u00e9s de Bedri\u00f1ana\" \/><br \/>\n<\/span> <span class=\"info\"> <span class=\"title\"><strong> San Andr\u00e9s de Bedri\u00f1ana<\/strong> <\/span> <span class=\"resume\"> Templo situado en la margen izquierda de la r\u00eda de Villaviciosa. Bedri\u00f1ana &#8211; Villaviciosa <\/span> <\/span> <\/a><\/div>\n<\/div>\n<\/div>\n<\/div>\n<div class=\"item-template item-13 odd\">\n<div class=\"box-small-link-wrapper box-wrapper\">\n<div class=\"box-small-link box\">\n<div><a class=\"link\" href=\"https:\/\/www.turismoasturias.es\/descubre\/cultura\/prerromanico\/santa-cristina-de-lena\"> <span class=\"image-wrapper crop\"> <img decoding=\"async\" class=\"image\" title=\"Prerrom\u00e1nico :: Santa Cristina de Lena\" src=\"https:\/\/www.turismoasturias.es\/documents\/11022\/72795\/PRSantaCristina1.jpg?t=1389296154453&amp;imageThumbnail=3\" alt=\"Prerrom\u00e1nico :: Santa Cristina de Lena\" \/> <\/span> <span class=\"info\"><strong> <span class=\"title\"><br \/>\nSanta Cristina de Lena <\/span><\/strong> <span class=\"resume\"> La ermita de Santa Cristina de Lena est\u00e1 sin duda relacionada con las obras del Naranco. La Cobertoria &#8211; Lena <\/span> <\/span> <\/a><\/div>\n<\/div>\n<\/div>\n<\/div>\n<div class=\"item-template item-14 even\">\n<div class=\"box-small-link-wrapper box-wrapper\">\n<div class=\"box-small-link box\">\n<div><a class=\"link\" href=\"https:\/\/www.turismoasturias.es\/descubre\/cultura\/prerromanico\/santa-maria-del-naranco\"> <span class=\"image-wrapper crop\"> <img decoding=\"async\" class=\"image\" title=\"Prerrom\u00e1nico :: Santa Mar\u00eda del Naranco\" src=\"https:\/\/www.turismoasturias.es\/documents\/11022\/72845\/Santa+Maria+del+Naranco.jpg\/8a79fb5f-cb60-4b52-8db1-9337a01899af?t=1540898227822&amp;imageThumbnail=3\" alt=\"Prerrom\u00e1nico :: Santa Mar\u00eda del Naranco\" \/><br \/>\n<\/span> <span class=\"info\"><strong> <span class=\"title\"> Santa Mar\u00eda del Naranco <\/span><\/strong> <span class=\"resume\"> El Palacio de Ramiro I en el Naranco es una singular construcci\u00f3n sin una finalidad esclarecida. Oviedo\/Uvi\u00e9u <\/span> <\/span> <\/a><\/div>\n<\/div>\n<\/div>\n<\/div>\n<div class=\"item-template item-template-last item-15 odd\">\n<div class=\"box-small-link-wrapper box-wrapper\">\n<div class=\"box-small-link box\">\n<div><a class=\"link\" href=\"https:\/\/www.turismoasturias.es\/descubre\/cultura\/prerromanico\/santianes-de-pravia\"> <span class=\"image-wrapper crop\"> <img decoding=\"async\" class=\"image\" title=\"Prerrom\u00e1nico :: Santianes de Pravia\" src=\"https:\/\/www.turismoasturias.es\/documents\/11022\/72387\/Panorama_sin_t%C3%ADtulo-OK.jpg\/b4fd8e2e-e7d3-4965-b335-601d3356357e?t=1540890900011&amp;imageThumbnail=3\" alt=\"Prerrom\u00e1nico :: Santianes de Pravia\" \/><br \/>\n<\/span> <span class=\"info\"><strong> <span class=\"title\"> Santianes de Pravia <\/span> <\/strong><span class=\"resume\"> Iglesia de origen prerrom\u00e1nico erigida por el rey Silo. Santianes &#8211; Pravia <\/span> <\/span> <\/a><\/div>\n<\/div>\n<\/div>\n<\/div>\n<\/div>\n<\/div>\n<\/div>\n<\/div>\n<\/div>\n<\/div>\n<\/div>\n<\/div>\n","protected":false},"excerpt":{"rendered":"<p>Pasaporte Cultural Principado de Asturias Twitter: CENTRO PRERROM\u00c1NICO http:\/\/www.centroprerromanicoasturiano.com\/\u00a0 Web Turismo Asturias P\u00e1gina PRERROM\u00c1NICO ASTURIANO de Turismo Asturias P\u00e1gina\u00a0 CULTURA de Turismo Asturias Pudiera parecer que el t\u00e9rmino prerrom\u00e1nico define un periodo a\u00fan imperfecto, anterior al rom\u00e1nico hegem\u00f3nico; sin embargo, estamos ante la brillante etapa final en la que cristalizan tradiciones que se remontan al [&hellip;]<\/p>\n","protected":false},"author":117,"featured_media":0,"parent":61,"menu_order":0,"comment_status":"closed","ping_status":"closed","template":"","meta":{"footnotes":""},"class_list":["post-63","page","type-page","status-publish","hentry","post-preview"],"_links":{"self":[{"href":"https:\/\/edublog.educastur.es\/cultura\/wp-json\/wp\/v2\/pages\/63","targetHints":{"allow":["GET"]}}],"collection":[{"href":"https:\/\/edublog.educastur.es\/cultura\/wp-json\/wp\/v2\/pages"}],"about":[{"href":"https:\/\/edublog.educastur.es\/cultura\/wp-json\/wp\/v2\/types\/page"}],"author":[{"embeddable":true,"href":"https:\/\/edublog.educastur.es\/cultura\/wp-json\/wp\/v2\/users\/117"}],"replies":[{"embeddable":true,"href":"https:\/\/edublog.educastur.es\/cultura\/wp-json\/wp\/v2\/comments?post=63"}],"version-history":[{"count":14,"href":"https:\/\/edublog.educastur.es\/cultura\/wp-json\/wp\/v2\/pages\/63\/revisions"}],"predecessor-version":[{"id":362,"href":"https:\/\/edublog.educastur.es\/cultura\/wp-json\/wp\/v2\/pages\/63\/revisions\/362"}],"up":[{"embeddable":true,"href":"https:\/\/edublog.educastur.es\/cultura\/wp-json\/wp\/v2\/pages\/61"}],"wp:attachment":[{"href":"https:\/\/edublog.educastur.es\/cultura\/wp-json\/wp\/v2\/media?parent=63"}],"curies":[{"name":"wp","href":"https:\/\/api.w.org\/{rel}","templated":true}]}}