{"id":33,"date":"2022-02-03T19:09:20","date_gmt":"2022-02-03T19:09:20","guid":{"rendered":"https:\/\/edublog.educastur.es\/departamentofyqcangasnarcea\/?page_id=33"},"modified":"2022-02-14T10:08:51","modified_gmt":"2022-02-14T10:08:51","slug":"2o-de-la-eso","status":"publish","type":"page","link":"https:\/\/edublog.educastur.es\/departamentofyqcangasnarcea\/2o-de-la-eso\/","title":{"rendered":"2\u00ba de la ESO"},"content":{"rendered":"<p><span style=\"font-size: 24pt\"><strong>Gymkana por el d\u00eda de la ni\u00f1a y la mujer en la Ciencia<\/strong><\/span><\/p>\n<p>\u00a1Buenos d\u00edas!<\/p>\n<p>Con motivo de la conmemoraci\u00f3n el pasado viernes 11 de febrero del d\u00eda de la ni\u00f1a y la mujer en la Ciencia, desde los departamentos de Educaci\u00f3n F\u00edsica, Biolog\u00eda y Geolog\u00eda, Matem\u00e1ticas y el nuestro propio, preparamos varias actividades, como os adelantamos en otro post.<\/p>\n<p>Una de ellas fue una gymkana para el alumnado de segundo de la ESO, con varias actividades entre las que se destacaba una prueba de orientaci\u00f3n preparada por el departamento de Educaci\u00f3n F\u00edsica, y diferentes pruebas preparadas por el resto de departamentos, entre las que se encontraban, por ejemplo, acertijos matem\u00e1ticos, recolocar a Eustaquia o medidas de la densidad utilizando \u00a1una balanza romana!<\/p>\n<p>Aqu\u00ed os dejamos algunas fotos de la actividad \ud83d\ude00<\/p>\n<p><img loading=\"lazy\" decoding=\"async\" class=\"alignnone size-medium wp-image-67\" src=\"http:\/\/edublog.educastur.es\/departamentofyqcangasnarcea\/files\/2022\/02\/20220211_092216-min-224x300.jpg\" alt=\"\" width=\"224\" height=\"300\" srcset=\"https:\/\/edublog.educastur.es\/departamentofyqcangasnarcea\/files\/2022\/02\/20220211_092216-min-224x300.jpg 224w, https:\/\/edublog.educastur.es\/departamentofyqcangasnarcea\/files\/2022\/02\/20220211_092216-min-766x1024.jpg 766w, https:\/\/edublog.educastur.es\/departamentofyqcangasnarcea\/files\/2022\/02\/20220211_092216-min-768x1027.jpg 768w, https:\/\/edublog.educastur.es\/departamentofyqcangasnarcea\/files\/2022\/02\/20220211_092216-min-1149x1536.jpg 1149w, https:\/\/edublog.educastur.es\/departamentofyqcangasnarcea\/files\/2022\/02\/20220211_092216-min-1532x2048.jpg 1532w, https:\/\/edublog.educastur.es\/departamentofyqcangasnarcea\/files\/2022\/02\/20220211_092216-min-676x904.jpg 676w, https:\/\/edublog.educastur.es\/departamentofyqcangasnarcea\/files\/2022\/02\/20220211_092216-min-scaled.jpg 1915w\" sizes=\"auto, (max-width: 224px) 100vw, 224px\" \/> \u00a0<img loading=\"lazy\" decoding=\"async\" class=\"alignnone size-medium wp-image-65\" src=\"http:\/\/edublog.educastur.es\/departamentofyqcangasnarcea\/files\/2022\/02\/20220211_090520-min-224x300.jpg\" alt=\"\" width=\"224\" height=\"300\" srcset=\"https:\/\/edublog.educastur.es\/departamentofyqcangasnarcea\/files\/2022\/02\/20220211_090520-min-224x300.jpg 224w, https:\/\/edublog.educastur.es\/departamentofyqcangasnarcea\/files\/2022\/02\/20220211_090520-min-766x1024.jpg 766w, https:\/\/edublog.educastur.es\/departamentofyqcangasnarcea\/files\/2022\/02\/20220211_090520-min-768x1027.jpg 768w, https:\/\/edublog.educastur.es\/departamentofyqcangasnarcea\/files\/2022\/02\/20220211_090520-min-1149x1536.jpg 1149w, https:\/\/edublog.educastur.es\/departamentofyqcangasnarcea\/files\/2022\/02\/20220211_090520-min-1532x2048.jpg 1532w, https:\/\/edublog.educastur.es\/departamentofyqcangasnarcea\/files\/2022\/02\/20220211_090520-min-676x904.jpg 676w, https:\/\/edublog.educastur.es\/departamentofyqcangasnarcea\/files\/2022\/02\/20220211_090520-min-scaled.jpg 1915w\" sizes=\"auto, (max-width: 224px) 100vw, 224px\" \/> <img loading=\"lazy\" decoding=\"async\" class=\"alignnone size-medium wp-image-64\" src=\"http:\/\/edublog.educastur.es\/departamentofyqcangasnarcea\/files\/2022\/02\/20220211_090048-min-224x300.jpg\" alt=\"\" width=\"224\" height=\"300\" srcset=\"https:\/\/edublog.educastur.es\/departamentofyqcangasnarcea\/files\/2022\/02\/20220211_090048-min-224x300.jpg 224w, https:\/\/edublog.educastur.es\/departamentofyqcangasnarcea\/files\/2022\/02\/20220211_090048-min-766x1024.jpg 766w, https:\/\/edublog.educastur.es\/departamentofyqcangasnarcea\/files\/2022\/02\/20220211_090048-min-768x1027.jpg 768w, https:\/\/edublog.educastur.es\/departamentofyqcangasnarcea\/files\/2022\/02\/20220211_090048-min-1149x1536.jpg 1149w, https:\/\/edublog.educastur.es\/departamentofyqcangasnarcea\/files\/2022\/02\/20220211_090048-min-1532x2048.jpg 1532w, https:\/\/edublog.educastur.es\/departamentofyqcangasnarcea\/files\/2022\/02\/20220211_090048-min-676x904.jpg 676w, https:\/\/edublog.educastur.es\/departamentofyqcangasnarcea\/files\/2022\/02\/20220211_090048-min-scaled.jpg 1915w\" sizes=\"auto, (max-width: 224px) 100vw, 224px\" \/><img loading=\"lazy\" decoding=\"async\" class=\"alignnone size-medium wp-image-68\" src=\"http:\/\/edublog.educastur.es\/departamentofyqcangasnarcea\/files\/2022\/02\/IMG-20220211-WA0018_def-300x169.jpeg\" alt=\"\" width=\"300\" height=\"169\" srcset=\"https:\/\/edublog.educastur.es\/departamentofyqcangasnarcea\/files\/2022\/02\/IMG-20220211-WA0018_def-300x169.jpeg 300w, https:\/\/edublog.educastur.es\/departamentofyqcangasnarcea\/files\/2022\/02\/IMG-20220211-WA0018_def-676x381.jpeg 676w, https:\/\/edublog.educastur.es\/departamentofyqcangasnarcea\/files\/2022\/02\/IMG-20220211-WA0018_def.jpeg 682w\" sizes=\"auto, (max-width: 300px) 100vw, 300px\" \/><\/p>\n<p><img loading=\"lazy\" decoding=\"async\" class=\"alignnone size-medium wp-image-69\" src=\"http:\/\/edublog.educastur.es\/departamentofyqcangasnarcea\/files\/2022\/02\/20220211_100123_deff-300x225.jpg\" alt=\"\" width=\"300\" height=\"225\" srcset=\"https:\/\/edublog.educastur.es\/departamentofyqcangasnarcea\/files\/2022\/02\/20220211_100123_deff-300x225.jpg 300w, https:\/\/edublog.educastur.es\/departamentofyqcangasnarcea\/files\/2022\/02\/20220211_100123_deff.jpg 591w\" sizes=\"auto, (max-width: 300px) 100vw, 300px\" \/><img loading=\"lazy\" decoding=\"async\" class=\"alignnone size-medium wp-image-66\" src=\"http:\/\/edublog.educastur.es\/departamentofyqcangasnarcea\/files\/2022\/02\/20220211_090742-min-300x225.jpg\" alt=\"\" width=\"300\" height=\"225\" srcset=\"https:\/\/edublog.educastur.es\/departamentofyqcangasnarcea\/files\/2022\/02\/20220211_090742-min-300x225.jpg 300w, https:\/\/edublog.educastur.es\/departamentofyqcangasnarcea\/files\/2022\/02\/20220211_090742-min-1024x768.jpg 1024w, https:\/\/edublog.educastur.es\/departamentofyqcangasnarcea\/files\/2022\/02\/20220211_090742-min-768x576.jpg 768w, https:\/\/edublog.educastur.es\/departamentofyqcangasnarcea\/files\/2022\/02\/20220211_090742-min-1536x1152.jpg 1536w, https:\/\/edublog.educastur.es\/departamentofyqcangasnarcea\/files\/2022\/02\/20220211_090742-min-2048x1536.jpg 2048w, https:\/\/edublog.educastur.es\/departamentofyqcangasnarcea\/files\/2022\/02\/20220211_090742-min-676x507.jpg 676w\" sizes=\"auto, (max-width: 300px) 100vw, 300px\" \/><\/p>\n<p>&nbsp;<\/p>\n","protected":false},"excerpt":{"rendered":"<p>Gymkana por el d\u00eda de la ni\u00f1a y la mujer en la Ciencia \u00a1Buenos d\u00edas! Con motivo de la conmemoraci\u00f3n el pasado viernes 11 de febrero del d\u00eda de la ni\u00f1a y la mujer en la Ciencia, desde los departamentos de Educaci\u00f3n F\u00edsica, Biolog\u00eda y Geolog\u00eda, Matem\u00e1ticas y el nuestro propio, preparamos varias actividades, como [&hellip;]<\/p>\n","protected":false},"author":1327,"featured_media":0,"parent":0,"menu_order":0,"comment_status":"closed","ping_status":"closed","template":"","meta":{"footnotes":""},"class_list":["post-33","page","type-page","status-publish","hentry","post-preview"],"_links":{"self":[{"href":"https:\/\/edublog.educastur.es\/departamentofyqcangasnarcea\/wp-json\/wp\/v2\/pages\/33","targetHints":{"allow":["GET"]}}],"collection":[{"href":"https:\/\/edublog.educastur.es\/departamentofyqcangasnarcea\/wp-json\/wp\/v2\/pages"}],"about":[{"href":"https:\/\/edublog.educastur.es\/departamentofyqcangasnarcea\/wp-json\/wp\/v2\/types\/page"}],"author":[{"embeddable":true,"href":"https:\/\/edublog.educastur.es\/departamentofyqcangasnarcea\/wp-json\/wp\/v2\/users\/1327"}],"replies":[{"embeddable":true,"href":"https:\/\/edublog.educastur.es\/departamentofyqcangasnarcea\/wp-json\/wp\/v2\/comments?post=33"}],"version-history":[{"count":4,"href":"https:\/\/edublog.educastur.es\/departamentofyqcangasnarcea\/wp-json\/wp\/v2\/pages\/33\/revisions"}],"predecessor-version":[{"id":72,"href":"https:\/\/edublog.educastur.es\/departamentofyqcangasnarcea\/wp-json\/wp\/v2\/pages\/33\/revisions\/72"}],"wp:attachment":[{"href":"https:\/\/edublog.educastur.es\/departamentofyqcangasnarcea\/wp-json\/wp\/v2\/media?parent=33"}],"curies":[{"name":"wp","href":"https:\/\/api.w.org\/{rel}","templated":true}]}}