{"id":2,"date":"2020-11-04T19:55:40","date_gmt":"2020-11-04T19:55:40","guid":{"rendered":"https:\/\/edublog.educastur.es\/docenteseconomia\/?page_id=2"},"modified":"2020-11-21T17:14:42","modified_gmt":"2020-11-21T17:14:42","slug":"acerca_de","status":"publish","type":"page","link":"https:\/\/edublog.educastur.es\/docenteseconomia\/acerca_de\/","title":{"rendered":"Acerca de"},"content":{"rendered":"\r\n<p>Desde esta p\u00e1gina te damos la bienvenida al <a href=\"https:\/\/edublog.educastur.es\/docenteseconomia\/\">blog de los Docentes de Econom\u00eda de Secundaria en Asturias<\/a>.<\/p>\r\n<p>Un grupo de docentes de esta especialidad nos hemos unido para crear una asociaci\u00f3n, de la que encontrar\u00e1s informaci\u00f3n en el blog; uno de nuestros objetivos es lograr, tras m\u00e1s de dos d\u00e9cadas, el reconocimiento oficial de nuestra labor mediante la creaci\u00f3n del Departamento Did\u00e1ctico de Econom\u00eda en los IES de Asturias. Si te interesa unirte busca la entrada \u00abficha para asociarse a ADESASTUR\u00bb.<\/p>\r\n<p>Adem\u00e1s, compartimos materiales, recursos,&#8230;<\/p>\r\n<p>Si quieres ponerte en contacto con nosotros puedes escribirnos un correo electr\u00f3nico a <a href=\"mailto:adesastur@gmail.com\">adesastur@gmail.com<\/a> y por correo postal al domicilio de la asociaci\u00f3n, Calle Joaqu\u00edn Costa, No 48 (Hotel de Asociaciones Santullano), Oviedo, CP: 33011 a la atenci\u00f3n de ASOCIACI\u00d3N DE DOCENTES DE ECONOM\u00cdA DE SECUNDARIA EN ASTURIAS (ADESASTUR)<\/p>\r\n","protected":false},"excerpt":{"rendered":"<p>Desde esta p\u00e1gina te damos la bienvenida al blog de los Docentes de Econom\u00eda de Secundaria en Asturias. Un grupo de docentes de esta especialidad nos hemos unido para crear una asociaci\u00f3n, de la que encontrar\u00e1s informaci\u00f3n en el blog; uno de nuestros objetivos es lograr, tras m\u00e1s de dos d\u00e9cadas, el reconocimiento oficial de &hellip; <a href=\"https:\/\/edublog.educastur.es\/docenteseconomia\/acerca_de\/\" class=\"more-link\">Seguir leyendo <span class=\"screen-reader-text\">Acerca de<\/span><\/a><\/p>\n","protected":false},"author":32,"featured_media":0,"parent":0,"menu_order":0,"comment_status":"closed","ping_status":"open","template":"","meta":{"footnotes":""},"class_list":["post-2","page","type-page","status-publish","hentry","no-featured-image"],"_links":{"self":[{"href":"https:\/\/edublog.educastur.es\/docenteseconomia\/wp-json\/wp\/v2\/pages\/2","targetHints":{"allow":["GET"]}}],"collection":[{"href":"https:\/\/edublog.educastur.es\/docenteseconomia\/wp-json\/wp\/v2\/pages"}],"about":[{"href":"https:\/\/edublog.educastur.es\/docenteseconomia\/wp-json\/wp\/v2\/types\/page"}],"author":[{"embeddable":true,"href":"https:\/\/edublog.educastur.es\/docenteseconomia\/wp-json\/wp\/v2\/users\/32"}],"replies":[{"embeddable":true,"href":"https:\/\/edublog.educastur.es\/docenteseconomia\/wp-json\/wp\/v2\/comments?post=2"}],"version-history":[{"count":3,"href":"https:\/\/edublog.educastur.es\/docenteseconomia\/wp-json\/wp\/v2\/pages\/2\/revisions"}],"predecessor-version":[{"id":11,"href":"https:\/\/edublog.educastur.es\/docenteseconomia\/wp-json\/wp\/v2\/pages\/2\/revisions\/11"}],"wp:attachment":[{"href":"https:\/\/edublog.educastur.es\/docenteseconomia\/wp-json\/wp\/v2\/media?parent=2"}],"curies":[{"name":"wp","href":"https:\/\/api.w.org\/{rel}","templated":true}]}}