{"id":24,"date":"2025-11-07T13:05:18","date_gmt":"2025-11-07T12:05:18","guid":{"rendered":"https:\/\/edublog.educastur.es\/ecolombres\/?page_id=24"},"modified":"2025-12-23T12:14:49","modified_gmt":"2025-12-23T11:14:49","slug":"sostenibilidad","status":"publish","type":"page","link":"https:\/\/edublog.educastur.es\/ecolombres\/sostenibilidad\/","title":{"rendered":"Sostenibilidad"},"content":{"rendered":"<h1 data-start=\"303\" data-end=\"378\"><strong data-start=\"309\" data-end=\"378\">Hacia un CPEB de Colombres m\u00e1s sostenible: \u00a1<span style=\"color: #008000\">E<span style=\"color: #800080\">C<\/span><\/span><span style=\"color: #0000ff\">O<\/span>lombres en acci\u00f3n!<\/strong><\/h1>\n<p data-start=\"380\" data-end=\"821\">En el <em data-start=\"386\" data-end=\"405\">CPEB de Colombres<\/em> creemos firmemente que la educaci\u00f3n va mucho m\u00e1s all\u00e1 de los libros: tambi\u00e9n es una herramienta esencial para cuidar el planeta. Por eso, desde nuestro grupo de formaci\u00f3n sobre sostenibilidad, impulsaremos durante este curso escolar un <strong data-start=\"637\" data-end=\"673\">Plan de Sostenibilidad Ambiental<\/strong> que toma como referencia la normativa educativa existente en la Comunidad Aut\u00f3noma de <strong data-start=\"769\" data-end=\"782\">Cantabria<\/strong>.<\/p>\n<figure id=\"attachment_80\" aria-describedby=\"caption-attachment-80\" style=\"width: 300px\" class=\"wp-caption aligncenter\"><img loading=\"lazy\" decoding=\"async\" class=\"size-medium wp-image-80\" src=\"http:\/\/edublog.educastur.es\/ecolombres\/files\/2025\/12\/JuApr28-en-taman\u0303o-mediano-300x192.jpeg\" alt=\"\" width=\"300\" height=\"192\" srcset=\"https:\/\/edublog.educastur.es\/ecolombres\/files\/2025\/12\/JuApr28-en-taman\u0303o-mediano-300x192.jpeg 300w, https:\/\/edublog.educastur.es\/ecolombres\/files\/2025\/12\/JuApr28-en-taman\u0303o-mediano.jpeg 640w\" sizes=\"auto, (max-width: 300px) 100vw, 300px\" \/><figcaption id=\"caption-attachment-80\" class=\"wp-caption-text\"><span style=\"font-size: 8pt\">Freepik<\/span><\/figcaption><\/figure>\n<p data-start=\"823\" data-end=\"880\">\n<h2 data-start=\"823\" data-end=\"880\">\u00bfPor qu\u00e9 inspirarnos en la normativa de Cantabria?<\/h2>\n<p data-start=\"882\" data-end=\"1492\">Aunque en Asturias actualmente no existe una normativa espec\u00edfica sobre planes de sostenibilidad para centros educativos, en Cantabria s\u00ed se reconoce formalmente la <strong data-start=\"1047\" data-end=\"1085\">Orden EDU\/51\/2005, de 31 de agosto<\/strong>, que establece el <strong data-start=\"1104\" data-end=\"1172\">Plan de Educaci\u00f3n para la Sostenibilidad en el Sistema Educativo<\/strong>.<\/p>\n<p data-start=\"882\" data-end=\"1492\">Esta orden anima a los centros a <span style=\"color: #008000\">integrar acciones ambientales dentro de su Proyecto Educativo<\/span>, fomentando la participaci\u00f3n de toda la comunidad educativa (alumnado, profesorado, familias y personal) y promoviendo una educaci\u00f3n ambiental transversal y comprometida con el entorno<span class=\"\" data-state=\"closed\"><span class=\"ms-1 inline-flex max-w-full items-center relative top-[-0.094rem] animate-[show_150ms_ease-in]\" data-testid=\"webpage-citation-pill\"><span class=\"relative start-0 bottom-0 flex h-full w-full items-center\"><span class=\"flex h-4 w-full items-center justify-between overflow-hidden\"><span class=\"max-w-[15ch] grow truncate overflow-hidden text-center\">.<\/span><\/span><\/span><\/span><\/span><\/p>\n<figure id=\"attachment_84\" aria-describedby=\"caption-attachment-84\" style=\"width: 300px\" class=\"wp-caption alignleft\"><img loading=\"lazy\" decoding=\"async\" class=\"size-medium wp-image-84\" src=\"http:\/\/edublog.educastur.es\/ecolombres\/files\/2025\/12\/v991-au-033-en-taman\u0303o-grande-300x200.jpeg\" alt=\"\" width=\"300\" height=\"200\" srcset=\"https:\/\/edublog.educastur.es\/ecolombres\/files\/2025\/12\/v991-au-033-en-taman\u0303o-grande-300x200.jpeg 300w, https:\/\/edublog.educastur.es\/ecolombres\/files\/2025\/12\/v991-au-033-en-taman\u0303o-grande-1024x682.jpeg 1024w, https:\/\/edublog.educastur.es\/ecolombres\/files\/2025\/12\/v991-au-033-en-taman\u0303o-grande-768x512.jpeg 768w, https:\/\/edublog.educastur.es\/ecolombres\/files\/2025\/12\/v991-au-033-en-taman\u0303o-grande.jpeg 1280w\" sizes=\"auto, (max-width: 300px) 100vw, 300px\" \/><figcaption id=\"caption-attachment-84\" class=\"wp-caption-text\"><span style=\"font-size: 8pt\">Freepik.<\/span><\/figcaption><\/figure>\n<h3>\u00bfQu\u00e9 queremos lograr con nuestro plan?<\/h3>\n<p data-start=\"1541\" data-end=\"1772\">Nuestro objetivo es avanzar hacia un centro m\u00e1s respetuoso con el medio ambiente y m\u00e1s consciente de los <strong data-start=\"1646\" data-end=\"1676\">desaf\u00edos de sostenibilidad<\/strong> del siglo XXI. Para ello, el plan que dise\u00f1amos desde <strong data-start=\"1731\" data-end=\"1745\">Ecolombres<\/strong> se basa en varios pilares:<\/p>\n<p data-start=\"1774\" data-end=\"2436\">\ud83d\udd39 <strong data-start=\"1777\" data-end=\"1803\">Integraci\u00f3n curricular<\/strong>: incorporar la sostenibilidad ambiental dentro de las materias y actividades did\u00e1cticas.<br data-start=\"1892\" data-end=\"1895\" \/>\ud83d\udd39 <strong data-start=\"1898\" data-end=\"1932\">Gesti\u00f3n responsable del centro<\/strong>: mejorar pr\u00e1cticas cotidianas como el uso de los recursos, la energ\u00eda, el agua y la gesti\u00f3n de residuos.<br data-start=\"2024\" data-end=\"2027\" \/>\ud83d\udd39 <strong data-start=\"2030\" data-end=\"2059\">Participaci\u00f3n comunitaria<\/strong>: promover la implicaci\u00f3n de toda la comunidad educativa.<br data-start=\"2171\" data-end=\"2174\" \/>\ud83d\udd39 <strong data-start=\"2177\" data-end=\"2199\">Acciones concretas<\/strong>: organizaremos actividades entorno al reciclaje, impulsaremos un huerto escolar y realizaremos una ecoauditor\u00eda, entre otras cosas.<br data-start=\"2317\" data-end=\"2320\" \/>\ud83d\udd39 <strong data-start=\"2323\" data-end=\"2355\">Evaluaci\u00f3n y mejora continua<\/strong>: valoraremos nuestros avances para seguir mejorando a\u00f1o tras a\u00f1o.<\/p>\n<h3 data-start=\"2438\" data-end=\"2487\"><\/h3>\n<blockquote>\n<h3 data-start=\"2438\" data-end=\"2487\">\u00bfQu\u00e9 aporta este plan a nuestra comunidad?<\/h3>\n<p data-start=\"2489\" data-end=\"2910\">Adem\u00e1s de contribuir al cuidado del planeta, nuestro plan fortalece valores como la <strong data-start=\"2573\" data-end=\"2647\">responsabilidad, el trabajo en equipo, la creatividad y la solidaridad<\/strong>. Y al tomar como referencia experiencias y marcos normativos ya implementados (como el de Cantabria), nos aseguramos de que nuestro proyecto tenga <strong data-start=\"2795\" data-end=\"2836\">solidez, coherencia y un impacto real<\/strong> tanto dentro como fuera del centro. <span class=\"\" data-state=\"closed\"><span class=\"ms-1 inline-flex max-w-full items-center relative top-[-0.094rem] animate-[show_150ms_ease-in]\" data-testid=\"webpage-citation-pill\"><a class=\"flex h-4.5 overflow-hidden rounded-xl px-2 text-[9px] font-medium transition-colors duration-150 ease-in-out text-token-text-secondary! bg-[#F4F4F4]! dark:bg-[#303030]!\" href=\"https:\/\/www.educantabria.es\/calidad\/ces\/edsycm?utm_source=chatgpt.com\" target=\"_blank\" rel=\"noopener\"><span class=\"relative start-0 bottom-0 flex h-full w-full items-center\"><span class=\"flex h-4 w-full items-center justify-between overflow-hidden\"><span class=\"max-w-[15ch] grow truncate overflow-hidden text-center\">educantabria<\/span><\/span><\/span><\/a><\/span><\/span><\/p>\n<\/blockquote>\n<h3 data-start=\"2912\" data-end=\"2947\"><\/h3>\n<h3 data-start=\"2912\" data-end=\"2947\">\ud83c\udf0d Una educaci\u00f3n que transforma \ud83c\udf0d<\/h3>\n<blockquote>\n<p data-start=\"2949\" data-end=\"3165\"><strong><span style=\"color: #008000\">La sostenibilidad no es solo un proyecto: es una forma de vivir y aprender<\/span><\/strong><\/p>\n<\/blockquote>\n<p data-start=\"2949\" data-end=\"3165\">En el CPEB de Colombres queremos que cada persona se sienta parte activa del cambio. Porque cuidar nuestro entorno es cuidar nuestro futuro.<\/p>\n<p data-start=\"3167\" data-end=\"3325\">\ud83d\udc49 \u00a1Sigue las <a href=\"https:\/\/edublog.educastur.es\/ecolombres\/acciones\/\">acciones de <strong data-start=\"3196\" data-end=\"3210\">ECOlombres<\/strong> <\/a>y participa! Juntos podemos hacer de nuestro centro un lugar m\u00e1s verde, responsable y comprometido con el planeta.<\/p>\n","protected":false},"excerpt":{"rendered":"<p>Hacia un CPEB de Colombres m\u00e1s sostenible: \u00a1ECOlombres en acci\u00f3n! En el CPEB de Colombres creemos firmemente que la educaci\u00f3n va mucho m\u00e1s all\u00e1 de los libros: tambi\u00e9n es una herramienta esencial para cuidar el planeta. Por eso, desde nuestro [&hellip;]<\/p>\n","protected":false},"author":7288,"featured_media":0,"parent":0,"menu_order":0,"comment_status":"closed","ping_status":"closed","template":"","meta":{"footnotes":""},"class_list":["post-24","page","type-page","status-publish","hentry"],"_links":{"self":[{"href":"https:\/\/edublog.educastur.es\/ecolombres\/wp-json\/wp\/v2\/pages\/24","targetHints":{"allow":["GET"]}}],"collection":[{"href":"https:\/\/edublog.educastur.es\/ecolombres\/wp-json\/wp\/v2\/pages"}],"about":[{"href":"https:\/\/edublog.educastur.es\/ecolombres\/wp-json\/wp\/v2\/types\/page"}],"author":[{"embeddable":true,"href":"https:\/\/edublog.educastur.es\/ecolombres\/wp-json\/wp\/v2\/users\/7288"}],"replies":[{"embeddable":true,"href":"https:\/\/edublog.educastur.es\/ecolombres\/wp-json\/wp\/v2\/comments?post=24"}],"version-history":[{"count":9,"href":"https:\/\/edublog.educastur.es\/ecolombres\/wp-json\/wp\/v2\/pages\/24\/revisions"}],"predecessor-version":[{"id":87,"href":"https:\/\/edublog.educastur.es\/ecolombres\/wp-json\/wp\/v2\/pages\/24\/revisions\/87"}],"wp:attachment":[{"href":"https:\/\/edublog.educastur.es\/ecolombres\/wp-json\/wp\/v2\/media?parent=24"}],"curies":[{"name":"wp","href":"https:\/\/api.w.org\/{rel}","templated":true}]}}