{"id":25,"date":"2025-11-07T13:05:18","date_gmt":"2025-11-07T12:05:18","guid":{"rendered":"https:\/\/edublog.educastur.es\/ecolombres\/?page_id=25"},"modified":"2025-12-23T12:19:09","modified_gmt":"2025-12-23T11:19:09","slug":"acciones","status":"publish","type":"page","link":"https:\/\/edublog.educastur.es\/ecolombres\/acciones\/","title":{"rendered":"Acciones"},"content":{"rendered":"<p>En esta secci\u00f3n encontrar\u00e1s todo lo que vamos haciendo en relaci\u00f3n a nuestro Proyecto de Sostenibilidad.<\/p>\n<p><img loading=\"lazy\" decoding=\"async\" class=\"alignnone size-medium wp-image-89 aligncenter\" src=\"http:\/\/edublog.educastur.es\/ecolombres\/files\/2025\/12\/bodegon-de-los-objetivos-de-desarrollo-sostenible-en-taman\u0303o-grande-300x200.jpeg\" alt=\"Acciones sostenibles\" width=\"300\" height=\"200\" srcset=\"https:\/\/edublog.educastur.es\/ecolombres\/files\/2025\/12\/bodegon-de-los-objetivos-de-desarrollo-sostenible-en-taman\u0303o-grande-300x200.jpeg 300w, https:\/\/edublog.educastur.es\/ecolombres\/files\/2025\/12\/bodegon-de-los-objetivos-de-desarrollo-sostenible-en-taman\u0303o-grande-1024x682.jpeg 1024w, https:\/\/edublog.educastur.es\/ecolombres\/files\/2025\/12\/bodegon-de-los-objetivos-de-desarrollo-sostenible-en-taman\u0303o-grande-768x512.jpeg 768w, https:\/\/edublog.educastur.es\/ecolombres\/files\/2025\/12\/bodegon-de-los-objetivos-de-desarrollo-sostenible-en-taman\u0303o-grande.jpeg 1280w\" sizes=\"auto, (max-width: 300px) 100vw, 300px\" \/><\/p>\n","protected":false},"excerpt":{"rendered":"<p>En esta secci\u00f3n encontrar\u00e1s todo lo que vamos haciendo en relaci\u00f3n a nuestro Proyecto de Sostenibilidad.<\/p>\n","protected":false},"author":7288,"featured_media":0,"parent":0,"menu_order":0,"comment_status":"closed","ping_status":"closed","template":"","meta":{"footnotes":""},"class_list":["post-25","page","type-page","status-publish","hentry"],"_links":{"self":[{"href":"https:\/\/edublog.educastur.es\/ecolombres\/wp-json\/wp\/v2\/pages\/25","targetHints":{"allow":["GET"]}}],"collection":[{"href":"https:\/\/edublog.educastur.es\/ecolombres\/wp-json\/wp\/v2\/pages"}],"about":[{"href":"https:\/\/edublog.educastur.es\/ecolombres\/wp-json\/wp\/v2\/types\/page"}],"author":[{"embeddable":true,"href":"https:\/\/edublog.educastur.es\/ecolombres\/wp-json\/wp\/v2\/users\/7288"}],"replies":[{"embeddable":true,"href":"https:\/\/edublog.educastur.es\/ecolombres\/wp-json\/wp\/v2\/comments?post=25"}],"version-history":[{"count":3,"href":"https:\/\/edublog.educastur.es\/ecolombres\/wp-json\/wp\/v2\/pages\/25\/revisions"}],"predecessor-version":[{"id":90,"href":"https:\/\/edublog.educastur.es\/ecolombres\/wp-json\/wp\/v2\/pages\/25\/revisions\/90"}],"wp:attachment":[{"href":"https:\/\/edublog.educastur.es\/ecolombres\/wp-json\/wp\/v2\/media?parent=25"}],"curies":[{"name":"wp","href":"https:\/\/api.w.org\/{rel}","templated":true}]}}