{"id":446,"date":"2021-03-01T17:06:26","date_gmt":"2021-03-01T17:06:26","guid":{"rendered":"https:\/\/edublog.educastur.es\/econoblog\/?page_id=446"},"modified":"2021-03-01T17:40:21","modified_gmt":"2021-03-01T17:40:21","slug":"quien-soy","status":"publish","type":"page","link":"https:\/\/edublog.educastur.es\/econoblog\/quien-soy\/","title":{"rendered":"\u00bfQui\u00e9n soy?"},"content":{"rendered":"<p class=\"font_7\"><img loading=\"lazy\" decoding=\"async\" class=\"size-medium wp-image-447 alignleft\" src=\"http:\/\/edublog.educastur.es\/econoblog\/files\/2021\/03\/astorga-233x300.jpg\" alt=\"\" width=\"233\" height=\"300\" srcset=\"https:\/\/edublog.educastur.es\/econoblog\/files\/2021\/03\/astorga-233x300.jpg 233w, https:\/\/edublog.educastur.es\/econoblog\/files\/2021\/03\/astorga-149x192.jpg 149w, https:\/\/edublog.educastur.es\/econoblog\/files\/2021\/03\/astorga.jpg 367w\" sizes=\"auto, (max-width: 233px) 100vw, 233px\" \/>Mi nombre es M\u00aa \u00c1ngeles Luengo y\u00a0 soy profesora de Educaci\u00f3n Secundaria y Bachillerato de la especialidad de Econom\u00eda en IES Doctor Fleming (Oviedo, Asturias).<\/p>\n<p class=\"font_7\">Entre mis aficiones est\u00e1 la lectura, las series de televisi\u00f3n y buena parte de mi tiempo libre la dedico a hacer senderismo y trekking, me gustan las reuniones con mis amistades y mantener largas conversaciones. Lo que m\u00e1s tiempo me ocupa es mi familia y mi profesi\u00f3n.<\/p>\n<p>Soy licenciada en Ciencias Econ\u00f3micas y Empresariales por la Universidad de Oviedo y T\u00e9cnica especialista en Transporte y Log\u00edstica,\u00a0 he cursado un m\u00e1ster en Direcci\u00f3n y Gesti\u00f3n de Empresas, becado por EUROFORM, impartido por la Universidad de Oviedo y el IPC de la C\u00e1mara de Comercio de Toulouse,\u00a0 y un curso de especializaci\u00f3n: Curso Superior Diplomado en T\u00e9cnicas Fiscales por la Universidad de Oviedo. He realizado otros cursos de especializaci\u00f3n en\u00a0 Gesti\u00f3n de la Calidad Total, Log\u00edstica Integral, Programas integrados de Gesti\u00f3n. He realizado pr\u00e1cticas de empresa en Mirouze Novacier (Grupo Pum), he trabajado en dos entidades financieras: Cr\u00e9dit Agricole Pyr\u00e9n\u00e9es Gascogne y Bankinter y en una empresa de trabajo temporal, SETT . Llevo m\u00e1s de 20 a\u00f1os dedicada a la docencia en los IES de Asturias, en Llanes, Gij\u00f3n, Mieres, Oviedo, Posada de Llanera, Nore\u00f1a. Adem\u00e1s de obtener el Certificado de Aptitud Docente he realizado decenas de cursos de adquisici\u00f3n y mejora de t\u00e9cnicas pedag\u00f3gicas y uso de nuevas tecnolog\u00edas, he participado y coordinado grupos de trabajo y adquirido y mejorado mis conocimientos de ingl\u00e9s y franc\u00e9s (C1)<\/p>\n","protected":false},"excerpt":{"rendered":"<p>Mi nombre es M\u00aa \u00c1ngeles Luengo y\u00a0 soy profesora de Educaci\u00f3n Secundaria y Bachillerato de la especialidad de Econom\u00eda en IES Doctor Fleming (Oviedo, Asturias). Entre mis aficiones est\u00e1 la lectura, las series de televisi\u00f3n y buena parte de mi&#8230; <a class=\"more-link\" href=\"https:\/\/edublog.educastur.es\/econoblog\/quien-soy\/\">Seguir leyendo &rarr;<\/a><\/p>\n","protected":false},"author":67,"featured_media":0,"parent":0,"menu_order":0,"comment_status":"closed","ping_status":"closed","template":"","meta":{"footnotes":""},"class_list":["post-446","page","type-page","status-publish","hentry"],"_links":{"self":[{"href":"https:\/\/edublog.educastur.es\/econoblog\/wp-json\/wp\/v2\/pages\/446","targetHints":{"allow":["GET"]}}],"collection":[{"href":"https:\/\/edublog.educastur.es\/econoblog\/wp-json\/wp\/v2\/pages"}],"about":[{"href":"https:\/\/edublog.educastur.es\/econoblog\/wp-json\/wp\/v2\/types\/page"}],"author":[{"embeddable":true,"href":"https:\/\/edublog.educastur.es\/econoblog\/wp-json\/wp\/v2\/users\/67"}],"replies":[{"embeddable":true,"href":"https:\/\/edublog.educastur.es\/econoblog\/wp-json\/wp\/v2\/comments?post=446"}],"version-history":[{"count":6,"href":"https:\/\/edublog.educastur.es\/econoblog\/wp-json\/wp\/v2\/pages\/446\/revisions"}],"predecessor-version":[{"id":449,"href":"https:\/\/edublog.educastur.es\/econoblog\/wp-json\/wp\/v2\/pages\/446\/revisions\/449"}],"wp:attachment":[{"href":"https:\/\/edublog.educastur.es\/econoblog\/wp-json\/wp\/v2\/media?parent=446"}],"curies":[{"name":"wp","href":"https:\/\/api.w.org\/{rel}","templated":true}]}}