{"id":391,"date":"2023-10-12T18:52:10","date_gmt":"2023-10-12T18:52:10","guid":{"rendered":"https:\/\/edublog.educastur.es\/edulgtbi\/?page_id=391"},"modified":"2023-10-14T19:20:04","modified_gmt":"2023-10-14T19:20:04","slug":"mesa-profesorado","status":"publish","type":"page","link":"https:\/\/edublog.educastur.es\/edulgtbi\/asociaciones\/red-educativa\/04-jornada-2023\/2-ponentes\/mesa-profesorado\/","title":{"rendered":"Mesa PROFESORADO"},"content":{"rendered":"<p style=\"text-align: center\"><span style=\"color: #008080;font-size: 18pt\"><em><strong>\u00abLa doble realidad:<br \/>\nel profesorado y el alumnado LGTBI+.<br \/>\nRetos, necesidades y apoyos\u00bb.<\/strong><\/em><\/span><\/p>\n<ul>\n<li><em><strong><span style=\"font-size: 14pt\">Isa Lobo Huerta:<\/span><\/strong><span style=\"font-size: 14pt\"> Red Educativa y profesora de Primaria<\/span><\/em><\/li>\n<li><em><strong><span style=\"font-size: 14pt\">Azucena Couso P\u00e9rez:<\/span><\/strong><span style=\"font-size: 14pt\"> Red Educativa y profesora E. Secundaria<\/span><\/em><\/li>\n<li><em><strong><span style=\"font-size: 14pt\">\u00c1lvaro Villegas Fuentes: <\/span><\/strong><span style=\"font-size: 14pt\">Red educativa, Psic\u00f3logo y Orientador Educativo<\/span><\/em><\/li>\n<li><em><strong><span style=\"font-size: 14pt\">Diego Fern\u00e1ndez Fern\u00e1ndez: <\/span><\/strong><span style=\"font-size: 14pt\">Doctor en Educaci\u00f3n y Sex\u00f3logo. Universidad de Oviedo<\/span><\/em><\/li>\n<\/ul>\n<p>&nbsp;<\/p>\n<ul>\n<li><a href=\"https:\/\/drive.google.com\/file\/d\/1KOaXAnHKICkKjNSJ3Ooa4hUlSvdqGxhL\/view\">Abrir documento en ventana nueva<\/a><\/li>\n<\/ul>\n\n<!-- iframe plugin v.6.0 wordpress.org\/plugins\/iframe\/ -->\n<iframe loading=\"lazy\" src=\"https:\/\/drive.google.com\/file\/d\/1KOaXAnHKICkKjNSJ3Ooa4hUlSvdqGxhL\/preview\" width=\"640\" height=\"4400\" allow=\"autoplay\" 0=\"\/iframe\" scrolling=\"yes\" class=\"iframe-class\" frameborder=\"0\"><\/iframe>\n\n<p>&nbsp;<\/p>\n<ul>\n<li><a href=\"https:\/\/drive.google.com\/file\/d\/1Jylv2-uehN5CYY0ajiqi7XID4NR5tUw3\/view\"><strong>Dec\u00e1logo para el acompa\u00f1amiento al alumnado (PuntoArcoiris)<\/strong><\/a><\/li>\n<\/ul>\n\n<!-- iframe plugin v.6.0 wordpress.org\/plugins\/iframe\/ -->\n<iframe loading=\"lazy\" src=\"https:\/\/drive.google.com\/file\/d\/1Jylv2-uehN5CYY0ajiqi7XID4NR5tUw3\/preview\" width=\"640\" height=\"900\" allow=\"autoplay\" 0=\"\/iframe\" scrolling=\"yes\" class=\"iframe-class\" frameborder=\"0\"><\/iframe>\n\n","protected":false},"excerpt":{"rendered":"<p>\u00abLa doble realidad: el profesorado y el alumnado LGTBI+. Retos, necesidades y apoyos\u00bb. Isa Lobo Huerta: Red Educativa y profesora de Primaria Azucena Couso P\u00e9rez: Red Educativa y profesora E. Secundaria \u00c1lvaro Villegas Fuentes: Red educativa, Psic\u00f3logo y Orientador Educativo Diego Fern\u00e1ndez Fern\u00e1ndez: Doctor en Educaci\u00f3n y Sex\u00f3logo. Universidad de Oviedo &nbsp; Abrir documento en [&hellip;]<\/p>\n","protected":false},"author":117,"featured_media":0,"parent":15,"menu_order":0,"comment_status":"closed","ping_status":"closed","template":"","meta":{"footnotes":""},"class_list":["post-391","page","type-page","status-publish","hentry"],"_links":{"self":[{"href":"https:\/\/edublog.educastur.es\/edulgtbi\/wp-json\/wp\/v2\/pages\/391","targetHints":{"allow":["GET"]}}],"collection":[{"href":"https:\/\/edublog.educastur.es\/edulgtbi\/wp-json\/wp\/v2\/pages"}],"about":[{"href":"https:\/\/edublog.educastur.es\/edulgtbi\/wp-json\/wp\/v2\/types\/page"}],"author":[{"embeddable":true,"href":"https:\/\/edublog.educastur.es\/edulgtbi\/wp-json\/wp\/v2\/users\/117"}],"replies":[{"embeddable":true,"href":"https:\/\/edublog.educastur.es\/edulgtbi\/wp-json\/wp\/v2\/comments?post=391"}],"version-history":[{"count":9,"href":"https:\/\/edublog.educastur.es\/edulgtbi\/wp-json\/wp\/v2\/pages\/391\/revisions"}],"predecessor-version":[{"id":470,"href":"https:\/\/edublog.educastur.es\/edulgtbi\/wp-json\/wp\/v2\/pages\/391\/revisions\/470"}],"up":[{"embeddable":true,"href":"https:\/\/edublog.educastur.es\/edulgtbi\/wp-json\/wp\/v2\/pages\/15"}],"wp:attachment":[{"href":"https:\/\/edublog.educastur.es\/edulgtbi\/wp-json\/wp\/v2\/media?parent=391"}],"curies":[{"name":"wp","href":"https:\/\/api.w.org\/{rel}","templated":true}]}}