{"id":394,"date":"2023-10-12T18:52:48","date_gmt":"2023-10-12T18:52:48","guid":{"rendered":"https:\/\/edublog.educastur.es\/edulgtbi\/?page_id=394"},"modified":"2023-10-14T19:19:41","modified_gmt":"2023-10-14T19:19:41","slug":"mesa-familias","status":"publish","type":"page","link":"https:\/\/edublog.educastur.es\/edulgtbi\/asociaciones\/red-educativa\/04-jornada-2023\/2-ponentes\/mesa-familias\/","title":{"rendered":"Mesa FAMILIAS"},"content":{"rendered":"<p>&nbsp;<\/p>\n<p style=\"text-align: center\"><span style=\"color: #008080\"><em><span class=\"text-textPrimary-onLight font-normal text-tui-sm leading-tui-md tracking-tui-tight lg:leading-tui-lg\" data-testid=\"talk-description-text\">\u00a0<\/span><\/em><span class=\"text-textPrimary-onLight font-normal text-tui-sm leading-tui-md tracking-tui-tight lg:leading-tui-lg\" data-testid=\"talk-description-text\"><a href=\"http:\/\/edublog.educastur.es\/edulgtbi\/files\/2023\/10\/Imagen-de-WhatsApp-2023-10-13-a-las-08.06.19_1fa09c7d.jpg\"><img loading=\"lazy\" decoding=\"async\" class=\"aligncenter wp-image-431 size-full\" src=\"http:\/\/edublog.educastur.es\/edulgtbi\/files\/2023\/10\/Imagen-de-WhatsApp-2023-10-13-a-las-08.06.19_1fa09c7d.jpg\" alt=\"\" width=\"991\" height=\"745\" srcset=\"https:\/\/edublog.educastur.es\/edulgtbi\/files\/2023\/10\/Imagen-de-WhatsApp-2023-10-13-a-las-08.06.19_1fa09c7d.jpg 991w, https:\/\/edublog.educastur.es\/edulgtbi\/files\/2023\/10\/Imagen-de-WhatsApp-2023-10-13-a-las-08.06.19_1fa09c7d-300x226.jpg 300w, https:\/\/edublog.educastur.es\/edulgtbi\/files\/2023\/10\/Imagen-de-WhatsApp-2023-10-13-a-las-08.06.19_1fa09c7d-768x577.jpg 768w, https:\/\/edublog.educastur.es\/edulgtbi\/files\/2023\/10\/Imagen-de-WhatsApp-2023-10-13-a-las-08.06.19_1fa09c7d-399x300.jpg 399w\" sizes=\"auto, (max-width: 991px) 100vw, 991px\" \/><\/a><\/span><\/span><\/p>\n<div id=\"talk-title\" class=\"mb-1 mt-2 flex w-full flex-col\">\n<h1 class=\"text-textPrimary-onLight font-light text-tui-2xl leading-tui-sm tracking-tui-tight md:text-tui-3xl md:tracking-tui-tightest lg:text-tui-4xl mr-5\" style=\"text-align: center\"><a href=\"https:\/\/www.ted.com\/talks\/mikele_grande_un_paso_mas_en_la_defensa_de_la_diversidad\"><span style=\"font-size: 18pt\">Un paso m\u00e1s en la defensa de la diversidad<\/span><\/a><\/h1>\n<ul>\n<li class=\"text-sm mr-1 text-gray-900\" data-testid=\"talk-presenter\"><a href=\"https:\/\/www.youtube.com\/watch?v=N90A1h3EcKU&amp;t=93s\">Youtube: MIKELE GRANDE |TEDxYouth@Amposta \/ September 2017<\/a><\/li>\n<\/ul>\n<p>&nbsp;<\/p>\n<\/div>\n<p style=\"text-align: center\">\n<!-- iframe plugin v.6.0 wordpress.org\/plugins\/iframe\/ -->\n<iframe loading=\"lazy\" width=\"100%\" height=\"395\" src=\"https:\/\/www.youtube.com\/embed\/N90A1h3EcKU\" title=\"Un paso m\u00e1s en la defensa de la diversidad | Mikele Grande | TEDxYouth@Amposta\" frameborder=\"0\" allow=\"accelerometer; autoplay; clipboard-write; encrypted-media; gyroscope; picture-in-picture; web-share\" 0=\"allowfullscreen\" 1=\"\/iframe\" scrolling=\"yes\" class=\"iframe-class\"><\/iframe>\n<\/p>\n<p>&nbsp;<\/p>\n<blockquote><p><span style=\"color: #008080\"><em><span class=\"text-textPrimary-onLight font-normal text-tui-sm leading-tui-md tracking-tui-tight lg:leading-tui-lg\" data-testid=\"talk-description-text\"><strong>Desde las escuelas, las calles y las familias ya no basta con tolerar, debemos dar un paso m\u00e1s a reconocer, acompa\u00f1ar y defender la diversidad.<\/strong> Mikele defiende que ella es muchas m\u00e1s cosas que transexual y que si pudiese volver atr\u00e1s, no cambiaria nada pues es muy feliz siendo como es.<\/span><\/em><\/span><\/p><\/blockquote>\n","protected":false},"excerpt":{"rendered":"<p>&nbsp; \u00a0 Un paso m\u00e1s en la defensa de la diversidad Youtube: MIKELE GRANDE |TEDxYouth@Amposta \/ September 2017 &nbsp; &nbsp; Desde las escuelas, las calles y las familias ya no basta con tolerar, debemos dar un paso m\u00e1s a reconocer, acompa\u00f1ar y defender la diversidad. Mikele defiende que ella es muchas m\u00e1s cosas que transexual [&hellip;]<\/p>\n","protected":false},"author":117,"featured_media":0,"parent":15,"menu_order":0,"comment_status":"closed","ping_status":"closed","template":"","meta":{"footnotes":""},"class_list":["post-394","page","type-page","status-publish","hentry"],"_links":{"self":[{"href":"https:\/\/edublog.educastur.es\/edulgtbi\/wp-json\/wp\/v2\/pages\/394","targetHints":{"allow":["GET"]}}],"collection":[{"href":"https:\/\/edublog.educastur.es\/edulgtbi\/wp-json\/wp\/v2\/pages"}],"about":[{"href":"https:\/\/edublog.educastur.es\/edulgtbi\/wp-json\/wp\/v2\/types\/page"}],"author":[{"embeddable":true,"href":"https:\/\/edublog.educastur.es\/edulgtbi\/wp-json\/wp\/v2\/users\/117"}],"replies":[{"embeddable":true,"href":"https:\/\/edublog.educastur.es\/edulgtbi\/wp-json\/wp\/v2\/comments?post=394"}],"version-history":[{"count":7,"href":"https:\/\/edublog.educastur.es\/edulgtbi\/wp-json\/wp\/v2\/pages\/394\/revisions"}],"predecessor-version":[{"id":471,"href":"https:\/\/edublog.educastur.es\/edulgtbi\/wp-json\/wp\/v2\/pages\/394\/revisions\/471"}],"up":[{"embeddable":true,"href":"https:\/\/edublog.educastur.es\/edulgtbi\/wp-json\/wp\/v2\/pages\/15"}],"wp:attachment":[{"href":"https:\/\/edublog.educastur.es\/edulgtbi\/wp-json\/wp\/v2\/media?parent=394"}],"curies":[{"name":"wp","href":"https:\/\/api.w.org\/{rel}","templated":true}]}}