{"id":514,"date":"2023-10-15T11:10:21","date_gmt":"2023-10-15T11:10:21","guid":{"rendered":"https:\/\/edublog.educastur.es\/edulgtbi\/?page_id=514"},"modified":"2023-10-15T11:15:35","modified_gmt":"2023-10-15T11:15:35","slug":"xega","status":"publish","type":"page","link":"https:\/\/edublog.educastur.es\/edulgtbi\/asociaciones\/xega\/","title":{"rendered":"XEGA"},"content":{"rendered":"<p style=\"text-align: center\"><a href=\"https:\/\/www.xega.org\/imgslogo\/logo_xega.png\"><img loading=\"lazy\" decoding=\"async\" class=\"aligncenter size-full\" src=\"https:\/\/www.xega.org\/imgslogo\/logo_xega.png\" width=\"300\" height=\"100\" \/><\/a><\/p>\n<ul>\n<li><a href=\"https:\/\/www.xega.org\/\">XEGA, Asociaci\u00f3n Xente LGTBI+ de Asturias<\/a><\/li>\n<\/ul>\n<p><b>Xente Gai Astur<\/b>\u00a0(en espa\u00f1ol:\u00a0<span lang=\"es\">Gente Gay Asturiana<\/span>), tambi\u00e9n conocida como\u00a0<i>XEGA<\/i>, es una asociaci\u00f3n\u00a0<a title=\"LGBT\" href=\"https:\/\/es.wikipedia.org\/wiki\/LGBT\">LGBT<\/a>\u00a0<a title=\"Organizaci\u00f3n no gubernamental\" href=\"https:\/\/es.wikipedia.org\/wiki\/Organizaci%C3%B3n_no_gubernamental\">no gubernamental<\/a>, aconfesional y sin fines lucrativos de\u00a0<a title=\"Asturias\" href=\"https:\/\/es.wikipedia.org\/wiki\/Asturias\">Asturias<\/a>\u00a0que lucha por la plena equiparaci\u00f3n de derechos y contra toda forma de discriminaci\u00f3n por orientaci\u00f3n o identidad sexual (<a title=\"Homofobia\" href=\"https:\/\/es.wikipedia.org\/wiki\/Homofobia\">homofobia<\/a>,\u00a0<a title=\"Bifobia\" href=\"https:\/\/es.wikipedia.org\/wiki\/Bifobia\">bifobia<\/a>\u00a0y\u00a0<a title=\"Transfobia\" href=\"https:\/\/es.wikipedia.org\/wiki\/Transfobia\">transfobia<\/a>). <sup id=\"cite_ref-Sin_nombre-1_5NU-1_1-0\" class=\"reference separada\"><\/sup>Forma parte de la <a title=\"Federaci\u00f3n Estatal de Lesbianas, Gais, Trans y Bisexuales\" href=\"https:\/\/es.wikipedia.org\/wiki\/Federaci%C3%B3n_Estatal_de_Lesbianas,_Gais,_Trans_y_Bisexuales\">Federaci\u00f3n Estatal de Lesbianas, Gais, Trans y Bisexuales<\/a><sup id=\"cite_ref-2\" class=\"reference separada\"><a href=\"https:\/\/es.wikipedia.org\/wiki\/Xente_Gai_Astur#cite_note-2\">2<\/a><\/sup>\u200b<\/p>\n<p>Lleva en funcionamiento desde\u00a0<a title=\"1993\" href=\"https:\/\/es.wikipedia.org\/wiki\/1993\">1993<\/a><sup id=\"cite_ref-3\" class=\"reference separada\"><a href=\"https:\/\/es.wikipedia.org\/wiki\/Xente_Gai_Astur#cite_note-3\">3<\/a><\/sup>\u200b y en la actualidad dispone de varios grupos de trabajo (TRANSgresi\u00f3n, Tr\u00edbadAS, XEGA Xoven, Grupo Cristiano&#8230;). Recientemente ha ingresado en la FELGT (Federaci\u00f3n Estatal de Lesbianas, Gays, Transexuales y Bisexuales) para aunar esfuerzos con el resto de asociaciones GLBT de Espa\u00f1a.<\/p>\n","protected":false},"excerpt":{"rendered":"<p>XEGA, Asociaci\u00f3n Xente LGTBI+ de Asturias Xente Gai Astur\u00a0(en espa\u00f1ol:\u00a0Gente Gay Asturiana), tambi\u00e9n conocida como\u00a0XEGA, es una asociaci\u00f3n\u00a0LGBT\u00a0no gubernamental, aconfesional y sin fines lucrativos de\u00a0Asturias\u00a0que lucha por la plena equiparaci\u00f3n de derechos y contra toda forma de discriminaci\u00f3n por orientaci\u00f3n o identidad sexual (homofobia,\u00a0bifobia\u00a0y\u00a0transfobia). Forma parte de la Federaci\u00f3n Estatal de Lesbianas, Gais, Trans y [&hellip;]<\/p>\n","protected":false},"author":117,"featured_media":0,"parent":512,"menu_order":0,"comment_status":"closed","ping_status":"closed","template":"","meta":{"footnotes":""},"class_list":["post-514","page","type-page","status-publish","hentry"],"_links":{"self":[{"href":"https:\/\/edublog.educastur.es\/edulgtbi\/wp-json\/wp\/v2\/pages\/514","targetHints":{"allow":["GET"]}}],"collection":[{"href":"https:\/\/edublog.educastur.es\/edulgtbi\/wp-json\/wp\/v2\/pages"}],"about":[{"href":"https:\/\/edublog.educastur.es\/edulgtbi\/wp-json\/wp\/v2\/types\/page"}],"author":[{"embeddable":true,"href":"https:\/\/edublog.educastur.es\/edulgtbi\/wp-json\/wp\/v2\/users\/117"}],"replies":[{"embeddable":true,"href":"https:\/\/edublog.educastur.es\/edulgtbi\/wp-json\/wp\/v2\/comments?post=514"}],"version-history":[{"count":3,"href":"https:\/\/edublog.educastur.es\/edulgtbi\/wp-json\/wp\/v2\/pages\/514\/revisions"}],"predecessor-version":[{"id":520,"href":"https:\/\/edublog.educastur.es\/edulgtbi\/wp-json\/wp\/v2\/pages\/514\/revisions\/520"}],"up":[{"embeddable":true,"href":"https:\/\/edublog.educastur.es\/edulgtbi\/wp-json\/wp\/v2\/pages\/512"}],"wp:attachment":[{"href":"https:\/\/edublog.educastur.es\/edulgtbi\/wp-json\/wp\/v2\/media?parent=514"}],"curies":[{"name":"wp","href":"https:\/\/api.w.org\/{rel}","templated":true}]}}