{"id":516,"date":"2023-10-15T11:12:57","date_gmt":"2023-10-15T11:12:57","guid":{"rendered":"https:\/\/edublog.educastur.es\/edulgtbi\/?page_id=516"},"modified":"2023-10-15T11:13:57","modified_gmt":"2023-10-15T11:13:57","slug":"felgtbi","status":"publish","type":"page","link":"https:\/\/edublog.educastur.es\/edulgtbi\/asociaciones\/felgtbi\/","title":{"rendered":"FELGTBI+"},"content":{"rendered":"<ul>\n<li><a href=\"https:\/\/felgtbi.org\/\">Federaci\u00f3n Estatal LGTBI+ \u2013 FELGTBI+<\/a><\/li>\n<\/ul>\n<p><a href=\"https:\/\/felgtbi.org\/wp-content\/uploads\/2021\/10\/cropped-logo_felgtbi.png\"><img loading=\"lazy\" decoding=\"async\" class=\"aligncenter size-full\" src=\"https:\/\/felgtbi.org\/wp-content\/uploads\/2021\/10\/cropped-logo_felgtbi.png\" width=\"235\" height=\"76\" \/><\/a><\/p>\n<div id=\"main\" class=\"wrapper style4\">\n<div id=\"content\" class=\"container\">\n<section>\n<header class=\"major\"><\/header>\n<p style=\"text-align: center\"><em>\u00a0Federaci\u00f3n Estatal de Lesbianas, Gais, Transexuales y Bisexuales<br \/>\n(FELGTB)\u00a0<\/em><\/p>\n<p>La Federaci\u00f3n Estatal de Lesbianas, Gais, Trans, Bisexuales, Intersexuales y m\u00e1s, es una ONG estatal de car\u00e1cter laico, laicista, feminista, apartidista y asindicalista que agrupa a m\u00e1s de 50 entidades LGTBI de todo el territorio espa\u00f1ol. Trabajamos por la diversidad afectivo-sexual, familiar y de g\u00e9nero, as\u00ed como por la lucha contra el VIH y sida.<\/p>\n<p>Calle Chinchilla, 4. 1\u00ba Ext Izq. 28013 Madrid<\/p>\n<p><strong>Tel\u00e9fono:<\/strong>\u00a0+34 913 604 605<br \/>\n<strong>Email:<\/strong>\u00a0info@felgtbi.org<\/p>\n<\/section>\n<\/div>\n<\/div>\n","protected":false},"excerpt":{"rendered":"<p>Federaci\u00f3n Estatal LGTBI+ \u2013 FELGTBI+ \u00a0Federaci\u00f3n Estatal de Lesbianas, Gais, Transexuales y Bisexuales (FELGTB)\u00a0 La Federaci\u00f3n Estatal de Lesbianas, Gais, Trans, Bisexuales, Intersexuales y m\u00e1s, es una ONG estatal de car\u00e1cter laico, laicista, feminista, apartidista y asindicalista que agrupa a m\u00e1s de 50 entidades LGTBI de todo el territorio espa\u00f1ol. Trabajamos por la diversidad afectivo-sexual, [&hellip;]<\/p>\n","protected":false},"author":117,"featured_media":0,"parent":512,"menu_order":0,"comment_status":"closed","ping_status":"closed","template":"","meta":{"footnotes":""},"class_list":["post-516","page","type-page","status-publish","hentry"],"_links":{"self":[{"href":"https:\/\/edublog.educastur.es\/edulgtbi\/wp-json\/wp\/v2\/pages\/516","targetHints":{"allow":["GET"]}}],"collection":[{"href":"https:\/\/edublog.educastur.es\/edulgtbi\/wp-json\/wp\/v2\/pages"}],"about":[{"href":"https:\/\/edublog.educastur.es\/edulgtbi\/wp-json\/wp\/v2\/types\/page"}],"author":[{"embeddable":true,"href":"https:\/\/edublog.educastur.es\/edulgtbi\/wp-json\/wp\/v2\/users\/117"}],"replies":[{"embeddable":true,"href":"https:\/\/edublog.educastur.es\/edulgtbi\/wp-json\/wp\/v2\/comments?post=516"}],"version-history":[{"count":2,"href":"https:\/\/edublog.educastur.es\/edulgtbi\/wp-json\/wp\/v2\/pages\/516\/revisions"}],"predecessor-version":[{"id":518,"href":"https:\/\/edublog.educastur.es\/edulgtbi\/wp-json\/wp\/v2\/pages\/516\/revisions\/518"}],"up":[{"embeddable":true,"href":"https:\/\/edublog.educastur.es\/edulgtbi\/wp-json\/wp\/v2\/pages\/512"}],"wp:attachment":[{"href":"https:\/\/edublog.educastur.es\/edulgtbi\/wp-json\/wp\/v2\/media?parent=516"}],"curies":[{"name":"wp","href":"https:\/\/api.w.org\/{rel}","templated":true}]}}