{"id":548,"date":"2023-10-15T13:55:48","date_gmt":"2023-10-15T13:55:48","guid":{"rendered":"https:\/\/edublog.educastur.es\/edulgtbi\/?page_id=548"},"modified":"2023-10-15T14:08:08","modified_gmt":"2023-10-15T14:08:08","slug":"colibries-en-accion","status":"publish","type":"page","link":"https:\/\/edublog.educastur.es\/edulgtbi\/asociaciones\/colibries-en-accion\/","title":{"rendered":"Colibr\u00edes en Acci\u00f3n"},"content":{"rendered":"<div class=\"x9f619 x1n2onr6 x1ja2u2z x78zum5 x2lah0s x1nhvcw1 x1qjc9v5 xozqiw3 x1q0g3np xexx8yu xykv574 xbmpl8g x4cne27 xifccgj\">\n<p style=\"text-align: center\"><a href=\"http:\/\/edublog.educastur.es\/edulgtbi\/files\/2023\/10\/colibris.png\"><img loading=\"lazy\" decoding=\"async\" class=\"aligncenter size-full wp-image-559\" src=\"http:\/\/edublog.educastur.es\/edulgtbi\/files\/2023\/10\/colibris.png\" alt=\"\" width=\"299\" height=\"168\" \/><\/a><\/p>\n<ul>\n<li><span class=\"x193iq5w xeuugli x13faqbe x1vvkbs x1xmvt09 x6prxxf xvq8zen xo1l8bm xzsf02u\">Web: <strong><a href=\"https:\/\/colibrisenaccion.com\/\">https:\/\/colibrisenaccion.com\/<\/a><\/strong><br \/>\n<\/span><\/li>\n<li role=\"button\"><a href=\"https:\/\/www.facebook.com\/colibrisenaccion\/\">Facebook<\/a><\/li>\n<li role=\"button\"><a href=\"https:\/\/www.instagram.com\/colibrisaccion_\/\">Instagram<\/a><\/li>\n<\/ul>\n<\/div>\n<div class=\"x9f619 x1n2onr6 x1ja2u2z x78zum5 x2lah0s x1nhvcw1 x1qjc9v5 xozqiw3 x1q0g3np xyamay9 xykv574 xbmpl8g x4cne27 xifccgj\">\n<div class=\"x9f619 x1n2onr6 x1ja2u2z x78zum5 xdt5ytf x2lah0s x193iq5w xeuugli xsyo7zv x16hj40l x10b6aqq x1yrsyyn\"><img loading=\"lazy\" decoding=\"async\" class=\"x1b0d499 xuo83w3\" src=\"https:\/\/static.xx.fbcdn.net\/rsrc.php\/v3\/yW\/r\/8k_Y-oVxbuU.png\" alt=\"\" width=\"20\" height=\"20\" \/> <span class=\"x193iq5w xeuugli x13faqbe x1vvkbs x1xmvt09 x6prxxf xvq8zen xo1l8bm xzsf02u\">Organizaci\u00f3n no gubernamental (ONG)<\/span><\/div>\n<div class=\"x9f619 x1n2onr6 x1ja2u2z x78zum5 xdt5ytf x193iq5w xeuugli x1r8uery x1iyjqo2 xs83m0k xamitd3 xsyo7zv x16hj40l x10b6aqq x1yrsyyn\">\n<div class=\"x1i10hfl xjbqb8w x6umtig x1b1mbwd xaqea5y xav7gou x9f619 x1ypdohk xt0psk2 xe8uvvx xdj266r x11i5rnm xat24cr x1mh8g0r xexx8yu x4uap5 x18d9i69 xkhd6sd x16tdsg8 x1hl2dhg xggy1nq x1a2a7pz x1heor9g xt0b8zv\" role=\"button\"><span class=\"x193iq5w xeuugli x13faqbe x1vvkbs x1xmvt09 x1lliihq x1s928wv xhkezso x1gmr53x x1cpjm7i x1fgarty x1943h6x xudqn12 x3x7a5m x6prxxf xvq8zen xo1l8bm xzsf02u\" dir=\"auto\">C\/ Historiador Juan Uria 15 F\u00e1brica de Ideas, Oviedo, Spain<\/span><\/div>\n<\/div>\n<\/div>\n<div class=\"x9f619 x1n2onr6 x1ja2u2z x78zum5 x2lah0s x1nhvcw1 x1qjc9v5 xozqiw3 x1q0g3np xyamay9 xykv574 xbmpl8g x4cne27 xifccgj\">\n<div class=\"x9f619 x1n2onr6 x1ja2u2z x78zum5 xdt5ytf x2lah0s x193iq5w xeuugli xsyo7zv x16hj40l x10b6aqq x1yrsyyn\"><img loading=\"lazy\" decoding=\"async\" class=\"x1b0d499 xuo83w3\" src=\"https:\/\/static.xx.fbcdn.net\/rsrc.php\/v3\/yT\/r\/Dc7-7AgwkwS.png\" alt=\"\" width=\"20\" height=\"20\" \/><span class=\"x193iq5w xeuugli x13faqbe x1vvkbs x1xmvt09 x1lliihq x1s928wv xhkezso x1gmr53x x1cpjm7i x1fgarty x1943h6x xudqn12 x3x7a5m x6prxxf xvq8zen xo1l8bm xzsf02u x1yc453h\" dir=\"auto\">611 01 27 75<\/span><\/div>\n<\/div>\n<div class=\"x9f619 x1n2onr6 x1ja2u2z x78zum5 x2lah0s x1nhvcw1 x1qjc9v5 xozqiw3 x1q0g3np xyamay9 xykv574 xbmpl8g x4cne27 xifccgj\">\n<div class=\"x9f619 x1n2onr6 x1ja2u2z x78zum5 xdt5ytf x2lah0s x193iq5w xeuugli xsyo7zv x16hj40l x10b6aqq x1yrsyyn\"><img loading=\"lazy\" decoding=\"async\" class=\"x1b0d499 xuo83w3\" src=\"https:\/\/static.xx.fbcdn.net\/rsrc.php\/v3\/yE\/r\/2PIcyqpptfD.png\" alt=\"\" width=\"20\" height=\"20\" \/><span class=\"x193iq5w xeuugli x13faqbe x1vvkbs x1xmvt09 x1lliihq x1s928wv xhkezso x1gmr53x x1cpjm7i x1fgarty x1943h6x xudqn12 x3x7a5m x6prxxf xvq8zen xo1l8bm xzsf02u x1yc453h\" dir=\"auto\">colibrisaccion@gmail.com<\/span><\/div>\n<div><\/div>\n<\/div>\n<blockquote>\n<div>\n<h2 class=\"elementor-heading-title elementor-size-small\"><span style=\"font-size: 14pt\"><em><span style=\"color: #800080\">Las personas, al igual que las aves, son distintas en su vuelo pero iguales en su derecho a volar.<\/span><\/em><\/span><\/h2>\n<\/div>\n<\/blockquote>\n<p><em>Colibr\u00eds en Acci\u00f3n somos un colectivo de j\u00f3venes profesionales que, implicados en diferentes asociaciones y movimientos sociales, hemos detectado la necesidad de apoyos que surgen entre la poblaci\u00f3n para acceder y comprender el entramado de los recursos sociales, tanto p\u00fablicos como privados. Somos una entidad de acci\u00f3n social sin \u00e1nimo de lucro que trabaja para dar respuesta a las diferentes necesidades sociales de las personas en riesgo de exclusi\u00f3n, entendiendo tales necesidades como oportunidades para el cambio.<\/em><\/p>\n","protected":false},"excerpt":{"rendered":"<p>Web: https:\/\/colibrisenaccion.com\/ Facebook Instagram Organizaci\u00f3n no gubernamental (ONG) C\/ Historiador Juan Uria 15 F\u00e1brica de Ideas, Oviedo, Spain 611 01 27 75 colibrisaccion@gmail.com Las personas, al igual que las aves, son distintas en su vuelo pero iguales en su derecho a volar. Colibr\u00eds en Acci\u00f3n somos un colectivo de j\u00f3venes profesionales que, implicados en diferentes [&hellip;]<\/p>\n","protected":false},"author":117,"featured_media":0,"parent":512,"menu_order":0,"comment_status":"closed","ping_status":"closed","template":"","meta":{"footnotes":""},"class_list":["post-548","page","type-page","status-publish","hentry"],"_links":{"self":[{"href":"https:\/\/edublog.educastur.es\/edulgtbi\/wp-json\/wp\/v2\/pages\/548","targetHints":{"allow":["GET"]}}],"collection":[{"href":"https:\/\/edublog.educastur.es\/edulgtbi\/wp-json\/wp\/v2\/pages"}],"about":[{"href":"https:\/\/edublog.educastur.es\/edulgtbi\/wp-json\/wp\/v2\/types\/page"}],"author":[{"embeddable":true,"href":"https:\/\/edublog.educastur.es\/edulgtbi\/wp-json\/wp\/v2\/users\/117"}],"replies":[{"embeddable":true,"href":"https:\/\/edublog.educastur.es\/edulgtbi\/wp-json\/wp\/v2\/comments?post=548"}],"version-history":[{"count":6,"href":"https:\/\/edublog.educastur.es\/edulgtbi\/wp-json\/wp\/v2\/pages\/548\/revisions"}],"predecessor-version":[{"id":564,"href":"https:\/\/edublog.educastur.es\/edulgtbi\/wp-json\/wp\/v2\/pages\/548\/revisions\/564"}],"up":[{"embeddable":true,"href":"https:\/\/edublog.educastur.es\/edulgtbi\/wp-json\/wp\/v2\/pages\/512"}],"wp:attachment":[{"href":"https:\/\/edublog.educastur.es\/edulgtbi\/wp-json\/wp\/v2\/media?parent=548"}],"curies":[{"name":"wp","href":"https:\/\/api.w.org\/{rel}","templated":true}]}}