{"id":550,"date":"2023-10-15T13:56:06","date_gmt":"2023-10-15T13:56:06","guid":{"rendered":"https:\/\/edublog.educastur.es\/edulgtbi\/?page_id=550"},"modified":"2023-10-15T13:58:48","modified_gmt":"2023-10-15T13:58:48","slug":"llar-trans","status":"publish","type":"page","link":"https:\/\/edublog.educastur.es\/edulgtbi\/asociaciones\/llar-trans\/","title":{"rendered":"Llar Trans"},"content":{"rendered":"<ul>\n<li><a href=\"https:\/\/www.llartrans.org\/\">https:\/\/www.llartrans.org\/<\/a><\/li>\n<\/ul>\n<div id=\"home\" class=\"wpb_row vc_row-fluid vc_row top-level vc_row-o-equal-height vc_row-flex vc_row-o-content-middle\" data-column-margin=\"none\" data-midnight=\"dark\">\n<div class=\"row_col_wrap_12 col span_12 dark left\">\n<div class=\"vc_col-sm-3 vc_col-xs-6 wpb_column column_container vc_column_container col has-animation no-extra-padding padding-6-percent_tablet inherit_phone triggered-animation animated-in\" data-padding-pos=\"top\" data-has-bg-color=\"false\" data-bg-color=\"\" data-bg-opacity=\"1\" data-animation=\"fade-in-from-bottom\" data-delay=\"400\">\n<div class=\"vc_column-inner\">\n<div class=\"wpb_wrapper\">\n<div id=\"fws_652bef88aa378\" class=\"wpb_row vc_row-fluid vc_row inner_row top_padding_tablet_0px top_padding_phone_0px min_width_tablet_0px min_width_phone_0px\" data-midnight=\"\" data-column-margin=\"default\">\n<div class=\"row_col_wrap_12_inner col span_12 left\">\n<div class=\"vc_col-sm-12 wpb_column column_container vc_column_container col child_column padding-9-percent inherit_tablet inherit_phone \" data-padding-pos=\"right\" data-has-bg-color=\"false\" data-bg-color=\"\" data-bg-opacity=\"1\" data-animation=\"\" data-delay=\"0\">\n<div class=\"vc_column-inner\">\n<div class=\"wpb_wrapper\">\n<div class=\"wpb_text_column wpb_content_element \">\n<div class=\"wpb_wrapper\">\n<p style=\"text-align: center\"><span style=\"text-decoration: underline\"><em>Un punto de encuentro para familias en transici\u00f3n y personas aliadas.<\/em><\/span><\/p>\n<\/div>\n<\/div>\n<\/div>\n<\/div>\n<\/div>\n<\/div>\n<\/div>\n<\/div>\n<\/div>\n<\/div>\n<div class=\"vc_col-sm-9 vc_col-xs-6 wpb_column column_container vc_column_container col no-extra-padding inherit_tablet inherit_phone \" data-padding-pos=\"all\" data-has-bg-color=\"false\" data-bg-color=\"\" data-bg-opacity=\"1\" data-animation=\"\" data-delay=\"0\">\n<div class=\"vc_column-inner revealed-bg\">\n<div class=\"wpb_wrapper\">\n<div id=\"fws_652bef88ab322\" class=\"wpb_row vc_row-fluid vc_row inner_row min_width_desktop_75vw min_width_tablet_50vw min_width_phone_50vw\" data-midnight=\"\" data-column-margin=\"default\">\n<div class=\"row_col_wrap_12_inner col span_12 left\">\n<div class=\"vc_col-sm-12 wpb_column column_container vc_column_container col child_column no-extra-padding inherit_tablet inherit_phone \" data-using-bg=\"true\" data-bg-cover=\"true\" data-padding-pos=\"all\" data-has-bg-color=\"false\" data-bg-color=\"\" data-bg-opacity=\"1\" data-animation=\"\" data-delay=\"0\">\n<div class=\"vc_column-inner revealed-bg\">\n<div class=\"column-image-bg-wrap column-bg-layer viewport-desktop animated-in\" data-bg-pos=\"center center\" data-bg-animation=\"ro-reveal-from-bottom\" data-bg-overlay=\"false\">\n<div class=\"inner-wrap animated-in\">\n<div class=\"column-image-bg\" style=\"text-align: center\"><a href=\"https:\/\/www.llartrans.org\/wp-content\/uploads\/2023\/06\/logo-llartrans-circle.png\"><img loading=\"lazy\" decoding=\"async\" class=\"aligncenter \" src=\"https:\/\/www.llartrans.org\/wp-content\/uploads\/2023\/06\/logo-llartrans-circle.png\" width=\"302\" height=\"302\" \/><\/a><\/div>\n<\/div>\n<\/div>\n<div class=\"wpb_wrapper\">\n<div class=\"divider-wrap height_tablet_80vh \" data-alignment=\"default\">\n<div class=\"divider\"><\/div>\n<\/div>\n<\/div>\n<\/div>\n<\/div>\n<\/div>\n<\/div>\n<\/div>\n<\/div>\n<\/div>\n<\/div>\n<\/div>\n<div id=\"filosofia\" class=\"wpb_row vc_row-fluid vc_row full-width-section\" data-column-margin=\"default\" data-midnight=\"dark\" data-top-percent=\"12%\" data-bottom-percent=\"12%\">\n<div class=\"row_col_wrap_12 col span_12 dark left\">\n<div class=\"vc_col-sm-12 wpb_column column_container vc_column_container col has-animation no-extra-padding inherit_tablet inherit_phone triggered-animation animated-in\" data-padding-pos=\"all\" data-has-bg-color=\"false\" data-bg-color=\"\" data-bg-opacity=\"1\" data-animation=\"fade-in-from-bottom\" data-delay=\"0\">\n<div class=\"vc_column-inner\">\n<div class=\"wpb_wrapper\">\n<div class=\"nectar-highlighted-text\" data-style=\"regular_underline\" data-exp=\"default\" data-underline-thickness=\"default\" data-using-custom-color=\"true\" data-animation-delay=\"200\" data-color=\"#00cae8\" data-color-gradient=\"\">\n<h3>Llar Trans facilita <a href=\"https:\/\/www.llartrans.org\/#\"><em class=\"animated\">atenci\u00f3n online y presencial<\/em><\/a> a las personas trans y sus familias, centrada en sus necesidades, <a href=\"https:\/\/www.llartrans.org\/#\"><em class=\"animated\">formaciones<\/em><\/a> para profesionales de la salud, educaci\u00f3n y otros organismos y un blog con la mejor <a href=\"https:\/\/www.llartrans.org\/#\"><em class=\"animated\">informaci\u00f3n<\/em><\/a>.<\/h3>\n<div class=\"col span_3 one-fourths clear-both\">\n<div id=\"text-2\" class=\"widget widget_text\">\n<div class=\"textwidget\">\n<p>Edificio Municipal de Servicios M\u00faltiples<br \/>\n\u00abEL FOCO\u00bb<br \/>\nC\/ Santa Apolonia, 126<br \/>\n33403 Avil\u00e9s<br \/>\nAsturias<\/p>\n<p>E:\u00a0<a href=\"mailto:hola@llartrans.org\">hola@llartrans.org<\/a><\/p>\n<\/div>\n<\/div>\n<\/div>\n<\/div>\n<\/div>\n<\/div>\n<\/div>\n<\/div>\n<\/div>\n","protected":false},"excerpt":{"rendered":"<p>https:\/\/www.llartrans.org\/ Un punto de encuentro para familias en transici\u00f3n y personas aliadas. Llar Trans facilita atenci\u00f3n online y presencial a las personas trans y sus familias, centrada en sus necesidades, formaciones para profesionales de la salud, educaci\u00f3n y otros organismos y un blog con la mejor informaci\u00f3n. Edificio Municipal de Servicios M\u00faltiples \u00abEL FOCO\u00bb C\/ [&hellip;]<\/p>\n","protected":false},"author":117,"featured_media":0,"parent":512,"menu_order":0,"comment_status":"closed","ping_status":"closed","template":"","meta":{"footnotes":""},"class_list":["post-550","page","type-page","status-publish","hentry"],"_links":{"self":[{"href":"https:\/\/edublog.educastur.es\/edulgtbi\/wp-json\/wp\/v2\/pages\/550","targetHints":{"allow":["GET"]}}],"collection":[{"href":"https:\/\/edublog.educastur.es\/edulgtbi\/wp-json\/wp\/v2\/pages"}],"about":[{"href":"https:\/\/edublog.educastur.es\/edulgtbi\/wp-json\/wp\/v2\/types\/page"}],"author":[{"embeddable":true,"href":"https:\/\/edublog.educastur.es\/edulgtbi\/wp-json\/wp\/v2\/users\/117"}],"replies":[{"embeddable":true,"href":"https:\/\/edublog.educastur.es\/edulgtbi\/wp-json\/wp\/v2\/comments?post=550"}],"version-history":[{"count":4,"href":"https:\/\/edublog.educastur.es\/edulgtbi\/wp-json\/wp\/v2\/pages\/550\/revisions"}],"predecessor-version":[{"id":554,"href":"https:\/\/edublog.educastur.es\/edulgtbi\/wp-json\/wp\/v2\/pages\/550\/revisions\/554"}],"up":[{"embeddable":true,"href":"https:\/\/edublog.educastur.es\/edulgtbi\/wp-json\/wp\/v2\/pages\/512"}],"wp:attachment":[{"href":"https:\/\/edublog.educastur.es\/edulgtbi\/wp-json\/wp\/v2\/media?parent=550"}],"curies":[{"name":"wp","href":"https:\/\/api.w.org\/{rel}","templated":true}]}}