{"id":1157,"date":"2021-10-12T19:11:22","date_gmt":"2021-10-12T19:11:22","guid":{"rendered":"https:\/\/edublog.educastur.es\/edutic\/?page_id=1157"},"modified":"2021-10-12T19:12:28","modified_gmt":"2021-10-12T19:12:28","slug":"pdf-a-word","status":"publish","type":"page","link":"https:\/\/edublog.educastur.es\/edutic\/software\/pdf\/pdf-a-word\/","title":{"rendered":"PDF a Word"},"content":{"rendered":"<ul>\n<li><a href=\"https:\/\/www.elgrupoinformatico.com\/convertir-archivo-pdf-word-t13555.amp.html?fbclid=IwAR0hrdE16YfqWhnSC-DfbAG9qXC00s5HJkIZHZt6LYuqlj-J6Xtn3d-1iBg\">Enlace<\/a><\/li>\n<\/ul>\n<p>En este caso <strong>vamos a utilizar webs online<\/strong> que permite convertir un archivo PDF a un documento de Word f\u00e1cil y r\u00e1pido, sin pagar nada. Se trata de <a class=\"articlelink\" href=\"https:\/\/www.elgrupoinformatico.com\/noticias\/mejores-editores-pdf-online-t75357.html\">editores de PDFs online<\/a> que, aparte de ofrecer esta tarea, tambi\u00e9n tiene otro tipo de funcionalidades m\u00e1s (<a class=\"articlelink\" href=\"https:\/\/www.elgrupoinformatico.com\/como-girar-pdf-t41150.html\">girar PDFs<\/a>, dividir PDFs, etc.). Si puedes, evita usar este tipo de webs para convertir documentos con datos sensibles o confidenciales, mejor con otro tipo de documentos.<\/p>\n<h2 style=\"text-align: center\"><span style=\"color: #008080\">Nitro online<\/span><\/h2>\n<p><strong>Nitro online<\/strong> es una utilidad web que permite convertir cualquier PDF en un Word en solo 3 pasos, \u00fanicamente debes entrar en la web que te dejamos debajo:<\/p>\n<p>Web: <a class=\"articlelink external\" href=\"https:\/\/www.pdftoword.com\/es\/\" rel=\"nofollow\">Nitro online<\/a><\/p>\n<div class=\"centrar ad-block bloque\"><\/div>\n<p>Una vez dentro, sigue estos pasos:<\/p>\n<ol>\n<li>Primero sube el PDF, tendr\u00e1s que pulsar en \u201cseleccione un archivo\u201d, b\u00fascalo en tu PC.<\/li>\n<\/ol>\n<p><img decoding=\"async\" class=\"i-amphtml-fill-content i-amphtml-replaced-content\" src=\"https:\/\/cdn.elgrupoinformatico.com\/Manuales\/2020\/11\/subir-pdf-nitro-online-505x223.webp\" alt=\"Imagen - Convertir archivo PDF a Word\" \/><\/p>\n<ol>\n<li>Luego escribe el email a donde te llegar\u00e1 el PDF convertido a Word.<\/li>\n<\/ol>\n<p><img decoding=\"async\" class=\"i-amphtml-fill-content i-amphtml-replaced-content\" src=\"https:\/\/cdn.elgrupoinformatico.com\/Manuales\/2020\/11\/email-nitro-online-411x218.webp\" alt=\"Imagen - Convertir archivo PDF a Word\" \/><\/p>\n<ol>\n<li>Por \u00faltimo, <strong>pulsa en \u201cconvertir\u201d<\/strong> y espera unos instantes hasta que finalice el proceso, no tardar\u00e1 mucho tiempo, aunque depende de la cantidad de p\u00e1ginas que tenga el PDF.<\/li>\n<\/ol>\n<p><img decoding=\"async\" class=\"i-amphtml-fill-content i-amphtml-replaced-content\" src=\"https:\/\/cdn.elgrupoinformatico.com\/Manuales\/2020\/11\/convertir-pdf-nitro-online-444x260.webp\" alt=\"Imagen - Convertir archivo PDF a Word\" \/><\/p>\n<h2 style=\"text-align: center\"><span style=\"color: #008080\">I Love PDF<\/span><\/h2>\n<p>Otra utilidad online para pasar un PDF a Word es <strong>I Love PDF<\/strong>, es otra utilidad gratuita que puedes usar incluso tambi\u00e9n para hacer el procedimiento al contrario, es decir, de PDF a Word, posibilidad que el propio Word permite realizar si no quieres acudir a webs. Esta es su web:<\/p>\n<div class=\"centrar ad-block bloque\"><\/div>\n<p>Web: <a class=\"articlelink external\" href=\"https:\/\/www.ilovepdf.com\/es\/pdf_a_word\" rel=\"nofollow\">I Love PDF<\/a><\/p>\n<p>Ahora sigue estos pasos:<\/p>\n<ol>\n<li>Una vez dentro de la web, pulsa en \u201cseleccionar archivo PDF\u201d y sube el PDF que quieres convertir.<\/li>\n<\/ol>\n<p><img decoding=\"async\" class=\"i-amphtml-fill-content i-amphtml-replaced-content\" src=\"https:\/\/cdn.elgrupoinformatico.com\/Manuales\/2020\/11\/subir-pdf-i-love-pdf-720x360.webp\" alt=\"Imagen - Convertir archivo PDF a Word\" \/><\/p>\n<ol>\n<li>A continuaci\u00f3n, pincha en \u201cconvertir a Word\u201d, espera unos segundos y podr\u00e1s <strong>obtener el nuevo Word<\/strong> pulsando en \u201cDescargar Word\u201d.<\/li>\n<\/ol>\n<p><img decoding=\"async\" class=\"i-amphtml-fill-content i-amphtml-replaced-content\" src=\"https:\/\/cdn.elgrupoinformatico.com\/Manuales\/2020\/11\/pdf-convertido-a-word-i-love-pdf-715x270.webp\" alt=\"Imagen - Convertir archivo PDF a Word\" \/><\/p>\n<h2 style=\"text-align: center\"><span style=\"color: #008080\">Con SmallPDF<\/span><\/h2>\n<p><strong>SmallPDF<\/strong> es otra herramienta online para convertir un PDF a Word e incluye otra serie de herramientas para editar PDFs como las que mencionamos anteriormente. El proceso tambi\u00e9n es muy similar al resto de opciones anteriores, adem\u00e1s tambi\u00e9n es muy r\u00e1pida y f\u00e1cil de usar.<\/p>\n<p>Debes tener en cuenta que, aunque se trata de una web gratuita, <strong>solo puedes convertir dos archivos PDF por d\u00eda<\/strong>, es ideal para un solo archivo, pero si tienes m\u00e1s mejor usa otra opci\u00f3n.<\/p>\n<p>Web: <a class=\"articlelink external\" href=\"https:\/\/smallpdf.com\/es\/pdf-a-word\" rel=\"nofollow\">SmallPDF<\/a><\/p>\n<p>Los pasos a seguir en esta web son:<\/p>\n<ol>\n<li>Pulsa en elegir archivos para seleccionar uno o varios PDF que quieras transformar en un Word que luego puedes editar o incluso tambi\u00e9n puede arrastrarlos desde tu ordenador hasta la zona azul.<\/li>\n<\/ol>\n<p><img decoding=\"async\" class=\"i-amphtml-fill-content i-amphtml-replaced-content\" src=\"https:\/\/cdn.elgrupoinformatico.com\/Manuales\/2020\/11\/elegir-archivos-smallpdf-549x322.webp\" alt=\"Imagen - Convertir archivo PDF a Word\" \/><\/p>\n<ol>\n<li>A continuaci\u00f3n, <strong>selecciona en convertir texto en im\u00e1genes<\/strong> y luego ya podr\u00e1s obtener el Word para su descarga.<\/li>\n<\/ol>\n<p>Te hemos mostrado <strong>3 alternativas para pasar un PDF a Word<\/strong>, pero lo cierto es que existen otras muchas opciones online que puedes utilizar para realizar esta tarea, la gran mayor\u00eda no solo permite realizar la conversi\u00f3n, sino tambi\u00e9n otra serie de cosas.<\/p>\n<p><span class=\"teinteresa\"><a class=\"articlelink teinteresa\" href=\"https:\/\/www.elgrupoinformatico.com\/como-saber-documento-pdf-puede-imprimir-t34324.html\">C\u00f3mo saber si un documento PDF se puede imprimir<\/a> <\/span><\/p>\n<div class=\"centrar ad-block bloque\"><\/div>\n","protected":false},"excerpt":{"rendered":"<p>Enlace En este caso vamos a utilizar webs online que permite convertir un archivo PDF a un documento de Word f\u00e1cil y r\u00e1pido, sin pagar nada. Se trata de editores de PDFs online que, aparte de ofrecer esta tarea, tambi\u00e9n tiene otro tipo de funcionalidades m\u00e1s (girar PDFs, dividir PDFs, etc.). Si puedes, evita usar [&hellip;]<\/p>\n","protected":false},"author":117,"featured_media":0,"parent":768,"menu_order":0,"comment_status":"closed","ping_status":"closed","template":"","meta":{"footnotes":""},"class_list":["post-1157","page","type-page","status-publish","hentry","post-preview"],"_links":{"self":[{"href":"https:\/\/edublog.educastur.es\/edutic\/wp-json\/wp\/v2\/pages\/1157","targetHints":{"allow":["GET"]}}],"collection":[{"href":"https:\/\/edublog.educastur.es\/edutic\/wp-json\/wp\/v2\/pages"}],"about":[{"href":"https:\/\/edublog.educastur.es\/edutic\/wp-json\/wp\/v2\/types\/page"}],"author":[{"embeddable":true,"href":"https:\/\/edublog.educastur.es\/edutic\/wp-json\/wp\/v2\/users\/117"}],"replies":[{"embeddable":true,"href":"https:\/\/edublog.educastur.es\/edutic\/wp-json\/wp\/v2\/comments?post=1157"}],"version-history":[{"count":3,"href":"https:\/\/edublog.educastur.es\/edutic\/wp-json\/wp\/v2\/pages\/1157\/revisions"}],"predecessor-version":[{"id":1160,"href":"https:\/\/edublog.educastur.es\/edutic\/wp-json\/wp\/v2\/pages\/1157\/revisions\/1160"}],"up":[{"embeddable":true,"href":"https:\/\/edublog.educastur.es\/edutic\/wp-json\/wp\/v2\/pages\/768"}],"wp:attachment":[{"href":"https:\/\/edublog.educastur.es\/edutic\/wp-json\/wp\/v2\/media?parent=1157"}],"curies":[{"name":"wp","href":"https:\/\/api.w.org\/{rel}","templated":true}]}}