{"id":1201,"date":"2021-11-06T13:09:35","date_gmt":"2021-11-06T13:09:35","guid":{"rendered":"https:\/\/edublog.educastur.es\/edutic\/?page_id=1201"},"modified":"2021-11-06T13:09:35","modified_gmt":"2021-11-06T13:09:35","slug":"librewolf","status":"publish","type":"page","link":"https:\/\/edublog.educastur.es\/edutic\/software\/navegadores\/librewolf\/","title":{"rendered":"LibreWolf"},"content":{"rendered":"<header>\n<div class=\"content\">\n<h1 class=\"title\"><a title=\"\" href=\"https:\/\/www.softzone.es\/noticias\/open-source\/librewolf-navegador-lleva-privacidad-firefox-alla\/\" data-postid=\"623124\">LibreWolf, el navegador que lleva la privacidad de Firefox m\u00e1s all\u00e1<\/a><\/h1>\n<div class=\"info-extra\"><a class=\"author\" href=\"https:\/\/www.softzone.es\/autor\/david-onieva\/\" rel=\"nofollow\">David Onieva<\/a>  Publicado el 04 de noviembre, 2021 \u2022 09:08 <\/div>\n<\/div>\n<\/header>\n<div class=\"opening-wrapper\">\n<div class=\"opening\">\n<div><\/div>\n<div class=\"featured-image\"><img decoding=\"async\" class=\"featured-desktop ssr\" src=\"https:\/\/www.softzone.es\/app\/uploads-softzone.es\/2021\/11\/librewolf-privado.jpg\" alt=\"librewolf privado\" data-srcset=\"https:\/\/www.softzone.es\/app\/uploads-softzone.es\/2021\/11\/librewolf-privado-320x168.jpg 320w,https:\/\/www.softzone.es\/app\/uploads-softzone.es\/2021\/11\/librewolf-privado-480x251.jpg 480w,https:\/\/www.softzone.es\/app\/uploads-softzone.es\/2021\/11\/librewolf-privado-650x340.jpg 650w,https:\/\/www.softzone.es\/app\/uploads-softzone.es\/2021\/11\/librewolf-privado-800x419.jpg 800w,https:\/\/www.softzone.es\/app\/uploads-softzone.es\/2021\/11\/librewolf-privado-930x487.jpg 930w,https:\/\/www.softzone.es\/app\/uploads-softzone.es\/2021\/11\/librewolf-privado.jpg 1268w\" data-src=\"https:\/\/www.softzone.es\/app\/uploads-softzone.es\/2021\/11\/librewolf-privado.jpg\" \/><\/div>\n<\/div>\n<\/div>\n<div class=\"full-text\">\n<div class=\"excerpt\">\n<p>El sector software de los <strong>navegadores<\/strong> est\u00e1 en pleno crecimiento y desarrollo, lo que se traduce en unos proyectos cada vez m\u00e1s interesantes para el usuario final. En estas l\u00edneas nos queremos centrar en LibreWolf, un programa de este tipo que seguro ser\u00e1 m\u00e1s que interesante para muchos.<\/p>\n<\/div>\n<div class=\"content\">\n<p>A estas alturas no hace falta decir que <a href=\"https:\/\/www.softzone.es\/programas-top\/firefox\/personaliza-funciones-privacidad-firefox-69\/\">la seguridad y la privacidad al navegar<\/a> es uno de los elementos clave de este tipo de aplicaciones. Hay desarrolladores que se centran m\u00e1s en estos aspectos que otros, donde podemos destacar a <strong>Mozilla<\/strong> con su <strong>Firefox<\/strong>. Pero claro, a pesar de todo lo que nos propone este proyecto en cuanto a la privacidad y seguridad, siempre hay usuarios que quieren ir un poco m\u00e1s all\u00e1. Precisamente para estos tenemos al alcance de la mano LibreWolf.<\/p>\n<h2>C\u00f3mo mejora la seguridad el navegador LibreWolf<\/h2>\n<p>Lo primero que debemos tener en consideraci\u00f3n es que, al hablar de este programa, en realidad nos referimos a un fork independiente del mencionado Firefox de Mozilla. a pesar de todo lo que nos ofrece este, al mismo tiempo los objetivos m\u00e1s importantes de este proyecto son la seguridad y la privacidad que nos propone. Con todo ello lo que se pretende es darle al usuario una libertad a la hora de moverse por internet que no tiene con otras propuestas. llegados a este punto Cabe mencionar que nos encontramos ante el sucesor de LibreFox dirigido por la comunidad.<\/p>\n<p><img loading=\"lazy\" decoding=\"async\" class=\"aligncenter size-full wp-image-623127 loaded\" src=\"https:\/\/www.softzone.es\/app\/uploads-softzone.es\/2021\/11\/interfaz-principal-librewolf.jpg\" alt=\"\" width=\"1000\" height=\"685\" data-src=\"https:\/\/www.softzone.es\/app\/uploads-softzone.es\/2021\/11\/interfaz-principal-librewolf.jpg\" data-srcset=\"https:\/\/www.softzone.es\/app\/uploads-softzone.es\/2021\/11\/interfaz-principal-librewolf.jpg 1000w, https:\/\/www.softzone.es\/app\/uploads-softzone.es\/2021\/11\/interfaz-principal-librewolf-300x206.jpg 300w, https:\/\/www.softzone.es\/app\/uploads-softzone.es\/2021\/11\/interfaz-principal-librewolf-655x449.jpg 655w, https:\/\/www.softzone.es\/app\/uploads-softzone.es\/2021\/11\/interfaz-principal-librewolf-768x526.jpg 768w\" \/><\/p>\n<div class=\"ad-block\">\n<div id=\"sas_106520_623124\" class=\"sas_106520\" data-target=\"pid=623124;term1=202\" data-pageid=\"792888\" data-formatid=\"106520\"><\/div>\n<\/div>\n<p>Con el fin de lograr los objetivos que os hemos comentado a la hora de navegar, este programa ha dise\u00f1ado para minimizar la recogida de datos y la <strong>telemetr\u00eda<\/strong>. Claro, esto no Siempre es todo lo f\u00e1cil que nos gustar\u00eda, por lo que se consigue haciendo uso de cientos de ajustes y parches. Todos estos est\u00e1n relacionados de manera directa con elementos tan importantes como la privacidad, la seguridad y el rendimiento del producto.<\/p>\n<p>Al mismo tiempo diremos que en este caso tambi\u00e9n han eliminado los complementos integrados intrusivos por defecto. Aqu\u00ed nos referimos elementos tales como el actualizador autom\u00e1tico del programa, la utilidad de reporte de fallos y la herramienta de almacenamiento <strong>Pocket<\/strong>.<\/p>\n<h2>Otras caracter\u00edsticas interesantes del navegador seguro<\/h2>\n<p>Es por todo ello que los amantes de la privacidad a la hora de utilizar un <strong>navegador de internet<\/strong> aqu\u00ed encontrar\u00e1n una excelente alternativa. Adem\u00e1s, es importante saber que LibreWolf est\u00e1 compilado directamente tomando como base la \u00faltima versi\u00f3n estable de Firefox. esto se traduce en que tendremos a nuestra disposici\u00f3n las \u00faltimas funciones lanzadas por Mozilla tambi\u00e9n aqu\u00ed.<\/p>\n<p><img loading=\"lazy\" decoding=\"async\" class=\"aligncenter size-full wp-image-623130 loaded\" src=\"https:\/\/www.softzone.es\/app\/uploads-softzone.es\/2021\/11\/privacidad-librewolf.jpg\" alt=\"privacidad librewolf\" width=\"1000\" height=\"726\" data-src=\"https:\/\/www.softzone.es\/app\/uploads-softzone.es\/2021\/11\/privacidad-librewolf.jpg\" data-srcset=\"https:\/\/www.softzone.es\/app\/uploads-softzone.es\/2021\/11\/privacidad-librewolf.jpg 1000w, https:\/\/www.softzone.es\/app\/uploads-softzone.es\/2021\/11\/privacidad-librewolf-300x218.jpg 300w, https:\/\/www.softzone.es\/app\/uploads-softzone.es\/2021\/11\/privacidad-librewolf-655x476.jpg 655w, https:\/\/www.softzone.es\/app\/uploads-softzone.es\/2021\/11\/privacidad-librewolf-768x558.jpg 768w\" \/><\/p>\n<p>Pero con todo y con ello est\u00e1 no deja de ser una <strong>compilaci\u00f3n independiente<\/strong> de Firefox que utiliza su propia configuraci\u00f3n interna. De Este modo dispondremos de nuestra propia carpeta de perfil independiente y su ruta de instalaci\u00f3n en disco, propia. Por tanto, no tendremos problema a la hora de instalar este nuevo navegador junto a cualquier otro que tengamos ya en nuestro ordenador funcionando.<\/p>\n<p>Otro de los apartados que debemos tener muy en consideraci\u00f3n en este mismo sentido es que este navegador elimina los enlaces a servidores incrustados y otras funciones. Para que nos hagamos una idea m\u00e1s exacta, aqu\u00ed no se utilizan conexiones en segundo plano por defecto. Adem\u00e1s, establece ciertas limitaciones para el <strong>acceso a internet<\/strong> por parte de las extensiones que instalemos.<\/p>\n<p>Para terminar, os diremos que <a href=\"https:\/\/librewolf-community.gitlab.io\/\" target=\"_blank\" rel=\"noopener noreferrer\">pod\u00e9is descargar LibreWolf<\/a> en vuestros equipos basados en <strong>Windows<\/strong>, Linux y macOS. Hay que decir que se espera una versi\u00f3n para dispositivos m\u00f3viles basados en Android pr\u00f3ximamente.<\/p>\n<\/div>\n<\/div>\n","protected":false},"excerpt":{"rendered":"<p>LibreWolf, el navegador que lleva la privacidad de Firefox m\u00e1s all\u00e1 David Onieva Publicado el 04 de noviembre, 2021 \u2022 09:08 El sector software de los navegadores est\u00e1 en pleno crecimiento y desarrollo, lo que se traduce en unos proyectos cada vez m\u00e1s interesantes para el usuario final. En estas l\u00edneas nos queremos centrar en [&hellip;]<\/p>\n","protected":false},"author":117,"featured_media":0,"parent":102,"menu_order":0,"comment_status":"closed","ping_status":"closed","template":"","meta":{"footnotes":""},"class_list":["post-1201","page","type-page","status-publish","hentry","post-preview"],"_links":{"self":[{"href":"https:\/\/edublog.educastur.es\/edutic\/wp-json\/wp\/v2\/pages\/1201","targetHints":{"allow":["GET"]}}],"collection":[{"href":"https:\/\/edublog.educastur.es\/edutic\/wp-json\/wp\/v2\/pages"}],"about":[{"href":"https:\/\/edublog.educastur.es\/edutic\/wp-json\/wp\/v2\/types\/page"}],"author":[{"embeddable":true,"href":"https:\/\/edublog.educastur.es\/edutic\/wp-json\/wp\/v2\/users\/117"}],"replies":[{"embeddable":true,"href":"https:\/\/edublog.educastur.es\/edutic\/wp-json\/wp\/v2\/comments?post=1201"}],"version-history":[{"count":1,"href":"https:\/\/edublog.educastur.es\/edutic\/wp-json\/wp\/v2\/pages\/1201\/revisions"}],"predecessor-version":[{"id":1202,"href":"https:\/\/edublog.educastur.es\/edutic\/wp-json\/wp\/v2\/pages\/1201\/revisions\/1202"}],"up":[{"embeddable":true,"href":"https:\/\/edublog.educastur.es\/edutic\/wp-json\/wp\/v2\/pages\/102"}],"wp:attachment":[{"href":"https:\/\/edublog.educastur.es\/edutic\/wp-json\/wp\/v2\/media?parent=1201"}],"curies":[{"name":"wp","href":"https:\/\/api.w.org\/{rel}","templated":true}]}}