{"id":442,"date":"2021-01-03T07:55:35","date_gmt":"2021-01-03T07:55:35","guid":{"rendered":"https:\/\/edublog.educastur.es\/edutic\/?page_id=442"},"modified":"2021-08-13T21:22:49","modified_gmt":"2021-08-13T21:22:49","slug":"mapas","status":"publish","type":"page","link":"https:\/\/edublog.educastur.es\/edutic\/recursos\/mapas\/","title":{"rendered":"Mapas"},"content":{"rendered":"<ul>\n<li><a href=\"https:\/\/anvaka.github.io\/city-roads\/?s=09\"><span style=\"font-size: 18pt\">https:\/\/anvaka.github.io\/city-roads\/?s=09<\/span><\/a><\/li>\n<li><a href=\"https:\/\/anvaka.github.io\/city-roads\/?s=9&amp;q=Asturias\"><span style=\"font-size: 24pt\"><strong>Asturias<\/strong><\/span><\/a><\/li>\n<li><a href=\"https:\/\/anvaka.github.io\/city-roads\/?s=9&amp;q=oviedo\"><span style=\"font-size: 24pt\">Oviedo<\/span><\/a><\/li>\n<\/ul>\n<hr \/>\n<ul>\n<li><a href=\"https:\/\/www.xatakandroid.com\/listas\/siete-aplicaciones-mapas-offline-para-viajar-te-quedes-conexion\">https:\/\/www.xatakandroid.com\/listas\/<strong>siete-aplicaciones-mapas-offline-para-viajar-te-quedes-conexion<\/strong><\/a><\/li>\n<\/ul>\n<p>&nbsp;<\/p>\n<hr \/>\n<ul>\n<li><span style=\"font-size: 18pt;color: #008080\"><strong>Organic Maps<\/strong><\/span><\/li>\n<\/ul>\n<p style=\"text-align: center\"><img loading=\"lazy\" decoding=\"async\" class=\"alignnone \" src=\"https:\/\/i.blogs.es\/093558\/organic-maps-2\/1366_2000.jpg\" width=\"503\" height=\"277\" \/><\/p>\n<p><a href=\"https:\/\/www.xatakandroid.com\/aplicaciones-android\/organic-maps-alternativa-a-google-maps-que-no-rastrea-tus-datos-open-source-rutas-offline\">Organic Maps<\/a> es una aplicaci\u00f3n de mapas y rutas GPS guiadas que se basa en los mapas de <a href=\"https:\/\/www.openstreetmap.org\/\">OpenStreetMap<\/a> para ofrecer un servicio muy parecido al de <a href=\"https:\/\/www.xataka.com\/basics\/google-maps-trucos-algun-huevo-pascua-para-ser-completo-maestro-jedi\">Google Maps<\/a>, siempre de forma algo m\u00e1s limitada. Y <strong>sin que Organic Maps registre los datos de usuario ni ejecute rastreos<\/strong>: la app es de c\u00f3digo abierto y est\u00e1 disponible tanto para Android como para iPhone.<\/p>\n<p>Elegir una app de mapas para utilizar en el tel\u00e9fono no acostumbra a ser necesario ya que \u00e9ste trae una de serie: <a href=\"https:\/\/www.xatakamovil.com\/aplicaciones\/siete-funciones-para-sacar-partido-al-maximo-a-apple-maps\">Apple Maps<\/a> en el caso del iPhone y Google Maps en los Android. Aun as\u00ed, existen <a href=\"https:\/\/www.xatakandroid.com\/listas\/siete-aplicaciones-mapas-offline-para-viajar-te-quedes-conexion\">numerosas alternativas a las aplicaciones de serie<\/a>, incluso basadas en c\u00f3digo abierto. Ah\u00ed est\u00e1 Organic Maps, una aplicaci\u00f3n sumamente funcional que <strong>ofrece una buena parte de los servicios habituales sin obtener datos de usuario a cambio<\/strong>.<\/p>\n","protected":false},"excerpt":{"rendered":"<p>https:\/\/anvaka.github.io\/city-roads\/?s=09 Asturias Oviedo https:\/\/www.xatakandroid.com\/listas\/siete-aplicaciones-mapas-offline-para-viajar-te-quedes-conexion &nbsp; Organic Maps Organic Maps es una aplicaci\u00f3n de mapas y rutas GPS guiadas que se basa en los mapas de OpenStreetMap para ofrecer un servicio muy parecido al de Google Maps, siempre de forma algo m\u00e1s limitada. Y sin que Organic Maps registre los datos de usuario ni ejecute rastreos: [&hellip;]<\/p>\n","protected":false},"author":117,"featured_media":0,"parent":239,"menu_order":0,"comment_status":"closed","ping_status":"closed","template":"","meta":{"footnotes":""},"class_list":["post-442","page","type-page","status-publish","hentry","post-preview"],"_links":{"self":[{"href":"https:\/\/edublog.educastur.es\/edutic\/wp-json\/wp\/v2\/pages\/442","targetHints":{"allow":["GET"]}}],"collection":[{"href":"https:\/\/edublog.educastur.es\/edutic\/wp-json\/wp\/v2\/pages"}],"about":[{"href":"https:\/\/edublog.educastur.es\/edutic\/wp-json\/wp\/v2\/types\/page"}],"author":[{"embeddable":true,"href":"https:\/\/edublog.educastur.es\/edutic\/wp-json\/wp\/v2\/users\/117"}],"replies":[{"embeddable":true,"href":"https:\/\/edublog.educastur.es\/edutic\/wp-json\/wp\/v2\/comments?post=442"}],"version-history":[{"count":4,"href":"https:\/\/edublog.educastur.es\/edutic\/wp-json\/wp\/v2\/pages\/442\/revisions"}],"predecessor-version":[{"id":1085,"href":"https:\/\/edublog.educastur.es\/edutic\/wp-json\/wp\/v2\/pages\/442\/revisions\/1085"}],"up":[{"embeddable":true,"href":"https:\/\/edublog.educastur.es\/edutic\/wp-json\/wp\/v2\/pages\/239"}],"wp:attachment":[{"href":"https:\/\/edublog.educastur.es\/edutic\/wp-json\/wp\/v2\/media?parent=442"}],"curies":[{"name":"wp","href":"https:\/\/api.w.org\/{rel}","templated":true}]}}