{"id":65,"date":"2020-08-06T22:12:28","date_gmt":"2020-08-06T22:12:28","guid":{"rendered":"https:\/\/edublog.educastur.es\/edutic\/?page_id=65"},"modified":"2020-08-11T19:14:32","modified_gmt":"2020-08-11T19:14:32","slug":"credenciales","status":"publish","type":"page","link":"https:\/\/edublog.educastur.es\/edutic\/educastur\/credenciales\/","title":{"rendered":"CREDENCIALES"},"content":{"rendered":"<p><a href=\"https:\/\/cproviedo.es\/videotutoriales-aplicaciones-online-365-2\"><img loading=\"lazy\" decoding=\"async\" class=\"alignnone \" src=\"https:\/\/cproviedo.es\/wp-content\/uploads\/2020\/03\/videoturoriales-Pildoras365_portada_800x752.jpg\" width=\"360\" height=\"225\" \/> Ver<\/a><\/p>\n<p><img loading=\"lazy\" decoding=\"async\" class=\"\" src=\"https:\/\/imgbox.es\/images\/2020\/03\/23\/separadora4a37c028d732afc.jpg\" width=\"384\" height=\"31\" border=\"0\" \/><\/p>\n<p><a href=\"https:\/\/cproviedo.es\/credenciales-de-acceso-a-servicios-educativos-2\"><img loading=\"lazy\" decoding=\"async\" class=\"alignnone \" src=\"https:\/\/cproviedo.es\/wp-content\/uploads\/2020\/03\/CrdencialesPildoras365_portada_800x752.png\" width=\"357\" height=\"223\" \/>Ver<\/a><\/p>\n<p><span style=\"font-size: 14pt\"><em>Las credenciales son los nombres de usuario y la contrase\u00f1a para acceder a un sitio web.<\/em><\/span><\/p>\n<p><img loading=\"lazy\" decoding=\"async\" class=\"\" src=\"https:\/\/imgbox.es\/images\/2020\/03\/23\/separadora4a37c028d732afc.jpg\" width=\"384\" height=\"31\" border=\"0\" \/><\/p>\n<p><a href=\"https:\/\/www.educastur.es\/documents\/10531\/38870\/credenciales-estudiantes-GENERAL.pdf\/23d0d725-d2d0-4d1b-96b5-701f3b0a8a50\"><img loading=\"lazy\" decoding=\"async\" class=\"alignnone \" src=\"https:\/\/alojaweb.educastur.es\/documents\/1902301\/3068008\/credenciales365\/4be31e7a-3cd1-4073-ac1f-a11d7ddc9b45?t=1521319818799\" width=\"141\" height=\"141\" \/><\/a><\/p>\n<ul>\n<li><span class=\"asset-entry\"><span class=\"asset-entry-title\"><a id=\"aui_3_4_0_1_568\" href=\"https:\/\/www.educastur.es\/documents\/10531\/38870\/credenciales-estudiantes-GENERAL.pdf\/23d0d725-d2d0-4d1b-96b5-701f3b0a8a50\"><em><span style=\"font-size: 14pt\">credenciales-estudiantes-GENERAL.pdf <\/span><\/em><\/a><\/span><\/span><\/li>\n<li><span style=\"font-size: 14pt\"><em><a href=\"https:\/\/www.educastur.es\/documents\/10531\/38870\/guia-credenciales-ESTUDIANTES_14-11-2017.pdf\/fe4f6fcf-c43f-4046-87df-11a9b411c510\">Gu\u00eda de credenciales<\/a> (pdf, 1,9 MB)<\/em><\/span><\/li>\n<li><span style=\"font-size: 14pt\"><em><a href=\"https:\/\/www.educastur.es\/documents\/10531\/38870\/credenciales-estudiantes-GENERAL.pdf\/23d0d725-d2d0-4d1b-96b5-701f3b0a8a50\">Credenciales de acceso a servicios en l\u00ednea para estudiantes<\/a> (pdf)<\/em><\/span><\/li>\n<\/ul>\n<p><span style=\"font-size: 14pt\"><em><strong>El alumnado, al igual que el profesorado, tiene DOS CUENTAS de acceso a servicios:<\/strong><\/em><\/span><\/p>\n<ul>\n<li><span style=\"font-size: 14pt\"><em><strong>1) La CUENTA EDUCASTUR <\/strong>que da acceso a\u00a0 todos los servicios educativos <strong>EXCEPTO <\/strong>a 365.<br \/>\nLa contrase\u00f1a la da el Centro (papel impreso)<br \/>\n<\/em><\/span><\/li>\n<li><span style=\"font-size: 14pt\"><em><strong>Acceso a:<\/strong>\u00a0Intranet, Campus Aulas virtuales, Campus FP.<\/em><\/span><\/li>\n<li><span style=\"font-size: 14pt\"><del><em><strong>No da acceso a: <\/strong>Office 365.<\/em><\/del><\/span><\/li>\n<li><span style=\"font-size: 14pt\"><em><a href=\"https:\/\/www.educastur.es\/web\/abierto24x7\/cuentas\/educastur\" target=\"_blank\" rel=\"noopener noreferrer\">Cuenta educastur. Preguntas frecuentes<\/a><\/em><\/span><\/li>\n<li><span style=\"font-size: 14pt\"><em><a href=\"https:\/\/www.educastur.es\/-\/cuenta-educastur-alumnado-solicitud-de-nueva-contrasena\" target=\"_blank\" rel=\"noopener noreferrer\">Solicitud de nueva contrase\u00f1a educastur<\/a>\u00a0(al centro educativo)<\/em><\/span><\/li>\n<li><span style=\"font-size: 14pt\"><em><a href=\"https:\/\/www.educastur.es\/-\/cuenta-educastur-alumnado-cambio-de-contrasena\" target=\"_blank\" rel=\"noopener noreferrer\"><strong>TUTORIAL.<\/strong> Cambio de contrase\u00f1a educastur<\/a><\/em><\/span><\/li>\n<\/ul>\n<p>&nbsp;<\/p>\n<p><img loading=\"lazy\" decoding=\"async\" class=\"alignnone \" src=\"https:\/\/upload.wikimedia.org\/wikipedia\/commons\/thumb\/d\/df\/Logo_Microsoft_Office_365.svg\/1024px-Logo_Microsoft_Office_365.svg.png\" width=\"264\" height=\"58\" \/><\/p>\n<ul>\n<li><span style=\"font-size: 14pt\"><em><strong>2) La CUENTA 365 <\/strong>que da acceso al portal Office 365 en el que se encuenta el correo oficial y a las aplicaciones educativas alojadas en la nube.<\/em><\/span><\/li>\n<li><span style=\"font-size: 14pt\"><em><strong>Esta cuenta da acceso a los servicios agrupados en Office 365.<\/strong><\/em><\/span><\/li>\n<li><span style=\"font-size: 14pt\"><em><strong>Da acceso a:\u00a0<\/strong>Correo electr\u00f3nico, Teams, OneNote, OneDrive, Forms, Sway, Stream&#8230;<\/em><\/span><\/li>\n<li><span style=\"font-size: 14pt\"><del><em><strong>No da acceso a:\u00a0<\/strong>Intranet, Campus Aulas virtuales, Campus FP.<\/em><\/del><\/span><\/li>\n<li><span style=\"font-size: 14pt\"><em><a href=\"https:\/\/www.educastur.es\/web\/abierto24x7\/cuentas\/365\" target=\"_blank\" rel=\"noopener noreferrer\">Cuenta Office365. Preguntas frecuentes<\/a><\/em><\/span><\/li>\n<\/ul>\n<p><span style=\"font-size: 14pt\"><a href=\"https:\/\/tictelgrup.com\/wp-content\/uploads\/2019\/05\/Captura-de-pantalla-2019-05-02-a-las-10.02.20.png\"><img loading=\"lazy\" decoding=\"async\" class=\"alignnone size-full\" src=\"https:\/\/tictelgrup.com\/wp-content\/uploads\/2019\/05\/Captura-de-pantalla-2019-05-02-a-las-10.02.20.png\" width=\"520\" height=\"213\" \/><\/a><\/span><\/p>\n<ul>\n<li><span style=\"font-size: 14pt\"><em><a href=\"https:\/\/www.educastur.es\/-\/cuenta-365-todos-los-perfiles-generar-cambiar-la-contrasena\" target=\"_blank\" rel=\"noopener noreferrer\"><b>TUTORIAL.\u00a0<\/b>Cambio o creaci\u00f3n de nueva contrase\u00f1a <strong>CORREO 365<\/strong><\/a> (intranet)<a href=\"https:\/\/login.microsoftonline.com\/\"><img loading=\"lazy\" decoding=\"async\" class=\"alignnone \" src=\"https:\/\/www.educastur.es\/image\/layout_icon?img_id=1014396\" width=\"58\" height=\"58\" \/><\/a><\/em><\/span><\/li>\n<li><span style=\"font-size: 14pt\"><em>El alumno o la alumna puede activar o recuperar la contrase\u00f1a de esta cuenta en la <a href=\"https:\/\/intranet.educastur.es\">Intranet de Educastur<\/a>\u00a0en cualquier momento.\u00a0El acceso a la Intranet debe hacerse <strong>con la CUENTA EDUCASTUR ACTIVA.<\/strong> <\/em><em>Una vez dentro de la intranet el cambio de clave se realiza en la secci\u00f3n <strong>Clave 365:<\/strong><\/em><\/span><\/li>\n<\/ul>\n<p><span style=\"font-size: 14pt\"><em><a href=\"http:\/\/intranet.educastur.es\" target=\"_blank\" rel=\"noopener noreferrer\"><img loading=\"lazy\" decoding=\"async\" class=\"\" title=\"Educastur. intranet Acceso a gesti\u00f3n de cuentas\" src=\"https:\/\/www.educastur.es\/documents\/10531\/5364419\/claves-intranet-365.png\/c01e8019-fdf1-4925-83e4-8addbe918a05?t=1584957466178\" alt=\"Educastur. intranet Acceso a gesti\u00f3n de cuentas\" width=\"402\" height=\"172\" \/>\u00a0<\/a><\/em><em><a href=\"http:\/\/intranet.educastur.es\" target=\"_blank\" rel=\"noopener noreferrer\">Educastur intranet. Acceso a la gesti\u00f3n de cuentas<\/a><\/em><\/span><\/p>\n<ul>\n<li><span style=\"font-size: 14pt\"><em><a href=\"https:\/\/www.educastur.es\/web\/abierto24x7\/cuentas\/365\" target=\"_blank\" rel=\"noopener noreferrer\">Cuenta Office365. Preguntas frecuentes<\/a><\/em><\/span><\/li>\n<\/ul>\n<p><span style=\"font-size: 14pt\"><img loading=\"lazy\" decoding=\"async\" class=\"\" src=\"https:\/\/imgbox.es\/images\/2020\/03\/23\/separadora4a37c028d732afc.jpg\" width=\"384\" height=\"31\" border=\"0\" \/><\/span><\/p>\n<p><span style=\"font-size: 14pt\"><em><strong>CONTRASE\u00d1A CUENTA EDUCASTUR _ <\/strong><strong>PROFESORADO<\/strong><\/em><\/span><\/p>\n<ul>\n<li><span style=\"font-size: 14pt\"><em><a href=\"https:\/\/servicios.educastur.es\/educastur\/pasos\/cuentas\/\" target=\"_blank\" rel=\"noopener noreferrer\"><strong>ACCESO DIRECTO<\/strong> al<strong>\u00a0<\/strong>Formulario Paso 1-2. Solicitud de nueva contrase\u00f1a<strong> Educastur<\/strong><\/a><strong>\u00a0<\/strong><\/em><\/span><\/li>\n<li><span style=\"font-size: 14pt\"><em><a href=\"https:\/\/www.educastur.es\/-\/profesorado-cuenta-educastur-peticion-de-nueva-contrasena\" target=\"_blank\" rel=\"noopener noreferrer\"><strong>TUTORIAL.<\/strong> Formulario Paso 1-2. Solicitud de nueva contrase\u00f1a Educastur<\/a>\u00a0<\/em><\/span><\/li>\n<li><span style=\"font-size: 14pt\"><em><a href=\"https:\/\/www.educastur.es\/-\/cuenta-educastur-profesorado-cambio-de-contrasena\" target=\"_blank\" rel=\"noopener noreferrer\"><strong>TUTORIAL.<\/strong> Cambio de contrase\u00f1a<\/a> (intranet)<\/em><\/span><\/li>\n<li><span style=\"font-size: 14pt\"><em><a href=\"https:\/\/www.educastur.es\/-\/aplicaciones-educativas-del-principado\" target=\"_blank\" rel=\"noopener noreferrer\"><strong>TUTORIAL.<\/strong> Acceso a las aplicaciones del Principado<\/a>\u00a0(N\u00f3minas, Concurso traslados, IAAP&#8230;)<\/em><\/span><\/li>\n<li><span style=\"font-size: 14pt\"><em><a href=\"https:\/\/www.educastur.es\/web\/abierto24x7\/cuentas\/365\" target=\"_blank\" rel=\"noopener noreferrer\">Cuenta Office365. Preguntas frecuentes<\/a><\/em><\/span><\/li>\n<\/ul>\n<p><span style=\"font-size: 14pt\"><em><strong>CONTRASE\u00d1A CUENTA 365 CORREO ELECTR\u00d3NICO\u00a0\u00a0 <a href=\"https:\/\/login.microsoftonline.com\/\"><img loading=\"lazy\" decoding=\"async\" class=\"alignnone \" src=\"https:\/\/www.educastur.es\/image\/layout_icon?img_id=1014396\" width=\"58\" height=\"58\" \/><\/a><br \/>\n<\/strong><\/em><\/span><\/p>\n<p><span style=\"font-size: 14pt\"><em><a href=\"https:\/\/www.educastur.es\/-\/cuenta-365-todos-los-perfiles-generar-cambiar-la-contrasena\" target=\"_blank\" rel=\"noopener noreferrer\"><b>TUTORIAL.\u00a0<\/b>Cambio o creaci\u00f3n de nueva contrase\u00f1a 365<\/a> (intranet)<\/em><\/span><\/p>\n<p>&nbsp;<\/p>\n","protected":false},"excerpt":{"rendered":"<p>Ver Ver Las credenciales son los nombres de usuario y la contrase\u00f1a para acceder a un sitio web. credenciales-estudiantes-GENERAL.pdf Gu\u00eda de credenciales (pdf, 1,9 MB) Credenciales de acceso a servicios en l\u00ednea para estudiantes (pdf) El alumnado, al igual que el profesorado, tiene DOS CUENTAS de acceso a servicios: 1) La CUENTA EDUCASTUR que da [&hellip;]<\/p>\n","protected":false},"author":117,"featured_media":0,"parent":44,"menu_order":0,"comment_status":"closed","ping_status":"closed","template":"","meta":{"footnotes":""},"class_list":["post-65","page","type-page","status-publish","hentry","post-preview"],"_links":{"self":[{"href":"https:\/\/edublog.educastur.es\/edutic\/wp-json\/wp\/v2\/pages\/65","targetHints":{"allow":["GET"]}}],"collection":[{"href":"https:\/\/edublog.educastur.es\/edutic\/wp-json\/wp\/v2\/pages"}],"about":[{"href":"https:\/\/edublog.educastur.es\/edutic\/wp-json\/wp\/v2\/types\/page"}],"author":[{"embeddable":true,"href":"https:\/\/edublog.educastur.es\/edutic\/wp-json\/wp\/v2\/users\/117"}],"replies":[{"embeddable":true,"href":"https:\/\/edublog.educastur.es\/edutic\/wp-json\/wp\/v2\/comments?post=65"}],"version-history":[{"count":5,"href":"https:\/\/edublog.educastur.es\/edutic\/wp-json\/wp\/v2\/pages\/65\/revisions"}],"predecessor-version":[{"id":238,"href":"https:\/\/edublog.educastur.es\/edutic\/wp-json\/wp\/v2\/pages\/65\/revisions\/238"}],"up":[{"embeddable":true,"href":"https:\/\/edublog.educastur.es\/edutic\/wp-json\/wp\/v2\/pages\/44"}],"wp:attachment":[{"href":"https:\/\/edublog.educastur.es\/edutic\/wp-json\/wp\/v2\/media?parent=65"}],"curies":[{"name":"wp","href":"https:\/\/api.w.org\/{rel}","templated":true}]}}