{"id":2,"date":"2025-01-21T09:31:09","date_gmt":"2025-01-21T08:31:09","guid":{"rendered":"https:\/\/edublog.educastur.es\/eldiariodelsantiago\/?page_id=2"},"modified":"2025-03-12T13:26:12","modified_gmt":"2025-03-12T12:26:12","slug":"pagina-ejemplo","status":"publish","type":"page","link":"https:\/\/edublog.educastur.es\/eldiariodelsantiago\/pagina-ejemplo\/","title":{"rendered":"Nuestro Peri\u00f3dico Escolar"},"content":{"rendered":"<p><img loading=\"lazy\" decoding=\"async\" class=\" wp-image-231 aligncenter\" src=\"http:\/\/edublog.educastur.es\/eldiariodelsantiago\/files\/2025\/03\/LOGO-PODCAST-231x300.png\" alt=\"\" width=\"326\" height=\"423\" srcset=\"https:\/\/edublog.educastur.es\/eldiariodelsantiago\/files\/2025\/03\/LOGO-PODCAST-231x300.png 231w, https:\/\/edublog.educastur.es\/eldiariodelsantiago\/files\/2025\/03\/LOGO-PODCAST.png 464w\" sizes=\"auto, (max-width: 326px) 100vw, 326px\" \/><\/p>\n<p style=\"text-align: center\"><strong>\u00a1\u00a1Bienvenidos y bienvenidas!!\u00a0<\/strong><\/p>\n<p style=\"text-align: center\">En la primera publicaci\u00f3n conocer\u00e9is a los grupos, algunos proyectos que trabajan y os familiarizar\u00e9is con la vida del cole.<\/p>\n<p style=\"text-align: center\">M\u00e1s adelante, a\u00f1adiremos entrevistas, novedades de la localidad, deportes, cocina y un largo etc. de contenido interesante para la formaci\u00f3n del alumnado del Santiago.<\/p>\n<p style=\"text-align: center\">Comienza nuestro viaje con <strong><em><strong>\u00abEl Diario De Los Santiaguines\u00bb.<\/strong><\/em><br \/>\n<\/strong><\/p>\n<p style=\"text-align: center\"><strong><strong>\u00bf\u00bf\u00bfNos acompa\u00f1\u00e1is???<\/strong><\/strong><\/p>\n<p>&nbsp;<\/p>\n<p>&nbsp;<\/p>\n","protected":false},"excerpt":{"rendered":"<p>\u00a1\u00a1Bienvenidos y bienvenidas!!\u00a0 En la primera publicaci\u00f3n conocer\u00e9is a los grupos, algunos proyectos que trabajan y os familiarizar\u00e9is con la vida del cole. M\u00e1s adelante, a\u00f1adiremos entrevistas, novedades de la localidad, deportes, cocina y un largo etc. de contenido interesante [&hellip;]<\/p>\n","protected":false},"author":6519,"featured_media":0,"parent":0,"menu_order":1,"comment_status":"closed","ping_status":"open","template":"","meta":{"footnotes":""},"class_list":["post-2","page","type-page","status-publish","hentry"],"_links":{"self":[{"href":"https:\/\/edublog.educastur.es\/eldiariodelsantiago\/wp-json\/wp\/v2\/pages\/2","targetHints":{"allow":["GET"]}}],"collection":[{"href":"https:\/\/edublog.educastur.es\/eldiariodelsantiago\/wp-json\/wp\/v2\/pages"}],"about":[{"href":"https:\/\/edublog.educastur.es\/eldiariodelsantiago\/wp-json\/wp\/v2\/types\/page"}],"author":[{"embeddable":true,"href":"https:\/\/edublog.educastur.es\/eldiariodelsantiago\/wp-json\/wp\/v2\/users\/6519"}],"replies":[{"embeddable":true,"href":"https:\/\/edublog.educastur.es\/eldiariodelsantiago\/wp-json\/wp\/v2\/comments?post=2"}],"version-history":[{"count":11,"href":"https:\/\/edublog.educastur.es\/eldiariodelsantiago\/wp-json\/wp\/v2\/pages\/2\/revisions"}],"predecessor-version":[{"id":235,"href":"https:\/\/edublog.educastur.es\/eldiariodelsantiago\/wp-json\/wp\/v2\/pages\/2\/revisions\/235"}],"wp:attachment":[{"href":"https:\/\/edublog.educastur.es\/eldiariodelsantiago\/wp-json\/wp\/v2\/media?parent=2"}],"curies":[{"name":"wp","href":"https:\/\/api.w.org\/{rel}","templated":true}]}}