{"id":225,"date":"2021-03-02T09:10:14","date_gmt":"2021-03-02T09:10:14","guid":{"rendered":"https:\/\/edublog.educastur.es\/elrincondeal\/?page_id=225"},"modified":"2021-09-16T11:38:22","modified_gmt":"2021-09-16T10:38:22","slug":"interesante-para-las-familias","status":"publish","type":"page","link":"https:\/\/edublog.educastur.es\/elrincondeal\/interesante-para-las-familias\/","title":{"rendered":"Interesante para las familias"},"content":{"rendered":"<p><strong><span style=\"font-family: terminal, monaco, monospace;font-size: 14pt;color: #993366\">Cositas chulas que os recomiendo\u00a0<\/span><\/strong><\/p>\n<p><a href=\"https:\/\/www.facebook.com\/events\/1205635679851764\">Evento Online: \u00abEl desarrollo cerebral de los m\u00e1s peque\u00f1os\u00bb<\/a><\/p>\n<p><a href=\"https:\/\/editorialsentir.com\/los-4-cerebros-de-arantxa\/?fbclid=IwAR060P520-BGq6xq91n9H25iFQCS8fXz2tnS3rddjaoRYdwztS5q0siZ5e4\">https:\/\/editorialsentir.com\/los-4-cerebros-de-arantxa\/?fbclid=IwAR060P520-BGq6xq91n9H25iFQCS8fXz2tnS3rddjaoRYdwztS5q0siZ5e4<\/a><\/p>\n<p><a href=\"https:\/\/www.educaresemocionar.com\/\">Educar es Emocionar<\/a><\/p>\n<p><a href=\"https:\/\/www.educaresemocionar.com\/formacion-coaching-educativo\/\">Curso gratuito: \u00abC\u00f3mo mejorar el mundona trav\u00e9s de la educaci\u00f3n\u00bb<\/a><\/p>\n<p><a href=\"https:\/\/www.facebook.com\/MaternidadyCrianzaPlena\/\">Maternidad y crianza plena<\/a><\/p>\n<p><a href=\"https:\/\/fb.watch\/4sqpXexZHc\/\">Evento virtual; crianza respetuosa<\/a><\/p>\n<p><a href=\"https:\/\/elpais.com\/elpais\/2017\/04\/12\/mamas_papas\/1491976540_963628.html#:~:text=Los%20besos%20producen%20en%20los,lo%20que%20favorece%20su%20autoestima%E2%80%9D.\">\u00bfPor qu\u00e9 es bueno besar mucho a tus hijos?<\/a><\/p>\n<p>&nbsp;<\/p>\n<p>&nbsp;<\/p>\n<p><img loading=\"lazy\" decoding=\"async\" class=\"alignnone wp-image-226\" src=\"http:\/\/edublog.educastur.es\/elrincondeal\/files\/2021\/03\/newspapers-4565916_1920-300x200.jpg\" alt=\"\" width=\"821\" height=\"547\" srcset=\"https:\/\/edublog.educastur.es\/elrincondeal\/files\/2021\/03\/newspapers-4565916_1920-300x200.jpg 300w, https:\/\/edublog.educastur.es\/elrincondeal\/files\/2021\/03\/newspapers-4565916_1920-1024x683.jpg 1024w, https:\/\/edublog.educastur.es\/elrincondeal\/files\/2021\/03\/newspapers-4565916_1920-768x512.jpg 768w, https:\/\/edublog.educastur.es\/elrincondeal\/files\/2021\/03\/newspapers-4565916_1920-1536x1024.jpg 1536w, https:\/\/edublog.educastur.es\/elrincondeal\/files\/2021\/03\/newspapers-4565916_1920-600x400.jpg 600w, https:\/\/edublog.educastur.es\/elrincondeal\/files\/2021\/03\/newspapers-4565916_1920-945x630.jpg 945w, https:\/\/edublog.educastur.es\/elrincondeal\/files\/2021\/03\/newspapers-4565916_1920.jpg 1920w\" sizes=\"auto, (max-width: 821px) 100vw, 821px\" \/><\/p>\n<p>&nbsp;<\/p>\n<p>&nbsp;<\/p>\n<p style=\"text-align: center\"><span style=\"font-family: terminal, monaco, monospace\"><strong><span style=\"color: #800080;font-size: 14pt\">Dec\u00e1logo de c\u00f3mo convertir a un hij@ en delicuente&#8230;<\/span><\/strong><\/span><\/p>\n<p>&nbsp;<\/p>\n\n<!-- iframe plugin v.6.0 wordpress.org\/plugins\/iframe\/ -->\n<iframe loading=\"lazy\" width=\"853\" height=\"480\" src=\"https:\/\/www.youtube.com\/embed\/jlTknm7tDws\" frameborder=\"0\" allow=\"accelerometer; autoplay; clipboard-write; encrypted-media; gyroscope; picture-in-picture\" scrolling=\"yes\" class=\"iframe-class\"><\/iframe>\n\n<p>&nbsp;<\/p>\n<p style=\"text-align: center\"><span style=\"font-family: terminal, monaco, monospace;font-size: 14pt;color: #800080\"><strong>\u00abEl tel\u00e9fono m\u00f3vil es una droga\u00bb<\/strong><\/span><\/p>\n<p><a href=\"https:\/\/actualidad.rt.com\/programas\/entrevista\/297036-violar-intimidad-hijos-juez-menores-calatayud\">Actualidad.rt.com-violar-intimidad-m\u00f3viles-menores<\/a><\/p>\n<p>&nbsp;<\/p>\n\n<!-- iframe plugin v.6.0 wordpress.org\/plugins\/iframe\/ -->\n<iframe loading=\"lazy\" width=\"964\" height=\"542\" src=\"https:\/\/www.youtube.com\/embed\/jWOtqO05sAs\" frameborder=\"0\" allow=\"accelerometer; autoplay; clipboard-write; encrypted-media; gyroscope; picture-in-picture\" scrolling=\"yes\" class=\"iframe-class\"><\/iframe>\n\n<p>&nbsp;<\/p>\n<p>Educar es TODO. MADRES Y PADRES.<\/p>\n<p>&nbsp;<\/p>\n\n<!-- iframe plugin v.6.0 wordpress.org\/plugins\/iframe\/ -->\n<iframe loading=\"lazy\" width=\"853\" height=\"480\" src=\"https:\/\/www.youtube.com\/embed\/MvTjA70O60w\" title=\"YouTube video player\" frameborder=\"0\" allow=\"accelerometer; autoplay; clipboard-write; encrypted-media; gyroscope; picture-in-picture\" scrolling=\"yes\" class=\"iframe-class\"><\/iframe>\n\n<p>&nbsp;<\/p>\n<p>Os invito a disfrutar con vuestros peques esta maravillosa historia; una ni\u00f1a, orejas grandes, burlas&#8230; pero gracias a su mam\u00e1 aprender\u00e1 una gran lecci\u00f3n sobre la autoestima y seguridad en s\u00ed misma<\/p>\n\n<!-- iframe plugin v.6.0 wordpress.org\/plugins\/iframe\/ -->\n<iframe loading=\"lazy\" width=\"853\" height=\"480\" src=\"https:\/\/www.youtube.com\/embed\/051fVwTM0UM\" title=\"YouTube video player\" frameborder=\"0\" allow=\"accelerometer; autoplay; clipboard-write; encrypted-media; gyroscope; picture-in-picture\" scrolling=\"yes\" class=\"iframe-class\"><\/iframe>\n\n<p><strong>A veces mam\u00e1 tiene truenos en la cabeza<\/strong><\/p>\n\n<!-- iframe plugin v.6.0 wordpress.org\/plugins\/iframe\/ -->\n<iframe loading=\"lazy\" width=\"640\" height=\"360\" src=\"https:\/\/www.youtube.com\/embed\/-NiBfOU2K_Q\" title=\"YouTube video player\" frameborder=\"0\" allow=\"accelerometer; autoplay; clipboard-write; encrypted-media; gyroscope; picture-in-picture\" scrolling=\"yes\" class=\"iframe-class\"><\/iframe>\n\n<p><a href=\"https:\/\/es.liveworksheets.com\/cz1292571iy\">Actividades divertidas!<\/a><\/p>\n<p><a href=\"https:\/\/www.leeconmale.com\/educacion-basada-en-psicologia-positiva\/\">Educaci\u00f3n-Psicolog\u00eda positiva<\/a><\/p>\n<p><a href=\"https:\/\/www.leeconmale.com\/educacion-basada-en-psicologia-positiva\/\">https:\/\/www.leeconmale.com\/educacion-basada-en-psicologia-positiva\/<\/a><\/p>\n<p><a href=\"https:\/\/lamenteesmaravillosa.com\/cuentos-para-educar-ninos-felices\/\">Claves principales para educar ni\u00f1os felices<\/a><\/p>\n<p><strong>\u00abCuentos para educar ni\u00f1os felices\u00bb<\/strong><\/p>\n\n<!-- iframe plugin v.6.0 wordpress.org\/plugins\/iframe\/ -->\n<iframe loading=\"lazy\" width=\"814\" height=\"458\" src=\"https:\/\/www.youtube.com\/embed\/OIersDF6Z-w\" title=\"YouTube video player\" frameborder=\"0\" allow=\"accelerometer; autoplay; clipboard-write; encrypted-media; gyroscope; picture-in-picture\" scrolling=\"yes\" class=\"iframe-class\"><\/iframe>\n\n<p>&nbsp;<\/p>\n<p><span class=\"\" style=\"color: #993366;font-size: 14pt\" title=\"Editado\">Leer es una actividad beneficiosa:<\/span><\/p>\n<p><span class=\"\" title=\"Editado\"><br \/>\n?Estimula la imaginaci\u00f3n y el pensamiento cr\u00edtico<br \/>\n?Aumenta el vocabulario<br \/>\n?Acelera el aprendizaje<br \/>\n?Expande los horizontes<br \/>\n?Desarrolla la conciencia especialmente en la ni\u00f1ez y adolescencia<br \/>\n? Ayuda a prevenir problemas de memoria en las personas adultas.<\/span><\/p>\n<p>\u2714\ufe0f<span style=\"font-size: 14pt\"><strong><span style=\"color: #993366\">Hoy es un buen d\u00eda para retomar la lectura, empezar un nuevo libro, seguir investigando y aprendiendo.<\/span><\/strong><\/span><\/p>\n<p><a href=\"https:\/\/www.instagram.com\/p\/CTfouBcnWuI\/\">https:\/\/www.instagram.com\/p\/CTfouBcnWuI\/<\/a><\/p>\n<p><a href=\"https:\/\/www.instagram.com\/baransu_psicologiaintegral\/\">https:\/\/www.instagram.com\/baransu_psicologiaintegral\/<\/a><\/p>\n<p><a href=\"https:\/\/eresmama.com\/11-tecnicas-estimular-desarrollo-del-lenguaje\/\">T\u00e9cnicas para estimular el desarrollo del lenguaje<\/a><\/p>\n<h1 id=\"4-libros-de-educacion-emocional-para-ninos\" class=\"jsx-3692753319 jsx-2566528898 c--main-600\">4 libros de educaci\u00f3n emocional para ni\u00f1os<\/h1>\n<p><a href=\"https:\/\/eresmama.com\/4-libros-educacion-emocional-ninos\/\">Educaci\u00f3n Emocional<\/a><\/p>\n","protected":false},"excerpt":{"rendered":"<p>Cositas chulas que os recomiendo\u00a0 Evento Online: \u00abEl desarrollo cerebral de los m\u00e1s peque\u00f1os\u00bb https:\/\/editorialsentir.com\/los-4-cerebros-de-arantxa\/?fbclid=IwAR060P520-BGq6xq91n9H25iFQCS8fXz2tnS3rddjaoRYdwztS5q0siZ5e4 Educar es Emocionar Curso gratuito: \u00abC\u00f3mo mejorar el mundona trav\u00e9s de la educaci\u00f3n\u00bb Maternidad y crianza plena Evento virtual; crianza respetuosa \u00bfPor qu\u00e9 es bueno&#8230; <a class=\"more-link\" href=\"https:\/\/edublog.educastur.es\/elrincondeal\/interesante-para-las-familias\/\">Seguir leyendo &rarr;<\/a><\/p>\n","protected":false},"author":909,"featured_media":0,"parent":0,"menu_order":0,"comment_status":"closed","ping_status":"closed","template":"","meta":{"footnotes":""},"class_list":["post-225","page","type-page","status-publish","hentry"],"_links":{"self":[{"href":"https:\/\/edublog.educastur.es\/elrincondeal\/wp-json\/wp\/v2\/pages\/225","targetHints":{"allow":["GET"]}}],"collection":[{"href":"https:\/\/edublog.educastur.es\/elrincondeal\/wp-json\/wp\/v2\/pages"}],"about":[{"href":"https:\/\/edublog.educastur.es\/elrincondeal\/wp-json\/wp\/v2\/types\/page"}],"author":[{"embeddable":true,"href":"https:\/\/edublog.educastur.es\/elrincondeal\/wp-json\/wp\/v2\/users\/909"}],"replies":[{"embeddable":true,"href":"https:\/\/edublog.educastur.es\/elrincondeal\/wp-json\/wp\/v2\/comments?post=225"}],"version-history":[{"count":16,"href":"https:\/\/edublog.educastur.es\/elrincondeal\/wp-json\/wp\/v2\/pages\/225\/revisions"}],"predecessor-version":[{"id":467,"href":"https:\/\/edublog.educastur.es\/elrincondeal\/wp-json\/wp\/v2\/pages\/225\/revisions\/467"}],"wp:attachment":[{"href":"https:\/\/edublog.educastur.es\/elrincondeal\/wp-json\/wp\/v2\/media?parent=225"}],"curies":[{"name":"wp","href":"https:\/\/api.w.org\/{rel}","templated":true}]}}