{"id":36,"date":"2021-02-25T18:15:01","date_gmt":"2021-02-25T18:15:01","guid":{"rendered":"https:\/\/edublog.educastur.es\/elrincondeal\/?page_id=36"},"modified":"2021-03-02T08:30:27","modified_gmt":"2021-03-02T08:30:27","slug":"sobre-el-blog","status":"publish","type":"page","link":"https:\/\/edublog.educastur.es\/elrincondeal\/sobre-el-blog\/","title":{"rendered":"Sobre el Blog"},"content":{"rendered":"<p style=\"text-align: center\"><span style=\"font-size: 14pt\"><span style=\"font-size: 18pt\"><strong><span style=\"font-family: terminal, monaco, monospace;color: #993366\">\u00a1Hola! Bienvenid@s a mi Rinc\u00f3n de Aprendizaje.<\/span><\/strong><\/span><br \/>\n<\/span><!--more--><\/p>\n<p style=\"text-align: center\"><span style=\"font-size: 14pt;color: #993366;font-family: terminal, monaco, monospace\">\u00a0<\/span><\/p>\n<p style=\"text-align: center\"><span style=\"font-size: 14pt;color: #993366;font-family: terminal, monaco, monospace\"><img loading=\"lazy\" decoding=\"async\" class=\"wp-image-86 alignleft\" src=\"http:\/\/edublog.educastur.es\/elrincondeal\/files\/2021\/02\/si-no-lo-intentas-1-300x248.png\" alt=\"\" width=\"153\" height=\"127\" srcset=\"https:\/\/edublog.educastur.es\/elrincondeal\/files\/2021\/02\/si-no-lo-intentas-1-300x248.png 300w, https:\/\/edublog.educastur.es\/elrincondeal\/files\/2021\/02\/si-no-lo-intentas-1.png 483w\" sizes=\"auto, (max-width: 153px) 100vw, 153px\" \/><\/span><\/p>\n<p style=\"text-align: center\"><span style=\"font-size: 14pt;color: #993366;font-family: terminal, monaco, monospace\">\u00a1Hola! Soy Bea.<br \/>\nAsturiana desde que llegu\u00e9 a este m<\/span><span style=\"font-size: 14pt;color: #993366;font-family: terminal, monaco, monospace\">undo y donde comparto mi experiencia y formaci\u00f3n de esta profesi\u00f3n tan maravillosa; ser Maestra en Audici\u00f3n y Lenguaje.<br \/>\n<\/span><\/p>\n<p><span style=\"font-size: 14pt;color: #993366\"><span style=\"font-family: terminal, monaco, monospace\"><img loading=\"lazy\" decoding=\"async\" class=\"wp-image-101 alignright\" src=\"http:\/\/edublog.educastur.es\/elrincondeal\/files\/2021\/02\/back-to-school-2629361__340-e1614525831973-300x271.png\" alt=\"\" width=\"186\" height=\"168\" srcset=\"https:\/\/edublog.educastur.es\/elrincondeal\/files\/2021\/02\/back-to-school-2629361__340-e1614525831973-300x271.png 300w, https:\/\/edublog.educastur.es\/elrincondeal\/files\/2021\/02\/back-to-school-2629361__340-e1614525831973.png 376w\" sizes=\"auto, (max-width: 186px) 100vw, 186px\" \/><\/span><\/span><\/p>\n<p style=\"text-align: center\"><span style=\"font-size: 14pt;color: #993366\"><span style=\"font-family: terminal, monaco, monospace\">Siempre s<\/span><\/span><span style=\"font-size: 14pt;color: #993366\"><span style=\"font-family: terminal, monaco, monospace\">upe que quer\u00eda <\/span><\/span><span style=\"font-size: 14pt;color: #993366\"><span style=\"font-family: terminal, monaco, monospace\">ser maestra,<\/span><\/span><span style=\"font-size: 14pt;color: #993366\"><span style=\"font-family: terminal, monaco, monospace\">con esfuerz<\/span><\/span><span style=\"font-size: 14pt;color: #993366\"><span style=\"font-family: terminal, monaco, monospace\">o y<\/span><\/span> <span style=\"font-size: 14pt;color: #993366\"><span style=\"font-family: terminal, monaco, monospace\">de<\/span><\/span><span style=\"font-size: 14pt;color: #993366\"><span style=\"font-family: terminal, monaco, monospace\">d<\/span><\/span><span style=\"font-size: 14pt;color: #993366\"><span style=\"font-family: terminal, monaco, monospace\">icac<\/span><\/span><span style=\"font-size: 14pt;color: #993366\"><span style=\"font-family: terminal, monaco, monospace\">i\u00f3n, ahora es mi pr<\/span><\/span><span style=\"font-size: 14pt;color: #993366\"><span style=\"font-family: terminal, monaco, monospace\">ofesi\u00f3n<\/span><\/span><span style=\"font-size: 14pt;color: #993366\"><span style=\"font-family: terminal, monaco, monospace\">. Mi abuela es maestra y<\/span><\/span><span style=\"font-size: 14pt;color: #993366\"><span style=\"font-family: terminal, monaco, monospace\"> cuando era peque\u00f1a me llevaba a sus clases<\/span><\/span><span style=\"color: #993366\">\u00a0 <span style=\"font-family: terminal, monaco, monospace\">en la E.G.B <span style=\"font-size: 14pt\">(Educaci\u00f3n Primaria, hoy en d\u00eda).<\/span><\/span><\/span><span style=\"font-size: 14pt;color: #993366\"><span style=\"font-family: terminal, monaco, monospace\"><br \/>\n<\/span><\/span><span style=\"font-size: 14pt;color: #993366\"><span style=\"font-family: terminal, monaco, monospace\">Ella me hizo el mejor regalo que se puede hacer: <\/span><\/span><span style=\"font-family: terminal, monaco, monospace;color: #993366;font-size: 14pt\">Despert\u00f3 en m\u00ed una vocaci\u00f3n.<\/span><\/p>\n<p style=\"text-align: center\"><span style=\"font-family: terminal, monaco, monospace;color: #993366;font-size: 14pt\">Aqu\u00ed compartir\u00e9 recursos para Maestros de Audici\u00f3n y Lenguaje, materiales de elaboraci\u00f3n propia, lecturas y sugerencias, tambi\u00e9n para familias y por supuesto materiales para que\u00a0 los alumn@s practiquen en casa y en el aula, de una forma l\u00fadica, utilizando las nuevas tecnolog\u00edas.<\/span><\/p>\n","protected":false},"excerpt":{"rendered":"<p>\u00a1Hola! Bienvenid@s a mi Rinc\u00f3n de Aprendizaje.<\/p>\n","protected":false},"author":909,"featured_media":0,"parent":0,"menu_order":0,"comment_status":"closed","ping_status":"closed","template":"template-fullwidth.php","meta":{"footnotes":""},"class_list":["post-36","page","type-page","status-publish","hentry"],"_links":{"self":[{"href":"https:\/\/edublog.educastur.es\/elrincondeal\/wp-json\/wp\/v2\/pages\/36","targetHints":{"allow":["GET"]}}],"collection":[{"href":"https:\/\/edublog.educastur.es\/elrincondeal\/wp-json\/wp\/v2\/pages"}],"about":[{"href":"https:\/\/edublog.educastur.es\/elrincondeal\/wp-json\/wp\/v2\/types\/page"}],"author":[{"embeddable":true,"href":"https:\/\/edublog.educastur.es\/elrincondeal\/wp-json\/wp\/v2\/users\/909"}],"replies":[{"embeddable":true,"href":"https:\/\/edublog.educastur.es\/elrincondeal\/wp-json\/wp\/v2\/comments?post=36"}],"version-history":[{"count":45,"href":"https:\/\/edublog.educastur.es\/elrincondeal\/wp-json\/wp\/v2\/pages\/36\/revisions"}],"predecessor-version":[{"id":154,"href":"https:\/\/edublog.educastur.es\/elrincondeal\/wp-json\/wp\/v2\/pages\/36\/revisions\/154"}],"wp:attachment":[{"href":"https:\/\/edublog.educastur.es\/elrincondeal\/wp-json\/wp\/v2\/media?parent=36"}],"curies":[{"name":"wp","href":"https:\/\/api.w.org\/{rel}","templated":true}]}}