{"id":2,"date":"2022-01-22T17:56:48","date_gmt":"2022-01-22T17:56:48","guid":{"rendered":"https:\/\/edublog.educastur.es\/enrelatados\/?page_id=2"},"modified":"2022-04-24T19:58:33","modified_gmt":"2022-04-24T19:58:33","slug":"que-es","status":"publish","type":"page","link":"https:\/\/edublog.educastur.es\/enrelatados\/que-es\/","title":{"rendered":"\u00bfQu\u00e9 es Enrelatados?"},"content":{"rendered":"<p style=\"text-align: justify\">\u00a1Bienvenidos!<\/p>\n<p style=\"text-align: justify\">En <strong>Enrelatados<\/strong> encontrar\u00e9is una selecci\u00f3n de los microrrelatos escritos por el alumnado de<strong> 1\u00ba ESO E<\/strong> del <strong>IES Montevil (Gij\u00f3n)<\/strong> durante el 2\u00ba trimestre del curso 2021\/2022.<\/p>\n<p style=\"text-align: justify\">En esta adaptaci\u00f3n escolar de <a href=\"https:\/\/escueladeescritores.com\/concurso-cadena-ser\/\"><em>Relatos en cadena<\/em><\/a>, cada semana todo alumno debe crear un <strong>texto de hasta 200 palabras<\/strong> que comience por el final del relato de la semana anterior, entre los cuales se elegir\u00e1 un ganador. Este blog recoger\u00e1 tal narraci\u00f3n, mientras que cada estudiante ir\u00e1 recopilando sus textos en un peque\u00f1o cuaderno destinado para tal fin.<\/p>\n<p style=\"text-align: justify\">El pistoletazo de salida de este proyecto lo marca el siguiente fragmento: <strong>\u00abEra mi primer d\u00eda\u00bb.<\/strong><\/p>\n<p>\u00a1An\u00edmate a leernos!<\/p>\n","protected":false},"excerpt":{"rendered":"<p>\u00a1Bienvenidos! En Enrelatados encontrar\u00e9is una selecci\u00f3n de los microrrelatos escritos por el alumnado de 1\u00ba ESO E del IES Montevil (Gij\u00f3n) durante el 2\u00ba trimestre del curso 2021\/2022. En esta adaptaci\u00f3n escolar de Relatos en cadena, cada semana todo alumno debe crear un texto de hasta 200 palabras que comience por el final del relato&hellip; <a href=\"https:\/\/edublog.educastur.es\/enrelatados\/que-es\/\" class=\"more-link\">Seguir leyendo <span class=\"screen-reader-text\">\u00bfQu\u00e9 es Enrelatados?<\/span><\/a><\/p>\n","protected":false},"author":1332,"featured_media":0,"parent":0,"menu_order":0,"comment_status":"closed","ping_status":"open","template":"","meta":{"footnotes":""},"class_list":["post-2","page","type-page","status-publish","hentry","without-featured-image"],"_links":{"self":[{"href":"https:\/\/edublog.educastur.es\/enrelatados\/wp-json\/wp\/v2\/pages\/2","targetHints":{"allow":["GET"]}}],"collection":[{"href":"https:\/\/edublog.educastur.es\/enrelatados\/wp-json\/wp\/v2\/pages"}],"about":[{"href":"https:\/\/edublog.educastur.es\/enrelatados\/wp-json\/wp\/v2\/types\/page"}],"author":[{"embeddable":true,"href":"https:\/\/edublog.educastur.es\/enrelatados\/wp-json\/wp\/v2\/users\/1332"}],"replies":[{"embeddable":true,"href":"https:\/\/edublog.educastur.es\/enrelatados\/wp-json\/wp\/v2\/comments?post=2"}],"version-history":[{"count":5,"href":"https:\/\/edublog.educastur.es\/enrelatados\/wp-json\/wp\/v2\/pages\/2\/revisions"}],"predecessor-version":[{"id":170,"href":"https:\/\/edublog.educastur.es\/enrelatados\/wp-json\/wp\/v2\/pages\/2\/revisions\/170"}],"wp:attachment":[{"href":"https:\/\/edublog.educastur.es\/enrelatados\/wp-json\/wp\/v2\/media?parent=2"}],"curies":[{"name":"wp","href":"https:\/\/api.w.org\/{rel}","templated":true}]}}